{"id":3484,"date":"2024-05-31T19:29:05","date_gmt":"2024-05-31T17:29:05","guid":{"rendered":"https:\/\/site.educa.madrid.org\/ies.tiernogalvan.parla\/?page_id=3484"},"modified":"2024-06-05T12:48:44","modified_gmt":"2024-06-05T10:48:44","slug":"reclamaciones","status":"publish","type":"page","link":"https:\/\/site.educa.madrid.org\/ies.tiernogalvan.parla\/index.php\/secretaria\/procesos-y-solicitudes\/reclamaciones\/","title":{"rendered":"Reclamaciones"},"content":{"rendered":"<div id=\"pl-3484\"  class=\"panel-layout\" ><div id=\"pg-3484-0\"  class=\"panel-grid panel-has-style\" ><div class=\"siteorigin-panels-stretch panel-row-style panel-row-style-for-3484-0\" data-stretch-type=\"full-stretched-padded\" ><div id=\"pgc-3484-0-0\"  class=\"panel-grid-cell\" ><div id=\"panel-3484-0-0-0\" class=\"so-panel widget widget_sow-headline panel-first-child panel-last-child\" data-index=\"0\" ><div\n\t\t\t\n\t\t\tclass=\"so-widget-sow-headline so-widget-sow-headline-default-aa19f0146086-3484\"\n\t\t\t\n\t\t><div class=\"sow-headline-container \">\n\t\t\t\t\t\t\t<h2 class=\"sow-headline\">\n\t\t\t\t\t\tSecretar\u00eda: Reclamaciones\t\t\t\t\t\t<\/h2>\n\t\t\t\t\t\t\t\t\t\t\t<div class=\"decoration\">\n\t\t\t\t\t\t<div class=\"decoration-inside\"><\/div>\n\t\t\t\t\t<\/div>\n\t\t\t\t\t<\/div>\n<\/div><\/div><\/div><\/div><\/div><div id=\"pg-3484-1\"  class=\"panel-grid panel-no-style\" ><div id=\"pgc-3484-1-0\"  class=\"panel-grid-cell\" ><div id=\"panel-3484-1-0-0\" class=\"so-panel widget widget_sow-editor panel-first-child panel-last-child\" data-index=\"1\" ><div\n\t\t\t\n\t\t\tclass=\"so-widget-sow-editor so-widget-sow-editor-base\"\n\t\t\t\n\t\t>\n<div class=\"siteorigin-widget-tinymce textwidget\">\n\t<h3>RECLAMACI\u00d3N de calificaciones<\/h3>\n<ul>\n<li><a href=\"https:\/\/site.educa.madrid.org\/ies.tiernogalvan.parla\/\/wp-content\/uploads\/ies.tiernogalvan.parla\/2024\/05\/Reclamaciones_Normativa_ESO.pdf\" target=\"_blank\" rel=\"noopener\">Normativa para ESO<\/a><\/li>\n<li><a href=\"https:\/\/site.educa.madrid.org\/ies.tiernogalvan.parla\/\/wp-content\/uploads\/ies.tiernogalvan.parla\/2024\/05\/Reclamaciones_Normativa_Bachillerato.pdf\" target=\"_blank\" rel=\"noopener\">Normativa para BACHILLERATO<\/a><\/li>\n<li><a href=\"https:\/\/site.educa.madrid.org\/ies.tiernogalvan.parla\/\/wp-content\/uploads\/ies.tiernogalvan.parla\/2024\/05\/Reclamaciones_Normativa_FP.pdf\" target=\"_blank\" rel=\"noopener\">Normativa para Formaci\u00f3n Profesional (FP)<\/a><\/li>\n<\/ul>\n<p><strong>Procedimiento y ANEXOS para reclamaciones formales:<\/strong><\/p>\n<ol>\n<li>Solicitud de aclaraci\u00f3n:\n<ul>\n<li>Directamente al profesor de la materia correspondiente.<\/li>\n<\/ul>\n<\/li>\n<li>Reclamaci\u00f3n ante el departamento \/ junta de evaluaci\u00f3n (en los 2 d\u00edas lectivos desde la publicaci\u00f3n de notas):\n<ul>\n<li><a href=\"https:\/\/site.educa.madrid.org\/ies.tiernogalvan.parla\/\/wp-content\/uploads\/ies.tiernogalvan.parla\/2024\/05\/Reclamacion-IES_FP.pdf\" target=\"_blank\" rel=\"noopener\">Reclamaci\u00f3n IES para FP<\/a><\/li>\n<li><a href=\"https:\/\/site.educa.madrid.org\/ies.tiernogalvan.parla\/\/wp-content\/uploads\/ies.tiernogalvan.parla\/2024\/05\/Reclamacion-IES_ESO-Bach.pdf\" target=\"_blank\" rel=\"noopener\">Reclamaci\u00f3n IES para ESO y BACHILLERATO<\/a><\/li>\n<\/ul>\n<\/li>\n<li>Reclamaci\u00f3n ante la DAT:\n<ul>\n<li><a href=\"https:\/\/site.educa.madrid.org\/ies.tiernogalvan.parla\/\/wp-content\/uploads\/ies.tiernogalvan.parla\/2024\/05\/Reclamacion-DAT_FP.pdf\" target=\"_blank\" rel=\"noopener\">Reclamaci\u00f3n DAT para FP<\/a><\/li>\n<li><a href=\"https:\/\/site.educa.madrid.org\/ies.tiernogalvan.parla\/\/wp-content\/uploads\/ies.tiernogalvan.parla\/2024\/05\/Reclamacion-DAT_ESO-Bach.pdf\" target=\"_blank\" rel=\"noopener\">Reclamaci\u00f3n DAT para ESO y BACHILLERATO<\/a><\/li>\n<\/ul>\n<\/li>\n<\/ol>\n<p>&nbsp;<\/p>\n<\/div>\n<\/div><\/div><\/div><\/div><\/div>","protected":false},"excerpt":{"rendered":"<p>RECLAMACI\u00d3N de calificaciones Normativa para ESO Normativa para BACHILLERATO Normativa para Formaci\u00f3n Profesional (FP) Procedimiento y ANEXOS para reclamaciones formales: Solicitud de aclaraci\u00f3n: Directamente al profesor de la materia correspondiente. &#8230;<\/p>\n","protected":false},"author":3,"featured_media":0,"parent":1751,"menu_order":5,"comment_status":"closed","ping_status":"closed","template":"","meta":{"footnotes":""},"folder":[107],"class_list":["post-3484","page","type-page","status-publish","hentry"],"rttpg_featured_image_url":null,"rttpg_author":{"display_name":"ies.tiernogalvan.parla","author_link":"https:\/\/site.educa.madrid.org\/ies.tiernogalvan.parla\/index.php\/author\/cuenta_ies-tiernogalvan-parla\/"},"rttpg_comment":0,"rttpg_category":" <a href=\"https:\/\/site.educa.madrid.org\/ies.tiernogalvan.parla\/?taxonomy=folder&#038;term=51infogeneral-1700825537-3\" rel=\"tag\">5.1_Procesos<\/a>","rttpg_excerpt":"RECLAMACI\u00d3N de calificaciones Normativa para ESO Normativa para BACHILLERATO Normativa para Formaci\u00f3n Profesional (FP) Procedimiento y ANEXOS para reclamaciones formales: Solicitud de aclaraci\u00f3n: Directamente al profesor de la materia correspondiente. ...","post_mailing_queue_ids":[],"_links":{"self":[{"href":"https:\/\/site.educa.madrid.org\/ies.tiernogalvan.parla\/index.php\/wp-json\/wp\/v2\/pages\/3484","targetHints":{"allow":["GET"]}}],"collection":[{"href":"https:\/\/site.educa.madrid.org\/ies.tiernogalvan.parla\/index.php\/wp-json\/wp\/v2\/pages"}],"about":[{"href":"https:\/\/site.educa.madrid.org\/ies.tiernogalvan.parla\/index.php\/wp-json\/wp\/v2\/types\/page"}],"author":[{"embeddable":true,"href":"https:\/\/site.educa.madrid.org\/ies.tiernogalvan.parla\/index.php\/wp-json\/wp\/v2\/users\/3"}],"replies":[{"embeddable":true,"href":"https:\/\/site.educa.madrid.org\/ies.tiernogalvan.parla\/index.php\/wp-json\/wp\/v2\/comments?post=3484"}],"version-history":[{"count":5,"href":"https:\/\/site.educa.madrid.org\/ies.tiernogalvan.parla\/index.php\/wp-json\/wp\/v2\/pages\/3484\/revisions"}],"predecessor-version":[{"id":3496,"href":"https:\/\/site.educa.madrid.org\/ies.tiernogalvan.parla\/index.php\/wp-json\/wp\/v2\/pages\/3484\/revisions\/3496"}],"up":[{"embeddable":true,"href":"https:\/\/site.educa.madrid.org\/ies.tiernogalvan.parla\/index.php\/wp-json\/wp\/v2\/pages\/1751"}],"wp:attachment":[{"href":"https:\/\/site.educa.madrid.org\/ies.tiernogalvan.parla\/index.php\/wp-json\/wp\/v2\/media?parent=3484"}],"wp:term":[{"taxonomy":"folder","embeddable":true,"href":"https:\/\/site.educa.madrid.org\/ies.tiernogalvan.parla\/index.php\/wp-json\/wp\/v2\/folder?post=3484"}],"curies":[{"name":"wp","href":"https:\/\/api.w.org\/{rel}","templated":true}]}}