{"id":3568,"date":"2024-06-11T12:01:34","date_gmt":"2024-06-11T10:01:34","guid":{"rendered":"https:\/\/site.educa.madrid.org\/ies.tiernogalvan.parla\/?page_id=3568"},"modified":"2025-10-08T12:03:03","modified_gmt":"2025-10-08T10:03:03","slug":"tutoria","status":"publish","type":"page","link":"https:\/\/site.educa.madrid.org\/ies.tiernogalvan.parla\/index.php\/orientacion\/tutoria\/","title":{"rendered":"Tutor\u00eda"},"content":{"rendered":"<div id=\"pl-3568\"  class=\"panel-layout\" ><div id=\"pg-3568-0\"  class=\"panel-grid panel-has-style\" ><div class=\"siteorigin-panels-stretch panel-row-style panel-row-style-for-3568-0\" data-stretch-type=\"full-width-stretch\" ><div id=\"pgc-3568-0-0\"  class=\"panel-grid-cell\" ><div id=\"panel-3568-0-0-0\" class=\"so-panel widget widget_sow-headline panel-first-child panel-last-child\" data-index=\"0\" ><div class=\"panel-widget-style panel-widget-style-for-3568-0-0-0\" ><div\n\t\t\t\n\t\t\tclass=\"so-widget-sow-headline so-widget-sow-headline-default-e55f809b2d23-3568\"\n\t\t\t\n\t\t><div class=\"sow-headline-container \">\n\t\t\t\t\t\t\t<h2 class=\"sow-headline\">\n\t\t\t\t\t\tOrientaci\u00f3n: Tutor\u00eda\t\t\t\t\t\t<\/h2>\n\t\t\t\t\t\t\t\t\t\t\t<div class=\"decoration\">\n\t\t\t\t\t\t<div class=\"decoration-inside\"><\/div>\n\t\t\t\t\t<\/div>\n\t\t\t\t\t<\/div>\n<\/div><\/div><\/div><\/div><\/div><\/div><div id=\"pg-3568-1\"  class=\"panel-grid panel-no-style\" ><div id=\"pgc-3568-1-0\"  class=\"panel-grid-cell\" ><div id=\"panel-3568-1-0-0\" class=\"so-panel widget widget_sow-editor panel-first-child panel-last-child\" data-index=\"1\" ><div\n\t\t\t\n\t\t\tclass=\"so-widget-sow-editor so-widget-sow-editor-base\"\n\t\t\t\n\t\t>\n<div class=\"siteorigin-widget-tinymce textwidget\">\n\t<p><span style=\"color: #333333; font-family: Raleway, Helvetica, Arial, sans-serif; font-size: 1.25rem; font-weight: 600;\">Informaci\u00f3n sobre TUTOR\u00cdA<\/span><\/p>\n<p>En el Tierno, consideramos que la labor de Tutor\u00eda es muy importante para complementar la formaci\u00f3n personal de los alumnos.<br \/>\nEn este espacio proporcionamos diversa informaci\u00f3n sobre los aspectos m\u00e1s relevantes.<\/p>\n<div>\n<p><strong>Reuniones de inicio de curso con las familias<\/strong><\/p>\n<p id=\"m_-600391892442499208gmail-docs-internal-guid-2f4935c6-7fff-a943-0666-c38170b6e325\" dir=\"ltr\" style=\"padding-left: 40px;\">Apreciadas familias:<\/p>\n<p style=\"padding-left: 40px;\">Con motivo del inicio de curso, queremos tratar con ustedes cuestiones relacionadas con el curso acad\u00e9mico que hemos comenzado y resolver aquellas dudas que les puedan surgir al respecto.<br \/>\nPara ello, les convocamos a la reuni\u00f3n de inicio de curso con el tutor del grupo. Puede consultar el d\u00eda, hora y aula en la que se celebrar\u00e1 la reuni\u00f3n en el siguiente documento (<strong>Ver cuadrante<\/strong>).<br \/>\nConsiderando la importancia de estas primeras reuniones, esperamos contar con su presencia.<br \/>\nUn saludo.<\/p>\n<\/div>\n<h3>Listado de los TUTORES de cada grupo<\/h3>\n<p><a href=\"https:\/\/site.educa.madrid.org\/ies.tiernogalvan.parla\/\/wp-content\/uploads\/ies.tiernogalvan.parla\/2024\/11\/tutores25-26.pdf\" target=\"_blank\" rel=\"noopener\"><strong>Listado de los TUTORES<\/strong><\/a>\u00a0(por nivel y grupo)<\/p>\n<p>Las direcciones de correo electr\u00f3nico figuran en las <a href=\"https:\/\/site.educa.madrid.org\/ies.tiernogalvan.parla\/index.php\/dptos-general\/\">p\u00e1ginas de cada departamento<\/a>, dentro de este sitio web.<\/p>\n<\/div>\n<\/div><\/div><\/div><\/div><\/div>","protected":false},"excerpt":{"rendered":"<p>Informaci\u00f3n sobre TUTOR\u00cdA En el Tierno, consideramos que la labor de Tutor\u00eda es muy importante para complementar la formaci\u00f3n personal de los alumnos. En este espacio proporcionamos diversa informaci\u00f3n sobre &#8230;<\/p>\n","protected":false},"author":3,"featured_media":0,"parent":1648,"menu_order":1,"comment_status":"closed","ping_status":"closed","template":"","meta":{"footnotes":""},"folder":[262],"class_list":["post-3568","page","type-page","status-publish","hentry"],"rttpg_featured_image_url":null,"rttpg_author":{"display_name":"ies.tiernogalvan.parla","author_link":"https:\/\/site.educa.madrid.org\/ies.tiernogalvan.parla\/index.php\/author\/cuenta_ies-tiernogalvan-parla\/"},"rttpg_comment":0,"rttpg_category":" <a href=\"https:\/\/site.educa.madrid.org\/ies.tiernogalvan.parla\/?taxonomy=folder&#038;term=41tutoria-1718100080-3\" rel=\"tag\">4.1_Tutor\u00eda<\/a>","rttpg_excerpt":"Informaci\u00f3n sobre TUTOR\u00cdA En el Tierno, consideramos que la labor de Tutor\u00eda es muy importante para complementar la formaci\u00f3n personal de los alumnos. En este espacio proporcionamos diversa informaci\u00f3n sobre ...","post_mailing_queue_ids":[],"_links":{"self":[{"href":"https:\/\/site.educa.madrid.org\/ies.tiernogalvan.parla\/index.php\/wp-json\/wp\/v2\/pages\/3568","targetHints":{"allow":["GET"]}}],"collection":[{"href":"https:\/\/site.educa.madrid.org\/ies.tiernogalvan.parla\/index.php\/wp-json\/wp\/v2\/pages"}],"about":[{"href":"https:\/\/site.educa.madrid.org\/ies.tiernogalvan.parla\/index.php\/wp-json\/wp\/v2\/types\/page"}],"author":[{"embeddable":true,"href":"https:\/\/site.educa.madrid.org\/ies.tiernogalvan.parla\/index.php\/wp-json\/wp\/v2\/users\/3"}],"replies":[{"embeddable":true,"href":"https:\/\/site.educa.madrid.org\/ies.tiernogalvan.parla\/index.php\/wp-json\/wp\/v2\/comments?post=3568"}],"version-history":[{"count":18,"href":"https:\/\/site.educa.madrid.org\/ies.tiernogalvan.parla\/index.php\/wp-json\/wp\/v2\/pages\/3568\/revisions"}],"predecessor-version":[{"id":6429,"href":"https:\/\/site.educa.madrid.org\/ies.tiernogalvan.parla\/index.php\/wp-json\/wp\/v2\/pages\/3568\/revisions\/6429"}],"up":[{"embeddable":true,"href":"https:\/\/site.educa.madrid.org\/ies.tiernogalvan.parla\/index.php\/wp-json\/wp\/v2\/pages\/1648"}],"wp:attachment":[{"href":"https:\/\/site.educa.madrid.org\/ies.tiernogalvan.parla\/index.php\/wp-json\/wp\/v2\/media?parent=3568"}],"wp:term":[{"taxonomy":"folder","embeddable":true,"href":"https:\/\/site.educa.madrid.org\/ies.tiernogalvan.parla\/index.php\/wp-json\/wp\/v2\/folder?post=3568"}],"curies":[{"name":"wp","href":"https:\/\/api.w.org\/{rel}","templated":true}]}}