{"id":4563,"date":"2024-11-13T12:40:25","date_gmt":"2024-11-13T11:40:25","guid":{"rendered":"https:\/\/site.educa.madrid.org\/ies.tiernogalvan.parla\/?page_id=4563"},"modified":"2026-02-04T18:08:36","modified_gmt":"2026-02-04T17:08:36","slug":"proyectos-del-centro-la-tienda-del-tierno","status":"publish","type":"page","link":"https:\/\/site.educa.madrid.org\/ies.tiernogalvan.parla\/index.php\/planes-y-proyectos\/proyectos\/proyectos-del-centro-la-tienda-del-tierno\/","title":{"rendered":"Proyectos del Centro: La Tienda del Tierno"},"content":{"rendered":"<div id=\"pl-4563\"  class=\"panel-layout\" ><div id=\"pg-4563-0\"  class=\"panel-grid panel-has-style\" ><div class=\"siteorigin-panels-stretch panel-row-style panel-row-style-for-4563-0\" data-stretch-type=\"full-width-stretch\" ><div id=\"pgc-4563-0-0\"  class=\"panel-grid-cell\" ><div id=\"panel-4563-0-0-0\" class=\"so-panel widget widget_sow-headline panel-first-child panel-last-child\" data-index=\"0\" ><div class=\"panel-widget-style panel-widget-style-for-4563-0-0-0\" ><div\n\t\t\t\n\t\t\tclass=\"so-widget-sow-headline so-widget-sow-headline-default-e55f809b2d23-4563\"\n\t\t\t\n\t\t><div class=\"sow-headline-container \">\n\t\t\t\t\t\t\t<h2 class=\"sow-headline\">\n\t\t\t\t\t\tProyectos del Tierno: La Tienda del Tierno\t\t\t\t\t\t<\/h2>\n\t\t\t\t\t\t\t\t\t\t\t<div class=\"decoration\">\n\t\t\t\t\t\t<div class=\"decoration-inside\"><\/div>\n\t\t\t\t\t<\/div>\n\t\t\t\t\t<\/div>\n<\/div><\/div><\/div><\/div><\/div><\/div><div id=\"pg-4563-1\"  class=\"panel-grid panel-has-style\" ><div class=\"siteorigin-panels-stretch panel-row-style panel-row-style-for-4563-1\" data-stretch-type=\"full-width-stretch\" ><div id=\"pgc-4563-1-0\"  class=\"panel-grid-cell\" ><div id=\"panel-4563-1-0-0\" class=\"so-panel widget widget_sow-image panel-first-child panel-last-child\" data-index=\"1\" ><div\n\t\t\t\n\t\t\tclass=\"so-widget-sow-image so-widget-sow-image-default-e4c2d9f6c920-4563\"\n\t\t\t\n\t\t>\n\n<div class=\"sow-image-container\">\n\t\t<img loading=\"lazy\" decoding=\"async\" src=\"https:\/\/site.educa.madrid.org\/ies.tiernogalvan.parla\/\/wp-content\/uploads\/ies.tiernogalvan.parla\/2024\/11\/Logo_LaTiendaDelTierno-1.png\" width=\"150\" height=\"133\" srcset=\"https:\/\/site.educa.madrid.org\/ies.tiernogalvan.parla\/\/wp-content\/uploads\/ies.tiernogalvan.parla\/2024\/11\/Logo_LaTiendaDelTierno-1.png 2123w, https:\/\/site.educa.madrid.org\/ies.tiernogalvan.parla\/\/wp-content\/uploads\/ies.tiernogalvan.parla\/2024\/11\/Logo_LaTiendaDelTierno-1-300x266.png 300w, https:\/\/site.educa.madrid.org\/ies.tiernogalvan.parla\/\/wp-content\/uploads\/ies.tiernogalvan.parla\/2024\/11\/Logo_LaTiendaDelTierno-1-1024x909.png 1024w, https:\/\/site.educa.madrid.org\/ies.tiernogalvan.parla\/\/wp-content\/uploads\/ies.tiernogalvan.parla\/2024\/11\/Logo_LaTiendaDelTierno-1-768x682.png 768w, https:\/\/site.educa.madrid.org\/ies.tiernogalvan.parla\/\/wp-content\/uploads\/ies.tiernogalvan.parla\/2024\/11\/Logo_LaTiendaDelTierno-1-1536x1364.png 1536w, https:\/\/site.educa.madrid.org\/ies.tiernogalvan.parla\/\/wp-content\/uploads\/ies.tiernogalvan.parla\/2024\/11\/Logo_LaTiendaDelTierno-1-2048x1818.png 2048w\" sizes=\"auto, (max-width: 150px) 100vw, 150px\" title=\"Logo_LaTiendaDelTierno\" alt=\"\" \t\tclass=\"so-widget-image\"\/>\n\t<\/div>\n\n<\/div><\/div><\/div><div id=\"pgc-4563-1-1\"  class=\"panel-grid-cell panel-grid-cell-mobile-last\" ><div id=\"panel-4563-1-1-0\" class=\"so-panel widget widget_siteorigin-panels-builder panel-first-child panel-last-child\" data-index=\"2\" ><div id=\"pl-w67361e9b7ee2b\"  class=\"panel-layout\" ><div id=\"pg-w67361e9b7ee2b-0\"  class=\"panel-grid panel-has-style\" ><div class=\"panel-row-style panel-row-style-for-w67361e9b7ee2b-0\" ><div id=\"pgc-w67361e9b7ee2b-0-0\"  class=\"panel-grid-cell\" ><div class=\"so-rounded panel-cell-style panel-cell-style-for-w67361e9b7ee2b-0-0\" ><div id=\"panel-w67361e9b7ee2b-0-0-0\" class=\"so-panel widget widget_sow-headline panel-first-child panel-last-child\" data-index=\"0\" ><div class=\"panel-widget-style panel-widget-style-for-w67361e9b7ee2b-0-0-0\" ><div\n\t\t\t\n\t\t\tclass=\"so-widget-sow-headline so-widget-sow-headline-default-be7633feb08b\"\n\t\t\t\n\t\t><div class=\"sow-headline-container \">\n\t\t\t\t\t\t\t<h2 class=\"sow-headline\">\n\t\t\t\t\t\tLa Tienda del Tierno\t\t\t\t\t\t<\/h2>\n\t\t\t\t\t\t\t\t\t\t\t<div class=\"decoration\">\n\t\t\t\t\t\t<div class=\"decoration-inside\"><\/div>\n\t\t\t\t\t<\/div>\n\t\t\t\t\t<\/div>\n<\/div><\/div><\/div><\/div><\/div><div id=\"pgc-w67361e9b7ee2b-0-1\"  class=\"panel-grid-cell\" ><div class=\"panel-cell-style panel-cell-style-for-w67361e9b7ee2b-0-1\" ><div id=\"panel-w67361e9b7ee2b-0-1-0\" class=\"so-panel widget widget_sow-button panel-first-child panel-last-child\" data-index=\"1\" ><div class=\"panel-widget-style panel-widget-style-for-w67361e9b7ee2b-0-1-0\" ><div\n\t\t\t\n\t\t\tclass=\"so-widget-sow-button so-widget-sow-button-wire-fd910af0067d\"\n\t\t\t\n\t\t><div class=\"ow-button-base ow-button-align-center\">\n\t<a\n\thref=\"https:\/\/www.instagram.com\/latiendadeltierno_\"\n\t\tclass=\"ow-icon-placement-left ow-button-hover\" target=\"_blank\" rel=\"noopener noreferrer\" \t>\n\t\t<span>\n\t\t\t<span class=\"sow-icon-icomoon\" data-sow-icon=\"&#xea92;\"\n\t\tstyle=\"color: #ffffff\" \n\t\taria-hidden=\"true\"><\/span>\n\t\t\tlatiendadeltierno_\t\t<\/span>\n\t<\/a>\n<\/div>\n<\/div><\/div><\/div><\/div><\/div><\/div><\/div><div id=\"pg-w67361e9b7ee2b-1\"  class=\"panel-grid panel-has-style\" ><div class=\"panel-row-style panel-row-style-for-w67361e9b7ee2b-1\" ><div id=\"pgc-w67361e9b7ee2b-1-0\"  class=\"panel-grid-cell\" ><div class=\"panel-cell-style panel-cell-style-for-w67361e9b7ee2b-1-0\" ><div id=\"panel-w67361e9b7ee2b-1-0-0\" class=\"so-panel widget widget_sow-editor panel-first-child panel-last-child\" data-index=\"2\" ><div class=\"panel-widget-style panel-widget-style-for-w67361e9b7ee2b-1-0-0\" ><div\n\t\t\t\n\t\t\tclass=\"so-widget-sow-editor so-widget-sow-editor-base\"\n\t\t\t\n\t\t>\n<div class=\"siteorigin-widget-tinymce textwidget\">\n\t<p>Es un proyecto desarrollado dentro de la Familia Profesional de Comercio y Marketing. Se origin\u00f3 con los alumnos de FP de Grado B\u00e1sico, pero ya se ha extendido al resto de t\u00edtulos de Comercio.<\/p>\n<p>Todo el g\u00e9nero disponible procede de donaciones y, en ocasiones especiales, es elaborado por los propios alumnos.<\/p>\n<p>Adem\u00e1s, se trata de un<strong> proyecto solidario<\/strong>: todos los beneficios son donados a diferentes organizaciones de cooperaci\u00f3n social, tanto locales como regionales o nacionales.<\/p>\n<\/div>\n<\/div><\/div><\/div><\/div><\/div><div id=\"pgc-w67361e9b7ee2b-1-1\"  class=\"panel-grid-cell\" ><div class=\"panel-cell-style panel-cell-style-for-w67361e9b7ee2b-1-1\" ><div id=\"panel-w67361e9b7ee2b-1-1-0\" class=\"so-panel widget widget_sow-editor panel-first-child panel-last-child\" data-index=\"3\" ><div class=\"panel-widget-style panel-widget-style-for-w67361e9b7ee2b-1-1-0\" ><div\n\t\t\t\n\t\t\tclass=\"so-widget-sow-editor so-widget-sow-editor-base\"\n\t\t\t\n\t\t>\n<div class=\"siteorigin-widget-tinymce textwidget\">\n\t<p><strong>HORARIO de APERTURA<\/strong><\/p>\n<p>Mi\u00e9rcoles:<br \/>\n\u2022 11:10 a 11:40<br \/>\n\u2022 12:30 a 14:00<\/p>\n<p>Viernes:<br \/>\n\u2022 17:50 a 20:00<\/p>\n<\/div>\n<\/div><\/div><\/div><\/div><\/div><\/div><\/div><\/div><\/div><\/div><div id=\"pgc-4563-1-2\"  class=\"panel-grid-cell panel-grid-cell-empty\" ><\/div><\/div><\/div><div id=\"pg-4563-2\"  class=\"panel-grid panel-has-style\" ><div class=\"siteorigin-panels-stretch panel-row-style panel-row-style-for-4563-2\" data-stretch-type=\"full-width-stretch\" ><div id=\"pgc-4563-2-0\"  class=\"panel-grid-cell panel-grid-cell-empty\" ><\/div><div id=\"pgc-4563-2-1\"  class=\"panel-grid-cell\" ><div id=\"panel-4563-2-1-0\" class=\"so-panel widget widget_sow-image panel-first-child panel-last-child\" data-index=\"3\" ><div\n\t\t\t\n\t\t\tclass=\"so-widget-sow-image so-widget-sow-image-default-8b5b6f678277-4563\"\n\t\t\t\n\t\t>\n\n<div class=\"sow-image-container\">\n\t\t<img loading=\"lazy\" decoding=\"async\" src=\"https:\/\/site.educa.madrid.org\/ies.tiernogalvan.parla\/\/wp-content\/uploads\/ies.tiernogalvan.parla\/2024\/11\/Tienda_Escaparate.jpeg\" width=\"1600\" height=\"737\" srcset=\"https:\/\/site.educa.madrid.org\/ies.tiernogalvan.parla\/\/wp-content\/uploads\/ies.tiernogalvan.parla\/2024\/11\/Tienda_Escaparate.jpeg 1600w, https:\/\/site.educa.madrid.org\/ies.tiernogalvan.parla\/\/wp-content\/uploads\/ies.tiernogalvan.parla\/2024\/11\/Tienda_Escaparate-300x138.jpeg 300w, https:\/\/site.educa.madrid.org\/ies.tiernogalvan.parla\/\/wp-content\/uploads\/ies.tiernogalvan.parla\/2024\/11\/Tienda_Escaparate-1024x472.jpeg 1024w, https:\/\/site.educa.madrid.org\/ies.tiernogalvan.parla\/\/wp-content\/uploads\/ies.tiernogalvan.parla\/2024\/11\/Tienda_Escaparate-768x354.jpeg 768w, https:\/\/site.educa.madrid.org\/ies.tiernogalvan.parla\/\/wp-content\/uploads\/ies.tiernogalvan.parla\/2024\/11\/Tienda_Escaparate-1536x708.jpeg 1536w\" sizes=\"auto, (max-width: 1600px) 100vw, 1600px\" alt=\"\" \t\tclass=\"so-widget-image\"\/>\n\t<\/div>\n\n<\/div><\/div><\/div><div id=\"pgc-4563-2-2\"  class=\"panel-grid-cell panel-grid-cell-mobile-last\" ><div id=\"panel-4563-2-2-0\" class=\"so-panel widget widget_sow-image panel-first-child panel-last-child\" data-index=\"4\" ><div\n\t\t\t\n\t\t\tclass=\"so-widget-sow-image so-widget-sow-image-default-8b5b6f678277-4563\"\n\t\t\t\n\t\t>\n\n<div class=\"sow-image-container\">\n\t\t<img loading=\"lazy\" decoding=\"async\" src=\"https:\/\/site.educa.madrid.org\/ies.tiernogalvan.parla\/\/wp-content\/uploads\/ies.tiernogalvan.parla\/2024\/11\/Tienda_Estanterias.jpeg\" width=\"1600\" height=\"737\" srcset=\"https:\/\/site.educa.madrid.org\/ies.tiernogalvan.parla\/\/wp-content\/uploads\/ies.tiernogalvan.parla\/2024\/11\/Tienda_Estanterias.jpeg 1600w, https:\/\/site.educa.madrid.org\/ies.tiernogalvan.parla\/\/wp-content\/uploads\/ies.tiernogalvan.parla\/2024\/11\/Tienda_Estanterias-300x138.jpeg 300w, https:\/\/site.educa.madrid.org\/ies.tiernogalvan.parla\/\/wp-content\/uploads\/ies.tiernogalvan.parla\/2024\/11\/Tienda_Estanterias-1024x472.jpeg 1024w, https:\/\/site.educa.madrid.org\/ies.tiernogalvan.parla\/\/wp-content\/uploads\/ies.tiernogalvan.parla\/2024\/11\/Tienda_Estanterias-768x354.jpeg 768w, https:\/\/site.educa.madrid.org\/ies.tiernogalvan.parla\/\/wp-content\/uploads\/ies.tiernogalvan.parla\/2024\/11\/Tienda_Estanterias-1536x708.jpeg 1536w\" sizes=\"auto, (max-width: 1600px) 100vw, 1600px\" title=\"Tienda_Estanter\u00edas\" alt=\"\" \t\tclass=\"so-widget-image\"\/>\n\t<\/div>\n\n<\/div><\/div><\/div><div id=\"pgc-4563-2-3\"  class=\"panel-grid-cell panel-grid-cell-empty\" ><\/div><\/div><\/div><div id=\"pg-4563-3\"  class=\"panel-grid panel-has-style\" ><div class=\"siteorigin-panels-stretch panel-row-style panel-row-style-for-4563-3\" data-stretch-type=\"full-width-stretch\" ><div id=\"pgc-4563-3-0\"  class=\"panel-grid-cell panel-grid-cell-empty\" ><\/div><div id=\"pgc-4563-3-1\"  class=\"panel-grid-cell\" ><div id=\"panel-4563-3-1-0\" class=\"so-panel widget widget_sow-button panel-first-child panel-last-child\" data-index=\"5\" ><div\n\t\t\t\n\t\t\tclass=\"so-widget-sow-button so-widget-sow-button-flat-29dc7881aed5-4563\"\n\t\t\t\n\t\t><div class=\"ow-button-base ow-button-align-right\">\n\t<a\n\thref=\"https:\/\/site.educa.madrid.org\/ies.tiernogalvan.parla\/\/wp-content\/uploads\/ies.tiernogalvan.parla\/2026\/02\/VID_PromoLTDT_2026.mp4\"\n\t\tclass=\"ow-icon-placement-left ow-button-hover\" target=\"_blank\" rel=\"noopener noreferrer\" \t>\n\t\t<span>\n\t\t\t<span class=\"sow-icon-fontawesome sow-far\" data-sow-icon=\"&#xf144;\"\n\t\tstyle=\"\" \n\t\taria-hidden=\"true\"><\/span>\n\t\t\tV\u00eddeo promocional\t\t<\/span>\n\t<\/a>\n<\/div>\n<\/div><\/div><\/div><div id=\"pgc-4563-3-2\"  class=\"panel-grid-cell panel-grid-cell-mobile-last\" ><div id=\"panel-4563-3-2-0\" class=\"so-panel widget widget_sow-button panel-first-child panel-last-child\" data-index=\"6\" ><div\n\t\t\t\n\t\t\tclass=\"so-widget-sow-button so-widget-sow-button-flat-26030d390253-4563\"\n\t\t\t\n\t\t><div class=\"ow-button-base ow-button-align-left\">\n\t<a\n\thref=\"https:\/\/site.educa.madrid.org\/ies.tiernogalvan.parla\/index.php\/planes-y-proyectos\/proyectos\/proyectos-del-centro-la-tienda-del-tierno\/proyectos-del-centro-la-tienda-del-tierno-galeria\/\"\n\t\tclass=\"ow-icon-placement-left ow-button-hover\" \t>\n\t\t<span>\n\t\t\t<span class=\"sow-icon-fontawesome sow-far\" data-sow-icon=\"&#xf03e;\"\n\t\tstyle=\"\" \n\t\taria-hidden=\"true\"><\/span>\n\t\t\tM\u00e1s im\u00e1genes\t\t<\/span>\n\t<\/a>\n<\/div>\n<\/div><\/div><\/div><div id=\"pgc-4563-3-3\"  class=\"panel-grid-cell panel-grid-cell-empty\" ><\/div><\/div><\/div><\/div>","protected":false},"excerpt":{"rendered":"<p>P\u00e1gina del proyecto de Taller de Radio, incluido dentro de la Dinamizaci\u00f3n de los Recreos.<\/p>\n","protected":false},"author":3,"featured_media":0,"parent":1310,"menu_order":0,"comment_status":"closed","ping_status":"closed","template":"","meta":{"footnotes":""},"folder":[302],"class_list":["post-4563","page","type-page","status-publish","hentry"],"rttpg_featured_image_url":null,"rttpg_author":{"display_name":"ies.tiernogalvan.parla","author_link":"https:\/\/site.educa.madrid.org\/ies.tiernogalvan.parla\/index.php\/author\/cuenta_ies-tiernogalvan-parla\/"},"rttpg_comment":0,"rttpg_category":" <a href=\"https:\/\/site.educa.madrid.org\/ies.tiernogalvan.parla\/?taxonomy=folder&#038;term=721latiendadeltierno-1731497538-3\" rel=\"tag\">7.2.1_LaTiendaDelTierno<\/a>","rttpg_excerpt":"P\u00e1gina del proyecto de Taller de Radio, incluido dentro de la Dinamizaci\u00f3n de los Recreos.","post_mailing_queue_ids":[],"_links":{"self":[{"href":"https:\/\/site.educa.madrid.org\/ies.tiernogalvan.parla\/index.php\/wp-json\/wp\/v2\/pages\/4563","targetHints":{"allow":["GET"]}}],"collection":[{"href":"https:\/\/site.educa.madrid.org\/ies.tiernogalvan.parla\/index.php\/wp-json\/wp\/v2\/pages"}],"about":[{"href":"https:\/\/site.educa.madrid.org\/ies.tiernogalvan.parla\/index.php\/wp-json\/wp\/v2\/types\/page"}],"author":[{"embeddable":true,"href":"https:\/\/site.educa.madrid.org\/ies.tiernogalvan.parla\/index.php\/wp-json\/wp\/v2\/users\/3"}],"replies":[{"embeddable":true,"href":"https:\/\/site.educa.madrid.org\/ies.tiernogalvan.parla\/index.php\/wp-json\/wp\/v2\/comments?post=4563"}],"version-history":[{"count":25,"href":"https:\/\/site.educa.madrid.org\/ies.tiernogalvan.parla\/index.php\/wp-json\/wp\/v2\/pages\/4563\/revisions"}],"predecessor-version":[{"id":6681,"href":"https:\/\/site.educa.madrid.org\/ies.tiernogalvan.parla\/index.php\/wp-json\/wp\/v2\/pages\/4563\/revisions\/6681"}],"up":[{"embeddable":true,"href":"https:\/\/site.educa.madrid.org\/ies.tiernogalvan.parla\/index.php\/wp-json\/wp\/v2\/pages\/1310"}],"wp:attachment":[{"href":"https:\/\/site.educa.madrid.org\/ies.tiernogalvan.parla\/index.php\/wp-json\/wp\/v2\/media?parent=4563"}],"wp:term":[{"taxonomy":"folder","embeddable":true,"href":"https:\/\/site.educa.madrid.org\/ies.tiernogalvan.parla\/index.php\/wp-json\/wp\/v2\/folder?post=4563"}],"curies":[{"name":"wp","href":"https:\/\/api.w.org\/{rel}","templated":true}]}}