{"id":5461,"date":"2025-02-13T20:07:55","date_gmt":"2025-02-13T19:07:55","guid":{"rendered":"https:\/\/site.educa.madrid.org\/ies.tiernogalvan.parla\/?page_id=5461"},"modified":"2025-11-17T20:18:01","modified_gmt":"2025-11-17T19:18:01","slug":"proyectos-del-centro-el-club-de-los-poetas-tiernos","status":"publish","type":"page","link":"https:\/\/site.educa.madrid.org\/ies.tiernogalvan.parla\/index.php\/planes-y-proyectos\/proyectos\/proyectos-del-centro-el-club-de-los-poetas-tiernos\/","title":{"rendered":"Proyectos del Centro: El Club de los Poetas Tiernos"},"content":{"rendered":"<div id=\"pl-5461\"  class=\"panel-layout\" ><div id=\"pg-5461-0\"  class=\"panel-grid panel-has-style\" ><div class=\"siteorigin-panels-stretch panel-row-style panel-row-style-for-5461-0\" data-stretch-type=\"full-width-stretch\" ><div id=\"pgc-5461-0-0\"  class=\"panel-grid-cell\" ><div id=\"panel-5461-0-0-0\" class=\"so-panel widget widget_sow-headline panel-first-child panel-last-child\" data-index=\"0\" ><div class=\"panel-widget-style panel-widget-style-for-5461-0-0-0\" ><div\n\t\t\t\n\t\t\tclass=\"so-widget-sow-headline so-widget-sow-headline-default-e55f809b2d23-5461\"\n\t\t\t\n\t\t><div class=\"sow-headline-container \">\n\t\t\t\t\t\t\t<h2 class=\"sow-headline\">\n\t\t\t\t\t\tProyectos del Tierno: El Club de los Poetas Tiernos\t\t\t\t\t\t<\/h2>\n\t\t\t\t\t\t\t\t\t\t\t<div class=\"decoration\">\n\t\t\t\t\t\t<div class=\"decoration-inside\"><\/div>\n\t\t\t\t\t<\/div>\n\t\t\t\t\t<\/div>\n<\/div><\/div><\/div><\/div><\/div><\/div><div id=\"pg-5461-1\"  class=\"panel-grid panel-has-style\" ><div class=\"siteorigin-panels-stretch panel-row-style panel-row-style-for-5461-1\" data-stretch-type=\"full-width-stretch\" ><div id=\"pgc-5461-1-0\"  class=\"panel-grid-cell\" ><div id=\"panel-5461-1-0-0\" class=\"so-panel widget widget_sow-image panel-first-child panel-last-child\" data-index=\"1\" ><div\n\t\t\t\n\t\t\tclass=\"so-widget-sow-image so-widget-sow-image-default-e4c2d9f6c920-5461\"\n\t\t\t\n\t\t>\n\n<div class=\"sow-image-container\">\n\t\t<img loading=\"lazy\" decoding=\"async\" src=\"https:\/\/site.educa.madrid.org\/ies.tiernogalvan.parla\/\/wp-content\/uploads\/ies.tiernogalvan.parla\/2025\/02\/ClubPT_LogoRedondo400.webp\" width=\"150\" height=\"150\" srcset=\"https:\/\/site.educa.madrid.org\/ies.tiernogalvan.parla\/\/wp-content\/uploads\/ies.tiernogalvan.parla\/2025\/02\/ClubPT_LogoRedondo400.webp 400w, https:\/\/site.educa.madrid.org\/ies.tiernogalvan.parla\/\/wp-content\/uploads\/ies.tiernogalvan.parla\/2025\/02\/ClubPT_LogoRedondo400-300x300.webp 300w, https:\/\/site.educa.madrid.org\/ies.tiernogalvan.parla\/\/wp-content\/uploads\/ies.tiernogalvan.parla\/2025\/02\/ClubPT_LogoRedondo400-150x150.webp 150w, https:\/\/site.educa.madrid.org\/ies.tiernogalvan.parla\/\/wp-content\/uploads\/ies.tiernogalvan.parla\/2025\/02\/ClubPT_LogoRedondo400-375x375.webp 375w\" sizes=\"auto, (max-width: 150px) 100vw, 150px\" alt=\"\" \t\tclass=\"so-widget-image\"\/>\n\t<\/div>\n\n<\/div><\/div><\/div><div id=\"pgc-5461-1-1\"  class=\"panel-grid-cell panel-grid-cell-mobile-last\" ><div id=\"panel-5461-1-1-0\" class=\"so-panel widget widget_siteorigin-panels-builder panel-first-child panel-last-child\" data-index=\"2\" ><div id=\"pl-w690bc35c8efac\"  class=\"panel-layout\" ><div id=\"pg-w690bc35c8efac-0\"  class=\"panel-grid panel-has-style\" ><div class=\"panel-row-style panel-row-style-for-w690bc35c8efac-0\" ><div id=\"pgc-w690bc35c8efac-0-0\"  class=\"panel-grid-cell panel-grid-cell-mobile-last\" ><div class=\"so-rounded panel-cell-style panel-cell-style-for-w690bc35c8efac-0-0\" ><div id=\"panel-w690bc35c8efac-0-0-0\" class=\"so-panel widget widget_sow-headline panel-first-child panel-last-child\" data-index=\"0\" ><div class=\"panel-widget-style panel-widget-style-for-w690bc35c8efac-0-0-0\" ><div\n\t\t\t\n\t\t\tclass=\"so-widget-sow-headline so-widget-sow-headline-default-be7633feb08b\"\n\t\t\t\n\t\t><div class=\"sow-headline-container \">\n\t\t\t\t\t\t\t<h2 class=\"sow-headline\">\n\t\t\t\t\t\tClub de Lectura: \"El Club de los Poetas Tiernos\"\t\t\t\t\t\t<\/h2>\n\t\t\t\t\t\t\t\t\t\t\t<div class=\"decoration\">\n\t\t\t\t\t\t<div class=\"decoration-inside\"><\/div>\n\t\t\t\t\t<\/div>\n\t\t\t\t\t<\/div>\n<\/div><\/div><\/div><\/div><\/div><div id=\"pgc-w690bc35c8efac-0-1\"  class=\"panel-grid-cell panel-grid-cell-empty\" ><div class=\"panel-cell-style panel-cell-style-for-w690bc35c8efac-0-1\" ><\/div><\/div><\/div><\/div><div id=\"pg-w690bc35c8efac-1\"  class=\"panel-grid panel-has-style\" ><div class=\"panel-row-style panel-row-style-for-w690bc35c8efac-1\" ><div id=\"pgc-w690bc35c8efac-1-0\"  class=\"panel-grid-cell\" ><div class=\"panel-cell-style panel-cell-style-for-w690bc35c8efac-1-0\" ><div id=\"panel-w690bc35c8efac-1-0-0\" class=\"so-panel widget widget_sow-editor panel-first-child panel-last-child\" data-index=\"1\" ><div class=\"panel-widget-style panel-widget-style-for-w690bc35c8efac-1-0-0\" ><div\n\t\t\t\n\t\t\tclass=\"so-widget-sow-editor so-widget-sow-editor-base\"\n\t\t\t\n\t\t>\n<div class=\"siteorigin-widget-tinymce textwidget\">\n\t<p>Club de animaci\u00f3n a la lectura con propuestas de lectura peri\u00f3dicas y ciclos de debate.<\/p>\n<p>El Club de los Poetas Tiernos pretende promover la lectura de libros de tem\u00e1ticas variadas y la participaci\u00f3n en debates para dialogar y poner en com\u00fan todo lo que hemos experimentado.<\/p>\n<p>Invitamos a todos los miembros de la comunidad educativa a que se unan a este viaje apasionante a trav\u00e9s de la lectura.<\/p>\n<\/div>\n<\/div><\/div><\/div><\/div><\/div><div id=\"pgc-w690bc35c8efac-1-1\"  class=\"panel-grid-cell\" ><div class=\"panel-cell-style panel-cell-style-for-w690bc35c8efac-1-1\" ><div id=\"panel-w690bc35c8efac-1-1-0\" class=\"so-panel widget widget_sow-editor panel-first-child panel-last-child\" data-index=\"2\" ><div class=\"panel-widget-style panel-widget-style-for-w690bc35c8efac-1-1-0\" ><div\n\t\t\t\n\t\t\tclass=\"so-widget-sow-editor so-widget-sow-editor-base\"\n\t\t\t\n\t\t>\n<div class=\"siteorigin-widget-tinymce textwidget\">\n\t<p><strong>PR\u00d3XIMA REUNI\u00d3N del CLUB<\/strong><\/p>\n<p>D\u00eda:<br \/>\n\u2022 26 de noviembre (mi\u00e9rcoles)<\/p>\n<p>Hora:<br \/>\n\u2022 11:10 a 11:40 (recreo)<\/p>\n<p>Lugar:<br \/>\n\u2022 Biblioteca<\/p>\n<\/div>\n<\/div><\/div><\/div><\/div><\/div><\/div><\/div><\/div><\/div><\/div><div id=\"pgc-5461-1-2\"  class=\"panel-grid-cell panel-grid-cell-empty\" ><\/div><\/div><\/div><div id=\"pg-5461-2\"  class=\"panel-grid panel-has-style\" ><div class=\"siteorigin-panels-stretch panel-row-style panel-row-style-for-5461-2\" data-stretch-type=\"full-width-stretch\" ><div id=\"pgc-5461-2-0\"  class=\"panel-grid-cell panel-grid-cell-empty\" ><\/div><div id=\"pgc-5461-2-1\"  class=\"panel-grid-cell panel-grid-cell-mobile-last\" ><div id=\"panel-5461-2-1-0\" class=\"so-panel widget widget_sow-headline panel-first-child panel-last-child\" data-index=\"3\" ><div class=\"panel-widget-style panel-widget-style-for-5461-2-1-0\" ><div\n\t\t\t\n\t\t\tclass=\"so-widget-sow-headline so-widget-sow-headline-default-be7633feb08b-5461\"\n\t\t\t\n\t\t><div class=\"sow-headline-container \">\n\t\t\t\t\t\t\t<h2 class=\"sow-headline\">\n\t\t\t\t\t\tLibro del mes\t\t\t\t\t\t<\/h2>\n\t\t\t\t\t\t\t\t\t\t\t<div class=\"decoration\">\n\t\t\t\t\t\t<div class=\"decoration-inside\"><\/div>\n\t\t\t\t\t<\/div>\n\t\t\t\t\t<\/div>\n<\/div><\/div><\/div><\/div><div id=\"pgc-5461-2-2\"  class=\"panel-grid-cell panel-grid-cell-empty\" ><\/div><\/div><\/div><div id=\"pg-5461-3\"  class=\"panel-grid panel-has-style\" ><div class=\"siteorigin-panels-stretch panel-row-style panel-row-style-for-5461-3\" data-stretch-type=\"full-width-stretch\" ><div id=\"pgc-5461-3-0\"  class=\"panel-grid-cell panel-grid-cell-empty\" ><\/div><div id=\"pgc-5461-3-1\"  class=\"panel-grid-cell\" ><div class=\"so-rounded panel-cell-style panel-cell-style-for-5461-3-1\" ><div id=\"panel-5461-3-1-0\" class=\"so-panel widget widget_sow-image panel-first-child panel-last-child\" data-index=\"4\" ><div class=\"panel-widget-style panel-widget-style-for-5461-3-1-0\" ><div\n\t\t\t\n\t\t\tclass=\"so-widget-sow-image so-widget-sow-image-default-c67d20f9f743-5461\"\n\t\t\t\n\t\t>\n\n<div class=\"sow-image-container\">\n\t\t<img loading=\"lazy\" decoding=\"async\" src=\"https:\/\/site.educa.madrid.org\/ies.tiernogalvan.parla\/\/wp-content\/uploads\/ies.tiernogalvan.parla\/2025\/11\/ClubPoetasTiernos_Libro03_CuandoMeVeas.webp\" width=\"200\" height=\"300\" sizes=\"auto, (max-width: 200px) 100vw, 200px\" alt=\"\" \t\tclass=\"so-widget-image\"\/>\n\t<\/div>\n\n<\/div><\/div><\/div><\/div><\/div><div id=\"pgc-5461-3-2\"  class=\"panel-grid-cell panel-grid-cell-mobile-last\" ><div id=\"panel-5461-3-2-0\" class=\"so-panel widget widget_sow-editor panel-first-child panel-last-child\" data-index=\"5\" ><div class=\"panel-widget-style panel-widget-style-for-5461-3-2-0\" ><div\n\t\t\t\n\t\t\tclass=\"so-widget-sow-editor so-widget-sow-editor-base\"\n\t\t\t\n\t\t><h3 class=\"widget-title\">Cuando me veas<\/h3>\n<div class=\"siteorigin-widget-tinymce textwidget\">\n\t<p>Comenzamos el curso lector con la novela <em>Cuando me veas<\/em>, de Laura Gallego.<\/p>\n<div><span style=\"font-family: arial, sans-serif;\">\u00bfQui\u00e9n o qu\u00e9 es? \u00bfQu\u00e9 intenciones tiene? \u00bfUna amenaza desconocida o una luz en la oscuridad? \u00bfTiene algo que ver con el caso del \u201cchico de la azotea\u201d?<\/span><\/div>\n<div>\n<p>Valentina Reyes, una adolescente de catorce a\u00f1os, t\u00edmida y reservada, se encuentra con un don tan extraordinario como inquietante: la invisibilidad. Al principio, su nuevo poder le resulta desconcertante, pero poco a poco aprende a controlarlo y a utilizarlo para ayudar a los dem\u00e1s.<br \/>\nEn su instituto comienzan a ocurrir cosas extra\u00f1as: hay casos de\u00a0acoso escolar, desapariciones y misteriosas agresiones. Valeria decide investigar lo que est\u00e1 pasando y usa su invisibilidad para hacerlo sin ser vista. Sin embargo, pronto se da cuenta de que lo que parec\u00eda un simple juego o una oportunidad para hacer justicia puede volverse muy peligroso.<\/p>\n<p>Extra\u00f1os sucesos inexplicables. Un secreto. Una muerte repentina. Una investigaci\u00f3n. \u00a1Descubre qu\u00e9 hay detr\u00e1s!<\/p>\n<\/div>\n<\/div>\n<\/div><\/div><\/div><\/div><div id=\"pgc-5461-3-3\"  class=\"panel-grid-cell panel-grid-cell-empty\" ><\/div><\/div><\/div><div id=\"pg-5461-4\"  class=\"panel-grid panel-has-style\" ><div class=\"siteorigin-panels-stretch panel-row-style panel-row-style-for-5461-4\" data-stretch-type=\"full-width-stretch\" ><div id=\"pgc-5461-4-0\"  class=\"panel-grid-cell panel-grid-cell-empty\" ><\/div><div id=\"pgc-5461-4-1\"  class=\"panel-grid-cell panel-grid-cell-mobile-last\" ><div id=\"panel-5461-4-1-0\" class=\"so-panel widget widget_sow-headline panel-first-child panel-last-child\" data-index=\"6\" ><div class=\"panel-widget-style panel-widget-style-for-5461-4-1-0\" ><div\n\t\t\t\n\t\t\tclass=\"so-widget-sow-headline so-widget-sow-headline-default-be7633feb08b-5461\"\n\t\t\t\n\t\t><div class=\"sow-headline-container \">\n\t\t\t\t\t\t\t<h2 class=\"sow-headline\">\n\t\t\t\t\t\tPropuestas anteriores\t\t\t\t\t\t<\/h2>\n\t\t\t\t\t\t\t\t\t\t\t<div class=\"decoration\">\n\t\t\t\t\t\t<div class=\"decoration-inside\"><\/div>\n\t\t\t\t\t<\/div>\n\t\t\t\t\t<\/div>\n<\/div><\/div><\/div><\/div><div id=\"pgc-5461-4-2\"  class=\"panel-grid-cell panel-grid-cell-empty\" ><\/div><\/div><\/div><div id=\"pg-5461-5\"  class=\"panel-grid panel-has-style\" ><div class=\"siteorigin-panels-stretch panel-row-style panel-row-style-for-5461-5\" data-stretch-type=\"full-width-stretch\" ><div id=\"pgc-5461-5-0\"  class=\"panel-grid-cell panel-grid-cell-empty\" ><\/div><div id=\"pgc-5461-5-1\"  class=\"panel-grid-cell\" ><div class=\"so-rounded panel-cell-style panel-cell-style-for-5461-5-1\" ><div id=\"panel-5461-5-1-0\" class=\"so-panel widget widget_sow-image panel-first-child panel-last-child\" data-index=\"7\" ><div class=\"panel-widget-style panel-widget-style-for-5461-5-1-0\" ><div\n\t\t\t\n\t\t\tclass=\"so-widget-sow-image so-widget-sow-image-default-c67d20f9f743-5461\"\n\t\t\t\n\t\t>\n\n<div class=\"sow-image-container\">\n\t\t<img loading=\"lazy\" decoding=\"async\" src=\"https:\/\/site.educa.madrid.org\/ies.tiernogalvan.parla\/\/wp-content\/uploads\/ies.tiernogalvan.parla\/2025\/03\/clubpoetastiernos_libro02_familiaotrosanimales.webp?ver=1762379107\" width=\"200\" height=\"300\" sizes=\"auto, (max-width: 200px) 100vw, 200px\" title=\"ClubPoetasTiernos_Libro02_FamiliaOtrosAnimales\" alt=\"\" \t\tclass=\"so-widget-image\"\/>\n\t<\/div>\n\n<\/div><\/div><\/div><\/div><\/div><div id=\"pgc-5461-5-2\"  class=\"panel-grid-cell panel-grid-cell-mobile-last\" ><div id=\"panel-5461-5-2-0\" class=\"so-panel widget widget_sow-editor panel-first-child panel-last-child\" data-index=\"8\" ><div class=\"panel-widget-style panel-widget-style-for-5461-5-2-0\" ><div\n\t\t\t\n\t\t\tclass=\"so-widget-sow-editor so-widget-sow-editor-base\"\n\t\t\t\n\t\t><h3 class=\"widget-title\">Mi familia y otros animales<\/h3>\n<div class=\"siteorigin-widget-tinymce textwidget\">\n\t<p>Como segunda propuesta leeremos\u00a0<em data-start=\"200\" data-end=\"229\">Mi familia y otros animales<\/em>, un relato autobiogr\u00e1fico lleno de humor y ternura en el que el naturalista Gerald Durrell nos transporta a la isla griega de Corf\u00fa.<\/p>\n<p class=\"\" data-start=\"366\" data-end=\"714\">A trav\u00e9s de sus p\u00e1ginas, descubrimos la fascinante vida de la familia Durrell, un grupo tan peculiar como entra\u00f1able, cuya convivencia en la isla se convierte en una aventura continua. Con la mirada curiosa de un joven Gerald, nos sumergimos en un mundo lleno de coloridos personajes, extravagantes an\u00e9cdotas y un profundo amor por la naturaleza.<\/p>\n<p class=\"\" data-start=\"716\" data-end=\"878\">Si te gustan las historias divertidas, los paisajes mediterr\u00e1neos y los animales, \u00a1no te lo pierdas! \u00danete al Club de Lectura y disfruta de esta obra \u00fanica. \ud83d\udcda\u2728<\/p>\n<\/div>\n<\/div><\/div><\/div><\/div><div id=\"pgc-5461-5-3\"  class=\"panel-grid-cell panel-grid-cell-empty\" ><\/div><\/div><\/div><div id=\"pg-5461-6\"  class=\"panel-grid panel-has-style\" ><div class=\"siteorigin-panels-stretch panel-row-style panel-row-style-for-5461-6\" data-stretch-type=\"full-width-stretch\" ><div id=\"pgc-5461-6-0\"  class=\"panel-grid-cell panel-grid-cell-empty\" ><\/div><div id=\"pgc-5461-6-1\"  class=\"panel-grid-cell\" ><div class=\"so-rounded panel-cell-style panel-cell-style-for-5461-6-1\" ><div id=\"panel-5461-6-1-0\" class=\"so-panel widget widget_sow-image panel-first-child panel-last-child\" data-index=\"9\" ><div class=\"panel-widget-style panel-widget-style-for-5461-6-1-0\" ><div\n\t\t\t\n\t\t\tclass=\"so-widget-sow-image so-widget-sow-image-default-c67d20f9f743-5461\"\n\t\t\t\n\t\t>\n\n<div class=\"sow-image-container\">\n\t\t<img loading=\"lazy\" decoding=\"async\" src=\"https:\/\/site.educa.madrid.org\/ies.tiernogalvan.parla\/\/wp-content\/uploads\/ies.tiernogalvan.parla\/2025\/02\/ClubPoetasTiernos_Libro01_SenorMoscas_300x200.webp\" width=\"200\" height=\"300\" sizes=\"auto, (max-width: 200px) 100vw, 200px\" title=\"ClubPoetasTiernos_Libro01_Se\u00f1orMoscas_300x200\" alt=\"\" \t\tclass=\"so-widget-image\"\/>\n\t<\/div>\n\n<\/div><\/div><\/div><\/div><\/div><div id=\"pgc-5461-6-2\"  class=\"panel-grid-cell panel-grid-cell-mobile-last\" ><div id=\"panel-5461-6-2-0\" class=\"so-panel widget widget_sow-editor panel-first-child panel-last-child\" data-index=\"10\" ><div class=\"panel-widget-style panel-widget-style-for-5461-6-2-0\" ><div\n\t\t\t\n\t\t\tclass=\"so-widget-sow-editor so-widget-sow-editor-base\"\n\t\t\t\n\t\t><h3 class=\"widget-title\">El se\u00f1or de las moscas<\/h3>\n<div class=\"siteorigin-widget-tinymce textwidget\">\n\t<p>El primer libro, con el que iniciamos el viaje, es este famos\u00edsimo t\u00edtulo de William Golding.<\/p>\n<p>Una treintena de muchachos son los \u00fanicos supervivientes de un naufragio en el que perecen todos los adultos. En cuanto consiguen llegar a una isla, enseguida se plantean c\u00f3mo sobrevivir en tales condiciones, y no tardan en crearse dos grupos con sus respectivos l\u00edderes. Ralph se convierte en el cabecilla de los que est\u00e1n dispuestos a recolectar y a construir refugios, mientras que Jack se convierte en el jefe de los cazadores, animados por un esp\u00edritu aventurero. Las tensiones entre ambos bandos no tardan en aparecer.<\/p>\n<p>Partiendo de este esquema, el Premio Nobel William Golding crea una f\u00e1bula moral sobre el lado m\u00e1s oscuro de la naturaleza humana. Una novela deslumbrante en la que se ha visto desde una requisitoria moral contra la educaci\u00f3n represiva hasta una par\u00e1bola acerca de los instintos b\u00e1sicos del ser humano.<\/p>\n<\/div>\n<\/div><\/div><\/div><\/div><div id=\"pgc-5461-6-3\"  class=\"panel-grid-cell panel-grid-cell-empty\" ><\/div><\/div><\/div><\/div>","protected":false},"excerpt":{"rendered":"<p>P\u00e1gina del proyecto de Taller de Radio, incluido dentro de la Dinamizaci\u00f3n de los Recreos.<\/p>\n","protected":false},"author":3,"featured_media":0,"parent":1310,"menu_order":0,"comment_status":"closed","ping_status":"closed","template":"","meta":{"footnotes":""},"folder":[316],"class_list":["post-5461","page","type-page","status-publish","hentry"],"rttpg_featured_image_url":null,"rttpg_author":{"display_name":"ies.tiernogalvan.parla","author_link":"https:\/\/site.educa.madrid.org\/ies.tiernogalvan.parla\/index.php\/author\/cuenta_ies-tiernogalvan-parla\/"},"rttpg_comment":0,"rttpg_category":" <a href=\"https:\/\/site.educa.madrid.org\/ies.tiernogalvan.parla\/?taxonomy=folder&#038;term=721clubpoetastiernos-1739375090-3\" rel=\"tag\">7.2.1_ClubPoetasTiernos<\/a>","rttpg_excerpt":"P\u00e1gina del proyecto de Taller de Radio, incluido dentro de la Dinamizaci\u00f3n de los Recreos.","post_mailing_queue_ids":[],"_links":{"self":[{"href":"https:\/\/site.educa.madrid.org\/ies.tiernogalvan.parla\/index.php\/wp-json\/wp\/v2\/pages\/5461","targetHints":{"allow":["GET"]}}],"collection":[{"href":"https:\/\/site.educa.madrid.org\/ies.tiernogalvan.parla\/index.php\/wp-json\/wp\/v2\/pages"}],"about":[{"href":"https:\/\/site.educa.madrid.org\/ies.tiernogalvan.parla\/index.php\/wp-json\/wp\/v2\/types\/page"}],"author":[{"embeddable":true,"href":"https:\/\/site.educa.madrid.org\/ies.tiernogalvan.parla\/index.php\/wp-json\/wp\/v2\/users\/3"}],"replies":[{"embeddable":true,"href":"https:\/\/site.educa.madrid.org\/ies.tiernogalvan.parla\/index.php\/wp-json\/wp\/v2\/comments?post=5461"}],"version-history":[{"count":22,"href":"https:\/\/site.educa.madrid.org\/ies.tiernogalvan.parla\/index.php\/wp-json\/wp\/v2\/pages\/5461\/revisions"}],"predecessor-version":[{"id":6567,"href":"https:\/\/site.educa.madrid.org\/ies.tiernogalvan.parla\/index.php\/wp-json\/wp\/v2\/pages\/5461\/revisions\/6567"}],"up":[{"embeddable":true,"href":"https:\/\/site.educa.madrid.org\/ies.tiernogalvan.parla\/index.php\/wp-json\/wp\/v2\/pages\/1310"}],"wp:attachment":[{"href":"https:\/\/site.educa.madrid.org\/ies.tiernogalvan.parla\/index.php\/wp-json\/wp\/v2\/media?parent=5461"}],"wp:term":[{"taxonomy":"folder","embeddable":true,"href":"https:\/\/site.educa.madrid.org\/ies.tiernogalvan.parla\/index.php\/wp-json\/wp\/v2\/folder?post=5461"}],"curies":[{"name":"wp","href":"https:\/\/api.w.org\/{rel}","templated":true}]}}