{"id":1326,"date":"2024-02-27T13:05:06","date_gmt":"2024-02-27T12:05:06","guid":{"rendered":"https:\/\/site.educa.madrid.org\/ies.velazquez.torrelodones\/?page_id=1326"},"modified":"2024-02-27T13:05:30","modified_gmt":"2024-02-27T12:05:30","slug":"aviso-legal","status":"publish","type":"page","link":"https:\/\/site.educa.madrid.org\/ies.velazquez.torrelodones\/index.php\/aviso-legal\/","title":{"rendered":"Aviso legal"},"content":{"rendered":"\n<div style=\"height:100px\" aria-hidden=\"true\" class=\"wp-block-spacer\"><\/div>\n\n\n\n<p><strong>IES Diego Vel\u00e1zquez<\/strong> es un instituto de ense\u00f1anza secundaria sito en C. Instituto s\/n Torrelodones, Madrid (Espa\u00f1a). A trav\u00e9s de este AVISO LEGAL se pretende regular el acceso y uso, y en general, la relaci\u00f3n entre este Portal (en adelante PORTAL) accesible en la direcci\u00f3n de Internet<\/p>\n\n\n\n<p>http:\/\/iesdiegovelazquez.org, y los usuarios del PORTAL (en adelante usuarios).<\/p>\n\n\n\n<p><strong>Pol\u00edtica de protecci\u00f3n de datos de car\u00e1cter personal<\/strong><\/p>\n\n\n\n<p>Con el fin de facilitar un desarrollo r\u00e1pido y eficaz de la relaci\u00f3n entre IES Diego Vel\u00e1zquez y los usuarios, IES Diego Vel\u00e1zquez garantiza mediante este aviso, la privacidad de los servicios on line de acuerdo con las exigencias legales e informa acerca de su pol\u00edtica de protecci\u00f3n de datos de car\u00e1cter personal.<\/p>\n\n\n\n<p>\u2022 Confidencialidad en el tratamiento automatizado de los datos de car\u00e1cter personal de los usuarios en el futuro, ya que por ahora no se solicita ninguno.<\/p>\n\n\n\n<p>IES Diego Vel\u00e1zquez garantiza la confidencialidad de los datos de car\u00e1cter personal facilitados por los usuarios y su tratamiento automatizado de acuerdo a la legislaci\u00f3n vigente sobre protecci\u00f3n de datos de car\u00e1cter personal (Ley Org\u00e1nica 15\/99, de 13 de diciembre, de Protecci\u00f3n de Datos de Car\u00e1cter Personal, el Real Decreto 1720\/2007, de 21 de diciembre, por el que se aprueba el Reglamento de desarrollo de la Ley Org\u00e1nica 15\/99, de 13 de diciembre, de protecci\u00f3n de datos de car\u00e1cter personal, as\u00ed como toda la normativa aplicable a esta materia).<\/p>\n\n\n\n<p>IES Diego Vel\u00e1zquez ha adoptado los niveles de seguridad de protecci\u00f3n de los datos personales legalmente requeridos, y ha instalado todos los medios y medidas t\u00e9cnicas a su alcance para evitar la p\u00e9rdida, mal uso, alteraci\u00f3n, acceso no autorizado y robo de los datos personales facilitados. A pesar de ello, el usuario debe ser consciente de que las medidas de seguridad en Internet no son inexpugnables.<\/p>\n\n\n\n<p>IES Diego Vel\u00e1zquez proporcionar\u00e1 a los usuarios los recursos t\u00e9cnicos adecuados para que, con car\u00e1cter previo a la entrega de los datos personales, puedan acceder a este aviso sobre la Pol\u00edtica de Protecci\u00f3n de Datos de Car\u00e1cter Personal o a cualquier otra informaci\u00f3n relevante, y puedan prestar su consentimiento a fin de que IES Diego Vel\u00e1zquez proceda al tratamiento automatizado de los datos personales de los usuarios.<\/p>\n\n\n\n<p>IES Diego Vel\u00e1zquez se reserva el derecho a modificar la presente pol\u00edtica para adaptarla a novedades o exigencias legislativas y jurisprudenciales as\u00ed como a pr\u00e1cticas de la industria, teniendo en todo momento en cuenta los leg\u00edtimos intereses del consumidor o usuario. Ciertos servicios prestados en el PORTAL pueden contener condiciones particulares con previsiones espec\u00edficas en materia de protecci\u00f3n de datos personales.<\/p>\n\n\n\n<p><strong>\u2022 Finalidad de la recogida y tratamiento automatizado de los datos de car\u00e1cter personal.<\/strong><\/p>\n\n\n\n<p>La recogida y tratamiento automatizado de los datos personales, como consecuencia de la navegaci\u00f3n por las p\u00e1ginas del PORTAL, de la consulta, solicitud o suscripci\u00f3n de cualquier servicio\/s. Tiene como finalidad el estudio cuantitativo y cualitativo de las visitas y de la utilizaci\u00f3n de los servicios por parte de los usuarios, el dise\u00f1o de nuevos servicios relacionados con los servicios propios de IES Diego Vel\u00e1zquez y sus actualizaciones, y el env\u00edo por medios tradicionales y electr\u00f3nicos de informaci\u00f3n t\u00e9cnica, operativa.<\/p>\n\n\n\n<p>En ning\u00fan caso IES Diego Vel\u00e1zquez utilizar\u00e1 los datos personales de los usuarios para fines distintos de los anteriormente mencionados, salvo previa advertencia recogida en el PORTAL otorgando un plazo razonable para la oposici\u00f3n del usuario a ello.<\/p>\n\n\n\n<p><strong>\u2022 Derechos de los usuarios en relaci\u00f3n a sus datos personales.<\/strong><\/p>\n\n\n\n<p>Los usuarios tienen reconocidos, y podr\u00e1n ejercitar los derechos de acceso, cancelaci\u00f3n, rectificaci\u00f3n y oposici\u00f3n al tratamiento, uso y cesi\u00f3n de sus datos mediante comunicaci\u00f3n dirigida al IES Diego Vel\u00e1zquez. Asimismo el usuario ejerce su derecho a estar informado, sobre las finalidades para las que se autoriza el uso de sus datos.<\/p>\n\n\n\n<p>Cesi\u00f3n de datos personales de los usuarios a terceros.<\/p>\n\n\n\n<p>IES Diego Vel\u00e1zquez no ceder\u00e1 los datos personales de los usuarios que se recogen a trav\u00e9s del PORTAL a terceros sin el consentimiento expreso del usuario. Para ello IES Diego Vel\u00e1zquez ofrecer\u00e1 previamente al usuario la posibilidad de aceptar o no esta cesi\u00f3n.<\/p>\n\n\n\n<p>IES Diego Vel\u00e1zquez informar\u00e1 expresamente al usuario sobre la cesi\u00f3n de sus datos de car\u00e1cter personal a terceros, indicando la identidad de los cesionarios y la finalidad de la cesi\u00f3n de los datos de car\u00e1cter personal. Para cualquier duda al respecto el usuario podr\u00e1 ponerse en contacto con IES Diego Vel\u00e1zquez.<\/p>\n\n\n\n<p>El usuario consiente en que se utilizar\u00e1 la informaci\u00f3n de sus datos personales cuando as\u00ed sea requerido por las Autoridades administrativas competentes o por mandato judicial.<\/p>\n\n\n\n<p><strong>Exenci\u00f3n de responsabilidad por contenidos alojados en p\u00e1ginas web accesibles desde el PORTAL.<\/strong><\/p>\n\n\n\n<p>IES Diego Vel\u00e1zquez no se hace responsable de la edici\u00f3n, revisi\u00f3n, censura y verificaci\u00f3n de los contenidos de las p\u00e1ginas o sitios de Internet con los que el usuario se conecte a trav\u00e9s de hiperv\u00ednculos incluidos en el PORTAL. IES Diego Vel\u00e1zquez no se hace responsable de ninguna de las informaciones, opiniones y conceptos que se emitan, publiquen o distribuyan directa e indirectamente a trav\u00e9s de este PORTAL, cualquier Portal interconectado al que se acceda a trav\u00e9s del PORTAL por medio de links, o cualquiera de los servicios que se vinculen o relacionen a esta p\u00e1gina web interconectada.<\/p>\n\n\n\n<p>IES Diego Vel\u00e1zquez no se responsabiliza del mal uso que se realice de los contenidos del PORTAL, siendo exclusiva responsabilidad de la persona que acceda a ellos o los utilice. Los usuarios se comprometen a utilizar el PORTAL y sus SERVICIOS de conformidad con la Ley, con la moral y buenas costumbres generalmente aceptadas y el orden p\u00fablico.<\/p>\n\n\n\n<p><strong>Exenci\u00f3n de responsabilidad por el funcionamiento del PORTAL:<\/strong><\/p>\n\n\n\n<p>IES Diego Vel\u00e1zquez presta sus servicios y contenidos de forma continuada empleando todos los medios t\u00e9cnicos a su alcance para realizar dicha prestaci\u00f3n de forma satisfactoria. IES Diego Vel\u00e1zquez podr\u00e1, cuando lo considere conveniente, realizar correcciones, mejoras o modificaciones en la informaci\u00f3n contenida en el PORTAL, en los SERVICIOS, o en los CONTENIDOS sin que ello de lugar, ni derecho a ninguna reclamaci\u00f3n o indemnizaci\u00f3n, ni implique reconocimiento de responsabilidad alguna.<\/p>\n\n\n\n<p>IES Diego Vel\u00e1zquez no se hace responsable por los da\u00f1os y perjuicios de toda naturaleza que pudieran derivarse de la disponibilidad y continuidad t\u00e9cnica del funcionamiento del PORTAL. En cualquier caso, IES Diego Vel\u00e1zquez llevar\u00e1 a cabo todas las actuaciones necesarias para restablecer sus servicios en caso de fallo t\u00e9cnico.<\/p>\n\n\n\n<p>IES Diego Vel\u00e1zquez no se hace responsable por los da\u00f1os y perjuicios de toda naturaleza que pudieran derivarse del conocimiento que puedan tener terceros no autorizados de los datos de los usuarios y del uso que hagan en el PORTAL a trav\u00e9s de estos datos.<\/p>\n\n\n\n<p>Exenci\u00f3n de responsabilidad por el uso indebido de las claves de los usuarios:<\/p>\n\n\n\n<p>Los usuarios son los \u00fanicos y exclusivos responsables de sus claves de identificaci\u00f3n y acceso a los CONTENIDOS o SERVICIOS del PORTAL. Dicha identificaci\u00f3n se compone del c\u00f3digo secreto o clave y del nombre del usuario.<\/p>\n\n\n\n<p>IES Diego Vel\u00e1zquez no se hace responsable del uso indebido de las claves de acceso de los usuarios para el acceso a los CONTENIDOS o SERVICIOS del PORTAL que los requieran y de las consecuencias derivadas de cualquier naturaleza del mal uso por los usuarios, su p\u00e9rdida u olvido, y su uso indebido por terceros no autorizados.<\/p>\n\n\n\n<p><strong>Propiedad intelectual de los contenidos del Portal<\/strong><\/p>\n\n\n\n<p>Los textos (informaciones, conceptos, opiniones y otros an\u00e1logos) y elementos gr\u00e1ficos (im\u00e1genes, logos, textos y descargas) que constituyen el PORTAL y difundidos a trav\u00e9s de \u00e9ste, as\u00ed como su presentaci\u00f3n y montaje, son titularidad exclusiva de IES. Diego Vel\u00e1zquez. En este sentido, los datos mostrados en el PORTAL, se constituyen como obras protegidas por el conjunto de la regulaci\u00f3n espa\u00f1ola y comunitaria en el \u00e1mbito de la propiedad intelectual, conforme al Real Decreto Legislativo 1\/1996, de 12 de abril, por el que se aprueba el Texto Refundido de la Ley de Propiedad Intelectual y la Ley 5\/1998, de 6 de marzo, de Incorporaci\u00f3n al Derecho Espa\u00f1ol de la Directiva 96\/9\/CE sobre la Protecci\u00f3n Jur\u00eddica de las Bases de Datos, result\u00e1ndoles asimismo de aplicaci\u00f3n los tratados internacionales suscritos en este campo.<\/p>\n\n\n\n<p>IES Diego Vel\u00e1zquez no concede licencia de uso o autorizaci\u00f3n alguna sobre sus derechos de propiedad industrial e intelectual o sobre cualquier otra propiedad o derecho relacionado con su PORTAL, salvo acuerdo expreso con terceros. Los usuarios podr\u00e1n llevar a cabo la reproducci\u00f3n de los contenidos del PORTAL con el \u00fanico fin de proceder a su almacenamiento, a la realizaci\u00f3n de copias de seguridad o a su impresi\u00f3n sobre papel para uso privado.<\/p>\n\n\n\n<p>Al margen de lo anterior, queda prohibida toda reproducci\u00f3n, distribuci\u00f3n, transformaci\u00f3n, presentaci\u00f3n, total o parcial, del contenido del PORTAL o de alguno de sus elementos, de forma directa o indirecta por redes telem\u00e1ticas o soportes an\u00e1logos, con un fin comercial dirigido al p\u00fablico o para una utilizaci\u00f3n m\u00e1s all\u00e1 de las mencionadas, aun citando la fuente, siempre que no se cuente con la autorizaci\u00f3n expresa y por escrito de IES Diego Vel\u00e1zquez y en su caso de terceros colaboradores.<\/p>\n\n\n\n<p>El incumplimiento de lo anterior facultar\u00e1 a IES Diego Vel\u00e1zquez para interponer las acciones legales pertinentes.<\/p>\n\n\n\n<p>El contenido, informaci\u00f3n y consejos expresados en esta web deben entenderse como simplemente orientativos. El IES Diego Vel\u00e1zquez no responde de ninguna forma de la efectividad o exactitud de los mismos, quedando exenta de cualquier responsabilidad contractual o extracontractual con la persona o empresa que haga uso de ellos, ya que son \u00e9stas las que deber\u00e1n decidir seg\u00fan su criterio la oportunidad de los mismos.<\/p>\n\n\n\n<p><strong>Quedan especialmente prohibidas:<\/strong><\/p>\n\n\n\n<p>\u2013 La presentaci\u00f3n de una p\u00e1gina del PORTAL en una marco de otra p\u00e1gina web que no pertenezca a IES Diego Vel\u00e1zquez, a no ser que cuente con el expreso consentimiento por escrito de IES Diego Vel\u00e1zquez.<\/p>\n\n\n\n<p>\u2013 La inserci\u00f3n de una imagen difundida en el PORTAL en una p\u00e1gina o base de datos, no perteneciente a IES Diego Vel\u00e1zquez, si ello no cuenta con la expresa autorizaci\u00f3n de IES Diego Vel\u00e1zquez.<\/p>\n\n\n\n<p>\u2013 La extracci\u00f3n y uso de elementos del PORTAL causando o no un perjuicio cualquiera a IES Diego Vel\u00e1zquez, conforme a las disposiciones del Real Decreto Legislativo 1\/1996, de 12 de abril, por el que se aprueba el Texto Refundido de la Ley de Propiedad Intelectual y la Ley 5\/1998, de 6 de marzo, de Incorporaci\u00f3n al Derecho Espa\u00f1ol de la Directiva 96\/9\/CE sobre la Protecci\u00f3n Jur\u00eddica de las Bases de Datos.<\/p>\n","protected":false},"excerpt":{"rendered":"<p>IES Diego Vel\u00e1zquez es un instituto de ense\u00f1anza secundaria sito en C. Instituto s\/n Torrelodones, Madrid (Espa\u00f1a). A trav\u00e9s de este AVISO LEGAL se pretende regular el acceso y uso, &#8230;<\/p>\n","protected":false},"author":2,"featured_media":0,"parent":0,"menu_order":0,"comment_status":"closed","ping_status":"closed","template":"","meta":{"footnotes":""},"folder":[],"class_list":["post-1326","page","type-page","status-publish","hentry"],"rttpg_featured_image_url":null,"rttpg_author":{"display_name":"tic.ies.velazquez.torrelodones","author_link":"https:\/\/site.educa.madrid.org\/ies.velazquez.torrelodones\/index.php\/author\/cuenta_tic-ies-velazquez-torrelodones\/"},"rttpg_comment":0,"rttpg_category":false,"rttpg_excerpt":"IES Diego Vel\u00e1zquez es un instituto de ense\u00f1anza secundaria sito en C. Instituto s\/n Torrelodones, Madrid (Espa\u00f1a). A trav\u00e9s de este AVISO LEGAL se pretende regular el acceso y uso, ...","post_mailing_queue_ids":[],"_links":{"self":[{"href":"https:\/\/site.educa.madrid.org\/ies.velazquez.torrelodones\/index.php\/wp-json\/wp\/v2\/pages\/1326","targetHints":{"allow":["GET"]}}],"collection":[{"href":"https:\/\/site.educa.madrid.org\/ies.velazquez.torrelodones\/index.php\/wp-json\/wp\/v2\/pages"}],"about":[{"href":"https:\/\/site.educa.madrid.org\/ies.velazquez.torrelodones\/index.php\/wp-json\/wp\/v2\/types\/page"}],"author":[{"embeddable":true,"href":"https:\/\/site.educa.madrid.org\/ies.velazquez.torrelodones\/index.php\/wp-json\/wp\/v2\/users\/2"}],"replies":[{"embeddable":true,"href":"https:\/\/site.educa.madrid.org\/ies.velazquez.torrelodones\/index.php\/wp-json\/wp\/v2\/comments?post=1326"}],"version-history":[{"count":2,"href":"https:\/\/site.educa.madrid.org\/ies.velazquez.torrelodones\/index.php\/wp-json\/wp\/v2\/pages\/1326\/revisions"}],"predecessor-version":[{"id":1328,"href":"https:\/\/site.educa.madrid.org\/ies.velazquez.torrelodones\/index.php\/wp-json\/wp\/v2\/pages\/1326\/revisions\/1328"}],"wp:attachment":[{"href":"https:\/\/site.educa.madrid.org\/ies.velazquez.torrelodones\/index.php\/wp-json\/wp\/v2\/media?parent=1326"}],"wp:term":[{"taxonomy":"folder","embeddable":true,"href":"https:\/\/site.educa.madrid.org\/ies.velazquez.torrelodones\/index.php\/wp-json\/wp\/v2\/folder?post=1326"}],"curies":[{"name":"wp","href":"https:\/\/api.w.org\/{rel}","templated":true}]}}