{"id":1383,"date":"2024-02-27T17:53:03","date_gmt":"2024-02-27T16:53:03","guid":{"rendered":"https:\/\/site.educa.madrid.org\/ies.velazquez.torrelodones\/?page_id=1383"},"modified":"2026-03-12T09:35:34","modified_gmt":"2026-03-12T08:35:34","slug":"tablon","status":"publish","type":"page","link":"https:\/\/site.educa.madrid.org\/ies.velazquez.torrelodones\/index.php\/tablon\/","title":{"rendered":"Tabl\u00f3n"},"content":{"rendered":"\n<div style=\"height:100px\" aria-hidden=\"true\" class=\"wp-block-spacer\"><\/div>\n\n\n<style type='text\/css' media='all'>#rt-tpg-container-1188322044 .rt-holder .rt-woo-info .price{color:#9aacbf;}body .rt-tpg-container .rt-tpg-isotope-buttons .selected,\n\t\t\t\t\t#rt-tpg-container-1188322044 .layout12 .rt-holder:hover .rt-detail,\n\t\t\t\t\t#rt-tpg-container-1188322044 .isotope8 .rt-holder:hover .rt-detail,\n\t\t\t\t\t#rt-tpg-container-1188322044 .carousel8 .rt-holder:hover .rt-detail,\n\t\t\t\t\t#rt-tpg-container-1188322044 .layout13 .rt-holder .overlay .post-info,\n\t\t\t\t\t#rt-tpg-container-1188322044 .isotope9 .rt-holder .overlay .post-info,\n\t\t\t\t\t#rt-tpg-container-1188322044.rt-tpg-container .layout4 .rt-holder .rt-detail,\n\t\t\t\t\t.rt-modal-1188322044 .md-content,\n\t\t\t\t\t.rt-modal-1188322044 .md-content > .rt-md-content-holder .rt-md-content,\n\t\t\t\t\t.rt-popup-wrap-1188322044.rt-popup-wrap .rt-popup-navigation-wrap,\n\t\t\t\t\t#rt-tpg-container-1188322044 .carousel9 .rt-holder .overlay .post-info{background-color:#9aacbf;}#rt-tpg-container-1188322044 .layout5 .rt-holder .overlay, #rt-tpg-container-1188322044 .isotope2 .rt-holder .overlay, #rt-tpg-container-1188322044 .carousel2 .rt-holder .overlay,#rt-tpg-container-1188322044 .layout15 .rt-holder h3, #rt-tpg-container-1188322044 .isotope11 .rt-holder h3, #rt-tpg-container-1188322044 .carousel11 .rt-holder h3, #rt-tpg-container-1188322044 .layout16 .rt-holder h3,\n\t\t\t\t\t#rt-tpg-container-1188322044 .isotope12 .rt-holder h3, #rt-tpg-container-1188322044 .carousel12 .rt-holder h3 {background-color:rgba(154,172,191,0.1);}#rt-tpg-container-1188322044 .read-more a{border-radius:px;}#rt-tpg-container-1188322044 .rt-img-holder img.rt-img-responsive,#rt-tpg-container-1188322044 .rt-img-holder,\n\t\t\t\t\t#rt-tpg-container-1188322044 .rt-post-overlay .post-img,\n\t\t\t\t\t#rt-tpg-container-1188322044 .post-sm .post-img,\n\t\t\t\t\t#rt-tpg-container-1188322044 .rt-post-grid .post-img,\n\t\t\t\t\t#rt-tpg-container-1188322044 .post-img img {border-radius:px;}<\/style><div class='rt-container-fluid rt-tpg-container tpg-shortcode-main-wrapper ' id='rt-tpg-container-1188322044'   data-layout='layout1' data-grid-style='even' data-desktop-col='2'  data-tab-col='2'  data-mobile-col='1' data-sc-id='97'><div class=\"tpg-widget-heading-wrapper heading-style1 \"><span class=\"tpg-widget-heading-line line-left\"><\/span><h2 class=\"tpg-widget-heading\">Entradas nuevas<\/h2><span class=\"tpg-widget-heading-line\"><\/span><\/div><div data-title='Loading ...' class='rt-row rt-content-loader   layout1 tpg-even '><div class=\"rt-col-md-6 rt-col-sm-6 rt-col-xs-12 even-grid-item rt-grid-item\" data-id=\"3153\"><div class=\"rt-holder\"><div class=\"rt-img-holder\"><a data-id=\"3153\" class=\"\" href=\"https:\/\/site.educa.madrid.org\/ies.velazquez.torrelodones\/index.php\/2025\/10\/29\/ayudas-individualizadas-de-transporte-escolar-para-el-curso-2025-2026\/\"><img loading=\"lazy\" decoding=\"async\" width=\"300\" height=\"153\" src=\"https:\/\/site.educa.madrid.org\/ies.velazquez.torrelodones\/\/wp-content\/uploads\/ies.velazquez.torrelodones\/2024\/06\/nuevo_cropped-logo-diego-velazque-juan-jpg.png\" class=\"rt-img-responsive \" alt=\"\" \/><\/a><\/div><div class='rt-detail'><h2 class=\"entry-title\"><a data-id=\"3153\" class=\"\" href=\"https:\/\/site.educa.madrid.org\/ies.velazquez.torrelodones\/index.php\/2025\/10\/29\/ayudas-individualizadas-de-transporte-escolar-para-el-curso-2025-2026\/\">Ayudas individualizadas de transporte escolar para el curso 2025\/2026<\/a><\/h2><div class='tpg-excerpt'>Informaci\u00f3n relevante para las familias Preguntas frecuentes&#8230;<\/div><div class='post-meta '><span class='read-more'><a data-id='3153' class='' href='https:\/\/site.educa.madrid.org\/ies.velazquez.torrelodones\/index.php\/2025\/10\/29\/ayudas-individualizadas-de-transporte-escolar-para-el-curso-2025-2026\/'>Leer m\u00e1s<\/a><\/span><\/div><\/div><\/div><\/div><div class=\"rt-col-md-6 rt-col-sm-6 rt-col-xs-12 even-grid-item rt-grid-item\" data-id=\"2504\"><div class=\"rt-holder\"><div class=\"rt-img-holder\"><a data-id=\"2504\" class=\"\" href=\"https:\/\/site.educa.madrid.org\/ies.velazquez.torrelodones\/index.php\/2025\/04\/22\/examenes-finales-bachillerato-convocatoria-ordinaria-y-extraordinaria\/\"><img loading=\"lazy\" decoding=\"async\" width=\"300\" height=\"153\" src=\"https:\/\/site.educa.madrid.org\/ies.velazquez.torrelodones\/\/wp-content\/uploads\/ies.velazquez.torrelodones\/2024\/06\/nuevo_cropped-logo-diego-velazque-juan-jpg.png\" class=\"rt-img-responsive \" alt=\"\" \/><\/a><\/div><div class='rt-detail'><h2 class=\"entry-title\"><a data-id=\"2504\" class=\"\" href=\"https:\/\/site.educa.madrid.org\/ies.velazquez.torrelodones\/index.php\/2025\/04\/22\/examenes-finales-bachillerato-convocatoria-ordinaria-y-extraordinaria\/\">Ex\u00e1menes finales Bachillerato. Convocatoria ordinaria y extraordinaria<\/a><\/h2><div class='tpg-excerpt'>&#8230;<\/div><div class='post-meta '><span class='read-more'><a data-id='2504' class='' href='https:\/\/site.educa.madrid.org\/ies.velazquez.torrelodones\/index.php\/2025\/04\/22\/examenes-finales-bachillerato-convocatoria-ordinaria-y-extraordinaria\/'>Leer m\u00e1s<\/a><\/span><\/div><\/div><\/div><\/div><div class=\"rt-col-md-6 rt-col-sm-6 rt-col-xs-12 even-grid-item rt-grid-item\" data-id=\"2474\"><div class=\"rt-holder\"><div class=\"rt-img-holder\"><a data-id=\"2474\" class=\"\" href=\"https:\/\/site.educa.madrid.org\/ies.velazquez.torrelodones\/index.php\/2025\/04\/01\/calendario-de-examenes-de-materias-pendientes-de-cursos-anteriores\/\"><img loading=\"lazy\" decoding=\"async\" width=\"300\" height=\"153\" src=\"https:\/\/site.educa.madrid.org\/ies.velazquez.torrelodones\/\/wp-content\/uploads\/ies.velazquez.torrelodones\/2024\/06\/nuevo_cropped-logo-diego-velazque-juan-jpg.png\" class=\"rt-img-responsive \" alt=\"\" \/><\/a><\/div><div class='rt-detail'><h2 class=\"entry-title\"><a data-id=\"2474\" class=\"\" href=\"https:\/\/site.educa.madrid.org\/ies.velazquez.torrelodones\/index.php\/2025\/04\/01\/calendario-de-examenes-de-materias-pendientes-de-cursos-anteriores\/\">Calendario de ex\u00e1menes de materias pendientes de cursos anteriores.<\/a><\/h2><div class='tpg-excerpt'>&#8230;<\/div><div class='post-meta '><span class='read-more'><a data-id='2474' class='' href='https:\/\/site.educa.madrid.org\/ies.velazquez.torrelodones\/index.php\/2025\/04\/01\/calendario-de-examenes-de-materias-pendientes-de-cursos-anteriores\/'>Leer m\u00e1s<\/a><\/span><\/div><\/div><\/div><\/div><div class=\"rt-col-md-6 rt-col-sm-6 rt-col-xs-12 even-grid-item rt-grid-item\" data-id=\"2220\"><div class=\"rt-holder\"><div class=\"rt-img-holder\"><a data-id=\"2220\" class=\"\" href=\"https:\/\/site.educa.madrid.org\/ies.velazquez.torrelodones\/index.php\/2024\/12\/02\/reconocimiento-a-las-ensenanzas-en-frances-con-el-labelfranceeducation\/\"><img loading=\"lazy\" decoding=\"async\" width=\"300\" height=\"149\" src=\"https:\/\/site.educa.madrid.org\/ies.velazquez.torrelodones\/\/wp-content\/uploads\/ies.velazquez.torrelodones\/2024\/12\/LabelFrancEducation_300X150.jpg\" class=\"rt-img-responsive \" alt=\"\" \/><\/a><\/div><div class='rt-detail'><h2 class=\"entry-title\"><a data-id=\"2220\" class=\"\" href=\"https:\/\/site.educa.madrid.org\/ies.velazquez.torrelodones\/index.php\/2024\/12\/02\/reconocimiento-a-las-ensenanzas-en-frances-con-el-labelfranceeducation\/\">Reconocimiento a las ense\u00f1anzas en franc\u00e9s con el LabelFranc\u00c9ducation<\/a><\/h2><div class='tpg-excerpt'>El IES Diego Vel\u00e1zquez ha visto reconocido su proyecto de ense\u00f1anza del franc\u00e9s a trav\u00e9s de sus diferentes iniciativas: Secci\u00f3n Ling\u00fc\u00edstica francesa en ESO, movilidades Erasmus e intercambios escolares, estancias&#8230;<\/div><div class='post-meta '><span class='read-more'><a data-id='2220' class='' href='https:\/\/site.educa.madrid.org\/ies.velazquez.torrelodones\/index.php\/2024\/12\/02\/reconocimiento-a-las-ensenanzas-en-frances-con-el-labelfranceeducation\/'>Leer m\u00e1s<\/a><\/span><\/div><\/div><\/div><\/div><div class=\"rt-col-md-6 rt-col-sm-6 rt-col-xs-12 even-grid-item rt-grid-item\" data-id=\"2206\"><div class=\"rt-holder\"><div class=\"rt-img-holder\"><a data-id=\"2206\" class=\"\" href=\"https:\/\/site.educa.madrid.org\/ies.velazquez.torrelodones\/index.php\/2024\/09\/30\/circular-convocando-reuniones-de-familias-con-tutores-as-de-grupo\/\"><img loading=\"lazy\" decoding=\"async\" width=\"300\" height=\"153\" src=\"https:\/\/site.educa.madrid.org\/ies.velazquez.torrelodones\/\/wp-content\/uploads\/ies.velazquez.torrelodones\/2024\/06\/nuevo_cropped-logo-diego-velazque-juan-jpg.png\" class=\"rt-img-responsive \" alt=\"\" \/><\/a><\/div><div class='rt-detail'><h2 class=\"entry-title\"><a data-id=\"2206\" class=\"\" href=\"https:\/\/site.educa.madrid.org\/ies.velazquez.torrelodones\/index.php\/2024\/09\/30\/circular-convocando-reuniones-de-familias-con-tutores-as-de-grupo\/\">Circular convocando reuniones de familias con tutores\/as de grupo<\/a><\/h2><div class='tpg-excerpt'>&#8230;<\/div><div class='post-meta '><span class='read-more'><a data-id='2206' class='' href='https:\/\/site.educa.madrid.org\/ies.velazquez.torrelodones\/index.php\/2024\/09\/30\/circular-convocando-reuniones-de-familias-con-tutores-as-de-grupo\/'>Leer m\u00e1s<\/a><\/span><\/div><\/div><\/div><\/div><div class=\"rt-col-md-6 rt-col-sm-6 rt-col-xs-12 even-grid-item rt-grid-item\" data-id=\"2200\"><div class=\"rt-holder\"><div class=\"rt-img-holder\"><a data-id=\"2200\" class=\"\" href=\"https:\/\/site.educa.madrid.org\/ies.velazquez.torrelodones\/index.php\/2024\/09\/24\/naturenglish-learning-from-experience\/\"><img loading=\"lazy\" decoding=\"async\" width=\"300\" height=\"153\" src=\"https:\/\/site.educa.madrid.org\/ies.velazquez.torrelodones\/\/wp-content\/uploads\/ies.velazquez.torrelodones\/2024\/06\/nuevo_cropped-logo-diego-velazque-juan-jpg.png\" class=\"rt-img-responsive \" alt=\"\" \/><\/a><\/div><div class='rt-detail'><h2 class=\"entry-title\"><a data-id=\"2200\" class=\"\" href=\"https:\/\/site.educa.madrid.org\/ies.velazquez.torrelodones\/index.php\/2024\/09\/24\/naturenglish-learning-from-experience\/\">Naturenglish learning from experience<\/a><\/h2><div class='tpg-excerpt'>Pulse sobre la imagen para m\u00e1s informaci\u00f3n&#8230;<\/div><div class='post-meta '><span class='read-more'><a data-id='2200' class='' href='https:\/\/site.educa.madrid.org\/ies.velazquez.torrelodones\/index.php\/2024\/09\/24\/naturenglish-learning-from-experience\/'>Leer m\u00e1s<\/a><\/span><\/div><\/div><\/div><\/div><\/div><div class='rt-pagination-wrap' data-total-pages='2' data-posts-per-page='6' data-type='pagination'  ><div class=\"rt-pagination\" ><ul class=\"pagination-list\"><li class=\"active\"><span>1<\/span><\/li><li><a data-paged='2' href='https:\/\/site.educa.madrid.org\/ies.velazquez.torrelodones\/index.php\/wp-json\/wp\/v2\/pages\/1383\/page\/2\/'>2<\/a><\/li><\/ul><\/div><\/div><\/div>","protected":false},"excerpt":{"rendered":"","protected":false},"author":2,"featured_media":0,"parent":0,"menu_order":0,"comment_status":"closed","ping_status":"closed","template":"template-left-sidebar.php","meta":{"footnotes":""},"folder":[],"class_list":["post-1383","page","type-page","status-publish","hentry"],"rttpg_featured_image_url":null,"rttpg_author":{"display_name":"tic.ies.velazquez.torrelodones","author_link":"https:\/\/site.educa.madrid.org\/ies.velazquez.torrelodones\/index.php\/author\/cuenta_tic-ies-velazquez-torrelodones\/"},"rttpg_comment":0,"rttpg_category":false,"rttpg_excerpt":null,"post_mailing_queue_ids":[],"_links":{"self":[{"href":"https:\/\/site.educa.madrid.org\/ies.velazquez.torrelodones\/index.php\/wp-json\/wp\/v2\/pages\/1383","targetHints":{"allow":["GET"]}}],"collection":[{"href":"https:\/\/site.educa.madrid.org\/ies.velazquez.torrelodones\/index.php\/wp-json\/wp\/v2\/pages"}],"about":[{"href":"https:\/\/site.educa.madrid.org\/ies.velazquez.torrelodones\/index.php\/wp-json\/wp\/v2\/types\/page"}],"author":[{"embeddable":true,"href":"https:\/\/site.educa.madrid.org\/ies.velazquez.torrelodones\/index.php\/wp-json\/wp\/v2\/users\/2"}],"replies":[{"embeddable":true,"href":"https:\/\/site.educa.madrid.org\/ies.velazquez.torrelodones\/index.php\/wp-json\/wp\/v2\/comments?post=1383"}],"version-history":[{"count":2,"href":"https:\/\/site.educa.madrid.org\/ies.velazquez.torrelodones\/index.php\/wp-json\/wp\/v2\/pages\/1383\/revisions"}],"predecessor-version":[{"id":1385,"href":"https:\/\/site.educa.madrid.org\/ies.velazquez.torrelodones\/index.php\/wp-json\/wp\/v2\/pages\/1383\/revisions\/1385"}],"wp:attachment":[{"href":"https:\/\/site.educa.madrid.org\/ies.velazquez.torrelodones\/index.php\/wp-json\/wp\/v2\/media?parent=1383"}],"wp:term":[{"taxonomy":"folder","embeddable":true,"href":"https:\/\/site.educa.madrid.org\/ies.velazquez.torrelodones\/index.php\/wp-json\/wp\/v2\/folder?post=1383"}],"curies":[{"name":"wp","href":"https:\/\/api.w.org\/{rel}","templated":true}]}}