{"id":1491,"date":"2024-02-28T11:06:20","date_gmt":"2024-02-28T10:06:20","guid":{"rendered":"https:\/\/site.educa.madrid.org\/ies.velazquez.torrelodones\/?page_id=1491"},"modified":"2024-02-28T11:06:41","modified_gmt":"2024-02-28T10:06:41","slug":"movilidades-e-intercambios-escolares","status":"publish","type":"page","link":"https:\/\/site.educa.madrid.org\/ies.velazquez.torrelodones\/index.php\/movilidades-e-intercambios-escolares\/","title":{"rendered":"Movilidades e Intercambios Escolares"},"content":{"rendered":"\n<div style=\"height:100px\" aria-hidden=\"true\" class=\"wp-block-spacer\"><\/div>\n\n\n<style type='text\/css' media='all'>#rt-tpg-container-1550984208 .rt-holder .rt-woo-info .price{color:#0367bf;}body .rt-tpg-container .rt-tpg-isotope-buttons .selected,\n\t\t\t\t\t#rt-tpg-container-1550984208 .layout12 .rt-holder:hover .rt-detail,\n\t\t\t\t\t#rt-tpg-container-1550984208 .isotope8 .rt-holder:hover .rt-detail,\n\t\t\t\t\t#rt-tpg-container-1550984208 .carousel8 .rt-holder:hover .rt-detail,\n\t\t\t\t\t#rt-tpg-container-1550984208 .layout13 .rt-holder .overlay .post-info,\n\t\t\t\t\t#rt-tpg-container-1550984208 .isotope9 .rt-holder .overlay .post-info,\n\t\t\t\t\t#rt-tpg-container-1550984208.rt-tpg-container .layout4 .rt-holder .rt-detail,\n\t\t\t\t\t.rt-modal-1550984208 .md-content,\n\t\t\t\t\t.rt-modal-1550984208 .md-content > .rt-md-content-holder .rt-md-content,\n\t\t\t\t\t.rt-popup-wrap-1550984208.rt-popup-wrap .rt-popup-navigation-wrap,\n\t\t\t\t\t#rt-tpg-container-1550984208 .carousel9 .rt-holder .overlay .post-info{background-color:#0367bf;}#rt-tpg-container-1550984208 .layout5 .rt-holder .overlay, #rt-tpg-container-1550984208 .isotope2 .rt-holder .overlay, #rt-tpg-container-1550984208 .carousel2 .rt-holder .overlay,#rt-tpg-container-1550984208 .layout15 .rt-holder h3, #rt-tpg-container-1550984208 .isotope11 .rt-holder h3, #rt-tpg-container-1550984208 .carousel11 .rt-holder h3, #rt-tpg-container-1550984208 .layout16 .rt-holder h3,\n\t\t\t\t\t#rt-tpg-container-1550984208 .isotope12 .rt-holder h3, #rt-tpg-container-1550984208 .carousel12 .rt-holder h3 {background-color:rgba(3,103,191,0.8);}#rt-tpg-container-1550984208 .read-more a{border-radius:px;}#rt-tpg-container-1550984208 .rt-img-holder img.rt-img-responsive,#rt-tpg-container-1550984208 .rt-img-holder,\n\t\t\t\t\t#rt-tpg-container-1550984208 .rt-post-overlay .post-img,\n\t\t\t\t\t#rt-tpg-container-1550984208 .post-sm .post-img,\n\t\t\t\t\t#rt-tpg-container-1550984208 .rt-post-grid .post-img,\n\t\t\t\t\t#rt-tpg-container-1550984208 .post-img img {border-radius:px;}<\/style><div class='rt-container-fluid rt-tpg-container tpg-shortcode-main-wrapper ' id='rt-tpg-container-1550984208'   data-layout='layout1' data-grid-style='even' data-desktop-col='2'  data-tab-col='2'  data-mobile-col='1' data-sc-id='1490'><div class=\"tpg-widget-heading-wrapper heading-style1 \"><span class=\"tpg-widget-heading-line line-left\"><\/span><h2 class=\"tpg-widget-heading\">Movilidades e Intercambios Escolares<\/h2><span class=\"tpg-widget-heading-line\"><\/span><\/div><div data-title='Loading ...' class='rt-row rt-content-loader   layout1 tpg-even '><div class=\"rt-col-md-6 rt-col-sm-6 rt-col-xs-12 even-grid-item rt-grid-item\" data-id=\"1758\"><div class=\"rt-holder\"><div class='rt-detail'><h3 class=\"entry-title\"><a data-id=\"1758\" class=\"\" href=\"https:\/\/site.educa.madrid.org\/ies.velazquez.torrelodones\/index.php\/2024\/06\/03\/intercambio-con-frankfurt-2o-eso-2023-24-2024-25\/\">Intercambio con Frankfurt (2\u00ba ESO): 2023-24; 2024-25<\/a><\/h3><div class='post-meta-user  '><span class='date'><i class='far fa-calendar-alt '><\/i>3 junio, 2024<\/span><\/div><div class='tpg-excerpt'>Intercambio con Frankfurt del curso 2023-24 Documentos e informaci\u00f3n:&#8230;<\/div><div class='post-meta '><span class='read-more'><a data-id='1758' class='' href='https:\/\/site.educa.madrid.org\/ies.velazquez.torrelodones\/index.php\/2024\/06\/03\/intercambio-con-frankfurt-2o-eso-2023-24-2024-25\/'>Leer m\u00e1s<\/a><\/span><\/div><\/div><\/div><\/div><div class=\"rt-col-md-6 rt-col-sm-6 rt-col-xs-12 even-grid-item rt-grid-item\" data-id=\"1470\"><div class=\"rt-holder\"><div class='rt-detail'><h3 class=\"entry-title\"><a data-id=\"1470\" class=\"\" href=\"https:\/\/site.educa.madrid.org\/ies.velazquez.torrelodones\/index.php\/2024\/02\/28\/intercambio-con-groningen-paises-bajos\/\">Intercambio con Gr\u00f6ningen, (Pa\u00edses Bajos)<\/a><\/h3><div class='post-meta-user  '><span class='date'><i class='far fa-calendar-alt '><\/i>28 febrero, 2024<\/span><\/div><div class='tpg-excerpt'>Intercambio con Gr\u00f6ningen, (4\u00ba ESO)&#8230;<\/div><div class='post-meta '><span class='read-more'><a data-id='1470' class='' href='https:\/\/site.educa.madrid.org\/ies.velazquez.torrelodones\/index.php\/2024\/02\/28\/intercambio-con-groningen-paises-bajos\/'>Leer m\u00e1s<\/a><\/span><\/div><\/div><\/div><\/div><div class=\"rt-col-md-6 rt-col-sm-6 rt-col-xs-12 even-grid-item rt-grid-item\" data-id=\"1486\"><div class=\"rt-holder\"><div class='rt-detail'><h3 class=\"entry-title\"><a data-id=\"1486\" class=\"\" href=\"https:\/\/site.educa.madrid.org\/ies.velazquez.torrelodones\/index.php\/2024\/02\/28\/criterios-seleccion-alumnado-intercambios-y-movilidades\/\">Criterios selecci\u00f3n alumnado intercambios y movilidades<\/a><\/h3><div class='post-meta-user  '><span class='date'><i class='far fa-calendar-alt '><\/i>28 febrero, 2024<\/span><\/div><div class='tpg-excerpt'>&#8230;<\/div><div class='post-meta '><span class='read-more'><a data-id='1486' class='' href='https:\/\/site.educa.madrid.org\/ies.velazquez.torrelodones\/index.php\/2024\/02\/28\/criterios-seleccion-alumnado-intercambios-y-movilidades\/'>Leer m\u00e1s<\/a><\/span><\/div><\/div><\/div><\/div><div class=\"rt-col-md-6 rt-col-sm-6 rt-col-xs-12 even-grid-item rt-grid-item\" data-id=\"1479\"><div class=\"rt-holder\"><div class='rt-detail'><h3 class=\"entry-title\"><a data-id=\"1479\" class=\"\" href=\"https:\/\/site.educa.madrid.org\/ies.velazquez.torrelodones\/index.php\/2024\/02\/28\/intercambio-kunzelsau-4o-eso\/\">Intercambio K\u00fcnzelsau (4\u00ba ESO)<\/a><\/h3><div class='post-meta-user  '><span class='date'><i class='far fa-calendar-alt '><\/i>28 febrero, 2024<\/span><\/div><div class='tpg-excerpt'>Intercambio K\u00fcnzelsau (4\u00ba ESO)&#8230;<\/div><div class='post-meta '><span class='read-more'><a data-id='1479' class='' href='https:\/\/site.educa.madrid.org\/ies.velazquez.torrelodones\/index.php\/2024\/02\/28\/intercambio-kunzelsau-4o-eso\/'>Leer m\u00e1s<\/a><\/span><\/div><\/div><\/div><\/div><div class=\"rt-col-md-6 rt-col-sm-6 rt-col-xs-12 even-grid-item rt-grid-item\" data-id=\"1466\"><div class=\"rt-holder\"><div class='rt-detail'><h3 class=\"entry-title\"><a data-id=\"1466\" class=\"\" href=\"https:\/\/site.educa.madrid.org\/ies.velazquez.torrelodones\/index.php\/2024\/02\/28\/inmersion-linguistica-en-oxford-2o-eso\/\">Inmersi\u00f3n ling\u00fc\u00edstica en Oxford (2\u00ba ESO)<\/a><\/h3><div class='post-meta-user  '><span class='date'><i class='far fa-calendar-alt '><\/i>28 febrero, 2024<\/span><\/div><div class='tpg-excerpt'>&#8230;<\/div><div class='post-meta '><span class='read-more'><a data-id='1466' class='' href='https:\/\/site.educa.madrid.org\/ies.velazquez.torrelodones\/index.php\/2024\/02\/28\/inmersion-linguistica-en-oxford-2o-eso\/'>Leer m\u00e1s<\/a><\/span><\/div><\/div><\/div><\/div><\/div><\/div>","protected":false},"excerpt":{"rendered":"","protected":false},"author":2,"featured_media":0,"parent":0,"menu_order":0,"comment_status":"closed","ping_status":"closed","template":"","meta":{"footnotes":""},"folder":[],"class_list":["post-1491","page","type-page","status-publish","hentry"],"rttpg_featured_image_url":null,"rttpg_author":{"display_name":"tic.ies.velazquez.torrelodones","author_link":"https:\/\/site.educa.madrid.org\/ies.velazquez.torrelodones\/index.php\/author\/cuenta_tic-ies-velazquez-torrelodones\/"},"rttpg_comment":0,"rttpg_category":false,"rttpg_excerpt":null,"post_mailing_queue_ids":[],"_links":{"self":[{"href":"https:\/\/site.educa.madrid.org\/ies.velazquez.torrelodones\/index.php\/wp-json\/wp\/v2\/pages\/1491","targetHints":{"allow":["GET"]}}],"collection":[{"href":"https:\/\/site.educa.madrid.org\/ies.velazquez.torrelodones\/index.php\/wp-json\/wp\/v2\/pages"}],"about":[{"href":"https:\/\/site.educa.madrid.org\/ies.velazquez.torrelodones\/index.php\/wp-json\/wp\/v2\/types\/page"}],"author":[{"embeddable":true,"href":"https:\/\/site.educa.madrid.org\/ies.velazquez.torrelodones\/index.php\/wp-json\/wp\/v2\/users\/2"}],"replies":[{"embeddable":true,"href":"https:\/\/site.educa.madrid.org\/ies.velazquez.torrelodones\/index.php\/wp-json\/wp\/v2\/comments?post=1491"}],"version-history":[{"count":2,"href":"https:\/\/site.educa.madrid.org\/ies.velazquez.torrelodones\/index.php\/wp-json\/wp\/v2\/pages\/1491\/revisions"}],"predecessor-version":[{"id":1493,"href":"https:\/\/site.educa.madrid.org\/ies.velazquez.torrelodones\/index.php\/wp-json\/wp\/v2\/pages\/1491\/revisions\/1493"}],"wp:attachment":[{"href":"https:\/\/site.educa.madrid.org\/ies.velazquez.torrelodones\/index.php\/wp-json\/wp\/v2\/media?parent=1491"}],"wp:term":[{"taxonomy":"folder","embeddable":true,"href":"https:\/\/site.educa.madrid.org\/ies.velazquez.torrelodones\/index.php\/wp-json\/wp\/v2\/folder?post=1491"}],"curies":[{"name":"wp","href":"https:\/\/api.w.org\/{rel}","templated":true}]}}