{"id":1544,"date":"2024-02-28T13:13:52","date_gmt":"2024-02-28T12:13:52","guid":{"rendered":"https:\/\/site.educa.madrid.org\/ies.velazquez.torrelodones\/?page_id=1544"},"modified":"2024-04-04T11:22:29","modified_gmt":"2024-04-04T09:22:29","slug":"proceso-de-admision-2024-25","status":"publish","type":"page","link":"https:\/\/site.educa.madrid.org\/ies.velazquez.torrelodones\/index.php\/proceso-de-admision-2024-25\/","title":{"rendered":"Proceso de admisi\u00f3n al curso 2024-25. ESO y Bachillerato. Plazo de presentaci\u00f3n de solicitudes 3 a 16 de abril."},"content":{"rendered":"\n<div style=\"height:100px\" aria-hidden=\"true\" class=\"wp-block-spacer\"><\/div>\n\n\n\n<ul class=\"wp-block-list\">\n<li class=\"has-medium-font-size\"><a href=\"https:\/\/site.educa.madrid.org\/ies.velazquez.torrelodones\/index.php\/2024\/02\/27\/jornada-de-puertas-abiertas\/\">Jornada de Puertas abiertas<\/a><\/li>\n\n\n\n<li class=\"has-medium-font-size\"><a href=\"https:\/\/site.educa.madrid.org\/ies.velazquez.torrelodones\/\/wp-content\/uploads\/ies.velazquez.torrelodones\/2024\/02\/00-INFORMACION-BASICA-FAMILIAS-ADMISION-2024-25-ESO_BACH.pdf\" target=\"_blank\" rel=\"noreferrer noopener\">Informaci\u00f3n b\u00e1sica para las familias<\/a><\/li>\n\n\n\n<li class=\"has-medium-font-size\"><a rel=\"noreferrer noopener\" href=\"https:\/\/site.educa.madrid.org\/ies.velazquez.torrelodones\/\/wp-content\/uploads\/ies.velazquez.torrelodones\/2024\/02\/00-Resol-Consejeria-Educ-Instrucciones-ADMISION-24_25.pdf\" target=\"_blank\">Resoluci\u00f3n Consejer\u00eda de Educaci\u00f3n con instrucciones sobre Admisi\u00f3n curso 2024-2025<\/a><\/li>\n\n\n\n<li class=\"has-medium-font-size\"><a href=\"https:\/\/site.educa.madrid.org\/ies.velazquez.torrelodones\/\/wp-content\/uploads\/ies.velazquez.torrelodones\/2024\/04\/01a-Plazas-vacantes-ofertadasy-nota-aclaratoria.pdf\" target=\"_blank\" rel=\"noreferrer noopener\">Plazas vacantes ofertadas y Nota aclaratoria<\/a><\/li>\n\n\n\n<li class=\"has-medium-font-size\"><a href=\"https:\/\/site.educa.madrid.org\/ies.velazquez.torrelodones\/\/wp-content\/uploads\/ies.velazquez.torrelodones\/2024\/03\/02-RESUMEN-Calendario-Admision-ESO-Bachillerato-24_25.pdf\" target=\"_blank\" rel=\"noreferrer noopener\">Resumen calendario de admisi\u00f3n<\/a><\/li>\n\n\n\n<li class=\"has-medium-font-size\"><a href=\"https:\/\/site.educa.madrid.org\/ies.velazquez.torrelodones\/\/wp-content\/uploads\/ies.velazquez.torrelodones\/2024\/03\/03a-Informacion-Gral-Centro-Programas_Recursos_Servicios-24_25.pdf\" target=\"_blank\" rel=\"noreferrer noopener\">Informaci\u00f3n General del Centro: Programas educativos, recursos, servicios complementarios y otras informaciones<\/a><\/li>\n\n\n\n<li class=\"has-medium-font-size\"><a href=\"https:\/\/site.educa.madrid.org\/ies.velazquez.torrelodones\/\/wp-content\/uploads\/ies.velazquez.torrelodones\/2024\/03\/03b-Estadisticas-resultados-pruebas-externas.pdf\" target=\"_blank\" rel=\"noreferrer noopener\">Estad\u00edsticas de resultados, pruebas externas y otras<\/a><\/li>\n\n\n\n<li class=\"has-medium-font-size\"><a href=\"https:\/\/site.educa.madrid.org\/ies.velazquez.torrelodones\/\/wp-content\/uploads\/ies.velazquez.torrelodones\/2024\/03\/00a-Informacion-importante-1-2-3-ESO-admision-especifica-centro.pdf\" target=\"_blank\" rel=\"noreferrer noopener\">Informaci\u00f3n importante para admisi\u00f3n en 1\u00ba, 2\u00ba y 3\u00ba ESO<\/a><\/li>\n\n\n\n<li class=\"has-medium-font-size\"><a href=\"https:\/\/site.educa.madrid.org\/ies.velazquez.torrelodones\/\/wp-content\/uploads\/ies.velazquez.torrelodones\/2024\/03\/04-Centros_adscr_a_IESDV.pdf\" target=\"_blank\" rel=\"noreferrer noopener\">Centros adscritos al  IES Diego Vel\u00e1zquez<\/a><\/li>\n\n\n\n<li class=\"has-medium-font-size\"><a href=\"https:\/\/site.educa.madrid.org\/ies.velazquez.torrelodones\/\/wp-content\/uploads\/ies.velazquez.torrelodones\/2024\/03\/05a-Criterio-complementario-de-centro-24_25.pdf\" target=\"_blank\" rel=\"noreferrer noopener\">Criterio complementario de centro<\/a><\/li>\n\n\n\n<li class=\"has-medium-font-size\"><a href=\"https:\/\/site.educa.madrid.org\/ies.velazquez.torrelodones\/\/wp-content\/uploads\/ies.velazquez.torrelodones\/2024\/03\/05b-Doc-solicitud-punto-Criterio-de-centro-24_25.pdf\" target=\"_blank\" rel=\"noreferrer noopener\">Documento para solicitar la puntuaci\u00f3n por el criterio complementario de centro<\/a><\/li>\n\n\n\n<li class=\"has-medium-font-size\"><a rel=\"noreferrer noopener\" href=\"https:\/\/site.educa.madrid.org\/ies.velazquez.torrelodones\/\/wp-content\/uploads\/ies.velazquez.torrelodones\/2024\/03\/06-Declaracion-Responsable-Admision-24_25.pdf\" target=\"_blank\">Documento Declaraci\u00f3n Responsable para admisi\u00f3n con una sola firma<\/a><\/li>\n\n\n\n<li class=\"has-medium-font-size\"><a href=\"https:\/\/site.educa.madrid.org\/ies.velazquez.torrelodones\/\/wp-content\/uploads\/ies.velazquez.torrelodones\/2024\/03\/07-Nota-informativa-instancia-unica.pdf\" target=\"_blank\" rel=\"noreferrer noopener\">Nota informativa sobre instancia \u00fanica<\/a><\/li>\n\n\n\n<li class=\"has-medium-font-size\"><a href=\"https:\/\/site.educa.madrid.org\/ies.velazquez.torrelodones\/\/wp-content\/uploads\/ies.velazquez.torrelodones\/2024\/03\/08-SEDE-SERV-APOYO-ESCOL-E-INSPECC.pdf\" target=\"_blank\" rel=\"noreferrer noopener\">Sede del Servicio de apoyo escolarizaci\u00f3n y de Inspecci\u00f3n educativa<\/a><\/li>\n\n\n\n<li class=\"has-medium-font-size\"><a href=\"https:\/\/www.comunidad.madrid\/servicios\/educacion\/gestion-telematica-solicitud-admision-alumnos-secretaria-virtual\" target=\"_blank\" rel=\"noreferrer noopener\">Gesti\u00f3n telem\u00e1tica de la solicitud de admisi\u00f3n de alumnos: Secretar\u00eda Virtual<\/a><\/li>\n\n\n\n<li class=\"has-medium-font-size\"><a href=\"https:\/\/site.educa.madrid.org\/ies.velazquez.torrelodones\/\/wp-content\/uploads\/ies.velazquez.torrelodones\/2024\/03\/guia_secretaria_virtual_v5.0_0.pdf\" target=\"_blank\" rel=\"noreferrer noopener\">Gu\u00eda de admisi\u00f3n Secretar\u00eda Virtual para R\u00e9gimen General (Infantil, Primaria, ESO y Bachillerato)<\/a><\/li>\n<\/ul>\n\n\n\n<div style=\"height:100px\" aria-hidden=\"true\" class=\"wp-block-spacer\"><\/div>\n","protected":false},"excerpt":{"rendered":"","protected":false},"author":2,"featured_media":0,"parent":0,"menu_order":0,"comment_status":"closed","ping_status":"closed","template":"","meta":{"footnotes":""},"folder":[],"class_list":["post-1544","page","type-page","status-publish","hentry"],"rttpg_featured_image_url":null,"rttpg_author":{"display_name":"tic.ies.velazquez.torrelodones","author_link":"https:\/\/site.educa.madrid.org\/ies.velazquez.torrelodones\/index.php\/author\/cuenta_tic-ies-velazquez-torrelodones\/"},"rttpg_comment":0,"rttpg_category":false,"rttpg_excerpt":null,"post_mailing_queue_ids":[],"_links":{"self":[{"href":"https:\/\/site.educa.madrid.org\/ies.velazquez.torrelodones\/index.php\/wp-json\/wp\/v2\/pages\/1544","targetHints":{"allow":["GET"]}}],"collection":[{"href":"https:\/\/site.educa.madrid.org\/ies.velazquez.torrelodones\/index.php\/wp-json\/wp\/v2\/pages"}],"about":[{"href":"https:\/\/site.educa.madrid.org\/ies.velazquez.torrelodones\/index.php\/wp-json\/wp\/v2\/types\/page"}],"author":[{"embeddable":true,"href":"https:\/\/site.educa.madrid.org\/ies.velazquez.torrelodones\/index.php\/wp-json\/wp\/v2\/users\/2"}],"replies":[{"embeddable":true,"href":"https:\/\/site.educa.madrid.org\/ies.velazquez.torrelodones\/index.php\/wp-json\/wp\/v2\/comments?post=1544"}],"version-history":[{"count":11,"href":"https:\/\/site.educa.madrid.org\/ies.velazquez.torrelodones\/index.php\/wp-json\/wp\/v2\/pages\/1544\/revisions"}],"predecessor-version":[{"id":1698,"href":"https:\/\/site.educa.madrid.org\/ies.velazquez.torrelodones\/index.php\/wp-json\/wp\/v2\/pages\/1544\/revisions\/1698"}],"wp:attachment":[{"href":"https:\/\/site.educa.madrid.org\/ies.velazquez.torrelodones\/index.php\/wp-json\/wp\/v2\/media?parent=1544"}],"wp:term":[{"taxonomy":"folder","embeddable":true,"href":"https:\/\/site.educa.madrid.org\/ies.velazquez.torrelodones\/index.php\/wp-json\/wp\/v2\/folder?post=1544"}],"curies":[{"name":"wp","href":"https:\/\/api.w.org\/{rel}","templated":true}]}}