{"id":1568,"date":"2024-03-16T09:24:19","date_gmt":"2024-03-16T08:24:19","guid":{"rendered":"https:\/\/site.educa.madrid.org\/ies.velazquez.torrelodones\/?page_id=1568"},"modified":"2025-06-25T12:10:19","modified_gmt":"2025-06-25T10:10:19","slug":"informacion-de-optativas","status":"publish","type":"page","link":"https:\/\/site.educa.madrid.org\/ies.velazquez.torrelodones\/index.php\/informacion-de-optativas\/","title":{"rendered":"Informaci\u00f3n materias de opci\u00f3n, itinerario o modalidad. Informaci\u00f3n de Optativas"},"content":{"rendered":"\n<div style=\"height:62px\" aria-hidden=\"true\" class=\"wp-block-spacer\"><\/div>\n\n\n\n<figure class=\"wp-block-table\"><table><tbody><tr><td><strong>1\u00baESO<\/strong><\/td><td><strong>2\u00ba ESO&nbsp;<\/strong><\/td><td><strong>3\u00ba ESO<\/strong><\/td><td><strong>4\u00ba ESO<\/strong><\/td><td><strong>1\u00ba BACHILLERATO<\/strong><\/td><td><strong>2\u00ba BACHILLERATO<\/strong><\/td><\/tr><tr><td><a href=\"https:\/\/site.educa.madrid.org\/ies.velazquez.torrelodones\/\/wp-content\/uploads\/ies.velazquez.torrelodones\/2025\/03\/PUBLICIDAD-FRANCES-WEB-2025.pdf\" target=\"_blank\" rel=\"noreferrer noopener\">FRANC\u00c9S<\/a><\/td><td><a href=\"https:\/\/site.educa.madrid.org\/ies.velazquez.torrelodones\/\/wp-content\/uploads\/ies.velazquez.torrelodones\/2025\/03\/PUBLICIDAD-FRANCES-WEB-2025.pdf\" target=\"_blank\" rel=\"noreferrer noopener\">FRANC\u00c9S<\/a><\/td><td><a href=\"https:\/\/site.educa.madrid.org\/ies.velazquez.torrelodones\/\/wp-content\/uploads\/ies.velazquez.torrelodones\/2025\/03\/PUBLICIDAD-FRANCES-WEB-2025.pdf\" target=\"_blank\" rel=\"noreferrer noopener\">FRANC\u00c9S<\/a><\/td><td><a href=\"https:\/\/site.educa.madrid.org\/ies.velazquez.torrelodones\/\/wp-content\/uploads\/ies.velazquez.torrelodones\/2025\/03\/PUBLICIDAD-FRANCES-WEB-2025.pdf\" target=\"_blank\" rel=\"noreferrer noopener\">FRANC\u00c9S<\/a><\/td><td><a href=\"https:\/\/site.educa.madrid.org\/ies.velazquez.torrelodones\/\/wp-content\/uploads\/ies.velazquez.torrelodones\/2025\/03\/PUBLICIDAD-FRANCES-WEB-2025.pdf\" target=\"_blank\" rel=\"noreferrer noopener\">FRANC\u00c9S I<\/a><\/td><td><a href=\"https:\/\/site.educa.madrid.org\/ies.velazquez.torrelodones\/\/wp-content\/uploads\/ies.velazquez.torrelodones\/2025\/03\/PUBLICIDAD-FRANCES-WEB-2025.pdf\" target=\"_blank\" rel=\"noreferrer noopener\">FRANC\u00c9S_II<\/a><\/td><\/tr><tr><td><a href=\"https:\/\/sites.google.com\/view\/alemandv\/home\" target=\"_blank\" rel=\"noreferrer noopener\">ALEM\u00c1N<\/a><\/td><td><a href=\"https:\/\/sites.google.com\/view\/alemandv\/home\" target=\"_blank\" rel=\"noreferrer noopener\">ALEM\u00c1N<\/a><\/td><td><a href=\"https:\/\/sites.google.com\/view\/alemandv\/home\" target=\"_blank\" rel=\"noreferrer noopener\">ALEM\u00c1N<\/a><\/td><td><a href=\"https:\/\/sites.google.com\/view\/alemandv\/home\" target=\"_blank\" rel=\"noreferrer noopener\">ALEM\u00c1N<\/a><\/td><td><a href=\"https:\/\/sites.google.com\/view\/alemandv\/home\" target=\"_blank\" rel=\"noreferrer noopener\">ALEM\u00c1N I<\/a><\/td><td><a href=\"https:\/\/sites.google.com\/view\/alemandv\/home\" target=\"_blank\" rel=\"noreferrer noopener\">ALEM\u00c1N II<\/a><\/td><\/tr><tr><td><a href=\"https:\/\/site.educa.madrid.org\/ies.velazquez.torrelodones\/\/wp-content\/uploads\/ies.velazquez.torrelodones\/2024\/06\/Computacion-1-y-2-ESO.pdf\" target=\"_blank\" rel=\"noreferrer noopener\">CIENCIAS DE LA COMPUTACI\u00d3N<\/a><\/td><td><a href=\"https:\/\/site.educa.madrid.org\/ies.velazquez.torrelodones\/\/wp-content\/uploads\/ies.velazquez.torrelodones\/2024\/06\/Computacion-1-y-2-ESO.pdf\" target=\"_blank\" rel=\"noreferrer noopener\">CIENCIAS DE LA COMPUTACI\u00d3N<\/a><\/td><td><a href=\"https:\/\/site.educa.madrid.org\/ies.velazquez.torrelodones\/\/wp-content\/uploads\/ies.velazquez.torrelodones\/2025\/06\/Asignatura-UE.pdf\" target=\"_blank\" rel=\"noreferrer noopener\">UNI\u00d3N EUROPEA&nbsp; (DPTO. GeH\u00aa)<\/a><\/td><td><a rel=\"noreferrer noopener\" href=\"https:\/\/site.educa.madrid.org\/ies.velazquez.torrelodones\/\/wp-content\/uploads\/ies.velazquez.torrelodones\/2024\/04\/4ESO-Proyecto-INFORMATICA-MUSICAL.pdf\" target=\"_blank\">INFORM\u00c1TICA MUSICAL<br>(DPTO. M\u00daSICA)<\/a><\/td><td><a href=\"https:\/\/site.educa.madrid.org\/ies.velazquez.torrelodones\/\/wp-content\/uploads\/ies.velazquez.torrelodones\/2024\/04\/Bach-Ciencias-de-la-computacion.pdf\" target=\"_blank\" rel=\"noreferrer noopener\">CIENCIAS DE LA COMPUTACI\u00d3N<\/a><\/td><td><a href=\"https:\/\/site.educa.madrid.org\/ies.velazquez.torrelodones\/\/wp-content\/uploads\/ies.velazquez.torrelodones\/2024\/04\/Bach-Ciencias-de-la-computacion.pdf\" target=\"_blank\" rel=\"noreferrer noopener\">CIENCIAS DE LA COMPUTACI\u00d3N<\/a><\/td><\/tr><tr><td>DEPORTE<\/td><td><a href=\"https:\/\/site.educa.madrid.org\/ies.velazquez.torrelodones\/\/wp-content\/uploads\/ies.velazquez.torrelodones\/2024\/04\/2ESO-TALLER-DE-MUSICA.pdf\" target=\"_blank\" rel=\"noreferrer noopener\">TALLER DE M\u00daSICA<\/a><\/td><td><a href=\"https:\/\/site.educa.madrid.org\/ies.velazquez.torrelodones\/\/wp-content\/uploads\/ies.velazquez.torrelodones\/2024\/04\/3ESO-Inf-Cultura-Clasica.pdf\" target=\"_blank\" rel=\"noreferrer noopener\">CULTURA CL\u00c1SICA<\/a><\/td><td><a href=\"https:\/\/site.educa.madrid.org\/ies.velazquez.torrelodones\/\/wp-content\/uploads\/ies.velazquez.torrelodones\/2024\/06\/4ESO-Cultura-Clasica.pdf\" target=\"_blank\" rel=\"noreferrer noopener\">CULTURA CL\u00c1SICA<\/a><\/td><td><a href=\"https:\/\/site.educa.madrid.org\/ies.velazquez.torrelodones\/\/wp-content\/uploads\/ies.velazquez.torrelodones\/2024\/06\/1-Bach-DIBUJO-ARTISTICO-I-y-II.pdf\" target=\"_blank\" rel=\"noreferrer noopener\">DIBUJO ART\u00cdSTICO I<\/a><\/td><td><a href=\"https:\/\/site.educa.madrid.org\/ies.velazquez.torrelodones\/\/wp-content\/uploads\/ies.velazquez.torrelodones\/2024\/06\/2Bach-DIBUJO-ARTISTICO-I-y-II.pdf\" target=\"_blank\" rel=\"noreferrer noopener\">DIBUJO ART\u00cdSTICO II<\/a><\/td><\/tr><tr><td>REFUERZO DE MATEM\u00c1TICAS<a href=\"https:\/\/www.educa2.madrid.org\/web\/educamadrid\/principal\/files\/b5a5a523-5009-4487-a5d2-7832d857b213\/taller%20geograf%C3%ADa%20historia%20y%20arte.pdf?t=1592817979354\" target=\"_blank\" rel=\"noreferrer noopener\"><\/a><\/td><td>REFUERZO DE MATEM\u00c1TICAS<br><\/td><td><a href=\"https:\/\/site.educa.madrid.org\/ies.velazquez.torrelodones\/\/wp-content\/uploads\/ies.velazquez.torrelodones\/2024\/04\/3ESO-Proyecto-Teatro.pdf\" target=\"_blank\" rel=\"noreferrer noopener\">PROYECTO DE TEATRO<\/a><\/td><td><a href=\"https:\/\/site.educa.madrid.org\/ies.velazquez.torrelodones\/\/wp-content\/uploads\/ies.velazquez.torrelodones\/2024\/04\/4-ESO-Inf-FILOSOFIA.pdf\" target=\"_blank\" rel=\"noreferrer noopener\">FILOSOF\u00cdA<\/a><\/td><td>ECONOM\u00cdA<br><\/td><td><a href=\"https:\/\/site.educa.madrid.org\/ies.velazquez.torrelodones\/\/wp-content\/uploads\/ies.velazquez.torrelodones\/2024\/06\/2-Bach-Fund-Admon-y-Gestion-empresas.pdf\" target=\"_blank\" rel=\"noreferrer noopener\">FUNDAMENTOS DE ADMINISTRACI\u00d3N Y GESTI\u00d3N&nbsp;<\/a><\/td><\/tr><tr><td><a href=\"https:\/\/site.educa.madrid.org\/ies.velazquez.torrelodones\/\/wp-content\/uploads\/ies.velazquez.torrelodones\/2025\/06\/REFUERZO-DE-LENGUA-1.o-y-2.o-ESO-1.pdf\" target=\"_blank\" rel=\"noreferrer noopener\">REFUERZO DE LENGUA<\/a><\/td><td><a href=\"https:\/\/site.educa.madrid.org\/ies.velazquez.torrelodones\/\/wp-content\/uploads\/ies.velazquez.torrelodones\/2025\/06\/REFUERZO-DE-LENGUA-1.o-y-2.o-ESO-1.pdf\" target=\"_blank\" rel=\"noreferrer noopener\">REFUERZO DE LENGUA<\/a><\/td><td><a href=\"https:\/\/site.educa.madrid.org\/ies.velazquez.torrelodones\/\/wp-content\/uploads\/ies.velazquez.torrelodones\/2024\/06\/3ESO-BOTANICA-APLICADA.pdf\" target=\"_blank\" rel=\"noreferrer noopener\">PROYECTO DE BOT\u00c1NICA APLICADA (DPTO. ByG)<\/a><\/td><td><a href=\"https:\/\/site.educa.madrid.org\/ies.velazquez.torrelodones\/\/wp-content\/uploads\/ies.velazquez.torrelodones\/2025\/06\/PGA-DEFIS-DU-MONDE-ACTUEL.pdf\" target=\"_blank\" rel=\"noreferrer noopener\">PROYECTO DE ENCUENTRO CON EL SIGLO XXI (DPTO. GeH\u00aa)<\/a><\/td><td><a href=\"https:\/\/site.educa.madrid.org\/ies.velazquez.torrelodones\/\/wp-content\/uploads\/ies.velazquez.torrelodones\/2025\/06\/Info-para-HMC.pdf\" target=\"_blank\" rel=\"noreferrer noopener\">H\u00aa DEL MUNDO CONTEMPOR\u00c1NEO<\/a><\/td><td><a href=\"https:\/\/site.educa.madrid.org\/ies.velazquez.torrelodones\/\/wp-content\/uploads\/ies.velazquez.torrelodones\/2024\/06\/2-Bach-PSICOLOGIA.pdf\" target=\"_blank\" rel=\"noreferrer noopener\">PSICOLOG\u00cdA<\/a><\/td><\/tr><tr><td><a href=\"https:\/\/site.educa.madrid.org\/ies.velazquez.torrelodones\/\/wp-content\/uploads\/ies.velazquez.torrelodones\/2024\/06\/Hitos-y-heroes-1-y-2-ESO.pdf\" target=\"_blank\" rel=\"noreferrer noopener\">HITOS Y H\u00c9ROES DE LA CULTURA EN INGL\u00c9S<\/a><\/td><td><a href=\"https:\/\/site.educa.madrid.org\/ies.velazquez.torrelodones\/\/wp-content\/uploads\/ies.velazquez.torrelodones\/2024\/06\/Hitos-y-heroes-1-y-2-ESO.pdf\" target=\"_blank\" rel=\"noreferrer noopener\">HITOS Y H\u00c9ROES DE LA CULTURA EN INGL\u00c9S<\/a><\/td><td><a href=\"https:\/\/site.educa.madrid.org\/ies.velazquez.torrelodones\/\/wp-content\/uploads\/ies.velazquez.torrelodones\/2024\/06\/3eso-Proyecto-Mates-y-Videojuegos.pdf\" target=\"_blank\" rel=\"noreferrer noopener\">PROY. PROGRAMACI\u00d3N DE VIDEOJUEGOS (DPT. TECNOL.)<\/a><\/td><td><a rel=\"noreferrer noopener\" href=\"https:\/\/site.educa.madrid.org\/ies.velazquez.torrelodones\/\/wp-content\/uploads\/ies.velazquez.torrelodones\/2024\/04\/4ESO-Proyecto-podcast.pdf\" target=\"_blank\">PROYECTO PODCAST (DPTO. LENGUA)<\/a><\/td><td><a href=\"https:\/\/site.educa.madrid.org\/ies.velazquez.torrelodones\/\/wp-content\/uploads\/ies.velazquez.torrelodones\/2024\/06\/1Bach-Literatura-Universal.pdf\" target=\"_blank\" rel=\"noreferrer noopener\">LITERATURA UNIVERSAL<\/a><\/td><td>HISTORIA DEL ARTE<\/td><\/tr><tr><td><a href=\"https:\/\/site.educa.madrid.org\/ies.velazquez.torrelodones\/\/wp-content\/uploads\/ies.velazquez.torrelodones\/2024\/06\/Medidas-Atencion-Educativa.pdf\">ATENCI\u00d3N EDUCATIVA<\/a><\/td><td><a href=\"https:\/\/site.educa.madrid.org\/ies.velazquez.torrelodones\/\/wp-content\/uploads\/ies.velazquez.torrelodones\/2024\/06\/Medidas-Atencion-Educativa.pdf\">ATENCI\u00d3N EDUCATIVA<\/a><\/td><td><a href=\"https:\/\/site.educa.madrid.org\/ies.velazquez.torrelodones\/\/wp-content\/uploads\/ies.velazquez.torrelodones\/2024\/06\/Medidas-Atencion-Educativa.pdf\" target=\"_blank\" rel=\"noreferrer noopener\">ATENCI\u00d3N EDUCATIVA<\/a><\/td><td><a href=\"https:\/\/site.educa.madrid.org\/ies.velazquez.torrelodones\/\/wp-content\/uploads\/ies.velazquez.torrelodones\/2025\/06\/optativa_IA_Big_Data.pdf\" target=\"_blank\" rel=\"noreferrer noopener\">PROYECTO EN IA y BIG DATA (DPTO. MAT)<\/a><\/td><td>BIO.. GEO. y CC AMBIENTALES<\/td><td>GEOGRAF\u00cdA<\/td><\/tr><tr><td><\/td><td><a href=\"https:\/\/site.educa.madrid.org\/ies.velazquez.torrelodones\/\/wp-content\/uploads\/ies.velazquez.torrelodones\/2025\/06\/Biopracticas-2o-ESO-cartel-DEFINITIVO.pdf\" target=\"_blank\" rel=\"noreferrer noopener\">BIOPR\u00c1CTICAS<\/a><\/td><td><a href=\"https:\/\/site.educa.madrid.org\/ies.velazquez.torrelodones\/\/wp-content\/uploads\/ies.velazquez.torrelodones\/2025\/06\/MAE-3.o-ESO-Escritura-creativa-1-1.pdf\" target=\"_blank\" rel=\"noreferrer noopener\">ESCRITURA CREATIVA<\/a><\/td><td><a href=\"https:\/\/site.educa.madrid.org\/ies.velazquez.torrelodones\/\/wp-content\/uploads\/ies.velazquez.torrelodones\/2024\/06\/4ESO-Proy-ANATOMIA-APLICADA.pdf\" target=\"_blank\" rel=\"noreferrer noopener\">PROYECTO DE ANATOM\u00cdA APLICADA (DPTO. BIO y GEO)<\/a><\/td><td><a rel=\"noreferrer noopener\" href=\"https:\/\/site.educa.madrid.org\/ies.velazquez.torrelodones\/\/wp-content\/uploads\/ies.velazquez.torrelodones\/2024\/04\/Bach-Tecnologia-e-ingenieria.pdf\" target=\"_blank\">TECNOLOG\u00cdA E INGENIER\u00cdA I<\/a><\/td><td>BIOLOG\u00cdA<\/td><\/tr><tr><td><\/td><td><\/td><td>PROYECTO TALLER MAKER: ROB\u00d3TICA, DISE\u00d1O 3D Y PROGRAMACI\u00d3N (DEPT. TECNOL.)<\/td><td><a href=\"https:\/\/site.educa.madrid.org\/ies.velazquez.torrelodones\/\/wp-content\/uploads\/ies.velazquez.torrelodones\/2024\/04\/4ESO-TECNOLOGIA.pdf\" target=\"_blank\" rel=\"noreferrer noopener\">TECNOLOG\u00cdA<\/a><\/td><td><a rel=\"noreferrer noopener\" href=\"https:\/\/site.educa.madrid.org\/ies.velazquez.torrelodones\/\/wp-content\/uploads\/ies.velazquez.torrelodones\/2024\/04\/1Bach-Inf-Fundamentos-Lexicos-Mitologicos.pdf\" target=\"_blank\">FUNDAMENTOS L\u00c9XICOS Y MITOL\u00d3GICOS GRECOLATINOS EN LAS ARTES, LAS CIENCIAS Y LA TECNOLOG\u00cdA<\/a><\/td><td>GEOLOG\u00cdA Y  CC AMBIENTALES<\/td><\/tr><tr><td><\/td><td><\/td><td><\/td><td><a href=\"https:\/\/site.educa.madrid.org\/ies.velazquez.torrelodones\/\/wp-content\/uploads\/ies.velazquez.torrelodones\/2024\/04\/4ESO-Digitalizacion.pdf\" target=\"_blank\" rel=\"noreferrer noopener\">DIGITALIZACI\u00d3N<\/a><\/td><td><a rel=\"noreferrer noopener\" href=\"https:\/\/site.educa.madrid.org\/ies.velazquez.torrelodones\/\/wp-content\/uploads\/ies.velazquez.torrelodones\/2024\/04\/1-Bach-Latin-I.pdf\" target=\"_blank\">LAT\u00cdN I<\/a><\/td><td>DIBUJO T\u00c9CNICO II<\/td><\/tr><tr><td><\/td><td><\/td><td><\/td><td><a rel=\"noreferrer noopener\" href=\"https:\/\/site.educa.madrid.org\/ies.velazquez.torrelodones\/\/wp-content\/uploads\/ies.velazquez.torrelodones\/2024\/04\/4ESO-PROYECTO-APRENDIZAJE-POR-EXPERIMENTACION-EN-FISICA-Y-QUIMICA.pdf\" target=\"_blank\">PROYECTO APRENDIZAJE EXPERIMENTAL EN F\u00cdSICA Y QU\u00cdMICA<\/a><\/td><td><a rel=\"noreferrer noopener\" href=\"https:\/\/site.educa.madrid.org\/ies.velazquez.torrelodones\/\/wp-content\/uploads\/ies.velazquez.torrelodones\/2024\/04\/1-Bach-Griego-I.pdf\" target=\"_blank\">GRIEGO I<\/a><\/td><td><a rel=\"noreferrer noopener\" href=\"https:\/\/site.educa.madrid.org\/ies.velazquez.torrelodones\/\/wp-content\/uploads\/ies.velazquez.torrelodones\/2024\/04\/Bach-Tecnologia-e-ingenieria.pdf\" target=\"_blank\">TECNOLOG\u00cdA E INGENIER\u00cdA II<\/a><\/td><\/tr><tr><td><\/td><td><\/td><td><\/td><td><a href=\"https:\/\/site.educa.madrid.org\/ies.velazquez.torrelodones\/\/wp-content\/uploads\/ies.velazquez.torrelodones\/2024\/06\/4ESO-Latin.pdf\" target=\"_blank\" rel=\"noreferrer noopener\">LAT\u00cdN<\/a><\/td><td><a href=\"https:\/\/site.educa.madrid.org\/ies.velazquez.torrelodones\/\/wp-content\/uploads\/ies.velazquez.torrelodones\/2025\/06\/COMUNICACION-ORAL-LENGUA-INGLESA-BACH.pdf\" target=\"_blank\" rel=\"noreferrer noopener\">COMUNICACI\u00d3N ORAL EN INGL\u00c9S I<\/a><\/td><td><a rel=\"noreferrer noopener\" href=\"https:\/\/site.educa.madrid.org\/ies.velazquez.torrelodones\/\/wp-content\/uploads\/ies.velazquez.torrelodones\/2024\/04\/2-Bach-Latin-II.pdf\" target=\"_blank\">LAT\u00cdN II<\/a><\/td><\/tr><tr><td><\/td><td><\/td><td><\/td><td><a href=\"https:\/\/site.educa.madrid.org\/ies.velazquez.torrelodones\/\/wp-content\/uploads\/ies.velazquez.torrelodones\/2024\/06\/Medidas-Atencion-Educativa.pdf\">ATENCI\u00d3N EDUCATIVA<\/a><\/td><td><a href=\"https:\/\/site.educa.madrid.org\/ies.velazquez.torrelodones\/\/wp-content\/uploads\/ies.velazquez.torrelodones\/2024\/06\/1Bach-Anatomia-y-fisiologia-humana.pdf\" target=\"_blank\" rel=\"noreferrer noopener\">ANATOM\u00cdA Y FISIOLOG\u00cdA HUMANAS<\/a><\/td><td><a rel=\"noreferrer noopener\" href=\"https:\/\/site.educa.madrid.org\/ies.velazquez.torrelodones\/\/wp-content\/uploads\/ies.velazquez.torrelodones\/2024\/04\/2-Bach-Griego-II.pdf\" target=\"_blank\">GRIEGO II<\/a><\/td><\/tr><tr><td><\/td><td><\/td><td><\/td><td>PROY. CREACI\u00d3N AUDIOVISUAL Y PL\u00c1STICA (DPTO. DIBUJO)<\/td><td><a href=\"https:\/\/site.educa.madrid.org\/ies.velazquez.torrelodones\/\/wp-content\/uploads\/ies.velazquez.torrelodones\/2024\/06\/Medidas-Atencion-Educativa.pdf\" target=\"_blank\" rel=\"noreferrer noopener\">ATENCI\u00d3N EDUCATIVA<\/a><\/td><td><a href=\"https:\/\/site.educa.madrid.org\/ies.velazquez.torrelodones\/\/wp-content\/uploads\/ies.velazquez.torrelodones\/2025\/06\/2-Bach-Activ-Fisico-Deportivas-1.pdf\" target=\"_blank\" rel=\"noreferrer noopener\">ACTIVIDADES F\u00cdSICO-DEPORTIVAS<\/a><\/td><\/tr><tr><td><\/td><td><\/td><td><\/td><td><a href=\"https:\/\/site.educa.madrid.org\/ies.velazquez.torrelodones\/\/wp-content\/uploads\/ies.velazquez.torrelodones\/2025\/06\/Asignatura-UE.pdf\" target=\"_blank\" rel=\"noreferrer noopener\">UNI\u00d3N EUROPEA (DPTO. GEOGRAF\u00cdA E HISTORIA)<\/a><\/td><td>DIBUJO T\u00c9CNICO I<\/td><td><a href=\"https:\/\/site.educa.madrid.org\/ies.velazquez.torrelodones\/\/wp-content\/uploads\/ies.velazquez.torrelodones\/2025\/06\/COMUNICACION-ORAL-LENGUA-INGLESA-BACH.pdf\">COMUNICACI\u00d3N ORAL EN INGL\u00c9S ii<\/a><\/td><\/tr><tr><td><\/td><td><\/td><td><\/td><td><\/td><td><a href=\"https:\/\/site.educa.madrid.org\/ies.velazquez.torrelodones\/\/wp-content\/uploads\/ies.velazquez.torrelodones\/2025\/06\/MAE-1.o-Bach.-REVISTA-1.pdf\" target=\"_blank\" rel=\"noreferrer noopener\">REVISTA<\/a><\/td><td><\/td><\/tr><\/tbody><\/table><\/figure>\n\n\n\n<div style=\"height:100px\" aria-hidden=\"true\" class=\"wp-block-spacer\"><\/div>\n","protected":false},"excerpt":{"rendered":"<p>1\u00baESO 2\u00ba ESO&nbsp; 3\u00ba ESO 4\u00ba ESO 1\u00ba BACHILLERATO 2\u00ba BACHILLERATO FRANC\u00c9S FRANC\u00c9S FRANC\u00c9S FRANC\u00c9S FRANC\u00c9S I FRANC\u00c9S_II ALEM\u00c1N ALEM\u00c1N ALEM\u00c1N ALEM\u00c1N ALEM\u00c1N I ALEM\u00c1N II CIENCIAS DE LA COMPUTACI\u00d3N &#8230;<\/p>\n","protected":false},"author":2,"featured_media":0,"parent":0,"menu_order":0,"comment_status":"closed","ping_status":"closed","template":"","meta":{"footnotes":""},"folder":[],"class_list":["post-1568","page","type-page","status-publish","hentry"],"rttpg_featured_image_url":null,"rttpg_author":{"display_name":"tic.ies.velazquez.torrelodones","author_link":"https:\/\/site.educa.madrid.org\/ies.velazquez.torrelodones\/index.php\/author\/cuenta_tic-ies-velazquez-torrelodones\/"},"rttpg_comment":0,"rttpg_category":false,"rttpg_excerpt":"1\u00baESO 2\u00ba ESO&nbsp; 3\u00ba ESO 4\u00ba ESO 1\u00ba BACHILLERATO 2\u00ba BACHILLERATO FRANC\u00c9S FRANC\u00c9S FRANC\u00c9S FRANC\u00c9S FRANC\u00c9S I FRANC\u00c9S_II ALEM\u00c1N ALEM\u00c1N ALEM\u00c1N ALEM\u00c1N ALEM\u00c1N I ALEM\u00c1N II CIENCIAS DE LA COMPUTACI\u00d3N ...","post_mailing_queue_ids":[],"_links":{"self":[{"href":"https:\/\/site.educa.madrid.org\/ies.velazquez.torrelodones\/index.php\/wp-json\/wp\/v2\/pages\/1568","targetHints":{"allow":["GET"]}}],"collection":[{"href":"https:\/\/site.educa.madrid.org\/ies.velazquez.torrelodones\/index.php\/wp-json\/wp\/v2\/pages"}],"about":[{"href":"https:\/\/site.educa.madrid.org\/ies.velazquez.torrelodones\/index.php\/wp-json\/wp\/v2\/types\/page"}],"author":[{"embeddable":true,"href":"https:\/\/site.educa.madrid.org\/ies.velazquez.torrelodones\/index.php\/wp-json\/wp\/v2\/users\/2"}],"replies":[{"embeddable":true,"href":"https:\/\/site.educa.madrid.org\/ies.velazquez.torrelodones\/index.php\/wp-json\/wp\/v2\/comments?post=1568"}],"version-history":[{"count":36,"href":"https:\/\/site.educa.madrid.org\/ies.velazquez.torrelodones\/index.php\/wp-json\/wp\/v2\/pages\/1568\/revisions"}],"predecessor-version":[{"id":2980,"href":"https:\/\/site.educa.madrid.org\/ies.velazquez.torrelodones\/index.php\/wp-json\/wp\/v2\/pages\/1568\/revisions\/2980"}],"wp:attachment":[{"href":"https:\/\/site.educa.madrid.org\/ies.velazquez.torrelodones\/index.php\/wp-json\/wp\/v2\/media?parent=1568"}],"wp:term":[{"taxonomy":"folder","embeddable":true,"href":"https:\/\/site.educa.madrid.org\/ies.velazquez.torrelodones\/index.php\/wp-json\/wp\/v2\/folder?post=1568"}],"curies":[{"name":"wp","href":"https:\/\/api.w.org\/{rel}","templated":true}]}}