{"id":161,"date":"2020-07-02T16:00:41","date_gmt":"2020-07-02T16:00:41","guid":{"rendered":"https:\/\/site.educa.madrid.org\/ies.velazquez.torrelodones\/?page_id=161"},"modified":"2024-03-25T17:49:09","modified_gmt":"2024-03-25T16:49:09","slug":"secretaria","status":"publish","type":"page","link":"https:\/\/site.educa.madrid.org\/ies.velazquez.torrelodones\/index.php\/secretaria\/","title":{"rendered":"Secretar\u00eda"},"content":{"rendered":"\n<div style=\"height:100px\" aria-hidden=\"true\" class=\"wp-block-spacer\"><\/div>\n\n\n\n<div class=\"wp-block-media-text alignwide is-stacked-on-mobile\" style=\"grid-template-columns:44% auto\"><figure class=\"wp-block-media-text__media\"><img decoding=\"async\" src=\"http:\/\/www.diegovelazquez.disercom.es\/wp-content\/uploads\/2024\/02\/working-in-office-vector-1024x1024.jpg\" alt=\"\" class=\"wp-image-312 size-full\"\/><\/figure><div class=\"wp-block-media-text__content\">\n<p> <\/p>\n\n\n\n<p><em><strong>Horario de atenci\u00f3n al p\u00fablico<\/strong><\/em><em>: de 09:00 a 14:00<\/em><\/p>\n\n\n\n<p><em><strong>Correo electr\u00f3nico<\/strong><\/em><em>: <a href=\"mailto:secretaria.ies.velazquez.torrelodones@educa.madrid.org\">secretaria.ies.velazquez.torrelodones@educa.madrid.org<\/a><\/em><\/p>\n\n\n\n<p><em><strong>Tel\u00e9fono<\/strong><\/em><em>: 918590405<\/em><\/p>\n<\/div><\/div>\n\n\n<div id=\"pl-gb161-6a035fea4d62a\"  class=\"panel-layout\" ><div id=\"pg-gb161-6a035fea4d62a-0\"  class=\"panel-grid panel-no-style\" ><div id=\"pgc-gb161-6a035fea4d62a-0-0\"  class=\"panel-grid-cell\"  data-weight=\"1\" ><div id=\"panel-gb161-6a035fea4d62a-0-0-0\" class=\"so-panel widget widget_sow-tabs panel-first-child panel-last-child\" data-index=\"0\" data-style=\"{&quot;background_image_attachment&quot;:false,&quot;background_display&quot;:&quot;tile&quot;,&quot;background_image_size&quot;:&quot;full&quot;,&quot;border_thickness&quot;:&quot;1px&quot;,&quot;link_overlay_new_window&quot;:&quot;&quot;}\" ><div\n\t\t\t\n\t\t\tclass=\"so-widget-sow-tabs so-widget-sow-tabs-default-c6b5db34069e\"\n\t\t\t\n\t\t><div class=\"sow-tabs\">\n\t<div class=\"sow-tabs-tab-container\" role=\"tablist\">\n\t\t\t<div\n\t\t\tclass=\"sow-tabs-tab sow-tabs-tab-selected\"\n\t\t\trole=\"tab\"\n\t\t\tdata-anchor=\"calendario-escolar\"\n\t\t\taria-selected=\"true\"\n\t\t\ttabindex=\"0\"\n\t\t>\n\t\t\t<div class=\"sow-tabs-title sow-tabs-title-icon-left\">\n\t\t\t\t\t\t\t\tCalendario escolar\t\t\t\t\t\t\t<\/div>\n\t\t<\/div>\n\t\t\t<div\n\t\t\tclass=\"sow-tabs-tab\"\n\t\t\trole=\"tab\"\n\t\t\tdata-anchor=\"tr%c3%a1mites-administrativos\"\n\t\t\taria-selected=\"false\"\n\t\t\ttabindex=\"0\"\n\t\t>\n\t\t\t<div class=\"sow-tabs-title sow-tabs-title-icon-left\">\n\t\t\t\t\t\t\t\tTr\u00e1mites administrativos\t\t\t\t\t\t\t<\/div>\n\t\t<\/div>\n\t\t\t<div\n\t\t\tclass=\"sow-tabs-tab\"\n\t\t\trole=\"tab\"\n\t\t\tdata-anchor=\"raicesroble\"\n\t\t\taria-selected=\"false\"\n\t\t\ttabindex=\"0\"\n\t\t>\n\t\t\t<div class=\"sow-tabs-title sow-tabs-title-icon-left\">\n\t\t\t\t\t\t\t\tRAICES\/ROBLE\t\t\t\t\t\t\t<\/div>\n\t\t<\/div>\n\t\t\t<div\n\t\t\tclass=\"sow-tabs-tab\"\n\t\t\trole=\"tab\"\n\t\t\tdata-anchor=\"impresos\"\n\t\t\taria-selected=\"false\"\n\t\t\ttabindex=\"0\"\n\t\t>\n\t\t\t<div class=\"sow-tabs-title sow-tabs-title-icon-left\">\n\t\t\t\t\t\t\t\tImpresos\t\t\t\t\t\t\t<\/div>\n\t\t<\/div>\n\t\t<\/div>\n\n\t<div class=\"sow-tabs-panel-container\">\n\t\t\t<div class=\"sow-tabs-panel\">\n\t\t\t<div\n\t\t\t\tclass=\"sow-tabs-panel-content\"\n\t\t\t\trole=\"tabpanel\"\n\t\t\t\taria-hidden=\"false\"\n\t\t\t>\n\t\t\t\t<p><a href=\"https:\/\/www.educa2.madrid.org\/web\/calendario-escolar-de-la-comunidad-de-madrid\/calendario-escolar-23-24\" target=\"_blank\" rel=\"noopener\"><img loading=\"lazy\" decoding=\"async\" class=\"aligncenter wp-image-320 size-large\" src=\"http:\/\/www.diegovelazquez.disercom.es\/wp-content\/uploads\/2024\/02\/calendario_escolar_2023-24_modificado_page-0001-724x1024.jpg\" alt=\"\" width=\"724\" height=\"1024\" \/><\/a><\/p>\n\t\t\t<\/div>\n\t\t<\/div>\n\t\t\t<div class=\"sow-tabs-panel\">\n\t\t\t<div\n\t\t\t\tclass=\"sow-tabs-panel-content\"\n\t\t\t\trole=\"tabpanel\"\n\t\t\t\taria-hidden=\"true\"\n\t\t\t>\n\t\t\t\t<h4>ADMISI\u00d3N ESO Y BACHILLERATO 24-25<\/h4>\n<ul>\n<li style=\"list-style-type: none\">\n<ul>\n<li><a href=\"https:\/\/site.educa.madrid.org\/ies.velazquez.torrelodones\/index.php\/proceso-de-admision-2024-25\/\">Proceso de admisi\u00f3n curso 2024-25<\/a><\/li>\n<li><a href=\"https:\/\/site.educa.madrid.org\/ies.velazquez.torrelodones\/\/wp-content\/uploads\/ies.velazquez.torrelodones\/2024\/02\/00-INFORMACION-BASICA-FAMILIAS-ADMISION-2024-25-ESO_BACH-1.pdf\" target=\"_blank\" rel=\"noopener\">Informaci\u00f3n b\u00e1sica para las familias<\/a><\/li>\n<li><a href=\"https:\/\/site.educa.madrid.org\/ies.velazquez.torrelodones\/\/wp-content\/uploads\/ies.velazquez.torrelodones\/2024\/02\/00-Resol-Consejeria-Educ-Instrucciones-ADMISION-24_25-1.pdf\" target=\"_blank\" rel=\"noopener\">Resoluci\u00f3n Consejer\u00eda de Educaci\u00f3n con instrucciones sobre Admisi\u00f3n curso 2024-2025<\/a><\/li>\n<\/ul>\n<\/li>\n<\/ul>\n<h4>ADMISI\u00d3N FPB 24-25<\/h4>\n<p>&nbsp;<\/p>\n<h4>MATRICULACI\u00d3N ESO Y BACHILLERATO 24-25<\/h4>\n<p>&nbsp;<\/p>\n<h4>MATRICULACI\u00d3N FPB 24-25<\/h4>\n<p>&nbsp;<\/p>\n<h4>RECOGIDA DE T\u00cdTULOS\/CERTIFICADOS Y OTRA DOCUMENTACI\u00d3N<\/h4>\n<p><strong>DOCUMENTACI\u00d3N NECESARIA:<\/strong><\/p>\n<ul>\n<li>DNI del titular<\/li>\n<\/ul>\n<p><strong>DOCUMENTACI\u00d3N NECESARIA PARA RECOGER EN CASO DE QUE NO SE PERSONE EL TITULAR:<\/strong><\/p>\n<ul>\n<li><a href=\"https:\/\/site.educa.madrid.org\/ies.velazquez.torrelodones\/\/wp-content\/uploads\/ies.velazquez.torrelodones\/2024\/02\/Recogida-documentos.pdf\" target=\"_blank\" rel=\"noopener\">Autorizaci\u00f3n firmada por el titular<\/a><\/li>\n<li>Fotocopia DNI del titular<\/li>\n<li>DNI de la persona autorizada<\/li>\n<\/ul>\n<p>&nbsp;<\/p>\n\t\t\t<\/div>\n\t\t<\/div>\n\t\t\t<div class=\"sow-tabs-panel\">\n\t\t\t<div\n\t\t\t\tclass=\"sow-tabs-panel-content\"\n\t\t\t\trole=\"tabpanel\"\n\t\t\t\taria-hidden=\"true\"\n\t\t\t>\n\t\t\t\t<p><a href=\"https:\/\/site.educa.madrid.org\/ies.velazquez.torrelodones\/\/wp-content\/uploads\/ies.velazquez.torrelodones\/2024\/02\/roble-web-familias-guia-visual-1.4.pdf\" target=\"_blank\" rel=\"noopener\">Gu\u00edas para las familias<\/a><\/p>\n\t\t\t<\/div>\n\t\t<\/div>\n\t\t\t<div class=\"sow-tabs-panel\">\n\t\t\t<div\n\t\t\t\tclass=\"sow-tabs-panel-content\"\n\t\t\t\trole=\"tabpanel\"\n\t\t\t\taria-hidden=\"true\"\n\t\t\t>\n\t\t\t\t<ul>\n<li><a href=\"https:\/\/site.educa.madrid.org\/ies.velazquez.torrelodones\/\/wp-content\/uploads\/ies.velazquez.torrelodones\/2024\/02\/1-CONSENTIMIENTO-INFORMADO-MENOR-14-ANOS-PARA-FAMILIAS.pdf\" target=\"_blank\" rel=\"noopener\">Consentimiento informado menores de 14 a\u00f1os.<\/a><\/li>\n<li><a href=\"https:\/\/site.educa.madrid.org\/ies.velazquez.torrelodones\/\/wp-content\/uploads\/ies.velazquez.torrelodones\/2024\/02\/2-CONSENTIMIENTO-INFORMADO-MAYOR-14-ANOS-PARA-FAMILIAS.pdf\" target=\"_blank\" rel=\"noopener\">Consentimiento informado mayores de 14 a\u00f1os.<\/a><\/li>\n<li><a href=\"https:\/\/site.educa.madrid.org\/ies.velazquez.torrelodones\/\/wp-content\/uploads\/ies.velazquez.torrelodones\/2024\/02\/3-CONSENTIMIENTO-INFORMADO-MAYORES-DE-EDAD.pdf\" target=\"_blank\" rel=\"noopener\">Consentimiento informado mayores de edad.<\/a><\/li>\n<li><a href=\"https:\/\/site.educa.madrid.org\/ies.velazquez.torrelodones\/\/wp-content\/uploads\/ies.velazquez.torrelodones\/2024\/02\/DECLARACION-RESPONSABLE.pdf\" target=\"_blank\" rel=\"noopener\">Declaraci\u00f3n Responsable.<\/a><\/li>\n<li><a href=\"https:\/\/site.educa.madrid.org\/ies.velazquez.torrelodones\/\/wp-content\/uploads\/ies.velazquez.torrelodones\/2024\/02\/Expone-solicita.pdf\" target=\"_blank\" rel=\"noopener\">Expone-solicita.<\/a><\/li>\n<li><a href=\"https:\/\/site.educa.madrid.org\/ies.velazquez.torrelodones\/\/wp-content\/uploads\/ies.velazquez.torrelodones\/2024\/02\/Recogida-documentos-1.pdf\" target=\"_blank\" rel=\"noopener\">Autorizaci\u00f3n recogida de documentos (t\u00edtulos, certificados y otros documentos)<\/a><\/li>\n<\/ul>\n<ul>\n<li style=\"list-style-type: none\">\n<ul>\n<li><strong>BACHILLERATO<\/strong>:\n<ul>\n<li><a href=\"https:\/\/site.educa.madrid.org\/ies.velazquez.torrelodones\/\/wp-content\/uploads\/ies.velazquez.torrelodones\/2024\/02\/DOCUMENTO-BACH-REPETIDORES-RENUNCIA-CALIFICACIONES.pdf\" target=\"_blank\" rel=\"noopener\">Documento Bachillerato repetidores renuncia calificaciones.<\/a><\/li>\n<li><a href=\"https:\/\/site.educa.madrid.org\/ies.velazquez.torrelodones\/\/wp-content\/uploads\/ies.velazquez.torrelodones\/2024\/02\/Pantallazos-pago-tasas-titulo-Bachillerato.pdf\" target=\"_blank\" rel=\"noopener\">Instrucciones pago tasas t\u00edtulo Bachillerato.<\/a><\/li>\n<\/ul>\n<\/li>\n<li><strong>BACHILLERATO EXCELENCIA:<\/strong>\n<ul>\n<li>\u00a0ANEXO II<\/li>\n<\/ul>\n<\/li>\n<li><strong>SECCI\u00d3N FRANCESA:\u00a0<\/strong>\n<ul>\n<li><a href=\"https:\/\/site.educa.madrid.org\/ies.velazquez.torrelodones\/\/wp-content\/uploads\/ies.velazquez.torrelodones\/2024\/02\/Anexo-Solic-autorizacion-intercambio-epistolar-Lin-francesa.docx.pdf\" target=\"_blank\" rel=\"noopener\">Autorizaci\u00f3n para <\/a>p<a href=\"https:\/\/site.educa.madrid.org\/ies.velazquez.torrelodones\/\/wp-content\/uploads\/ies.velazquez.torrelodones\/2024\/02\/Anexo-Solic-autorizacion-intercambio-epistolar-Lin-francesa.docx.pdf\" target=\"_blank\" rel=\"noopener\">articipaci\u00f3n en intercambios epistolares.<\/a><\/li>\n<li><a href=\"https:\/\/site.educa.madrid.org\/ies.velazquez.torrelodones\/\/wp-content\/uploads\/ies.velazquez.torrelodones\/2024\/02\/Anexo-1ESO-Solic-admis-Secc-Lin-francesa.pdf\" target=\"_blank\" rel=\"noopener\">Anexo Solicitud admisi\u00f3n Secci\u00f3n francesa.<\/a><\/li>\n<\/ul>\n<\/li>\n<\/ul>\n<\/li>\n<\/ul>\n\t\t\t<\/div>\n\t\t<\/div>\n\t\t<\/div>\n<\/div>\n<\/div><\/div><\/div><\/div><\/div>\n\n\n<div style=\"height:100px\" aria-hidden=\"true\" class=\"wp-block-spacer\"><\/div>\n","protected":false},"excerpt":{"rendered":"<p>Horario de atenci\u00f3n al p\u00fablico: de 09:00 a 14:00 Correo electr\u00f3nico: secretaria.ies.velazquez.torrelodones@educa.madrid.org Tel\u00e9fono: 918590405<\/p>\n","protected":false},"author":2,"featured_media":0,"parent":0,"menu_order":0,"comment_status":"closed","ping_status":"closed","template":"","meta":{"footnotes":""},"folder":[],"class_list":["post-161","page","type-page","status-publish","hentry"],"rttpg_featured_image_url":null,"rttpg_author":{"display_name":"tic.ies.velazquez.torrelodones","author_link":"https:\/\/site.educa.madrid.org\/ies.velazquez.torrelodones\/index.php\/author\/cuenta_tic-ies-velazquez-torrelodones\/"},"rttpg_comment":0,"rttpg_category":false,"rttpg_excerpt":"Horario de atenci\u00f3n al p\u00fablico: de 09:00 a 14:00 Correo electr\u00f3nico: secretaria.ies.velazquez.torrelodones@educa.madrid.org Tel\u00e9fono: 918590405","post_mailing_queue_ids":[],"_links":{"self":[{"href":"https:\/\/site.educa.madrid.org\/ies.velazquez.torrelodones\/index.php\/wp-json\/wp\/v2\/pages\/161","targetHints":{"allow":["GET"]}}],"collection":[{"href":"https:\/\/site.educa.madrid.org\/ies.velazquez.torrelodones\/index.php\/wp-json\/wp\/v2\/pages"}],"about":[{"href":"https:\/\/site.educa.madrid.org\/ies.velazquez.torrelodones\/index.php\/wp-json\/wp\/v2\/types\/page"}],"author":[{"embeddable":true,"href":"https:\/\/site.educa.madrid.org\/ies.velazquez.torrelodones\/index.php\/wp-json\/wp\/v2\/users\/2"}],"replies":[{"embeddable":true,"href":"https:\/\/site.educa.madrid.org\/ies.velazquez.torrelodones\/index.php\/wp-json\/wp\/v2\/comments?post=161"}],"version-history":[{"count":7,"href":"https:\/\/site.educa.madrid.org\/ies.velazquez.torrelodones\/index.php\/wp-json\/wp\/v2\/pages\/161\/revisions"}],"predecessor-version":[{"id":1607,"href":"https:\/\/site.educa.madrid.org\/ies.velazquez.torrelodones\/index.php\/wp-json\/wp\/v2\/pages\/161\/revisions\/1607"}],"wp:attachment":[{"href":"https:\/\/site.educa.madrid.org\/ies.velazquez.torrelodones\/index.php\/wp-json\/wp\/v2\/media?parent=161"}],"wp:term":[{"taxonomy":"folder","embeddable":true,"href":"https:\/\/site.educa.madrid.org\/ies.velazquez.torrelodones\/index.php\/wp-json\/wp\/v2\/folder?post=161"}],"curies":[{"name":"wp","href":"https:\/\/api.w.org\/{rel}","templated":true}]}}