{"id":2313,"date":"2025-02-21T15:35:37","date_gmt":"2025-02-21T14:35:37","guid":{"rendered":"https:\/\/site.educa.madrid.org\/ies.velazquez.torrelodones\/?page_id=2313"},"modified":"2025-02-21T15:39:25","modified_gmt":"2025-02-21T14:39:25","slug":"buzon-plan-regional-contra-drogas","status":"publish","type":"page","link":"https:\/\/site.educa.madrid.org\/ies.velazquez.torrelodones\/index.php\/buzon-plan-regional-contra-drogas\/","title":{"rendered":"Buz\u00f3n Plan Regional contra Drogas"},"content":{"rendered":"\n<div style=\"height:50px\" aria-hidden=\"true\" class=\"wp-block-spacer\"><\/div>\n\n\n\n<p>El \u00abPlan Regional contra las Drogas\u201d de la Comunidad de Madrid tiene como objetivo&nbsp; aumentar la sensibilidad y la conciencia social de riesgos y da\u00f1os provocados por las drogas y mejorar la prevenci\u00f3n del consumo y de la adicci\u00f3n a todo tipo de sustancias psicotr\u00f3picas.<\/p>\n\n\n\n<p>Una de las medidas dentro del \u00e1mbito escolar ha sido la puesta en marcha de un nuevo buz\u00f3n an\u00f3nimo en soporte virtual y f\u00edsico como medio mediante el cual cualquier miembro de la comunidad educativa pueda alertar de la presencia de drogas en su centro.<\/p>\n\n\n\n<p>El funcionamiento del buz\u00f3n virtual es sencillo: cualquier usuario podr\u00e1 acceder a \u00e9l de manera an\u00f3nima y seleccionar su centro educativo para enviarle la alerta. El mensaje ser\u00e1 entregado a los responsables del \u00abPlan Regional contra las Drogas\u00bb que ser\u00e1n los encargados de tomar las medidas oportunas.<\/p>\n\n\n\n<p>Se puede acceder al buz\u00f3n a trav\u00e9s de la url <a href=\"https:\/\/buzonanonimo.educa.madrid.org\/\">https:\/\/buzonanonimo.educa.madrid.org\/<\/a> desde cualquier dispositivo conectado a Internet y tambi\u00e9n a trav\u00e9s del siguiente c\u00f3digo QR:<\/p>\n\n\n<div class=\"wp-block-image\">\n<figure class=\"aligncenter size-full is-resized\"><a href=\"https:\/\/buzonanonimo.educa.madrid.org\/\" target=\"_blank\" rel=\"noreferrer noopener\"><img loading=\"lazy\" decoding=\"async\" width=\"237\" height=\"300\" src=\"https:\/\/site.educa.madrid.org\/ies.velazquez.torrelodones\/\/wp-content\/uploads\/ies.velazquez.torrelodones\/2025\/02\/QR-drogas-237x300-1.png\" alt=\"\" class=\"wp-image-2316\" style=\"width:288px;height:auto\"\/><\/a><\/figure>\n<\/div>\n\n\n<div style=\"height:100px\" aria-hidden=\"true\" class=\"wp-block-spacer\"><\/div>\n","protected":false},"excerpt":{"rendered":"<p>El \u00abPlan Regional contra las Drogas\u201d de la Comunidad de Madrid tiene como objetivo&nbsp; aumentar la sensibilidad y la conciencia social de riesgos y da\u00f1os provocados por las drogas y &#8230;<\/p>\n","protected":false},"author":2,"featured_media":0,"parent":0,"menu_order":0,"comment_status":"closed","ping_status":"closed","template":"","meta":{"footnotes":""},"folder":[],"class_list":["post-2313","page","type-page","status-publish","hentry"],"rttpg_featured_image_url":null,"rttpg_author":{"display_name":"tic.ies.velazquez.torrelodones","author_link":"https:\/\/site.educa.madrid.org\/ies.velazquez.torrelodones\/index.php\/author\/cuenta_tic-ies-velazquez-torrelodones\/"},"rttpg_comment":0,"rttpg_category":false,"rttpg_excerpt":"El \u00abPlan Regional contra las Drogas\u201d de la Comunidad de Madrid tiene como objetivo&nbsp; aumentar la sensibilidad y la conciencia social de riesgos y da\u00f1os provocados por las drogas y ...","post_mailing_queue_ids":[],"_links":{"self":[{"href":"https:\/\/site.educa.madrid.org\/ies.velazquez.torrelodones\/index.php\/wp-json\/wp\/v2\/pages\/2313","targetHints":{"allow":["GET"]}}],"collection":[{"href":"https:\/\/site.educa.madrid.org\/ies.velazquez.torrelodones\/index.php\/wp-json\/wp\/v2\/pages"}],"about":[{"href":"https:\/\/site.educa.madrid.org\/ies.velazquez.torrelodones\/index.php\/wp-json\/wp\/v2\/types\/page"}],"author":[{"embeddable":true,"href":"https:\/\/site.educa.madrid.org\/ies.velazquez.torrelodones\/index.php\/wp-json\/wp\/v2\/users\/2"}],"replies":[{"embeddable":true,"href":"https:\/\/site.educa.madrid.org\/ies.velazquez.torrelodones\/index.php\/wp-json\/wp\/v2\/comments?post=2313"}],"version-history":[{"count":2,"href":"https:\/\/site.educa.madrid.org\/ies.velazquez.torrelodones\/index.php\/wp-json\/wp\/v2\/pages\/2313\/revisions"}],"predecessor-version":[{"id":2317,"href":"https:\/\/site.educa.madrid.org\/ies.velazquez.torrelodones\/index.php\/wp-json\/wp\/v2\/pages\/2313\/revisions\/2317"}],"wp:attachment":[{"href":"https:\/\/site.educa.madrid.org\/ies.velazquez.torrelodones\/index.php\/wp-json\/wp\/v2\/media?parent=2313"}],"wp:term":[{"taxonomy":"folder","embeddable":true,"href":"https:\/\/site.educa.madrid.org\/ies.velazquez.torrelodones\/index.php\/wp-json\/wp\/v2\/folder?post=2313"}],"curies":[{"name":"wp","href":"https:\/\/api.w.org\/{rel}","templated":true}]}}