{"id":2781,"date":"2025-06-18T09:24:29","date_gmt":"2025-06-18T07:24:29","guid":{"rendered":"https:\/\/site.educa.madrid.org\/ies.velazquez.torrelodones\/?page_id=2781"},"modified":"2025-06-24T08:18:54","modified_gmt":"2025-06-24T06:18:54","slug":"rincon-erasmus-ies-diego-velazquez","status":"publish","type":"page","link":"https:\/\/site.educa.madrid.org\/ies.velazquez.torrelodones\/index.php\/rincon-erasmus-ies-diego-velazquez\/","title":{"rendered":"Rinc\u00f3n ERASMUS IES Diego Vel\u00e1zquez"},"content":{"rendered":"\n<div style=\"height:56px\" aria-hidden=\"true\" class=\"wp-block-spacer\"><\/div>\n\n\n<div\n\t\t\t\n\t\t\tclass=\"so-widget-sow-image-grid so-widget-sow-image-grid-default-8bf08a9600e8\"\n\t\t\t\n\t\t>\t<div\n\t\tclass=\"sow-image-grid-wrapper\"\n\t\tdata-max-width=\"250\"\t\tdata-max-height=\"250\"\t>\n\t\t\t\t\t<div class=\"sow-image-grid-image\">\n\t\t\t\t\t\t\t\t\t\t\t\t\t<a href=\"https:\/\/site.educa.madrid.org\/ies.velazquez.torrelodones\/index.php\/erasmus-acreditacion-2024-2025\/\"\n\t\t\t\t\t>\n\t\t\t\t\t\t\t\t<img loading=\"lazy\" decoding=\"async\" width=\"250\" height=\"250\" src=\"https:\/\/site.educa.madrid.org\/ies.velazquez.torrelodones\/\/wp-content\/uploads\/ies.velazquez.torrelodones\/2025\/06\/Logos-Productos-de-Limpieza-Simple-Negro-4-300x300.png\" class=\"sow-image-grid-image_html\" alt=\"\" title=\"Logos Productos de Limpieza Simple Negro (4)\" srcset=\"https:\/\/site.educa.madrid.org\/ies.velazquez.torrelodones\/\/wp-content\/uploads\/ies.velazquez.torrelodones\/2025\/06\/Logos-Productos-de-Limpieza-Simple-Negro-4-300x300.png 300w, https:\/\/site.educa.madrid.org\/ies.velazquez.torrelodones\/\/wp-content\/uploads\/ies.velazquez.torrelodones\/2025\/06\/Logos-Productos-de-Limpieza-Simple-Negro-4-150x150.png 150w, https:\/\/site.educa.madrid.org\/ies.velazquez.torrelodones\/\/wp-content\/uploads\/ies.velazquez.torrelodones\/2025\/06\/Logos-Productos-de-Limpieza-Simple-Negro-4.png 500w\" sizes=\"auto, (max-width: 250px) 100vw, 250px\" \/>\t\t\t\t\t\t\t\t\t<\/a>\n\t\t\t\t\t\t\t\t\t\t\t<\/div>\n\t\t\t\t\t<div class=\"sow-image-grid-image\">\n\t\t\t\t\t\t\t\t\t\t\t\t<img loading=\"lazy\" decoding=\"async\" width=\"250\" height=\"250\" src=\"https:\/\/site.educa.madrid.org\/ies.velazquez.torrelodones\/\/wp-content\/uploads\/ies.velazquez.torrelodones\/2025\/06\/Logos-Productos-de-Limpieza-Simple-Negro-3-300x300.png\" class=\"sow-image-grid-image_html\" alt=\"\" title=\"Logos Productos de Limpieza Simple Negro (3)\" srcset=\"https:\/\/site.educa.madrid.org\/ies.velazquez.torrelodones\/\/wp-content\/uploads\/ies.velazquez.torrelodones\/2025\/06\/Logos-Productos-de-Limpieza-Simple-Negro-3-300x300.png 300w, https:\/\/site.educa.madrid.org\/ies.velazquez.torrelodones\/\/wp-content\/uploads\/ies.velazquez.torrelodones\/2025\/06\/Logos-Productos-de-Limpieza-Simple-Negro-3-150x150.png 150w, https:\/\/site.educa.madrid.org\/ies.velazquez.torrelodones\/\/wp-content\/uploads\/ies.velazquez.torrelodones\/2025\/06\/Logos-Productos-de-Limpieza-Simple-Negro-3.png 500w\" sizes=\"auto, (max-width: 250px) 100vw, 250px\" \/>\t\t\t\t\t\t\t\t\t\t\t<\/div>\n\t\t\t\t\t<div class=\"sow-image-grid-image\">\n\t\t\t\t\t\t\t\t\t\t\t\t<img loading=\"lazy\" decoding=\"async\" width=\"250\" height=\"250\" src=\"https:\/\/site.educa.madrid.org\/ies.velazquez.torrelodones\/\/wp-content\/uploads\/ies.velazquez.torrelodones\/2025\/06\/Logos-Productos-de-Limpieza-Simple-Negro-2-300x300.png\" class=\"sow-image-grid-image_html\" alt=\"\" title=\"Logos Productos de Limpieza Simple Negro (2)\" srcset=\"https:\/\/site.educa.madrid.org\/ies.velazquez.torrelodones\/\/wp-content\/uploads\/ies.velazquez.torrelodones\/2025\/06\/Logos-Productos-de-Limpieza-Simple-Negro-2-300x300.png 300w, https:\/\/site.educa.madrid.org\/ies.velazquez.torrelodones\/\/wp-content\/uploads\/ies.velazquez.torrelodones\/2025\/06\/Logos-Productos-de-Limpieza-Simple-Negro-2-150x150.png 150w, https:\/\/site.educa.madrid.org\/ies.velazquez.torrelodones\/\/wp-content\/uploads\/ies.velazquez.torrelodones\/2025\/06\/Logos-Productos-de-Limpieza-Simple-Negro-2.png 500w\" sizes=\"auto, (max-width: 250px) 100vw, 250px\" \/>\t\t\t\t\t\t\t\t\t\t\t<\/div>\n\t\t\t\t\t<div class=\"sow-image-grid-image\">\n\t\t\t\t\t\t\t\t\t\t\t\t<img loading=\"lazy\" decoding=\"async\" width=\"250\" height=\"250\" src=\"https:\/\/site.educa.madrid.org\/ies.velazquez.torrelodones\/\/wp-content\/uploads\/ies.velazquez.torrelodones\/2025\/06\/Logos-Productos-de-Limpieza-Simple-Negro-5-300x300.png\" class=\"sow-image-grid-image_html\" alt=\"\" title=\"Logos Productos de Limpieza Simple Negro (5)\" srcset=\"https:\/\/site.educa.madrid.org\/ies.velazquez.torrelodones\/\/wp-content\/uploads\/ies.velazquez.torrelodones\/2025\/06\/Logos-Productos-de-Limpieza-Simple-Negro-5-300x300.png 300w, https:\/\/site.educa.madrid.org\/ies.velazquez.torrelodones\/\/wp-content\/uploads\/ies.velazquez.torrelodones\/2025\/06\/Logos-Productos-de-Limpieza-Simple-Negro-5-150x150.png 150w, https:\/\/site.educa.madrid.org\/ies.velazquez.torrelodones\/\/wp-content\/uploads\/ies.velazquez.torrelodones\/2025\/06\/Logos-Productos-de-Limpieza-Simple-Negro-5.png 500w\" sizes=\"auto, (max-width: 250px) 100vw, 250px\" \/>\t\t\t\t\t\t\t\t\t\t\t<\/div>\n\t\t\t<\/div>\n<\/div>\n\n\n<div style=\"height:51px\" aria-hidden=\"true\" class=\"wp-block-spacer\"><\/div>\n\n\n\n<p>El IES Diego Vel\u00e1zquez cuenta con la <strong><a href=\"https:\/\/www.sepie.es\/convocatoria\/2023\/resoluciones.html#contenido\" target=\"_blank\" rel=\"noreferrer noopener\">Acreditaci\u00f3n Erasmus KA120-SCH del progarma Erasmus +.<\/a><\/strong><\/p>\n\n\n\n<p><strong>\u00bfQu\u00e9 es la Acreditaci\u00f3n Erasmus?<\/strong><\/p>\n\n\n\n<p>Es una herramienta que asegura la capacidad de las instituciones educativas de desarrollar actividades de movilidad de alta calidad que sirvan para la mejora de la propia organizaci\u00f3n. Para acreditarse, las organizaciones deben dise\u00f1ar un plan estructurado y a largo plazo, denominado Plan Erasmus, para la implementaci\u00f3n de movilidades que tengan un impacto positivo en sus procesos internos de ense\u00f1anza y aprendizaje. La acreditaci\u00f3n tiene validez hasta el final del programa, en 2027, y puede ser actualizada en diferentes momentos.<br><br><strong>\u00bfQu\u00e9 ventajas tiene para una organizaci\u00f3n estar acreditada?<\/strong><\/p>\n\n\n\n<p>La acreditaci\u00f3n ofrece:<\/p>\n\n\n\n<p>&#8211; Una financiaci\u00f3n estable para nuevas movilidades cada a\u00f1o.<\/p>\n\n\n\n<p>&#8211; Desarrollar una estrategia propia, a la velocidad que mejor se adecue a los ritmos de la organizaci\u00f3n.<\/p>\n\n\n\n<p>&#8211; Desarrollar nuevas colaboraciones internacionales sin necesidad de escribir nuevos proyectos.<\/p>\n\n\n\n<p>&#8211; Poder establecer objetivos a largo plazo, sin depender de la concesi\u00f3n de un determinado proyecto Mejorar los procesos de ense\u00f1anza y de aprendizaje en la instituci\u00f3n: nuevas metodolog\u00edas, desarrollo de experiencias de gran impacto,\u2026<\/p>\n\n\n\n<p><a href=\"http:\/\/sepie.es\/doc\/comunicacion\/jornadas\/2021\/20_septiembre\/acreditaciones_educacion_escolar.pdf\" target=\"_blank\" rel=\"noreferrer noopener\">Aqu\u00ed puedes ampliar la informaci\u00f3n sobre el programa.<\/a><\/p>\n\n\n\n<p>Estos son los objetivos que vamos a trabajar en la organizaci\u00f3n hasta el a\u00f1o 2027:<\/p>\n\n\n\n<figure class=\"wp-block-image size-large\"><img loading=\"lazy\" decoding=\"async\" width=\"1024\" height=\"692\" src=\"https:\/\/site.educa.madrid.org\/ies.velazquez.torrelodones\/\/wp-content\/uploads\/ies.velazquez.torrelodones\/2025\/06\/image-1024x692.png\" alt=\"\" class=\"wp-image-2944\" srcset=\"https:\/\/site.educa.madrid.org\/ies.velazquez.torrelodones\/\/wp-content\/uploads\/ies.velazquez.torrelodones\/2025\/06\/image-1024x692.png 1024w, https:\/\/site.educa.madrid.org\/ies.velazquez.torrelodones\/\/wp-content\/uploads\/ies.velazquez.torrelodones\/2025\/06\/image-300x203.png 300w, https:\/\/site.educa.madrid.org\/ies.velazquez.torrelodones\/\/wp-content\/uploads\/ies.velazquez.torrelodones\/2025\/06\/image-768x519.png 768w, https:\/\/site.educa.madrid.org\/ies.velazquez.torrelodones\/\/wp-content\/uploads\/ies.velazquez.torrelodones\/2025\/06\/image.png 1186w\" sizes=\"auto, (max-width: 1024px) 100vw, 1024px\" \/><\/figure>\n\n\n\n<div class=\"wp-block-columns is-layout-flex wp-container-core-columns-is-layout-9d6595d7 wp-block-columns-is-layout-flex\">\n<div class=\"wp-block-column is-layout-flow wp-block-column-is-layout-flow\">\n<figure class=\"wp-block-image size-full\"><a href=\"https:\/\/site.educa.madrid.org\/ies.velazquez.torrelodones\/index.php\/2025\/06\/23\/erasmus-roma-italia\/\"><img loading=\"lazy\" decoding=\"async\" width=\"500\" height=\"500\" src=\"https:\/\/site.educa.madrid.org\/ies.velazquez.torrelodones\/\/wp-content\/uploads\/ies.velazquez.torrelodones\/2025\/06\/ROMA.png\" alt=\"\" class=\"wp-image-2918\" srcset=\"https:\/\/site.educa.madrid.org\/ies.velazquez.torrelodones\/\/wp-content\/uploads\/ies.velazquez.torrelodones\/2025\/06\/ROMA.png 500w, https:\/\/site.educa.madrid.org\/ies.velazquez.torrelodones\/\/wp-content\/uploads\/ies.velazquez.torrelodones\/2025\/06\/ROMA-300x300.png 300w, https:\/\/site.educa.madrid.org\/ies.velazquez.torrelodones\/\/wp-content\/uploads\/ies.velazquez.torrelodones\/2025\/06\/ROMA-150x150.png 150w\" sizes=\"auto, (max-width: 500px) 100vw, 500px\" \/><\/a><\/figure>\n<\/div>\n\n\n\n<div class=\"wp-block-column is-layout-flow wp-block-column-is-layout-flow\">\n<figure class=\"wp-block-image size-full\"><a href=\"https:\/\/site.educa.madrid.org\/ies.velazquez.torrelodones\/index.php\/2025\/06\/23\/erasmus-brunoy-francia\/\"><img loading=\"lazy\" decoding=\"async\" width=\"500\" height=\"500\" src=\"https:\/\/site.educa.madrid.org\/ies.velazquez.torrelodones\/\/wp-content\/uploads\/ies.velazquez.torrelodones\/2025\/06\/BRUNOY.png\" alt=\"\" class=\"wp-image-2911\" srcset=\"https:\/\/site.educa.madrid.org\/ies.velazquez.torrelodones\/\/wp-content\/uploads\/ies.velazquez.torrelodones\/2025\/06\/BRUNOY.png 500w, https:\/\/site.educa.madrid.org\/ies.velazquez.torrelodones\/\/wp-content\/uploads\/ies.velazquez.torrelodones\/2025\/06\/BRUNOY-300x300.png 300w, https:\/\/site.educa.madrid.org\/ies.velazquez.torrelodones\/\/wp-content\/uploads\/ies.velazquez.torrelodones\/2025\/06\/BRUNOY-150x150.png 150w\" sizes=\"auto, (max-width: 500px) 100vw, 500px\" \/><\/a><\/figure>\n<\/div>\n\n\n\n<div class=\"wp-block-column is-layout-flow wp-block-column-is-layout-flow\">\n<figure class=\"wp-block-image size-full\"><a href=\"https:\/\/site.educa.madrid.org\/ies.velazquez.torrelodones\/index.php\/2025\/06\/23\/erasmus-coimbra-portugal\/\"><img loading=\"lazy\" decoding=\"async\" width=\"500\" height=\"500\" src=\"https:\/\/site.educa.madrid.org\/ies.velazquez.torrelodones\/\/wp-content\/uploads\/ies.velazquez.torrelodones\/2025\/06\/COIMBRA.png\" alt=\"\" class=\"wp-image-2913\" srcset=\"https:\/\/site.educa.madrid.org\/ies.velazquez.torrelodones\/\/wp-content\/uploads\/ies.velazquez.torrelodones\/2025\/06\/COIMBRA.png 500w, https:\/\/site.educa.madrid.org\/ies.velazquez.torrelodones\/\/wp-content\/uploads\/ies.velazquez.torrelodones\/2025\/06\/COIMBRA-300x300.png 300w, https:\/\/site.educa.madrid.org\/ies.velazquez.torrelodones\/\/wp-content\/uploads\/ies.velazquez.torrelodones\/2025\/06\/COIMBRA-150x150.png 150w\" sizes=\"auto, (max-width: 500px) 100vw, 500px\" \/><\/a><\/figure>\n<\/div>\n\n\n\n<div class=\"wp-block-column is-layout-flow wp-block-column-is-layout-flow\">\n<figure class=\"wp-block-image size-full\"><a href=\"https:\/\/site.educa.madrid.org\/ies.velazquez.torrelodones\/index.php\/2025\/06\/23\/erasmus-paris-francia\/\"><img loading=\"lazy\" decoding=\"async\" width=\"500\" height=\"500\" src=\"https:\/\/site.educa.madrid.org\/ies.velazquez.torrelodones\/\/wp-content\/uploads\/ies.velazquez.torrelodones\/2025\/06\/PARIS.png\" alt=\"\" class=\"wp-image-2917\" srcset=\"https:\/\/site.educa.madrid.org\/ies.velazquez.torrelodones\/\/wp-content\/uploads\/ies.velazquez.torrelodones\/2025\/06\/PARIS.png 500w, https:\/\/site.educa.madrid.org\/ies.velazquez.torrelodones\/\/wp-content\/uploads\/ies.velazquez.torrelodones\/2025\/06\/PARIS-300x300.png 300w, https:\/\/site.educa.madrid.org\/ies.velazquez.torrelodones\/\/wp-content\/uploads\/ies.velazquez.torrelodones\/2025\/06\/PARIS-150x150.png 150w\" sizes=\"auto, (max-width: 500px) 100vw, 500px\" \/><\/a><\/figure>\n<\/div>\n\n\n\n<div class=\"wp-block-column is-layout-flow wp-block-column-is-layout-flow\">\n<figure class=\"wp-block-image size-full\"><a href=\"https:\/\/site.educa.madrid.org\/ies.velazquez.torrelodones\/index.php\/2025\/06\/23\/erasmus-estocolmo-suecia\/\"><img loading=\"lazy\" decoding=\"async\" width=\"500\" height=\"500\" src=\"https:\/\/site.educa.madrid.org\/ies.velazquez.torrelodones\/\/wp-content\/uploads\/ies.velazquez.torrelodones\/2025\/06\/ESTOCOLMO.png\" alt=\"\" class=\"wp-image-2914\" srcset=\"https:\/\/site.educa.madrid.org\/ies.velazquez.torrelodones\/\/wp-content\/uploads\/ies.velazquez.torrelodones\/2025\/06\/ESTOCOLMO.png 500w, https:\/\/site.educa.madrid.org\/ies.velazquez.torrelodones\/\/wp-content\/uploads\/ies.velazquez.torrelodones\/2025\/06\/ESTOCOLMO-300x300.png 300w, https:\/\/site.educa.madrid.org\/ies.velazquez.torrelodones\/\/wp-content\/uploads\/ies.velazquez.torrelodones\/2025\/06\/ESTOCOLMO-150x150.png 150w\" sizes=\"auto, (max-width: 500px) 100vw, 500px\" \/><\/a><\/figure>\n<\/div>\n\n\n\n<div class=\"wp-block-column is-layout-flow wp-block-column-is-layout-flow\">\n<figure class=\"wp-block-image size-full\"><a href=\"https:\/\/site.educa.madrid.org\/ies.velazquez.torrelodones\/index.php\/2025\/06\/23\/erasmus-helsinki-finlandia\/\"><img loading=\"lazy\" decoding=\"async\" width=\"500\" height=\"500\" src=\"https:\/\/site.educa.madrid.org\/ies.velazquez.torrelodones\/\/wp-content\/uploads\/ies.velazquez.torrelodones\/2025\/06\/HELSINKI.png\" alt=\"\" class=\"wp-image-2915\" srcset=\"https:\/\/site.educa.madrid.org\/ies.velazquez.torrelodones\/\/wp-content\/uploads\/ies.velazquez.torrelodones\/2025\/06\/HELSINKI.png 500w, https:\/\/site.educa.madrid.org\/ies.velazquez.torrelodones\/\/wp-content\/uploads\/ies.velazquez.torrelodones\/2025\/06\/HELSINKI-300x300.png 300w, https:\/\/site.educa.madrid.org\/ies.velazquez.torrelodones\/\/wp-content\/uploads\/ies.velazquez.torrelodones\/2025\/06\/HELSINKI-150x150.png 150w\" sizes=\"auto, (max-width: 500px) 100vw, 500px\" \/><\/a><\/figure>\n<\/div>\n\n\n\n<div class=\"wp-block-column is-layout-flow wp-block-column-is-layout-flow\">\n<figure class=\"wp-block-image size-full\"><a href=\"https:\/\/site.educa.madrid.org\/ies.velazquez.torrelodones\/index.php\/2025\/06\/23\/erasmus-kunzelsau-alemania\/\"><img loading=\"lazy\" decoding=\"async\" width=\"500\" height=\"500\" src=\"https:\/\/site.educa.madrid.org\/ies.velazquez.torrelodones\/\/wp-content\/uploads\/ies.velazquez.torrelodones\/2025\/06\/Kunzelsau.png\" alt=\"\" class=\"wp-image-2916\" srcset=\"https:\/\/site.educa.madrid.org\/ies.velazquez.torrelodones\/\/wp-content\/uploads\/ies.velazquez.torrelodones\/2025\/06\/Kunzelsau.png 500w, https:\/\/site.educa.madrid.org\/ies.velazquez.torrelodones\/\/wp-content\/uploads\/ies.velazquez.torrelodones\/2025\/06\/Kunzelsau-300x300.png 300w, https:\/\/site.educa.madrid.org\/ies.velazquez.torrelodones\/\/wp-content\/uploads\/ies.velazquez.torrelodones\/2025\/06\/Kunzelsau-150x150.png 150w\" sizes=\"auto, (max-width: 500px) 100vw, 500px\" \/><\/a><\/figure>\n<\/div>\n\n\n\n<div class=\"wp-block-column is-layout-flow wp-block-column-is-layout-flow\">\n<figure class=\"wp-block-image size-full\"><a href=\"https:\/\/site.educa.madrid.org\/ies.velazquez.torrelodones\/index.php\/2025\/06\/23\/erasmus-cluses-francia\/\"><img loading=\"lazy\" decoding=\"async\" width=\"500\" height=\"500\" src=\"https:\/\/site.educa.madrid.org\/ies.velazquez.torrelodones\/\/wp-content\/uploads\/ies.velazquez.torrelodones\/2025\/06\/CLUSES.png\" alt=\"\" class=\"wp-image-2912\" srcset=\"https:\/\/site.educa.madrid.org\/ies.velazquez.torrelodones\/\/wp-content\/uploads\/ies.velazquez.torrelodones\/2025\/06\/CLUSES.png 500w, https:\/\/site.educa.madrid.org\/ies.velazquez.torrelodones\/\/wp-content\/uploads\/ies.velazquez.torrelodones\/2025\/06\/CLUSES-300x300.png 300w, https:\/\/site.educa.madrid.org\/ies.velazquez.torrelodones\/\/wp-content\/uploads\/ies.velazquez.torrelodones\/2025\/06\/CLUSES-150x150.png 150w\" sizes=\"auto, (max-width: 500px) 100vw, 500px\" \/><\/a><\/figure>\n<\/div>\n\n\n\n<div class=\"wp-block-column is-layout-flow wp-block-column-is-layout-flow\">\n<figure class=\"wp-block-image size-full\"><a href=\"https:\/\/site.educa.madrid.org\/ies.velazquez.torrelodones\/index.php\/2025\/06\/23\/erasmus-larga-duracion-paris-francia\/\"><img loading=\"lazy\" decoding=\"async\" width=\"500\" height=\"500\" src=\"https:\/\/site.educa.madrid.org\/ies.velazquez.torrelodones\/\/wp-content\/uploads\/ies.velazquez.torrelodones\/2025\/06\/PARIS.png\" alt=\"\" class=\"wp-image-2917\" srcset=\"https:\/\/site.educa.madrid.org\/ies.velazquez.torrelodones\/\/wp-content\/uploads\/ies.velazquez.torrelodones\/2025\/06\/PARIS.png 500w, https:\/\/site.educa.madrid.org\/ies.velazquez.torrelodones\/\/wp-content\/uploads\/ies.velazquez.torrelodones\/2025\/06\/PARIS-300x300.png 300w, https:\/\/site.educa.madrid.org\/ies.velazquez.torrelodones\/\/wp-content\/uploads\/ies.velazquez.torrelodones\/2025\/06\/PARIS-150x150.png 150w\" sizes=\"auto, (max-width: 500px) 100vw, 500px\" \/><\/a><\/figure>\n<\/div>\n<\/div>\n\n\n\n<p><\/p>\n","protected":false},"excerpt":{"rendered":"<p>El IES Diego Vel\u00e1zquez cuenta con la Acreditaci\u00f3n Erasmus KA120-SCH del progarma Erasmus +. \u00bfQu\u00e9 es la Acreditaci\u00f3n Erasmus? Es una herramienta que asegura la capacidad de las instituciones educativas &#8230;<\/p>\n","protected":false},"author":2,"featured_media":0,"parent":0,"menu_order":0,"comment_status":"closed","ping_status":"closed","template":"","meta":{"footnotes":""},"folder":[],"class_list":["post-2781","page","type-page","status-publish","hentry"],"rttpg_featured_image_url":null,"rttpg_author":{"display_name":"tic.ies.velazquez.torrelodones","author_link":"https:\/\/site.educa.madrid.org\/ies.velazquez.torrelodones\/index.php\/author\/cuenta_tic-ies-velazquez-torrelodones\/"},"rttpg_comment":0,"rttpg_category":false,"rttpg_excerpt":"El IES Diego Vel\u00e1zquez cuenta con la Acreditaci\u00f3n Erasmus KA120-SCH del progarma Erasmus +. \u00bfQu\u00e9 es la Acreditaci\u00f3n Erasmus? Es una herramienta que asegura la capacidad de las instituciones educativas ...","post_mailing_queue_ids":[],"_links":{"self":[{"href":"https:\/\/site.educa.madrid.org\/ies.velazquez.torrelodones\/index.php\/wp-json\/wp\/v2\/pages\/2781","targetHints":{"allow":["GET"]}}],"collection":[{"href":"https:\/\/site.educa.madrid.org\/ies.velazquez.torrelodones\/index.php\/wp-json\/wp\/v2\/pages"}],"about":[{"href":"https:\/\/site.educa.madrid.org\/ies.velazquez.torrelodones\/index.php\/wp-json\/wp\/v2\/types\/page"}],"author":[{"embeddable":true,"href":"https:\/\/site.educa.madrid.org\/ies.velazquez.torrelodones\/index.php\/wp-json\/wp\/v2\/users\/2"}],"replies":[{"embeddable":true,"href":"https:\/\/site.educa.madrid.org\/ies.velazquez.torrelodones\/index.php\/wp-json\/wp\/v2\/comments?post=2781"}],"version-history":[{"count":22,"href":"https:\/\/site.educa.madrid.org\/ies.velazquez.torrelodones\/index.php\/wp-json\/wp\/v2\/pages\/2781\/revisions"}],"predecessor-version":[{"id":2957,"href":"https:\/\/site.educa.madrid.org\/ies.velazquez.torrelodones\/index.php\/wp-json\/wp\/v2\/pages\/2781\/revisions\/2957"}],"wp:attachment":[{"href":"https:\/\/site.educa.madrid.org\/ies.velazquez.torrelodones\/index.php\/wp-json\/wp\/v2\/media?parent=2781"}],"wp:term":[{"taxonomy":"folder","embeddable":true,"href":"https:\/\/site.educa.madrid.org\/ies.velazquez.torrelodones\/index.php\/wp-json\/wp\/v2\/folder?post=2781"}],"curies":[{"name":"wp","href":"https:\/\/api.w.org\/{rel}","templated":true}]}}