{"id":3128,"date":"2025-10-27T14:06:19","date_gmt":"2025-10-27T13:06:19","guid":{"rendered":"https:\/\/site.educa.madrid.org\/ies.velazquez.torrelodones\/?page_id=3128"},"modified":"2025-10-28T17:49:51","modified_gmt":"2025-10-28T16:49:51","slug":"solicitud-duplicado-titulo","status":"publish","type":"page","link":"https:\/\/site.educa.madrid.org\/ies.velazquez.torrelodones\/index.php\/solicitud-duplicado-titulo\/","title":{"rendered":"Solicitud duplicado T\u00edtulo"},"content":{"rendered":"\n<div style=\"height:48px\" aria-hidden=\"true\" class=\"wp-block-spacer\"><\/div>\n\n\n\n<p><strong><em>Necesito un duplicado<\/em><\/strong><\/p>\n\n\n\n<p>El tr\u00e1mite debes iniciarlo en el centro docente donde estudiaste.<\/p>\n\n\n\n<p>Si quieres pedir un duplicado de un t\u00edtulo de ense\u00f1anzas no gratuitas, tendr\u00e1s que abonar una tasa, ten en cuenta los supuestos de bonificaci\u00f3n y exenci\u00f3n.<\/p>\n\n\n\n<p><strong>\u00bfEn qu\u00e9 casos puedo solicitar un duplicado?<\/strong><\/p>\n\n\n\n<p>Si lo has extraviado o deteriorado parcial o totalmente puedes solicitar un duplicado de tu t\u00edtulo original.<\/p>\n\n\n\n<p>Tambi\u00e9n puedes hacerlo cuando por alg\u00fan motivo legalmente reconocido, tus datos hubieran cambiado o si hubieras detectado alg\u00fan error en alguno de los datos recogidos en el t\u00edtulo.<\/p>\n\n\n\n<p><strong>Documentos a presentar en el centro para iniciar su solicitud:<\/strong><\/p>\n\n\n\n<ol start=\"1\" class=\"wp-block-list\">\n<li><a href=\"https:\/\/site.educa.madrid.org\/ies.velazquez.torrelodones\/\/wp-content\/uploads\/ies.velazquez.torrelodones\/2025\/10\/Impreso-de-solicitud-de-duplicado-de-titulo-relleno.pdf\" target=\"_blank\" rel=\"noreferrer noopener\">Impreso de solicitud de duplicado de t\u00edtulo relleno<\/a> <\/li>\n\n\n\n<li>Copia del documento de identidad.<\/li>\n\n\n\n<li>Justificante del pago de la tasa de duplicado, para los t\u00edtulos no gratuitos (modelo 030):<\/li>\n<\/ol>\n\n\n\n<ul class=\"wp-block-list\">\n<li>Bachillerato<\/li>\n\n\n\n<li>T\u00e9cnico de grado medio<\/li>\n<\/ul>\n\n\n\n<p><\/p>\n\n\n\n<p>Importe de la tasa de duplicado: 15,76\u20ac<\/p>\n\n\n\n<p><strong>TRAMITACI\u00d3N Y PAGO DE LA TASA (MODELO 030):<\/strong><\/p>\n\n\n\n<p><a href=\"https:\/\/site.educa.madrid.org\/ies.velazquez.torrelodones\/\/wp-content\/uploads\/ies.velazquez.torrelodones\/2025\/10\/GUIA-PAGO-TASAS-DUPLICADO-TITULO.pdf\" target=\"_blank\" rel=\"noreferrer noopener\">Instrucciones para la tramitaci\u00f3n del pago de la tasa<\/a>: <\/p>\n\n\n\n<p><a href=\"https:\/\/gestiona7.madrid.org\/rtas_webapp_pagotasas\/#!\/main\" target=\"_blank\" rel=\"noreferrer noopener\">https:\/\/gestiona7.madrid.org\/rtas_webapp_pagotasas\/#!\/main<\/a><\/p>\n\n\n\n<p>El plazo para la recogida de un duplicado puede tardar entre 1 y 2 a\u00f1os.<\/p>\n\n\n\n<p>Desde la&nbsp;<strong><em>p\u00e1gina web de Ministerio de Educaci\u00f3n<\/em><\/strong>&nbsp;pueden descargarse al instante, un certificado que demuestra la posesi\u00f3n del t\u00edtulo requerido en el siguiente enlace:<\/p>\n\n\n\n<p><a href=\"https:\/\/urldefense.com\/v3\/__http:\/www.educacionyfp.gob.es\/servicios-al-ciudadano\/catalogo\/general\/20\/202363\/ficha\/202363.html__;!!D9dNQwwGXtA!UcHl3rwmFcdnlaGYmjSpnyZpq5WxoB9iPTUhh98fWFmdk4SKRAMeSL3nmBxwBX5yECmErS9ihj90pzOLvf_r9FwX1cOWBoQ6RdOZWu56z8Y$\" target=\"_blank\" rel=\"noreferrer noopener\">http:\/\/www.educacionyfp.gob.es\/servicios-al-ciudadano\/catalogo\/general\/20\/202363\/ficha\/202363.html<\/a><\/p>\n\n\n\n<div style=\"height:100px\" aria-hidden=\"true\" class=\"wp-block-spacer\"><\/div>\n","protected":false},"excerpt":{"rendered":"<p>Necesito un duplicado El tr\u00e1mite debes iniciarlo en el centro docente donde estudiaste. Si quieres pedir un duplicado de un t\u00edtulo de ense\u00f1anzas no gratuitas, tendr\u00e1s que abonar una tasa, &#8230;<\/p>\n","protected":false},"author":2,"featured_media":0,"parent":0,"menu_order":0,"comment_status":"closed","ping_status":"closed","template":"","meta":{"footnotes":""},"folder":[],"class_list":["post-3128","page","type-page","status-publish","hentry"],"rttpg_featured_image_url":null,"rttpg_author":{"display_name":"tic.ies.velazquez.torrelodones","author_link":"https:\/\/site.educa.madrid.org\/ies.velazquez.torrelodones\/index.php\/author\/cuenta_tic-ies-velazquez-torrelodones\/"},"rttpg_comment":0,"rttpg_category":false,"rttpg_excerpt":"Necesito un duplicado El tr\u00e1mite debes iniciarlo en el centro docente donde estudiaste. Si quieres pedir un duplicado de un t\u00edtulo de ense\u00f1anzas no gratuitas, tendr\u00e1s que abonar una tasa, ...","post_mailing_queue_ids":[],"_links":{"self":[{"href":"https:\/\/site.educa.madrid.org\/ies.velazquez.torrelodones\/index.php\/wp-json\/wp\/v2\/pages\/3128","targetHints":{"allow":["GET"]}}],"collection":[{"href":"https:\/\/site.educa.madrid.org\/ies.velazquez.torrelodones\/index.php\/wp-json\/wp\/v2\/pages"}],"about":[{"href":"https:\/\/site.educa.madrid.org\/ies.velazquez.torrelodones\/index.php\/wp-json\/wp\/v2\/types\/page"}],"author":[{"embeddable":true,"href":"https:\/\/site.educa.madrid.org\/ies.velazquez.torrelodones\/index.php\/wp-json\/wp\/v2\/users\/2"}],"replies":[{"embeddable":true,"href":"https:\/\/site.educa.madrid.org\/ies.velazquez.torrelodones\/index.php\/wp-json\/wp\/v2\/comments?post=3128"}],"version-history":[{"count":6,"href":"https:\/\/site.educa.madrid.org\/ies.velazquez.torrelodones\/index.php\/wp-json\/wp\/v2\/pages\/3128\/revisions"}],"predecessor-version":[{"id":3145,"href":"https:\/\/site.educa.madrid.org\/ies.velazquez.torrelodones\/index.php\/wp-json\/wp\/v2\/pages\/3128\/revisions\/3145"}],"wp:attachment":[{"href":"https:\/\/site.educa.madrid.org\/ies.velazquez.torrelodones\/index.php\/wp-json\/wp\/v2\/media?parent=3128"}],"wp:term":[{"taxonomy":"folder","embeddable":true,"href":"https:\/\/site.educa.madrid.org\/ies.velazquez.torrelodones\/index.php\/wp-json\/wp\/v2\/folder?post=3128"}],"curies":[{"name":"wp","href":"https:\/\/api.w.org\/{rel}","templated":true}]}}