{"id":3179,"date":"2025-12-17T09:26:26","date_gmt":"2025-12-17T08:26:26","guid":{"rendered":"https:\/\/site.educa.madrid.org\/ies.velazquez.torrelodones\/?page_id=3179"},"modified":"2026-03-12T08:07:06","modified_gmt":"2026-03-12T07:07:06","slug":"proceso-admision-eso-y-bachillerato-2026-2027","status":"publish","type":"page","link":"https:\/\/site.educa.madrid.org\/ies.velazquez.torrelodones\/index.php\/proceso-admision-eso-y-bachillerato-2026-2027\/","title":{"rendered":"Proceso Admisi\u00f3n ESO y Bachillerato 2026-2027"},"content":{"rendered":"\n<div style=\"height:50px\" aria-hidden=\"true\" class=\"wp-block-spacer\"><\/div>\n\n\n\n<div class=\"wp-block-columns is-layout-flex wp-container-core-columns-is-layout-9d6595d7 wp-block-columns-is-layout-flex\">\n<div class=\"wp-block-column is-layout-flow wp-block-column-is-layout-flow\" style=\"flex-basis:60%\">\n<p><strong><a href=\"https:\/\/www.comunidad.madrid\/servicios\/educacion\/solicita-tu-admision-educacion-infantil-obligatoria-bachillerato#panel-358424\" target=\"_blank\" rel=\"noreferrer noopener\">Proceso de admisi\u00f3n de alumnos en centros sostenidos con fondos p\u00fablicos.<\/a><\/strong><\/p>\n\n\n\n<p>&#8211; <strong><a href=\"https:\/\/site.educa.madrid.org\/ies.velazquez.torrelodones\/\/wp-content\/uploads\/ies.velazquez.torrelodones\/2025\/12\/25_12_09-Resolucion-proceso-admision-curso-26_27.pdf\" target=\"_blank\" rel=\"noreferrer noopener\">Resoluci\u00f3n ESO Y BACHILLERATO CURSO 26-27<\/a><\/strong> <\/p>\n\n\n\n<p>&#8211; <a href=\"https:\/\/site.educa.madrid.org\/ies.velazquez.torrelodones\/index.php\/informacion-proceso-de-admision-para-el-curso-2026-27-eso-y-bachillerato\/\"><strong>M\u00e1s informaci\u00f3n proceso de admisi\u00f3n para el curso 2026-27. ESO y Bachillerato<\/strong><\/a><\/p>\n\n\n\n<p>&#8211;<strong> Calendario de actuaciones<\/strong> <\/p>\n\n\n\n<p>&#8211; <strong>Admisi\u00f3n de alumnos curso 26-27. <\/strong><a href=\"https:\/\/www.educa2.madrid.org\/web\/calendario-escolar-de-la-comunidad-de-madrid\/admision-de-alumnos-26-27.-faq1\" target=\"_blank\" rel=\"noreferrer noopener\"><strong>PREGUNTAS FRECUENTES<\/strong> &nbsp;<\/a><\/p>\n\n\n\n<ul class=\"wp-block-list\">\n<li>Requisitos<\/li>\n\n\n\n<li>Solicitudes<\/li>\n\n\n\n<li>Baremaci\u00f3n<\/li>\n\n\n\n<li>Documentaci\u00f3n<\/li>\n\n\n\n<li>N.E. Apoyo educativo<\/li>\n\n\n\n<li>Biling\u00fce\/Secci\u00f3n<\/li>\n\n\n\n<li>Baremos<\/li>\n\n\n\n<li>Reclamaciones<\/li>\n\n\n\n<li>Matriculaci\u00f3n<\/li>\n<\/ul>\n\n\n\n<p><strong>&#8211; <a href=\"https:\/\/www.educa2.madrid.org\/web\/direcciones-de-area\/escolarizacion\" target=\"_blank\" rel=\"noreferrer noopener\">Servicios de Apoyo a la Escolarizaci\u00f3n (SAE)<\/a><\/strong><\/p>\n\n\n\n<p><strong>&#8211;&nbsp;<a href=\"https:\/\/www.comunidad.madrid\/servicios\/educacion\/gestion-telematica-solicitud-admision-alumnos-secretaria-virtual\" target=\"_blank\" rel=\"noreferrer noopener\">Secretar\u00eda Virtual<\/a> <\/strong><\/p>\n\n\n\n<ul class=\"wp-block-list\">\n<li>Aplicaci\u00f3n de Gesti\u00f3n Telem\u00e1tica (RA\u00cdCES). <a href=\"https:\/\/raices.madrid.org\/secretariavirtual\/\" target=\"_blank\" rel=\"noreferrer noopener\">ACCESO A LA SECRETAR\u00cdA VIRTUAL<\/a><\/li>\n\n\n\n<li><strong>Gu\u00edas \u00fatiles para el proceso de presentaci\u00f3n de solicitudes:<\/strong>\n<ul class=\"wp-block-list\">\n<li><a href=\"https:\/\/raices.educa.madrid.org\/guia-solicitud-de-admision-segundo-ciclo-de-ed-infantil-ed-primaria-eso-bachillerato-y-ed-especial\/\" target=\"_blank\" rel=\"noreferrer noopener\">Gu\u00eda presentaci\u00f3n de solicitudes Admisi\u00f3n Segundo Ciclo de Ed. Infantil, Ed. Primaria, ESO, Bachillerato y Ed. Especial <\/a><\/li>\n\n\n\n<li><a href=\"https:\/\/raices.educa.madrid.org\/guia-de-identificacion-en-secretaria-virtual\/\" target=\"_blank\" rel=\"noreferrer noopener\">Gu\u00eda para la identificaci\u00f3n en Secretar\u00eda Virtual&nbsp;<\/a><\/li>\n<\/ul>\n<\/li>\n<\/ul>\n\n\n\n<p><strong>Una vez&nbsp;se haya accedido a la&nbsp;<em>Secretar\u00eda virtual<\/em>,&nbsp;en la opci\u00f3n de men\u00fa: \u00ab<em>Consulta de Solicitudes<\/em><\/strong>\u00ab<strong>&nbsp;<\/strong>se podr\u00e1n consultar tanto, los resultados provisionales y definitivos de la baremaci\u00f3n de las solicitudes, como las adjudicaciones.<\/p>\n\n\n\n<p><strong>&#8211;&nbsp;<a href=\"https:\/\/raices.madrid.org\/secretariavirtual\/consultas\/\" target=\"_blank\" rel=\"noreferrer noopener\">Seguimiento telem\u00e1tico de las solicitudes<\/a><\/strong><\/p>\n<\/div>\n\n\n\n<div class=\"wp-block-column is-vertically-aligned-top is-layout-flow wp-block-column-is-layout-flow\" style=\"flex-basis:40%\">\n<center>\n<video width=\"420\" height=\"240\" controls>\n  <source src=\"https:\/\/site.educa.madrid.org\/ies.velazquez.torrelodones\/\/wp-content\/uploads\/ies.velazquez.torrelodones\/2026\/03\/Proceso-Admision-26_271.mp4\" type=\"video\/mp4\">\n\n<\/video>\n<\/center>\n\n\n\n<div style=\"height:31px\" aria-hidden=\"true\" class=\"wp-block-spacer\"><\/div>\n\n\n<div class=\"wp-block-image\">\n<figure class=\"aligncenter size-full\"><img loading=\"lazy\" decoding=\"async\" width=\"2000\" height=\"1125\" src=\"https:\/\/site.educa.madrid.org\/ies.velazquez.torrelodones\/\/wp-content\/uploads\/ies.velazquez.torrelodones\/2025\/12\/ANUNCIO-periodo-solictud-plaza-curso-25_26-ESo-y-Bach_page-0001.jpg\" alt=\"\" class=\"wp-image-3184\" srcset=\"https:\/\/site.educa.madrid.org\/ies.velazquez.torrelodones\/\/wp-content\/uploads\/ies.velazquez.torrelodones\/2025\/12\/ANUNCIO-periodo-solictud-plaza-curso-25_26-ESo-y-Bach_page-0001.jpg 2000w, https:\/\/site.educa.madrid.org\/ies.velazquez.torrelodones\/\/wp-content\/uploads\/ies.velazquez.torrelodones\/2025\/12\/ANUNCIO-periodo-solictud-plaza-curso-25_26-ESo-y-Bach_page-0001-300x169.jpg 300w, https:\/\/site.educa.madrid.org\/ies.velazquez.torrelodones\/\/wp-content\/uploads\/ies.velazquez.torrelodones\/2025\/12\/ANUNCIO-periodo-solictud-plaza-curso-25_26-ESo-y-Bach_page-0001-1024x576.jpg 1024w, https:\/\/site.educa.madrid.org\/ies.velazquez.torrelodones\/\/wp-content\/uploads\/ies.velazquez.torrelodones\/2025\/12\/ANUNCIO-periodo-solictud-plaza-curso-25_26-ESo-y-Bach_page-0001-768x432.jpg 768w, https:\/\/site.educa.madrid.org\/ies.velazquez.torrelodones\/\/wp-content\/uploads\/ies.velazquez.torrelodones\/2025\/12\/ANUNCIO-periodo-solictud-plaza-curso-25_26-ESo-y-Bach_page-0001-1536x864.jpg 1536w\" sizes=\"auto, (max-width: 2000px) 100vw, 2000px\" \/><\/figure>\n<\/div><\/div>\n<\/div>\n\n\n\n<p><\/p>\n","protected":false},"excerpt":{"rendered":"<p>Proceso de admisi\u00f3n de alumnos en centros sostenidos con fondos p\u00fablicos. &#8211; Resoluci\u00f3n ESO Y BACHILLERATO CURSO 26-27 &#8211; M\u00e1s informaci\u00f3n proceso de admisi\u00f3n para el curso 2026-27. ESO y &#8230;<\/p>\n","protected":false},"author":2,"featured_media":0,"parent":0,"menu_order":0,"comment_status":"closed","ping_status":"closed","template":"","meta":{"footnotes":""},"folder":[],"class_list":["post-3179","page","type-page","status-publish","hentry"],"rttpg_featured_image_url":null,"rttpg_author":{"display_name":"tic.ies.velazquez.torrelodones","author_link":"https:\/\/site.educa.madrid.org\/ies.velazquez.torrelodones\/index.php\/author\/cuenta_tic-ies-velazquez-torrelodones\/"},"rttpg_comment":0,"rttpg_category":false,"rttpg_excerpt":"Proceso de admisi\u00f3n de alumnos en centros sostenidos con fondos p\u00fablicos. &#8211; Resoluci\u00f3n ESO Y BACHILLERATO CURSO 26-27 &#8211; M\u00e1s informaci\u00f3n proceso de admisi\u00f3n para el curso 2026-27. ESO y ...","post_mailing_queue_ids":[],"_links":{"self":[{"href":"https:\/\/site.educa.madrid.org\/ies.velazquez.torrelodones\/index.php\/wp-json\/wp\/v2\/pages\/3179","targetHints":{"allow":["GET"]}}],"collection":[{"href":"https:\/\/site.educa.madrid.org\/ies.velazquez.torrelodones\/index.php\/wp-json\/wp\/v2\/pages"}],"about":[{"href":"https:\/\/site.educa.madrid.org\/ies.velazquez.torrelodones\/index.php\/wp-json\/wp\/v2\/types\/page"}],"author":[{"embeddable":true,"href":"https:\/\/site.educa.madrid.org\/ies.velazquez.torrelodones\/index.php\/wp-json\/wp\/v2\/users\/2"}],"replies":[{"embeddable":true,"href":"https:\/\/site.educa.madrid.org\/ies.velazquez.torrelodones\/index.php\/wp-json\/wp\/v2\/comments?post=3179"}],"version-history":[{"count":17,"href":"https:\/\/site.educa.madrid.org\/ies.velazquez.torrelodones\/index.php\/wp-json\/wp\/v2\/pages\/3179\/revisions"}],"predecessor-version":[{"id":3369,"href":"https:\/\/site.educa.madrid.org\/ies.velazquez.torrelodones\/index.php\/wp-json\/wp\/v2\/pages\/3179\/revisions\/3369"}],"wp:attachment":[{"href":"https:\/\/site.educa.madrid.org\/ies.velazquez.torrelodones\/index.php\/wp-json\/wp\/v2\/media?parent=3179"}],"wp:term":[{"taxonomy":"folder","embeddable":true,"href":"https:\/\/site.educa.madrid.org\/ies.velazquez.torrelodones\/index.php\/wp-json\/wp\/v2\/folder?post=3179"}],"curies":[{"name":"wp","href":"https:\/\/api.w.org\/{rel}","templated":true}]}}