{"id":3298,"date":"2026-02-23T18:41:59","date_gmt":"2026-02-23T17:41:59","guid":{"rendered":"https:\/\/site.educa.madrid.org\/ies.velazquez.torrelodones\/?page_id=3298"},"modified":"2026-04-13T08:11:59","modified_gmt":"2026-04-13T06:11:59","slug":"informacion-proceso-de-admision-para-el-curso-2026-27-eso-y-bachillerato","status":"publish","type":"page","link":"https:\/\/site.educa.madrid.org\/ies.velazquez.torrelodones\/index.php\/informacion-proceso-de-admision-para-el-curso-2026-27-eso-y-bachillerato\/","title":{"rendered":"Informaci\u00f3n proceso de admisi\u00f3n para el curso 2026-27. ESO y Bachillerato"},"content":{"rendered":"\n<div style=\"height:50px\" aria-hidden=\"true\" class=\"wp-block-spacer\"><\/div>\n\n\n\n<p>Proceso de admisi\u00f3n al curso 2026-27. ESO y Bachillerato. Plazo de presentaci\u00f3n de solicitudes del 11 al 25 de marzo.<\/p>\n\n\n\n<ul class=\"wp-block-list\">\n<li><a href=\"https:\/\/site.educa.madrid.org\/ies.velazquez.torrelodones\/\/wp-content\/uploads\/ies.velazquez.torrelodones\/2026\/03\/ANUNCIO-Puertas-abiertas-1.pdf\" target=\"_blank\" rel=\"noreferrer noopener\">Encuentros informativos con las familias y Jornada de Puertas Abiertas<\/a><\/li>\n\n\n\n<li><a href=\"https:\/\/site.educa.madrid.org\/ies.velazquez.torrelodones\/\/wp-content\/uploads\/ies.velazquez.torrelodones\/2026\/03\/00-INFORMACION-BASICA-FAMILIAS-ADMISION-2026-27-ESO_BACH.pdf\" target=\"_blank\" rel=\"noreferrer noopener\">Informaci\u00f3n b\u00e1sica para las familias.<\/a><\/li>\n\n\n\n<li><a href=\"https:\/\/site.educa.madrid.org\/ies.velazquez.torrelodones\/\/wp-content\/uploads\/ies.velazquez.torrelodones\/2026\/02\/25_12_09-Resolucion-proceso-admision-curso-26_27.pdf\" target=\"_blank\" rel=\"noreferrer noopener\">Resoluci\u00f3n Consejer\u00eda de Educaci\u00f3n con instrucciones sobre admisi\u00f3n curso 2026-2027<\/a><\/li>\n\n\n\n<li><a href=\"https:\/\/site.educa.madrid.org\/ies.velazquez.torrelodones\/\/wp-content\/uploads\/ies.velazquez.torrelodones\/2026\/03\/01a-a-VACANTES-OFERTADAS-y-nota-aclaratoria.pdf\" target=\"_blank\" rel=\"noreferrer noopener\">Plazas vacantes ofertadas y nota aclaratoria<\/a><\/li>\n\n\n\n<li><a href=\"https:\/\/site.educa.madrid.org\/ies.velazquez.torrelodones\/\/wp-content\/uploads\/ies.velazquez.torrelodones\/2026\/02\/02-RESUMEN-Calendario-Admision-ESO-Bachillerato-26_27.pdf\" target=\"_blank\" rel=\"noreferrer noopener\">Resumen calendario de admisi\u00f3n<\/a><\/li>\n\n\n\n<li><a href=\"https:\/\/site.educa.madrid.org\/ies.velazquez.torrelodones\/\/wp-content\/uploads\/ies.velazquez.torrelodones\/2026\/03\/03a-Inf-Gral-Centro-Progs_Recursos_Servicios-complem.pdf\" target=\"_blank\" rel=\"noreferrer noopener\">Informaci\u00f3n General del Centro: Programas educativos, recursos, servicios complementarios y otras informaciones.<\/a><\/li>\n\n\n\n<li><a href=\"https:\/\/site.educa.madrid.org\/ies.velazquez.torrelodones\/index.php\/informacion-y-resultados-del-centro-en-pruebas-generales\/\" data-type=\"page\" data-id=\"3326\">Estad\u00edsticas de resultados, pruebas externas y otras.<\/a><\/li>\n\n\n\n<li><a href=\"https:\/\/site.educa.madrid.org\/ies.velazquez.torrelodones\/\/wp-content\/uploads\/ies.velazquez.torrelodones\/2026\/02\/00a-Informacion-importante-1-2-3-4-ESO-admision-especifica-centro.pdf\" target=\"_blank\" rel=\"noreferrer noopener\">Informaci\u00f3n importante para admisi\u00f3n en ESO<\/a><\/li>\n\n\n\n<li><a href=\"https:\/\/site.educa.madrid.org\/ies.velazquez.torrelodones\/\/wp-content\/uploads\/ies.velazquez.torrelodones\/2026\/03\/04-Centros-adscritos-nivel-inferior-a-efectos-escolarizacion.pdf\" target=\"_blank\" rel=\"noreferrer noopener\">Centros adscritos al IES Diego Vel\u00e1zquez<\/a><\/li>\n\n\n\n<li><a href=\"https:\/\/site.educa.madrid.org\/ies.velazquez.torrelodones\/\/wp-content\/uploads\/ies.velazquez.torrelodones\/2026\/02\/05a-Criterio-complementario-de-centro-26_27.pdf\" target=\"_blank\" rel=\"noreferrer noopener\">Criterio complementario de centro<\/a><\/li>\n\n\n\n<li><a href=\"https:\/\/site.educa.madrid.org\/ies.velazquez.torrelodones\/\/wp-content\/uploads\/ies.velazquez.torrelodones\/2026\/02\/05b-Doc-solicitud-punto-Criterio-de-centro.pdf\" target=\"_blank\" rel=\"noreferrer noopener\">Documento para solicitar la puntuaci\u00f3n por el criterio complementario de centro<\/a><\/li>\n\n\n\n<li><a href=\"https:\/\/site.educa.madrid.org\/ies.velazquez.torrelodones\/\/wp-content\/uploads\/ies.velazquez.torrelodones\/2026\/02\/06-Declaracion-Responsable-Admision-26_27.pdf\" target=\"_blank\" rel=\"noreferrer noopener\">Documento declaraci\u00f3n responsable para admisi\u00f3n con una sola firma<\/a><\/li>\n\n\n\n<li><a href=\"https:\/\/site.educa.madrid.org\/ies.velazquez.torrelodones\/\/wp-content\/uploads\/ies.velazquez.torrelodones\/2026\/02\/07-Nota-informativa-instancia-unica.pdf\" target=\"_blank\" rel=\"noreferrer noopener\">Nota informativa sobre instancia \u00fanica<\/a><\/li>\n\n\n\n<li><a href=\"https:\/\/site.educa.madrid.org\/ies.velazquez.torrelodones\/\/wp-content\/uploads\/ies.velazquez.torrelodones\/2026\/04\/09-Resultado-del-sorteo-para-desempates.pdf\" target=\"_blank\" rel=\"noreferrer noopener\">Informaci\u00f3n sobre procedimiento de desempate<\/a><\/li>\n<\/ul>\n\n\n\n<p><\/p>\n","protected":false},"excerpt":{"rendered":"<p>Proceso de admisi\u00f3n al curso 2026-27. ESO y Bachillerato. Plazo de presentaci\u00f3n de solicitudes del 11 al 25 de marzo.<\/p>\n","protected":false},"author":2,"featured_media":0,"parent":0,"menu_order":0,"comment_status":"closed","ping_status":"closed","template":"","meta":{"footnotes":""},"folder":[],"class_list":["post-3298","page","type-page","status-publish","hentry"],"rttpg_featured_image_url":null,"rttpg_author":{"display_name":"tic.ies.velazquez.torrelodones","author_link":"https:\/\/site.educa.madrid.org\/ies.velazquez.torrelodones\/index.php\/author\/cuenta_tic-ies-velazquez-torrelodones\/"},"rttpg_comment":0,"rttpg_category":false,"rttpg_excerpt":"Proceso de admisi\u00f3n al curso 2026-27. ESO y Bachillerato. Plazo de presentaci\u00f3n de solicitudes del 11 al 25 de marzo.","post_mailing_queue_ids":[],"_links":{"self":[{"href":"https:\/\/site.educa.madrid.org\/ies.velazquez.torrelodones\/index.php\/wp-json\/wp\/v2\/pages\/3298","targetHints":{"allow":["GET"]}}],"collection":[{"href":"https:\/\/site.educa.madrid.org\/ies.velazquez.torrelodones\/index.php\/wp-json\/wp\/v2\/pages"}],"about":[{"href":"https:\/\/site.educa.madrid.org\/ies.velazquez.torrelodones\/index.php\/wp-json\/wp\/v2\/types\/page"}],"author":[{"embeddable":true,"href":"https:\/\/site.educa.madrid.org\/ies.velazquez.torrelodones\/index.php\/wp-json\/wp\/v2\/users\/2"}],"replies":[{"embeddable":true,"href":"https:\/\/site.educa.madrid.org\/ies.velazquez.torrelodones\/index.php\/wp-json\/wp\/v2\/comments?post=3298"}],"version-history":[{"count":17,"href":"https:\/\/site.educa.madrid.org\/ies.velazquez.torrelodones\/index.php\/wp-json\/wp\/v2\/pages\/3298\/revisions"}],"predecessor-version":[{"id":3382,"href":"https:\/\/site.educa.madrid.org\/ies.velazquez.torrelodones\/index.php\/wp-json\/wp\/v2\/pages\/3298\/revisions\/3382"}],"wp:attachment":[{"href":"https:\/\/site.educa.madrid.org\/ies.velazquez.torrelodones\/index.php\/wp-json\/wp\/v2\/media?parent=3298"}],"wp:term":[{"taxonomy":"folder","embeddable":true,"href":"https:\/\/site.educa.madrid.org\/ies.velazquez.torrelodones\/index.php\/wp-json\/wp\/v2\/folder?post=3298"}],"curies":[{"name":"wp","href":"https:\/\/api.w.org\/{rel}","templated":true}]}}