{"id":452,"date":"2020-07-22T15:45:46","date_gmt":"2020-07-22T15:45:46","guid":{"rendered":"https:\/\/site.educa.madrid.org\/ies.velazquez.torrelodones\/?page_id=452"},"modified":"2024-04-01T11:54:57","modified_gmt":"2024-04-01T09:54:57","slug":"nuestro-centro","status":"publish","type":"page","link":"https:\/\/site.educa.madrid.org\/ies.velazquez.torrelodones\/index.php\/organizacion\/nuestro-centro\/","title":{"rendered":"Nuestro centro"},"content":{"rendered":"\n<p>Las ense\u00f1anzas impartidas son:<\/p>\n\n\n\n<p><strong>ESO: proyectos Triling\u00fce -espa\u00f1ol-franc\u00e9s-ingl\u00e9s- con la Secci\u00f3n Ling\u00fc\u00edstica francesa y Biling\u00fce espa\u00f1ol-ingl\u00e9s<\/strong><\/p>\n\n\n\n<p><strong>Bachillerato: Dos Modalidades, de Ciencia y Tecnolog\u00eda y de Humanidades y Ciencias Sociales<\/strong><\/p>\n\n\n\n<p><strong>Bachillerato de Excelencia en Modalidades, de Ciencia y Tecnolog\u00eda y de Humanidades y Ciencias Sociales<\/strong><\/p>\n\n\n\n<p><strong>Formaci\u00f3n Profesional B\u00e1sica de Comercio<\/strong><\/p>\n\n\n\n<p>El horario de clases es de lunes a viernes de 8:20 h a 14:15\/15:10 h,, seg\u00fan los itinerarios, programas y etapas:<\/p>\n\n\n\n<ul class=\"wp-block-list\">\n<li>En ESO los grupos biling\u00fces, de 8:20 a 14:15 h., excepto los lunes y mi\u00e9rcoles que el horario se ampl\u00eda hasta las 15:10 h.<\/li>\n\n\n\n<li>En ESO los grupos de Secci\u00f3n Ling\u00fc\u00edstica francesa triling\u00fces, de 8:20 a 15:10 h. de lunes a viernes.<\/li>\n\n\n\n<li>En Bachillerato, de 8:20 a 14:15 h.<\/li>\n\n\n\n<li>Las Aulas de Excelencia de Bachillerato, de 8:20 a 14:15 h., salvo un d\u00eda que acaban a las 15:10 h.. Adem\u00e1s, desarrollan actividades concretas en horario de tarde seg\u00fan la programaci\u00f3n de cada docente.<\/li>\n\n\n\n<li>FPB, de 8:20 a 14:15 h.<\/li>\n<\/ul>\n\n\n\n<p>El centro dispone de un Departamento de Orientaci\u00f3n conformado por distintos profesionales de la educaci\u00f3n: orientadora, docente de Pedagog\u00eda Terap\u00e9utica, docente de Servicios a la Comunidad, Fisioterapeuta. Este departamento, dentro del Plan &nbsp;de Acci\u00f3n Tutorial en colaboraci\u00f3n con otras entidades, desarrolla con todos los alumnos diferentes programas&nbsp; que se desarrollan en horario escolar, en las horas de tutor\u00eda.<\/p>\n\n\n\n<p>El orientador\/a est\u00e1 a disposici\u00f3n de todos los alumnos y de sus familias para intervenir cuando sea preciso o \u00e9stas as\u00ed se&nbsp; lo demandan. Una parte muy importante de su trabajo es su labor orientadora a lo largo de la ESO, al finalizar esta etapa educativa y la de Bachillerato.<\/p>\n\n\n\n<p>Desde el curso 2023-24, y mientras se cuente con alumnos matriculados que lo requieran, se cuenta con servicio de enfermer\u00eda escolar.<\/p>\n\n\n\n<p>Uno de los aspectos que consideramos fundamental en el proceso educativo del alumnado es la relaci\u00f3n del centro con las familias. Cada clase tiene asignada un profesor-tutor que se responsabiliza de la trayectoria escolar de cada uno de sus alumnos (rendimiento acad\u00e9mico, faltas de asistencia, integraci\u00f3n y relaci\u00f3n con sus compa\u00f1eros,\u2026) El profesor-tutor tiene establecido en su horario laboral una hora semanal para atender a las familias.<\/p>\n\n\n\n<p>Adem\u00e1s, todo el profesorado que imparte clase al grupo dispone en su horario de una hora de atenci\u00f3n a familias para atender asuntos relacionados con su asignatura.<\/p>\n\n\n\n<p><br>Por su parte, el equipo directivo, previa petici\u00f3n de hora, est\u00e1 a disposici\u00f3n de todas las familias.<\/p>\n\n\n\n<p>El centro cuenta con distintas rutas de transporte escolar para los alumnos del municipio de Torrelodones que viven a m\u00e1s de tres kil\u00f3metros del centro Escolar.<\/p>\n\n\n\n<p>\u200bLa actividad lectiva se complementa con un programa de actividades complementarias y extraescolares y con la participaci\u00f3n en distintos proyectos y programas institucionales o de centro:<\/p>\n\n\n\n<ul class=\"wp-block-list\">\n<li>cuenta con la Acreditaci\u00f3n Erasmus hasta 2027 para el desarrollo de movilidades Erasmus de corta y larga duraci\u00f3n de alumnado y profesorado;<\/li>\n\n\n\n<li>Programa de intercambios escolares desde 2\u00ba ESO hasta 1\u00ba de Bachillerato;<\/li>\n\n\n\n<li>Programa PROA+ 2021-23 (<strong>Programa para la Orientaci\u00f3n, Avance y Enriquecimiento Educativo en centros)<\/strong><\/li>\n\n\n\n<li><strong>Plan Refuerza para refuerzo acad\u00e9mico en Lengua y Matem\u00e1ticas, que se ofrece en horario de tarde<\/strong><\/li>\n\n\n\n<li><strong>Programa de Innovaci\u00f3n Educativa 2021-23 (PIE);<\/strong><\/li>\n\n\n\n<li><strong>Proyecto de Digitalizaci\u00f3n de Aulas de la Comunidad de Madrid.<\/strong><\/li>\n<\/ul>\n\n\n\n<p>Para llevar a cabo su Proyecto Educativo, el centro dispone de las siguientes aulas espec\u00edficas:<\/p>\n\n\n\n<ul class=\"wp-block-list\">\n<li>4 aulas de inform\u00e1tica y rob\u00f3tica renovadas entre 2021 y 2024, adem\u00e1s de tres aulas port\u00e1tiles de inform\u00e1tica.<\/li>\n\n\n\n<li>2 Laboratorios de Biolog\u00eda y Geolog\u00eda renovados en 2023.<\/li>\n\n\n\n<li>2 Laboratorios de F\u00edsica y Qu\u00edmica renovados en 2023.<\/li>\n\n\n\n<li>Biblioteca (que funciona todos los recreos), con sala de lectura y sala de trabajo en grupo. Cuenta con servicio de pr\u00e9stamo.<\/li>\n\n\n\n<li>2 aulas de M\u00fasica.<\/li>\n\n\n\n<li>3 aulas de Dibujo, Educaci\u00f3n Pl\u00e1stica y Visual y Audiovisual.<\/li>\n\n\n\n<li>3 instalaciones deportivas con vestuarios y ba\u00f1os y 1 pista deportiva.<\/li>\n\n\n\n<li>amplia zona de recreo en espacio natural.<\/li>\n\n\n\n<li>1 aula de usos m\u00faltiples con capacidad para 100 personas.<\/li>\n\n\n\n<li>1 \u00abaula del futuro! o \u00abaula inteligente\u00bb.<\/li>\n\n\n\n<li>1 aula-estudio de radio escolar.<\/li>\n\n\n\n<li>3 aulas de desdoble.<\/li>\n\n\n\n<li>1 aula-taller de comercio y emprendimiento (en proyecto)<\/li>\n\n\n\n<li>1 aula al aire libre (en proyecto)<\/li>\n\n\n\n<li>Cafeter\u00eda.<\/li>\n<\/ul>\n\n\n\n<div style=\"height:48px\" aria-hidden=\"true\" class=\"wp-block-spacer\"><\/div>\n\n\n<div class=\"wp-block-image\">\n<figure class=\"aligncenter size-full\"><img loading=\"lazy\" decoding=\"async\" width=\"969\" height=\"768\" src=\"https:\/\/site.educa.madrid.org\/ies.velazquez.torrelodones\/\/wp-content\/uploads\/ies.velazquez.torrelodones\/2024\/04\/foto_aerea.png\" alt=\"\" class=\"wp-image-1687\" srcset=\"https:\/\/site.educa.madrid.org\/ies.velazquez.torrelodones\/\/wp-content\/uploads\/ies.velazquez.torrelodones\/2024\/04\/foto_aerea.png 969w, https:\/\/site.educa.madrid.org\/ies.velazquez.torrelodones\/\/wp-content\/uploads\/ies.velazquez.torrelodones\/2024\/04\/foto_aerea-300x238.png 300w, https:\/\/site.educa.madrid.org\/ies.velazquez.torrelodones\/\/wp-content\/uploads\/ies.velazquez.torrelodones\/2024\/04\/foto_aerea-768x609.png 768w\" sizes=\"auto, (max-width: 969px) 100vw, 969px\" \/><\/figure>\n<\/div>","protected":false},"excerpt":{"rendered":"<p>Las ense\u00f1anzas impartidas son: ESO: proyectos Triling\u00fce -espa\u00f1ol-franc\u00e9s-ingl\u00e9s- con la Secci\u00f3n Ling\u00fc\u00edstica francesa y Biling\u00fce espa\u00f1ol-ingl\u00e9s Bachillerato: Dos Modalidades, de Ciencia y Tecnolog\u00eda y de Humanidades y Ciencias Sociales Bachillerato &#8230;<\/p>\n","protected":false},"author":2,"featured_media":0,"parent":441,"menu_order":0,"comment_status":"closed","ping_status":"closed","template":"","meta":{"footnotes":""},"folder":[],"class_list":["post-452","page","type-page","status-publish","hentry"],"rttpg_featured_image_url":null,"rttpg_author":{"display_name":"tic.ies.velazquez.torrelodones","author_link":"https:\/\/site.educa.madrid.org\/ies.velazquez.torrelodones\/index.php\/author\/cuenta_tic-ies-velazquez-torrelodones\/"},"rttpg_comment":0,"rttpg_category":false,"rttpg_excerpt":"Las ense\u00f1anzas impartidas son: ESO: proyectos Triling\u00fce -espa\u00f1ol-franc\u00e9s-ingl\u00e9s- con la Secci\u00f3n Ling\u00fc\u00edstica francesa y Biling\u00fce espa\u00f1ol-ingl\u00e9s Bachillerato: Dos Modalidades, de Ciencia y Tecnolog\u00eda y de Humanidades y Ciencias Sociales Bachillerato ...","post_mailing_queue_ids":[],"_links":{"self":[{"href":"https:\/\/site.educa.madrid.org\/ies.velazquez.torrelodones\/index.php\/wp-json\/wp\/v2\/pages\/452","targetHints":{"allow":["GET"]}}],"collection":[{"href":"https:\/\/site.educa.madrid.org\/ies.velazquez.torrelodones\/index.php\/wp-json\/wp\/v2\/pages"}],"about":[{"href":"https:\/\/site.educa.madrid.org\/ies.velazquez.torrelodones\/index.php\/wp-json\/wp\/v2\/types\/page"}],"author":[{"embeddable":true,"href":"https:\/\/site.educa.madrid.org\/ies.velazquez.torrelodones\/index.php\/wp-json\/wp\/v2\/users\/2"}],"replies":[{"embeddable":true,"href":"https:\/\/site.educa.madrid.org\/ies.velazquez.torrelodones\/index.php\/wp-json\/wp\/v2\/comments?post=452"}],"version-history":[{"count":4,"href":"https:\/\/site.educa.madrid.org\/ies.velazquez.torrelodones\/index.php\/wp-json\/wp\/v2\/pages\/452\/revisions"}],"predecessor-version":[{"id":1688,"href":"https:\/\/site.educa.madrid.org\/ies.velazquez.torrelodones\/index.php\/wp-json\/wp\/v2\/pages\/452\/revisions\/1688"}],"up":[{"embeddable":true,"href":"https:\/\/site.educa.madrid.org\/ies.velazquez.torrelodones\/index.php\/wp-json\/wp\/v2\/pages\/441"}],"wp:attachment":[{"href":"https:\/\/site.educa.madrid.org\/ies.velazquez.torrelodones\/index.php\/wp-json\/wp\/v2\/media?parent=452"}],"wp:term":[{"taxonomy":"folder","embeddable":true,"href":"https:\/\/site.educa.madrid.org\/ies.velazquez.torrelodones\/index.php\/wp-json\/wp\/v2\/folder?post=452"}],"curies":[{"name":"wp","href":"https:\/\/api.w.org\/{rel}","templated":true}]}}