{"id":455,"date":"2020-07-22T15:48:05","date_gmt":"2020-07-22T15:48:05","guid":{"rendered":"https:\/\/site.educa.madrid.org\/ies.velazquez.torrelodones\/?page_id=455"},"modified":"2025-08-27T09:12:03","modified_gmt":"2025-08-27T07:12:03","slug":"equipo-directivo","status":"publish","type":"page","link":"https:\/\/site.educa.madrid.org\/ies.velazquez.torrelodones\/index.php\/organizacion\/equipo-directivo\/","title":{"rendered":"Equipo directivo"},"content":{"rendered":"\n<div style=\"height:59px\" aria-hidden=\"true\" class=\"wp-block-spacer\"><\/div>\n\n\n\n<p><strong>DIRECTOR:<\/strong> Jos\u00e9 Miguel Campo Rizo, <a href=\"mailto:ies.velazquez.torrelodones@educa.madrid.org\">ies.velazquez.torrelodones@educa.madrid.org<\/a><\/p>\n\n\n\n<p><strong>JEFA DE ESTUDIOS<\/strong>: Covadonga Segovia Hijarrubia, <a href=\"mailto:jestudios.ies.velazquez.torrelodones@educa.madrid.org\">jestudios.ies.velazquez.torrelodones@educa.madrid.org<\/a><\/p>\n\n\n\n<p><strong>JEFA DE ESTUDIOS DE SECUNDARIA<\/strong> (1\u00ba, 2\u00ba, 3\u00ba ESO y 1\u00ba FPB): Marian Hermida Gonz\u00e1lez, <a href=\"mailto:marian.hermida@educa.madrid.org\">marian.hermida@educa.madrid.org<\/a><\/p>\n\n\n\n<p><strong>JEFA DE ESTUDIOS DE BACHILLERATO<\/strong> (4\u00ba ESO, 2\u00ba FPB, 1\u00ba y 2\u00ba Bachillerato): Luc\u00eda Sierra Rodr\u00edguez, <a href=\"mailto:lsierrarodriguez@educa.madrid.org\">lsierrarodriguez@educa.madrid.org<\/a><\/p>\n\n\n\n<p><strong>JEFA DE ESTUDIOS DE SECCI\u00d3N LING\u00dc\u00cdSTICA FRANCESA<\/strong>: Ana Bel\u00e9n Rivera Ortega, <a href=\"mailto:arivera@educa.madrid.org\">arivera@educa.madrid.org<\/a><\/p>\n\n\n\n<p><strong>SECRETARIA<\/strong>: Sara Mart\u00edn Fuentes, <a href=\"mailto:secretaria.ies.velazquez.torrelodones@educa.madrid.org\">secretaria.ies.velazquez.torrelodones@educa.madrid.org<\/a><\/p>\n\n\n\n<p>Para garantizar una mejor atenci\u00f3n, se recomienda pedir cita previamente. Pueden solicitarla por tel\u00e9fono (91 859 04 05), a trav\u00e9s de la agenda del alumno o v\u00eda email (ies.velazquez.torrelodones@educa.madrid.org).<\/p>\n\n\n\n<div style=\"height:100px\" aria-hidden=\"true\" class=\"wp-block-spacer\"><\/div>\n\n\n\n<ul class=\"wp-block-list\">\n<li><\/li>\n<\/ul>\n","protected":false},"excerpt":{"rendered":"<p>DIRECTOR: Jos\u00e9 Miguel Campo Rizo, ies.velazquez.torrelodones@educa.madrid.org JEFA DE ESTUDIOS: Covadonga Segovia Hijarrubia, jestudios.ies.velazquez.torrelodones@educa.madrid.org JEFA DE ESTUDIOS DE SECUNDARIA (1\u00ba, 2\u00ba, 3\u00ba ESO y 1\u00ba FPB): Marian Hermida Gonz\u00e1lez, marian.hermida@educa.madrid.org JEFA &#8230;<\/p>\n","protected":false},"author":2,"featured_media":0,"parent":441,"menu_order":0,"comment_status":"closed","ping_status":"closed","template":"","meta":{"footnotes":""},"folder":[],"class_list":["post-455","page","type-page","status-publish","hentry"],"rttpg_featured_image_url":null,"rttpg_author":{"display_name":"tic.ies.velazquez.torrelodones","author_link":"https:\/\/site.educa.madrid.org\/ies.velazquez.torrelodones\/index.php\/author\/cuenta_tic-ies-velazquez-torrelodones\/"},"rttpg_comment":0,"rttpg_category":false,"rttpg_excerpt":"DIRECTOR: Jos\u00e9 Miguel Campo Rizo, ies.velazquez.torrelodones@educa.madrid.org JEFA DE ESTUDIOS: Covadonga Segovia Hijarrubia, jestudios.ies.velazquez.torrelodones@educa.madrid.org JEFA DE ESTUDIOS DE SECUNDARIA (1\u00ba, 2\u00ba, 3\u00ba ESO y 1\u00ba FPB): Marian Hermida Gonz\u00e1lez, marian.hermida@educa.madrid.org JEFA ...","post_mailing_queue_ids":[],"_links":{"self":[{"href":"https:\/\/site.educa.madrid.org\/ies.velazquez.torrelodones\/index.php\/wp-json\/wp\/v2\/pages\/455","targetHints":{"allow":["GET"]}}],"collection":[{"href":"https:\/\/site.educa.madrid.org\/ies.velazquez.torrelodones\/index.php\/wp-json\/wp\/v2\/pages"}],"about":[{"href":"https:\/\/site.educa.madrid.org\/ies.velazquez.torrelodones\/index.php\/wp-json\/wp\/v2\/types\/page"}],"author":[{"embeddable":true,"href":"https:\/\/site.educa.madrid.org\/ies.velazquez.torrelodones\/index.php\/wp-json\/wp\/v2\/users\/2"}],"replies":[{"embeddable":true,"href":"https:\/\/site.educa.madrid.org\/ies.velazquez.torrelodones\/index.php\/wp-json\/wp\/v2\/comments?post=455"}],"version-history":[{"count":7,"href":"https:\/\/site.educa.madrid.org\/ies.velazquez.torrelodones\/index.php\/wp-json\/wp\/v2\/pages\/455\/revisions"}],"predecessor-version":[{"id":3089,"href":"https:\/\/site.educa.madrid.org\/ies.velazquez.torrelodones\/index.php\/wp-json\/wp\/v2\/pages\/455\/revisions\/3089"}],"up":[{"embeddable":true,"href":"https:\/\/site.educa.madrid.org\/ies.velazquez.torrelodones\/index.php\/wp-json\/wp\/v2\/pages\/441"}],"wp:attachment":[{"href":"https:\/\/site.educa.madrid.org\/ies.velazquez.torrelodones\/index.php\/wp-json\/wp\/v2\/media?parent=455"}],"wp:term":[{"taxonomy":"folder","embeddable":true,"href":"https:\/\/site.educa.madrid.org\/ies.velazquez.torrelodones\/index.php\/wp-json\/wp\/v2\/folder?post=455"}],"curies":[{"name":"wp","href":"https:\/\/api.w.org\/{rel}","templated":true}]}}