{"id":1294,"date":"2021-05-20T17:39:39","date_gmt":"2021-05-20T17:39:39","guid":{"rendered":"https:\/\/site.educa.madrid.org\/ies.victoria.villarejo\/?page_id=1294"},"modified":"2026-04-15T12:52:51","modified_gmt":"2026-04-15T10:52:51","slug":"admision-a-ciclos-de-formacion-profesional-basica-curso-2021-22","status":"publish","type":"page","link":"https:\/\/site.educa.madrid.org\/ies.victoria.villarejo\/index.php\/admision-a-ciclos-de-formacion-profesional-basica-curso-2021-22\/","title":{"rendered":"ADMISI\u00d3N A CICLOS DE FORMATIVOS DE GRADO B\u00c1SICO"},"content":{"rendered":"\n<p>C\u00f3digo Centro<strong> 28025658<\/strong><\/p>\n\n\n\n<figure class=\"wp-block-table\"><table><tbody><tr><td class=\"has-text-align-center\" data-align=\"center\">DENOMINACI\u00d3N DEL CICLO FORMATIVO &nbsp;<\/td><td class=\"has-text-align-center\" data-align=\"center\">SERVICIOS ADMINISTRATIVOS<\/td><\/tr><tr><td class=\"has-text-align-center\" data-align=\"center\">C\u00d3DIGO DE CICLO FORMATIVO &nbsp;<\/td><td class=\"has-text-align-center\" data-align=\"center\">ADGB01<\/td><\/tr><tr><td class=\"has-text-align-center\" data-align=\"center\"><strong>DENOMINACI\u00d3N DEL CICLO FORMATIVO<\/strong> <strong>&nbsp;<\/strong><\/td><td class=\"has-text-align-center\" data-align=\"center\"><strong>FABRICACI\u00d3N Y MONTAJE<\/strong><\/td><\/tr><tr><td class=\"has-text-align-center\" data-align=\"center\"><strong>C\u00d3DIGO DE CICLO FORMATIVO<\/strong> <strong>&nbsp;<\/strong><\/td><td class=\"has-text-align-center\" data-align=\"center\"><strong>FMEB01<\/strong><\/td><\/tr><tr><td class=\"has-text-align-center\" data-align=\"center\">DENOMINACI\u00d3N DEL CICLO FORMATIVO &nbsp;<\/td><td class=\"has-text-align-center\" data-align=\"center\">MANTENIMIENTO DE VEH\u00cdCULOS<\/td><\/tr><tr><td class=\"has-text-align-center\" data-align=\"center\">C\u00d3DIGO DE CICLO FORMATIVO &nbsp;<\/td><td class=\"has-text-align-center\" data-align=\"center\">TMVB01<\/td><\/tr><\/tbody><\/table><\/figure>\n\n\n\n<p><mark style=\"background-color:rgba(0, 0, 0, 0)\" class=\"has-inline-color has-vivid-red-color\"><strong>PLAZO DE PRESENTACI\u00d3N DE&nbsp;LA SOLICITUD DE ADMISI\u00d3N CURSO 2025\/2026:<\/strong><\/mark><\/p>\n\n\n\n<div class=\"wp-block-buttons is-layout-flex wp-block-buttons-is-layout-flex\">\n<div class=\"wp-block-button has-custom-width wp-block-button__width-100 is-style-fill\"><a class=\"wp-block-button__link has-vivid-purple-background-color has-background wp-element-button\" href=\"https:\/\/site.educa.madrid.org\/ies.victoria.villarejo\/\/wp-content\/uploads\/ies.victoria.villarejo\/2025\/06\/CALENDARIO-DE-ADMISION-CICLOS-FORMATIVOS-DE-GRADO-BASICO-1.pdf\">CALENDARIO DE ACTUACIONES GRADO B\u00c1SICO 2025\/2026<\/a><\/div>\n<\/div>\n\n\n\n<p class=\"has-pale-cyan-blue-background-color has-background\">A fin de&nbsp;<strong>agilizar la entrega de documentaci\u00f3n<\/strong>&nbsp;en secretar\u00eda,&nbsp;rogamos traigan la hoja de solicitud debidamente cumplimentada y firmada, as\u00ed como el resto de documentaci\u00f3n necesaria.<br>LES RECORDAMOS QUE SOLO SE RECOGER\u00c1N LAS SOLICITUDES QUE EST\u00c9N DEBIDAMENTE CUMPLIMENTADAS Y FIRMADAS Y JUNTO CON TODOS LOS DOCUMENTOS REQUERIDOS.<\/p>\n\n\n\n<p class=\"has-cyan-bluish-gray-background-color has-background\"><strong><mark style=\"background-color:rgba(0, 0, 0, 0)\" class=\"has-inline-color has-white-color\">El acceso a los ciclos de Formaci\u00f3n Profesional B\u00e1sica requerir\u00e1 el cumplimiento simult\u00e1neo de las siguientes condiciones:<\/mark><\/strong><\/p>\n\n\n\n<ul class=\"wp-block-list\">\n<li>Tener <strong>cumplidos quince a\u00f1os<\/strong> o cumplirlos durante el <strong>a\u00f1o natural en curso<\/strong>.<\/li>\n\n\n\n<li>Haber cursado el <strong>tercer curso de la ESO<\/strong>, o, excepcionalmente, haber cursado segundo curso.<\/li>\n\n\n\n<li>Ser objeto de propuesta o solicitar a petici\u00f3n propia* (<strong>Anexo III<\/strong>), junto con los padres madres o tutores legales, la incorporaci\u00f3n a un ciclo formativo de grado b\u00e1sico.<\/li>\n<\/ul>\n\n\n\n<p>* La petici\u00f3n propia podr\u00e1 ser realizada por los alumnos escolarizados en el sistema educativo espa\u00f1ol en 3\u00ba o 4\u00ba curso de Educaci\u00f3n Secundaria Obligatoria, de diecis\u00e9is a\u00f1os cumplidos en el momento de presentarse la solicitud de admisi\u00f3n o diecisiete a\u00f1os cumplidos en el a\u00f1o natural en curso.<\/p>\n\n\n\n<p class=\"has-white-color has-cyan-bluish-gray-background-color has-text-color has-background\"><strong><mark style=\"background-color:rgba(0, 0, 0, 0)\" class=\"has-inline-color has-white-color\">Para formalizar la preinscripci\u00f3n es necesario aportar los siguientes documentos:<\/mark><\/strong><\/p>\n\n\n\n<ul class=\"wp-block-list\">\n<li class=\"has-black-color has-text-color has-link-color wp-elements-5d3ee71b54fc6b818223a104c68f30d6\"><a href=\"https:\/\/site.educa.madrid.org\/ies.victoria.villarejo\/\/wp-content\/uploads\/ies.victoria.villarejo\/2025\/06\/Solicitud_gb_gm_gs_2025-2026_Editable-2.pdf\" target=\"_blank\" rel=\"noreferrer noopener\"><mark style=\"background-color:rgba(0, 0, 0, 0)\" class=\"has-inline-color has-vivid-cyan-blue-color\"><strong>Instancia de solicitud de admisi\u00f3n<\/strong><\/mark><\/a> (editable) <mark style=\"background-color:rgba(0, 0, 0, 0)\" class=\"has-inline-color has-black-color\">Firmada por el padre\/madre, tutor\/a, para alumnos\/as menores de 18 a\u00f1os<\/mark><mark style=\"background-color:rgba(0, 0, 0, 0)\" class=\"has-inline-color has-vivid-cyan-blue-color\">. <\/mark>Se cumplimentar\u00e1 y se podr\u00e1 presentar a\u202ftrav\u00e9s la Secretar\u00eda Virtual&nbsp;<a href=\"https:\/\/raices.madrid.org\/secretariavirtual\/\" target=\"_blank\" rel=\"noreferrer noopener\">https:\/\/raices.madrid.org\/secretariavirtual\/<\/a> o de forma presencial en el centro.<\/li>\n\n\n\n<li class=\"has-black-color has-text-color has-link-color wp-elements-3b3078d1bd692a76f6a201c03c3bf1aa\"><a href=\"https:\/\/site.educa.madrid.org\/ies.victoria.villarejo\/\/wp-content\/uploads\/ies.victoria.villarejo\/2023\/04\/declaracion_reponsable-2023-2024.pdf\" target=\"_blank\" rel=\"noreferrer noopener\"><strong>Declaraci\u00f3n responsable<\/strong><\/a>. SOLO PARA AQUELLOS ALUMNOS&nbsp;MENORES DE EDAD&nbsp;que presenten la&nbsp;solicitud con la firma de un solo progenitor.<\/li>\n\n\n\n<li class=\"has-black-color has-text-color has-link-color wp-elements-dbddbe805fbb63d5088a5d2e593ec7ba\"><strong><strong>Fotocopia de la Documentaci\u00f3n acreditativa de su identidad y original para su cotejo<\/strong><\/strong>. (DNI, NIE o pasaporte)<\/li>\n\n\n\n<li class=\"has-black-color has-text-color has-link-color wp-elements-8ae76b3fb75a29ecf571bc15164b5efa\"><strong>Documentaci\u00f3n acad\u00e9mica<\/strong> que acredite que re\u00fane los requisitos de acceso y, en su caso, documentaci\u00f3n complementaria que permita aplicar el baremo del Anexo I de las Instrucciones de acceso y admisi\u00f3n.<\/li>\n\n\n\n<li class=\"has-black-color has-text-color has-link-color wp-elements-0a987397764dd4be2a676d0633c2408d\">Copia del documento de <strong>consentimiento de los padres o tutores legales<\/strong> sobre la propuesta para incorporaci\u00f3n a Ciclos Formativos de Grado B\u00e1sico, sellado por el centro de origen. O <strong>Anexo III<\/strong>, en el caso de solicitud a petici\u00f3n propia.<\/li>\n\n\n\n<li class=\"has-black-color has-text-color has-link-color wp-elements-e6bfbc2702ba17b47a4e1b6dc8cedef0\">Quienes opten a plazas reservadas para alumnos con discapacidad, deber\u00e1n acompa\u00f1ar, el correspondiente certificado emitido por los \u00f3rganos competentes de las Comunidades Aut\u00f3nomas. (5% del total de plazas)<\/li>\n\n\n\n<li class=\"has-black-color has-text-color has-link-color wp-elements-e835410fe0b014586a01041d245f4ade\">Quienes soliciten plazas reservadas para deportistas de alto nivel o alto rendimiento deber\u00e1n acompa\u00f1ar el certificado acreditativo correspondiente o la fotocopia de la relaci\u00f3n vigente de deportistas de alto nivel publicada en el BOE en la que el solicitante est\u00e9 incluido. (5% del total de plazas)<br><br><mark style=\"background-color:rgba(0, 0, 0, 0)\" class=\"has-inline-color has-vivid-red-color\"><strong>Se tendr\u00e1 que presentar la documentaci\u00f3n original y copia para su cotejo.<\/strong><\/mark><\/li>\n<\/ul>\n\n\n\n<p><\/p>\n\n\n\n<p class=\"has-white-color has-cyan-bluish-gray-background-color has-text-color has-background\"><strong><mark style=\"background-color:rgba(0, 0, 0, 0)\" class=\"has-inline-color has-white-color\">Plazas <\/mark>del centro:<\/strong><\/p>\n\n\n\n<p class=\"has-black-color has-text-color has-link-color wp-elements-e76e2ec352b68ce0120e40ca0ae457ff\">1\u00ba Servicios Administrativos: <strong> 17 PLAZAS<\/strong> <br>1\u00ba Fabricaci\u00f3n y Montaje:<strong> 40 PLAZAS<\/strong> (pendiente de publicar)<br>1\u00ba Mantenimiento de Veh\u00edculos: <strong>31 PLAZAS<\/strong> (pendiente de publicar)<\/p>\n\n\n\n<div class=\"wp-block-buttons is-layout-flex wp-block-buttons-is-layout-flex\">\n<div class=\"wp-block-button has-custom-width wp-block-button__width-100 is-style-fill\"><a class=\"wp-block-button__link has-vivid-cyan-blue-background-color has-background wp-element-button\" style=\"border-radius:0px\">LISTADOS DEFINITIVOS FASE EXTRAORDINARIA<\/a><\/div>\n<\/div>\n\n\n\n<p><mark style=\"background-color:rgba(0, 0, 0, 0)\" class=\"has-inline-color has-vivid-cyan-blue-color\">LISTADO DE SOLICITUDES PRESENTADAS EN FASE EXTRAORDINARIA<\/mark><\/p>\n\n\n\n<div class=\"wp-block-buttons is-layout-flex wp-block-buttons-is-layout-flex\">\n<div class=\"wp-block-button has-custom-width wp-block-button__width-100 is-style-outline is-style-outline--1\"><a class=\"wp-block-button__link has-white-color has-vivid-cyan-blue-background-color has-text-color has-background has-link-color wp-element-button\" style=\"border-radius:0px\">LISTADOS DEFINITIVOS 2\u00aa FASE<\/a><\/div>\n<\/div>\n\n\n\n<p>LISTADO DE ALUMNOS ADMITIDOS EN SEGUNDA FASE<\/p>\n\n\n\n<p>LISTADOS DE ALUMNOS ADMITIDOS POR CENTRO Y CICLO<\/p>\n\n\n\n<p>LISTADOS DE ALUMNOS NO ADMITIDOS EN SEGUNDA FASE<\/p>\n\n\n\n<div class=\"wp-block-buttons is-layout-flex wp-block-buttons-is-layout-flex\">\n<div class=\"wp-block-button has-custom-width wp-block-button__width-100 is-style-fill\"><a class=\"wp-block-button__link has-vivid-cyan-blue-background-color has-background wp-element-button\" style=\"border-radius:5px\">LISTADOS DEFINITIVOS 1\u00ba FASE<\/a><\/div>\n<\/div>\n\n\n\n<p><strong>LISTADOS DEFINITIVOS DE ADMITIDOS <\/strong><\/p>\n\n\n\n<p>LISTADO DEFINITIVO DE ADMITIDOS POR CENTRO DE ADMISI\u00d3N <\/p>\n\n\n\n<p>LISTADO DEFINITIVO DE ADMITIDOS POR CENTRO DE ADMISI\u00d3N ORDEN ALFAB\u00c9TICO <\/p>\n\n\n\n<p>LISTADO DE ALUMNOS NO ADMITIDOS<\/p>\n\n\n\n<p>LISTADO DEFINITIVO DE ADMITIDOS POR CENTRO DE SOLICITUD<\/p>\n\n\n\n<p><\/p>\n\n\n\n<p class=\"has-small-font-size\">*Se recuerda a los alumnos admitidos que el plazo de matr\u00edcula es del 10 al 14 de julio. Si no presentar\u00e1n la matr\u00edcula en ese plazo decaer\u00e1 su derecho a matr\u00edcula en favor de los alumnos en lista de espera (por orden de puntuaci\u00f3n).<\/p>\n\n\n\n<p><strong>LISTADOS DEFINITIVOS DE EXCLUIDOS <\/strong><\/p>\n\n\n\n<div class=\"wp-block-buttons is-layout-flex wp-block-buttons-is-layout-flex\">\n<div class=\"wp-block-button has-custom-width wp-block-button__width-100 is-style-fill\"><a class=\"wp-block-button__link has-vivid-cyan-blue-background-color has-background wp-element-button\" style=\"border-radius:0px\"><mark style=\"background-color:rgba(0, 0, 0, 0)\" class=\"has-inline-color has-white-color\"><strong>ADMISI\u00d3N 1\u00aa FASE: LISTADOS DE SOLICITUDES BAREMADAS<\/strong><\/mark> <\/a><\/div>\n<\/div>\n\n\n\n<p>PINCHA AQU\u00cd PARA SABER LAS PLAZAS VACANTES<\/p>\n\n\n\n<p class=\"has-text-align-center\"><\/p>\n\n\n\n<p>BAREMO PROVISIONAL DE SOLICITUDES GRADO B\u00c1SICO<\/p>\n\n\n\n<p>BAREMO PROVISIONAL DE SOLICITUDES EXCLUIDAS GRADO B\u00c1SICO<\/p>\n\n\n\n<p>BAREMO PROVISIONAL CENTROS ALTERNATIVOS<\/p>\n\n\n\n<p><\/p>\n\n\n\n<p><\/p>\n\n\n\n<div class=\"wp-block-buttons is-content-justification-space-between is-layout-flex wp-container-core-buttons-is-layout-3d213aab wp-block-buttons-is-layout-flex\"><\/div>\n\n\n\n<div class=\"wp-block-columns is-layout-flex wp-container-core-columns-is-layout-9d6595d7 wp-block-columns-is-layout-flex\">\n<div class=\"wp-block-column is-layout-flow wp-block-column-is-layout-flow\">\n<div class=\"wp-block-buttons is-layout-flex wp-block-buttons-is-layout-flex\">\n<div class=\"wp-block-button\"><a class=\"wp-block-button__link has-black-background-color has-background wp-element-button\" href=\"https:\/\/site.educa.madrid.org\/ies.victoria.villarejo\/\/wp-content\/uploads\/ies.victoria.villarejo\/2025\/06\/2025_05_26_instrucciones_admision_g.basico_25_26_vf_copia.pdf\">Instrucciones de Acceso y Admisi\u00f3n<\/a><\/div>\n<\/div>\n<\/div>\n\n\n\n<div class=\"wp-block-column is-layout-flow wp-block-column-is-layout-flow\">\n<div class=\"wp-block-buttons is-layout-flex wp-block-buttons-is-layout-flex\">\n<div class=\"wp-block-button\"><a class=\"wp-block-button__link wp-element-button\" href=\"https:\/\/site.educa.madrid.org\/ies.victoria.villarejo\/\/wp-content\/uploads\/ies.victoria.villarejo\/2025\/06\/ANEXO-III-INCORPORACION-A-UN-CICLO-FORMATIVO-DE-GRADO-BASICO-A-PETICION-PROPIA-EDITABLE.pdf\">Anexo III: Petici\u00f3n propia<\/a><\/div>\n<\/div>\n<\/div>\n\n\n\n<div class=\"wp-block-column is-layout-flow wp-block-column-is-layout-flow\">\n<div class=\"wp-block-buttons is-layout-flex wp-block-buttons-is-layout-flex\">\n<div class=\"wp-block-button\"><a class=\"wp-block-button__link has-black-background-color has-background wp-element-button\" href=\"https:\/\/site.educa.madrid.org\/ies.victoria.villarejo\/\/wp-content\/uploads\/ies.victoria.villarejo\/2025\/06\/CALENDARIO-DE-ADMISION-CICLOS-FORMATIVOS-DE-GRADO-BASICO.pdf\">Calendario de Actuaciones<\/a><\/div>\n<\/div>\n<\/div>\n<\/div>\n\n\n\n<p><\/p>\n","protected":false},"excerpt":{"rendered":"<p>C\u00f3digo Centro 28025658 DENOMINACI\u00d3N DEL CICLO FORMATIVO &nbsp; SERVICIOS ADMINISTRATIVOS C\u00d3DIGO DE CICLO FORMATIVO &nbsp; ADGB01 DENOMINACI\u00d3N DEL CICLO FORMATIVO &nbsp; FABRICACI\u00d3N Y MONTAJE C\u00d3DIGO DE CICLO FORMATIVO &nbsp; FMEB01 DENOMINACI\u00d3N DEL CICLO FORMATIVO &nbsp; MANTENIMIENTO DE VEH\u00cdCULOS C\u00d3DIGO DE CICLO FORMATIVO &nbsp; TMVB01 PLAZO DE PRESENTACI\u00d3N DE&nbsp;LA SOLICITUD DE ADMISI\u00d3N CURSO 2025\/2026: A fin<\/p><\/div>\n<div class=\"blog-btn\"><a href=\"https:\/\/site.educa.madrid.org\/ies.victoria.villarejo\/index.php\/admision-a-ciclos-de-formacion-profesional-basica-curso-2021-22\/\" class=\"home-blog-btn\">Leer m\u00e1s<\/a><\/p>\n","protected":false},"author":2,"featured_media":0,"parent":0,"menu_order":0,"comment_status":"closed","ping_status":"closed","template":"fullwidth-template.php","meta":{"footnotes":""},"folder":[],"class_list":["post-1294","page","type-page","status-publish","hentry"],"rttpg_featured_image_url":null,"rttpg_author":{"display_name":"tic.ies.victoria.villarejo","author_link":"https:\/\/site.educa.madrid.org\/ies.victoria.villarejo\/index.php\/author\/cuenta_tic-ies-victoria-villarejo\/"},"rttpg_comment":0,"rttpg_category":false,"rttpg_excerpt":"C\u00f3digo Centro 28025658 DENOMINACI\u00d3N DEL CICLO FORMATIVO &nbsp; SERVICIOS ADMINISTRATIVOS C\u00d3DIGO DE CICLO FORMATIVO &nbsp; ADGB01 DENOMINACI\u00d3N DEL CICLO FORMATIVO &nbsp; FABRICACI\u00d3N Y MONTAJE C\u00d3DIGO DE CICLO FORMATIVO &nbsp; FMEB01 DENOMINACI\u00d3N DEL CICLO FORMATIVO &nbsp; MANTENIMIENTO DE VEH\u00cdCULOS C\u00d3DIGO DE CICLO FORMATIVO &nbsp; TMVB01 PLAZO DE PRESENTACI\u00d3N DE&nbsp;LA SOLICITUD DE ADMISI\u00d3N CURSO 2025\/2026: A finLeer&hellip;","post_mailing_queue_ids":[],"_links":{"self":[{"href":"https:\/\/site.educa.madrid.org\/ies.victoria.villarejo\/index.php\/wp-json\/wp\/v2\/pages\/1294","targetHints":{"allow":["GET"]}}],"collection":[{"href":"https:\/\/site.educa.madrid.org\/ies.victoria.villarejo\/index.php\/wp-json\/wp\/v2\/pages"}],"about":[{"href":"https:\/\/site.educa.madrid.org\/ies.victoria.villarejo\/index.php\/wp-json\/wp\/v2\/types\/page"}],"author":[{"embeddable":true,"href":"https:\/\/site.educa.madrid.org\/ies.victoria.villarejo\/index.php\/wp-json\/wp\/v2\/users\/2"}],"replies":[{"embeddable":true,"href":"https:\/\/site.educa.madrid.org\/ies.victoria.villarejo\/index.php\/wp-json\/wp\/v2\/comments?post=1294"}],"version-history":[{"count":50,"href":"https:\/\/site.educa.madrid.org\/ies.victoria.villarejo\/index.php\/wp-json\/wp\/v2\/pages\/1294\/revisions"}],"predecessor-version":[{"id":5798,"href":"https:\/\/site.educa.madrid.org\/ies.victoria.villarejo\/index.php\/wp-json\/wp\/v2\/pages\/1294\/revisions\/5798"}],"wp:attachment":[{"href":"https:\/\/site.educa.madrid.org\/ies.victoria.villarejo\/index.php\/wp-json\/wp\/v2\/media?parent=1294"}],"wp:term":[{"taxonomy":"folder","embeddable":true,"href":"https:\/\/site.educa.madrid.org\/ies.victoria.villarejo\/index.php\/wp-json\/wp\/v2\/folder?post=1294"}],"curies":[{"name":"wp","href":"https:\/\/api.w.org\/{rel}","templated":true}]}}