{"id":1298,"date":"2021-05-20T17:49:17","date_gmt":"2021-05-20T17:49:17","guid":{"rendered":"https:\/\/site.educa.madrid.org\/ies.victoria.villarejo\/?page_id=1298"},"modified":"2026-04-15T13:31:06","modified_gmt":"2026-04-15T11:31:06","slug":"admision-a-ciclos-formativos-de-grado-medio-curso-2021-22","status":"publish","type":"page","link":"https:\/\/site.educa.madrid.org\/ies.victoria.villarejo\/index.php\/admision-a-ciclos-formativos-de-grado-medio-curso-2021-22\/","title":{"rendered":"ADMISI\u00d3N A CICLOS FORMATIVOS DE GRADO MEDIO"},"content":{"rendered":"\n<p>C\u00f3digo centro <strong>28025658<\/strong><\/p>\n\n\n\n<figure class=\"wp-block-table\"><table><tbody><tr><td class=\"has-text-align-center\" data-align=\"center\">DENOMINACI\u00d3N DEL CICLO FORMATIVO &nbsp;<\/td><td class=\"has-text-align-center\" data-align=\"center\">GESTI\u00d3N ADMINISTRATIVA<\/td><\/tr><tr><td class=\"has-text-align-center\" data-align=\"center\">C\u00d3DIGO DE CICLO FORMATIVO &nbsp;<\/td><td class=\"has-text-align-center\" data-align=\"center\">ADGM01<\/td><\/tr><tr><td class=\"has-text-align-center\" data-align=\"center\"><strong>DENOMINACI\u00d3N DEL CICLO FORMATIVO<\/strong> <strong>&nbsp;<\/strong><\/td><td class=\"has-text-align-center\" data-align=\"center\"><strong>SISTEMAS MICROINFORM\u00c1TICOS Y REDES<\/strong><\/td><\/tr><tr><td class=\"has-text-align-center\" data-align=\"center\"><strong>C\u00d3DIGO DE CICLO FORMATIVO<\/strong> <strong>&nbsp;<\/strong><\/td><td class=\"has-text-align-center\" data-align=\"center\"><strong>IFCM01<\/strong><\/td><\/tr><tr><td class=\"has-text-align-center\" data-align=\"center\">DENOMINACI\u00d3N DEL CICLO FORMATIVO &nbsp;<\/td><td class=\"has-text-align-center\" data-align=\"center\">CARROCER\u00cdA<\/td><\/tr><tr><td class=\"has-text-align-center\" data-align=\"center\">C\u00d3DIGO DE CICLO FORMATIVO &nbsp;<\/td><td class=\"has-text-align-center\" data-align=\"center\">TMVM01<\/td><\/tr><tr><td class=\"has-text-align-center\" data-align=\"center\"><strong>DENOMINACI\u00d3N DEL CICLO FORMATIVO<\/strong> <strong>&nbsp;<\/strong><\/td><td class=\"has-text-align-center\" data-align=\"center\"><strong>ELECTROMEC\u00c1NICA DE VEH\u00cdCULOS AUTOM\u00d3VILES<\/strong><\/td><\/tr><tr><td class=\"has-text-align-center\" data-align=\"center\"><strong>C\u00d3DIGO DE CICLO FORMATIVO<\/strong> <strong>&nbsp;<\/strong><\/td><td class=\"has-text-align-center\" data-align=\"center\"><strong>TMVM02<\/strong><\/td><\/tr><\/tbody><\/table><\/figure>\n\n\n\n<p><mark style=\"background-color:rgba(0, 0, 0, 0)\" class=\"has-inline-color has-vivid-red-color\"><strong>PLAZO DE PRESENTACI\u00d3N DE&nbsp;LA SOLICITUD DE ADMISI\u00d3N CURSO 2025\/2026:<\/strong><\/mark><\/p>\n\n\n\n<div class=\"wp-block-buttons is-layout-flex wp-block-buttons-is-layout-flex\">\n<div class=\"wp-block-button has-custom-width wp-block-button__width-100 is-style-outline is-style-outline--1\"><a class=\"wp-block-button__link has-white-color has-vivid-purple-background-color has-text-color has-background wp-element-button\" href=\"https:\/\/site.educa.madrid.org\/ies.victoria.villarejo\/\/wp-content\/uploads\/ies.victoria.villarejo\/2025\/06\/CALENDARIO-DE-ADMISION-CICLOS-FORMATIVOS-DE-GRADO-MEDIO.pdf\" style=\"border-radius:100px\">CALENDARIO DE ACTUACIONES GRADO MEDIO 2025\/2026<\/a><\/div>\n<\/div>\n\n\n\n<p class=\"has-pale-cyan-blue-background-color has-background\">A fin de&nbsp;<strong>agilizar la entrega de documentaci\u00f3n<\/strong>&nbsp;en secretar\u00eda,&nbsp;rogamos traigan la hoja de solicitud debidamente cumplimentada y firmada, as\u00ed como el resto de documentaci\u00f3n necesaria.<br>LES RECORDAMOS QUE SOLO SE RECOGER\u00c1N LAS SOLICITUDES QUE EST\u00c9N DEBIDAMENTE CUMPLIMENTADAS Y FIRMADAS Y CON TODOS LOS DOCUMENTOS REQUERIDOS.<\/p>\n\n\n\n<p class=\"has-white-color has-cyan-bluish-gray-background-color has-text-color has-background\"><mark style=\"background-color:rgba(0, 0, 0, 0)\" class=\"has-inline-color has-white-color\"><strong>Puedes acceder a un ciclo de&nbsp;grado medio&nbsp;cuando re\u00fanas alguno de los siguientes requisitos:<\/strong><\/mark><\/p>\n\n\n\n<p>Acceso<strong>&nbsp;directo<\/strong>:<\/p>\n\n\n\n<ul class=\"wp-block-list\">\n<li>Estar en posesi\u00f3n del&nbsp;<strong>t\u00edtulo de Graduado en Educaci\u00f3n Secundaria Obligatoria<\/strong>&nbsp;o de un nivel acad\u00e9mico superior.<\/li>\n\n\n\n<li>Estar en posesi\u00f3n de un <strong>T\u00edtulo Profesional B\u00e1sico<\/strong> (Formaci\u00f3n Profesional B\u00e1sica).<\/li>\n\n\n\n<li>Estar en posesi\u00f3n de un t\u00edtulo de T\u00e9cnico o de T\u00e9cnico Auxiliar o equivalente a efectos acad\u00e9micos.<\/li>\n\n\n\n<li>Haber superado el segundo curso del Bachillerato Unificado y Polivalente (BUP).<\/li>\n\n\n\n<li>Haber superado la prueba de acceso a la Universidad para mayores de 25 a\u00f1os.<\/li>\n<\/ul>\n\n\n\n<p>Acceso mediante<strong>&nbsp;prueba<\/strong>&nbsp;(para quienes no tengan alguno de los requisitos anteriores)<\/p>\n\n\n\n<ul class=\"wp-block-list\">\n<li>Haber superado la prueba de acceso a ciclos formativos de grado medio (se requerir\u00e1 tener, al menos, diecisiete a\u00f1os, cumplidos en el a\u00f1o de realizaci\u00f3n de la prueba).<\/li>\n<\/ul>\n\n\n\n<p class=\"has-white-color has-cyan-bluish-gray-background-color has-text-color has-background\"><mark style=\"background-color:rgba(0, 0, 0, 0)\" class=\"has-inline-color has-white-color\"><strong>Para formalizar la preinscripci\u00f3n es necesario aportar los siguientes documentos:<\/strong><\/mark><\/p>\n\n\n\n<ul class=\"wp-block-list\">\n<li class=\"has-black-color has-text-color has-link-color wp-elements-c0c37ca85b5cbc081ec23348068ca125\"><mark style=\"background-color:rgba(0, 0, 0, 0)\" class=\"has-inline-color has-vivid-cyan-blue-color\"><strong><a href=\"https:\/\/site.educa.madrid.org\/ies.victoria.villarejo\/\/wp-content\/uploads\/ies.victoria.villarejo\/2025\/06\/Solicitud_gb_gm_gs_2025-2026_Editable-2.pdf\" target=\"_blank\" rel=\"noreferrer noopener\">Instancia de solicitud de admisi\u00f3n<\/a><\/strong><\/mark> (editable) <mark style=\"background-color:rgba(0, 0, 0, 0)\" class=\"has-inline-color has-black-color\">Firmada por el padre\/madre, tutor\/a, para alumnos\/as menores de 18 a\u00f1os<\/mark><mark style=\"background-color:rgba(0, 0, 0, 0)\" class=\"has-inline-color has-vivid-cyan-blue-color\">. <\/mark>Se cumplimentar\u00e1 y se podr\u00e1 presentar a\u202ftrav\u00e9s la Secretar\u00eda Virtual&nbsp;<a href=\"https:\/\/raices.madrid.org\/secretariavirtual\/\" target=\"_blank\" rel=\"noreferrer noopener\">https:\/\/raices.madrid.org\/secretariavirtual\/<\/a> o de forma presencial en el centro.<\/li>\n\n\n\n<li class=\"has-black-color has-text-color has-link-color wp-elements-3b3078d1bd692a76f6a201c03c3bf1aa\"><a href=\"https:\/\/site.educa.madrid.org\/ies.victoria.villarejo\/\/wp-content\/uploads\/ies.victoria.villarejo\/2023\/04\/declaracion_reponsable-2023-2024.pdf\" target=\"_blank\" rel=\"noreferrer noopener\"><strong>Declaraci\u00f3n responsable<\/strong><\/a>. SOLO PARA AQUELLOS ALUMNOS&nbsp;MENORES DE EDAD&nbsp;que presenten la&nbsp;solicitud con la firma de un solo progenitor.<\/li>\n\n\n\n<li class=\"has-black-color has-text-color has-link-color wp-elements-e50373742f564652cd048ab419ac610c\"><strong>Fotocopia de la Documentaci\u00f3n acreditativa de su identidad y original para su cotejo<\/strong>. (DNI, NIE o pasaporte)<\/li>\n\n\n\n<li class=\"has-black-color has-text-color has-link-color wp-elements-9e061f0c68869fe7d351435aea56c05a\"><strong>Documentaci\u00f3n acad\u00e9mica<\/strong> que acredite que re\u00fane los requisitos de acceso (Anexo I &#8211; Instrucciones de Acceso y Admisi\u00f3n) y en su caso, documentaci\u00f3n complementaria que permita aplicar el baremo del Anexo II de las Instrucciones de acceso y admisi\u00f3n.<\/li>\n\n\n\n<li class=\"has-black-color has-text-color has-link-color wp-elements-e6bfbc2702ba17b47a4e1b6dc8cedef0\">Quienes opten a plazas reservadas para alumnos con discapacidad, deber\u00e1n acompa\u00f1ar, el correspondiente certificado emitido por los \u00f3rganos competentes de las Comunidades Aut\u00f3nomas. (5% del total de plazas)<\/li>\n\n\n\n<li class=\"has-black-color has-text-color has-link-color wp-elements-36205ef84858c09a1e442baf9470f067\">Quienes soliciten plazas reservadas para deportistas de alto nivel o alto rendimiento deber\u00e1n acompa\u00f1ar el certificado acreditativo correspondiente o la fotocopia de la relaci\u00f3n vigente de deportistas de alto nivel publicada en el BOE en la que el solicitante est\u00e9 incluido. (5% del total de plazas)<br><br><strong><mark style=\"background-color:rgba(0, 0, 0, 0)\" class=\"has-inline-color has-vivid-red-color\">Se tendr\u00e1 que presentar la documentaci\u00f3n original y copia para su cotejo<\/mark><\/strong>.<\/li>\n<\/ul>\n\n\n\n<p class=\"has-cyan-bluish-gray-background-color has-background\"><strong><mark style=\"background-color:rgba(0, 0, 0, 0)\" class=\"has-inline-color has-white-color\">Plazas del centro:<\/mark><\/strong><\/p>\n\n\n\n<p><mark style=\"background-color:rgba(0, 0, 0, 0)\" class=\"has-inline-color has-black-color\">1\u00ba Gesti\u00f3n Administrativa: <\/mark> 28 PLAZAS <br>1\u00ba Sistemas Microinform\u00e1ticos y Redes: 39 PLAZAS <br>1\u00ba Carrocer\u00eda: 30 PLAZAS <br>1\u00ba Electromec\u00e1nica de Veh\u00edculos autom\u00f3viles: 24 PLAZAS <\/p>\n\n\n\n<div class=\"wp-block-buttons has-vivid-green-cyan-background-color has-background is-content-justification-center is-layout-flex wp-container-core-buttons-is-layout-16018d1d wp-block-buttons-is-layout-flex\">\n<div class=\"wp-block-button has-custom-font-size is-style-fill has-medium-font-size\"><a class=\"wp-block-button__link has-black-color has-vivid-green-cyan-background-color has-text-color has-background has-link-color wp-element-button\" style=\"border-radius:0px\">LISTADOS DEFINITIVOS FASE EXTRAORDINARIA<\/a><\/div>\n<\/div>\n\n\n\n<p class=\"has-text-align-center\">LISTADO DE SOLICITUDES PRESENTADAS EN FASE EXTRAORDINARIA<\/p>\n\n\n\n<div class=\"wp-block-buttons is-content-justification-center is-layout-flex wp-container-core-buttons-is-layout-16018d1d wp-block-buttons-is-layout-flex\">\n<div class=\"wp-block-button has-custom-width wp-block-button__width-100 is-style-fill\"><a class=\"wp-block-button__link has-cyan-bluish-gray-background-color has-background wp-element-button\" style=\"border-radius:0px\">LISTADOS DEFINITIVOS 2\u00aa FASE<\/a><\/div>\n<\/div>\n\n\n\n<p><\/p>\n\n\n\n<div class=\"wp-block-buttons is-layout-flex wp-block-buttons-is-layout-flex\">\n<div class=\"wp-block-button has-custom-width wp-block-button__width-100\"><a class=\"wp-block-button__link has-vivid-red-background-color has-background wp-element-button\" style=\"border-radius:74px\">LISTADOS ADMITIDOS 2\u00ba FASE V\u00cdA ACCESO A<\/a><\/div>\n\n\n\n<div class=\"wp-block-button has-custom-width wp-block-button__width-100\"><a class=\"wp-block-button__link has-vivid-cyan-blue-background-color has-background wp-element-button\" style=\"border-radius:74px\">NO HAY ADMITIDOS EN 2\u00aa FASE EN V\u00cdAS B Y C<\/a><\/div>\n\n\n\n<div class=\"wp-block-button has-custom-width wp-block-button__width-100\"><a class=\"wp-block-button__link has-luminous-vivid-amber-background-color has-background wp-element-button\">LISTADO ADMITIDOS CENTRO Y CICLO<\/a><\/div>\n\n\n\n<div class=\"wp-block-button has-custom-width wp-block-button__width-100\"><a class=\"wp-block-button__link wp-element-button\">LISTADO NO ADMITIDOS 2\u00aa FASE V\u00cdA DE ACCESO A<\/a><\/div>\n<\/div>\n\n\n\n<div class=\"wp-block-buttons is-layout-flex wp-block-buttons-is-layout-flex\">\n<div class=\"wp-block-button has-custom-width wp-block-button__width-100 has-custom-font-size is-style-fill has-large-font-size\"><a class=\"wp-block-button__link has-cyan-bluish-gray-background-color has-background wp-element-button\" style=\"border-radius:0px\">LISTADOS DEFINITIVOS DE ADMITIDOS <br>1era FASE<\/a><\/div>\n<\/div>\n\n\n\n<div class=\"wp-block-buttons is-layout-flex wp-block-buttons-is-layout-flex\">\n<div class=\"wp-block-button has-custom-width wp-block-button__width-100\"><a class=\"wp-block-button__link has-vivid-red-background-color has-background wp-element-button\">LISTADOS DEFINITIVOS ADMITIDOS V\u00cdA DE ACCESO A<\/a><\/div>\n<\/div>\n\n\n\n<p><\/p>\n\n\n\n<div class=\"wp-block-buttons is-layout-flex wp-block-buttons-is-layout-flex\">\n<div class=\"wp-block-button has-custom-width wp-block-button__width-100\"><a class=\"wp-block-button__link has-vivid-cyan-blue-background-color has-background wp-element-button\">LISTADOS DEFINITIVOS ADMITIDOS V\u00cdA DE ACCESO B<\/a><\/div>\n<\/div>\n\n\n\n<p><\/p>\n\n\n\n<div class=\"wp-block-buttons is-layout-flex wp-block-buttons-is-layout-flex\">\n<div class=\"wp-block-button has-custom-width wp-block-button__width-100\"><a class=\"wp-block-button__link has-luminous-vivid-orange-background-color has-background wp-element-button\">LISTADOS DEFINITIVOS ADMITIDOS V\u00cdA DE ACCESO C<\/a><\/div>\n<\/div>\n\n\n\n<p><\/p>\n\n\n\n<div class=\"wp-block-buttons is-layout-flex wp-block-buttons-is-layout-flex\">\n<div class=\"wp-block-button has-custom-width wp-block-button__width-100\"><a class=\"wp-block-button__link has-pale-pink-background-color has-background wp-element-button\">LISTADOS DE ADMITIDOS POR CENTRO <\/a><\/div>\n<\/div>\n\n\n\n<p><\/p>\n\n\n\n<div class=\"wp-block-buttons is-layout-flex wp-block-buttons-is-layout-flex\">\n<div class=\"wp-block-button has-custom-width wp-block-button__width-100\"><a class=\"wp-block-button__link has-luminous-vivid-amber-background-color has-background wp-element-button\">LISTADOS EXCLUIDOS TODAS LAS V\u00cdAS <\/a><\/div>\n<\/div>\n\n\n\n<p>(*) Incidencia en excluidos Oliver L\u00f3pez Galisteo deber\u00eda tener 15,25 (a la espera de modificaci\u00f3n por parte de soporte t\u00e9cnico de la CM).<\/p>\n\n\n\n<div class=\"wp-block-buttons is-layout-flex wp-block-buttons-is-layout-flex\"><\/div>\n\n\n\n<p class=\"has-cyan-bluish-gray-background-color has-background has-medium-font-size\"><mark style=\"background-color:rgba(0, 0, 0, 0)\" class=\"has-inline-color has-white-color\"><strong>LISTADOS PROVISIONALES<\/strong><\/mark><\/p>\n\n\n\n<div class=\"wp-block-buttons is-layout-flex wp-block-buttons-is-layout-flex\">\n<div class=\"wp-block-button has-custom-width wp-block-button__width-100 is-style-fill\"><a class=\"wp-block-button__link has-vivid-red-background-color has-background wp-element-button\">LISTADO PROVISIONAL BAREMO GRADO MEDIO POR V\u00cdA DE ACCESO A<\/a><\/div>\n<\/div>\n\n\n\n<p><\/p>\n\n\n\n<div class=\"wp-block-buttons is-layout-flex wp-block-buttons-is-layout-flex\">\n<div class=\"wp-block-button has-custom-width wp-block-button__width-100 is-style-fill\"><a class=\"wp-block-button__link has-white-color has-vivid-cyan-blue-background-color has-text-color has-background wp-element-button\">LISTADO PROVISIONAL BAREMO GRADO MEDIO POR VIA DE ACCESO B<\/a><\/div>\n<\/div>\n\n\n\n<p><\/p>\n\n\n\n<div class=\"wp-block-buttons is-layout-flex wp-block-buttons-is-layout-flex\">\n<div class=\"wp-block-button has-custom-width wp-block-button__width-100 is-style-fill\"><a class=\"wp-block-button__link has-luminous-vivid-orange-background-color has-background wp-element-button\">LISTADO PROVISIONAL BAREMO GRADO MEDIO V\u00cdA DE ACCESO C<\/a><\/div>\n<\/div>\n\n\n\n<p><\/p>\n\n\n\n<div class=\"wp-block-buttons is-layout-flex wp-block-buttons-is-layout-flex\">\n<div class=\"wp-block-button has-custom-width wp-block-button__width-100\"><a class=\"wp-block-button__link has-luminous-vivid-amber-background-color has-background wp-element-button\">LISTADO DE EXCLUIDOS *PENDIENTE DE RESOLUCI\u00d3N DE INCIDENCIA* <\/a><\/div>\n<\/div>\n\n\n\n<div class=\"wp-block-columns is-layout-flex wp-container-core-columns-is-layout-9d6595d7 wp-block-columns-is-layout-flex\">\n<div class=\"wp-block-column is-layout-flow wp-block-column-is-layout-flow\">\n<div class=\"wp-block-buttons is-layout-flex wp-block-buttons-is-layout-flex\">\n<div class=\"wp-block-button\"><a class=\"wp-block-button__link wp-element-button\" href=\"https:\/\/site.educa.madrid.org\/ies.victoria.villarejo\/\/wp-content\/uploads\/ies.victoria.villarejo\/2025\/06\/2025_05_26_instrucciones_admision_g.medio_25-26_vf_copia.pdf\">Instrucciones de Acceso y Admisi\u00f3n<\/a><\/div>\n<\/div>\n<\/div>\n\n\n\n<div class=\"wp-block-column is-layout-flow wp-block-column-is-layout-flow\">\n<div class=\"wp-block-buttons is-layout-flex wp-block-buttons-is-layout-flex\">\n<div class=\"wp-block-button\"><a class=\"wp-block-button__link wp-element-button\" href=\"https:\/\/site.educa.madrid.org\/ies.victoria.villarejo\/\/wp-content\/uploads\/ies.victoria.villarejo\/2025\/06\/Anexo_ii_baremo_aplicable_en_la_admision_a_cfgm.pdf\">Correcci\u00f3n del baremo aplicable en la admisi\u00f3n a Ciclos Formativos de Grado Medio<\/a><\/div>\n<\/div>\n<\/div>\n\n\n\n<div class=\"wp-block-column is-layout-flow wp-block-column-is-layout-flow\">\n<div class=\"wp-block-buttons is-layout-flex wp-block-buttons-is-layout-flex\">\n<div class=\"wp-block-button\"><a class=\"wp-block-button__link wp-element-button\" href=\"https:\/\/site.educa.madrid.org\/ies.victoria.villarejo\/\/wp-content\/uploads\/ies.victoria.villarejo\/2025\/06\/CALENDARIO-DE-ADMISION-CICLOS-FORMATIVOS-DE-GRADO-MEDIO.pdf\">Calendario de Actuaciones<\/a><\/div>\n<\/div>\n<\/div>\n<\/div>\n\n\n\n<p><\/p>\n\n\n\n<p><\/p>\n","protected":false},"excerpt":{"rendered":"<p>C\u00f3digo centro 28025658 DENOMINACI\u00d3N DEL CICLO FORMATIVO &nbsp; GESTI\u00d3N ADMINISTRATIVA C\u00d3DIGO DE CICLO FORMATIVO &nbsp; ADGM01 DENOMINACI\u00d3N DEL CICLO FORMATIVO &nbsp; SISTEMAS MICROINFORM\u00c1TICOS Y REDES C\u00d3DIGO DE CICLO FORMATIVO &nbsp; IFCM01 DENOMINACI\u00d3N DEL CICLO FORMATIVO &nbsp; CARROCER\u00cdA C\u00d3DIGO DE CICLO FORMATIVO &nbsp; TMVM01 DENOMINACI\u00d3N DEL CICLO FORMATIVO &nbsp; ELECTROMEC\u00c1NICA DE VEH\u00cdCULOS AUTOM\u00d3VILES C\u00d3DIGO DE CICLO<\/p><\/div>\n<div class=\"blog-btn\"><a href=\"https:\/\/site.educa.madrid.org\/ies.victoria.villarejo\/index.php\/admision-a-ciclos-formativos-de-grado-medio-curso-2021-22\/\" class=\"home-blog-btn\">Leer m\u00e1s<\/a><\/p>\n","protected":false},"author":2,"featured_media":0,"parent":0,"menu_order":0,"comment_status":"closed","ping_status":"closed","template":"fullwidth-template.php","meta":{"footnotes":""},"folder":[],"class_list":["post-1298","page","type-page","status-publish","hentry"],"rttpg_featured_image_url":null,"rttpg_author":{"display_name":"tic.ies.victoria.villarejo","author_link":"https:\/\/site.educa.madrid.org\/ies.victoria.villarejo\/index.php\/author\/cuenta_tic-ies-victoria-villarejo\/"},"rttpg_comment":0,"rttpg_category":false,"rttpg_excerpt":"C\u00f3digo centro 28025658 DENOMINACI\u00d3N DEL CICLO FORMATIVO &nbsp; GESTI\u00d3N ADMINISTRATIVA C\u00d3DIGO DE CICLO FORMATIVO &nbsp; ADGM01 DENOMINACI\u00d3N DEL CICLO FORMATIVO &nbsp; SISTEMAS MICROINFORM\u00c1TICOS Y REDES C\u00d3DIGO DE CICLO FORMATIVO &nbsp; IFCM01 DENOMINACI\u00d3N DEL CICLO FORMATIVO &nbsp; CARROCER\u00cdA C\u00d3DIGO DE CICLO FORMATIVO &nbsp; TMVM01 DENOMINACI\u00d3N DEL CICLO FORMATIVO &nbsp; ELECTROMEC\u00c1NICA DE VEH\u00cdCULOS AUTOM\u00d3VILES C\u00d3DIGO DE CICLOLeer&hellip;","post_mailing_queue_ids":[],"_links":{"self":[{"href":"https:\/\/site.educa.madrid.org\/ies.victoria.villarejo\/index.php\/wp-json\/wp\/v2\/pages\/1298","targetHints":{"allow":["GET"]}}],"collection":[{"href":"https:\/\/site.educa.madrid.org\/ies.victoria.villarejo\/index.php\/wp-json\/wp\/v2\/pages"}],"about":[{"href":"https:\/\/site.educa.madrid.org\/ies.victoria.villarejo\/index.php\/wp-json\/wp\/v2\/types\/page"}],"author":[{"embeddable":true,"href":"https:\/\/site.educa.madrid.org\/ies.victoria.villarejo\/index.php\/wp-json\/wp\/v2\/users\/2"}],"replies":[{"embeddable":true,"href":"https:\/\/site.educa.madrid.org\/ies.victoria.villarejo\/index.php\/wp-json\/wp\/v2\/comments?post=1298"}],"version-history":[{"count":50,"href":"https:\/\/site.educa.madrid.org\/ies.victoria.villarejo\/index.php\/wp-json\/wp\/v2\/pages\/1298\/revisions"}],"predecessor-version":[{"id":5800,"href":"https:\/\/site.educa.madrid.org\/ies.victoria.villarejo\/index.php\/wp-json\/wp\/v2\/pages\/1298\/revisions\/5800"}],"wp:attachment":[{"href":"https:\/\/site.educa.madrid.org\/ies.victoria.villarejo\/index.php\/wp-json\/wp\/v2\/media?parent=1298"}],"wp:term":[{"taxonomy":"folder","embeddable":true,"href":"https:\/\/site.educa.madrid.org\/ies.victoria.villarejo\/index.php\/wp-json\/wp\/v2\/folder?post=1298"}],"curies":[{"name":"wp","href":"https:\/\/api.w.org\/{rel}","templated":true}]}}