{"id":1310,"date":"2021-05-20T18:11:32","date_gmt":"2021-05-20T18:11:32","guid":{"rendered":"https:\/\/site.educa.madrid.org\/ies.victoria.villarejo\/?page_id=1310"},"modified":"2022-05-30T12:25:45","modified_gmt":"2022-05-30T10:25:45","slug":"anulacion-de-matricula-2","status":"publish","type":"page","link":"https:\/\/site.educa.madrid.org\/ies.victoria.villarejo\/index.php\/anulacion-de-matricula-2\/","title":{"rendered":"Anulaci\u00f3n de Matr\u00edcula"},"content":{"rendered":"\n<div class=\"wp-block-group\"><div class=\"wp-block-group__inner-container is-layout-flow wp-block-group-is-layout-flow\">\n<p>El alumno, o su representante legal, <strong><mark style=\"background-color:rgba(0, 0, 0, 0)\" class=\"has-inline-color has-vivid-cyan-blue-color\">pueden cancelar la matr\u00edcula en la totalidad de los m\u00f3dulos<\/mark><\/strong><\/p>\n\n\n\n<p><strong><mark style=\"background-color:rgba(0, 0, 0, 0)\" class=\"has-inline-color has-vivid-cyan-blue-color\">\u00bfCUANDO?<\/mark><\/strong><\/p>\n\n\n\n<p>Antes de la <strong>finalizaci\u00f3n del mes de octubre<\/strong><\/p>\n\n\n\n<p><mark style=\"background-color:rgba(0, 0, 0, 0)\" class=\"has-inline-color has-vivid-cyan-blue-color\"><strong>\u00bfC\u00d3MO?<\/strong><\/mark><\/p>\n\n\n\n<p>Presentando, debidamente cumplimentado, el modelo del <strong><mark style=\"background-color:rgba(0, 0, 0, 0)\" class=\"has-inline-color has-vivid-cyan-blue-color\">ANEXO I<\/mark><\/strong> en el centro p\u00fablico donde estuviera matriculado<\/p>\n\n\n\n<p><strong><mark style=\"background-color:rgba(0, 0, 0, 0)\" class=\"has-inline-color has-vivid-cyan-blue-color\">CONSECUENCIAS<\/mark><\/strong><\/p>\n\n\n\n<p>Al alumno <strong>no le correr\u00e1n las convocatorias pero perder\u00e1 el derecho a reserva de plaza para posteriores cursos acad\u00e9micos<\/strong>, por lo que si desea continuar en el futuro dichos estudios deber\u00e1 concurrir de nuevo al procedimiento general de admisi\u00f3n que est\u00e9 establecido.<\/p>\n<\/div><\/div>\n\n\n\n<p class=\"has-text-align-center has-very-light-gray-background-color has-background has-medium-font-size\"><strong>Documentaci\u00f3n<\/strong><\/p>\n\n\n\n<div class=\"wp-block-columns is-layout-flex wp-container-core-columns-is-layout-9d6595d7 wp-block-columns-is-layout-flex\">\n<div class=\"wp-block-column is-layout-flow wp-block-column-is-layout-flow\">\n<div class=\"wp-block-buttons is-layout-flex wp-block-buttons-is-layout-flex\">\n<div class=\"wp-block-button\"><a class=\"wp-block-button__link has-vivid-cyan-blue-background-color has-background\" href=\"https:\/\/site.educa.madrid.org\/ies.victoria.villarejo\/\/wp-content\/uploads\/ies.victoria.villarejo\/2021\/05\/Anexo_I_Solicitud_cancelcaci\u00f3n_matr\u00edcula.pdf\" target=\"_blank\" rel=\"noreferrer noopener\"><strong>Anexo I<\/strong><\/a><\/div>\n<\/div>\n<\/div>\n\n\n\n<div class=\"wp-block-column is-layout-flow wp-block-column-is-layout-flow\">\n<div class=\"wp-block-buttons is-layout-flex wp-block-buttons-is-layout-flex\">\n<div class=\"wp-block-button\"><a class=\"wp-block-button__link has-vivid-cyan-blue-background-color has-text-color has-background\" href=\"https:\/\/site.educa.madrid.org\/ies.victoria.villarejo\/\/wp-content\/uploads\/ies.victoria.villarejo\/2021\/05\/Anexo-VI-FSE.pdf\" style=\"color:#ffffff\" target=\"_blank\" rel=\"noreferrer noopener\">Anexo VI<\/a><\/div>\n<\/div>\n<\/div>\n\n\n\n<div class=\"wp-block-column is-layout-flow wp-block-column-is-layout-flow\">\n<div class=\"wp-block-buttons is-layout-flex wp-block-buttons-is-layout-flex\">\n<div class=\"wp-block-button\"><a class=\"wp-block-button__link has-vivid-cyan-blue-background-color has-text-color has-background\" href=\"https:\/\/www.comunidad.madrid\/servicios\/educacion\/normativa-formacion-profesional\" style=\"color:#ffffff\" target=\"_blank\" rel=\"noreferrer noopener\">Normativa<\/a><\/div>\n<\/div>\n<\/div>\n<\/div>\n\n\n\n<p><\/p>\n","protected":false},"excerpt":{"rendered":"<p>El alumno, o su representante legal, pueden cancelar la matr\u00edcula en la totalidad de los m\u00f3dulos \u00bfCUANDO? Antes de la finalizaci\u00f3n del mes de octubre \u00bfC\u00d3MO? Presentando, debidamente cumplimentado, el modelo del ANEXO I en el centro p\u00fablico donde estuviera matriculado CONSECUENCIAS Al alumno no le correr\u00e1n las convocatorias pero perder\u00e1 el derecho a reserva<\/p><\/div>\n<div class=\"blog-btn\"><a href=\"https:\/\/site.educa.madrid.org\/ies.victoria.villarejo\/index.php\/anulacion-de-matricula-2\/\" class=\"home-blog-btn\">Leer m\u00e1s<\/a><\/p>\n","protected":false},"author":2,"featured_media":0,"parent":0,"menu_order":0,"comment_status":"closed","ping_status":"closed","template":"fullwidth-template.php","meta":{"footnotes":""},"folder":[],"class_list":["post-1310","page","type-page","status-publish","hentry"],"rttpg_featured_image_url":null,"rttpg_author":{"display_name":"tic.ies.victoria.villarejo","author_link":"https:\/\/site.educa.madrid.org\/ies.victoria.villarejo\/index.php\/author\/cuenta_tic-ies-victoria-villarejo\/"},"rttpg_comment":0,"rttpg_category":false,"rttpg_excerpt":"El alumno, o su representante legal, pueden cancelar la matr\u00edcula en la totalidad de los m\u00f3dulos \u00bfCUANDO? Antes de la finalizaci\u00f3n del mes de octubre \u00bfC\u00d3MO? Presentando, debidamente cumplimentado, el modelo del ANEXO I en el centro p\u00fablico donde estuviera matriculado CONSECUENCIAS Al alumno no le correr\u00e1n las convocatorias pero perder\u00e1 el derecho a reservaLeer&hellip;","post_mailing_queue_ids":[],"_links":{"self":[{"href":"https:\/\/site.educa.madrid.org\/ies.victoria.villarejo\/index.php\/wp-json\/wp\/v2\/pages\/1310","targetHints":{"allow":["GET"]}}],"collection":[{"href":"https:\/\/site.educa.madrid.org\/ies.victoria.villarejo\/index.php\/wp-json\/wp\/v2\/pages"}],"about":[{"href":"https:\/\/site.educa.madrid.org\/ies.victoria.villarejo\/index.php\/wp-json\/wp\/v2\/types\/page"}],"author":[{"embeddable":true,"href":"https:\/\/site.educa.madrid.org\/ies.victoria.villarejo\/index.php\/wp-json\/wp\/v2\/users\/2"}],"replies":[{"embeddable":true,"href":"https:\/\/site.educa.madrid.org\/ies.victoria.villarejo\/index.php\/wp-json\/wp\/v2\/comments?post=1310"}],"version-history":[{"count":4,"href":"https:\/\/site.educa.madrid.org\/ies.victoria.villarejo\/index.php\/wp-json\/wp\/v2\/pages\/1310\/revisions"}],"predecessor-version":[{"id":2453,"href":"https:\/\/site.educa.madrid.org\/ies.victoria.villarejo\/index.php\/wp-json\/wp\/v2\/pages\/1310\/revisions\/2453"}],"wp:attachment":[{"href":"https:\/\/site.educa.madrid.org\/ies.victoria.villarejo\/index.php\/wp-json\/wp\/v2\/media?parent=1310"}],"wp:term":[{"taxonomy":"folder","embeddable":true,"href":"https:\/\/site.educa.madrid.org\/ies.victoria.villarejo\/index.php\/wp-json\/wp\/v2\/folder?post=1310"}],"curies":[{"name":"wp","href":"https:\/\/api.w.org\/{rel}","templated":true}]}}