{"id":1343,"date":"2021-05-21T08:43:11","date_gmt":"2021-05-21T08:43:11","guid":{"rendered":"https:\/\/site.educa.madrid.org\/ies.victoria.villarejo\/?page_id=1343"},"modified":"2026-04-30T09:05:37","modified_gmt":"2026-04-30T07:05:37","slug":"titulos-posteriores-a-1995","status":"publish","type":"page","link":"https:\/\/site.educa.madrid.org\/ies.victoria.villarejo\/index.php\/titulos-posteriores-a-1995\/","title":{"rendered":"T\u00edtulos posteriores a 1995"},"content":{"rendered":"\n<p class=\"has-vivid-green-cyan-background-color has-text-color has-background\" style=\"color:#ffffff;font-size:25px\"><strong>Pasos a seguir para solicitar el t\u00edtulo<\/strong><\/p>\n\n\n\n<p>Tras la evaluaci\u00f3n final, una vez que se han cerrado las actas de evaluaci\u00f3n, aquellos alumnos que han terminado un ciclo formativo pueden solicitar el t\u00edtulo correspondiente a los estudios que ha realizado.<\/p>\n\n\n\n<p class=\"has-text-align-center\"><mark style=\"background-color:rgba(0, 0, 0, 0)\" class=\"has-inline-color has-vivid-red-color\"><strong>NO SE ADMITIR\u00c1N SOLICITUDES ANTERIORES A LA ELEVACI\u00d3N A DEFINITIVAS DE LAS ACTAS DE LA EVALUACI\u00d3N FINAL<\/strong><\/mark><\/p>\n\n\n\n<p class=\"has-light-green-cyan-background-color has-background\"><strong>TR\u00c1MITES A REALIZAR PARA SOLICITAR EL T\u00cdTULO<\/strong><\/p>\n\n\n\n<p class=\"has-medium-font-size\" style=\"font-style:normal;font-weight:400\">Para poder expedir el t\u00edtulo el primer paso consiste en el pago de las tasas establecidas para cada t\u00edtulo. Estas tasas se pagan utilizando el <a href=\"https:\/\/site.educa.madrid.org\/ies.victoria.villarejo\/\/wp-content\/uploads\/ies.victoria.villarejo\/2026\/04\/MODELO-030.pdf\" target=\"_blank\" rel=\"noreferrer noopener\"><strong><span class=\"has-inline-color has-vivid-green-cyan-color\">modelo<\/span><\/strong> <span class=\"has-inline-color has-vivid-green-cyan-color\"><\/span><strong><span class=\"has-inline-color has-vivid-green-cyan-color\">030<\/span><\/strong>.<\/a><\/p>\n\n\n\n<p class=\"has-medium-font-size\" style=\"font-style:normal;font-weight:400\">Una vez hecho el ingreso, el alumno deber\u00e1 presentar en el centro donde realiz\u00f3 sus estudios o a trav\u00e9s de correo electr\u00f3nico <em><mark style=\"background-color:rgba(0, 0, 0, 0)\" class=\"has-inline-color has-vivid-red-color\"><a href=\"mailto:secretaria.ies.victoria.villarejo@educa.madrid.org\">secretaria.ies.victoria.villarejo@educa.madrid.org<\/a><\/mark><\/em>, los <mark style=\"background-color:rgba(0, 0, 0, 0)\" class=\"has-inline-color has-light-green-cyan-color\">siguientes documentos:<\/mark><\/p>\n\n\n\n<ul class=\"wp-block-list\">\n<li><strong>Resguardo para la Administraci\u00f3n del pago de las tasas<\/strong><\/li>\n\n\n\n<li><strong>Original (s\u00f3lo si se presenta de manera presencial) y fotocopia del DNI en vigor, o, en su caso NIE o pasaporte.<\/strong><\/li>\n\n\n\n<li><strong>En su caso, certificado del t\u00edtulo de familia numerosa<\/strong>, <strong>o cualquiera que acredite la condici\u00f3n para obtener bonificaci\u00f3n de la tasa o exenci\u00f3n.<\/strong><\/li>\n\n\n\n<li><strong>Modelo de solicitud de t\u00edtulo, debidamente rellenado y firmado.<\/strong><\/li>\n<\/ul>\n\n\n\n<p><\/p>\n\n\n\n<div class=\"wp-block-columns is-layout-flex wp-container-core-columns-is-layout-9d6595d7 wp-block-columns-is-layout-flex\">\n<div class=\"wp-block-column is-layout-flow wp-block-column-is-layout-flow\">\n<div class=\"wp-block-group\"><div class=\"wp-block-group__inner-container is-layout-constrained wp-block-group-is-layout-constrained\">\n<div class=\"wp-block-columns is-layout-flex wp-container-core-columns-is-layout-9d6595d7 wp-block-columns-is-layout-flex\">\n<div class=\"wp-block-column is-layout-flow wp-block-column-is-layout-flow\" style=\"flex-basis:100%\">\n<div class=\"wp-block-columns is-layout-flex wp-container-core-columns-is-layout-9d6595d7 wp-block-columns-is-layout-flex\">\n<div class=\"wp-block-column is-layout-flow wp-block-column-is-layout-flow\" style=\"flex-basis:100%\">\n<div class=\"wp-block-group\"><div class=\"wp-block-group__inner-container is-layout-constrained wp-block-group-is-layout-constrained\">\n<div class=\"wp-block-columns is-layout-flex wp-container-core-columns-is-layout-9d6595d7 wp-block-columns-is-layout-flex\">\n<div class=\"wp-block-column is-layout-flow wp-block-column-is-layout-flow\" style=\"flex-basis:100%\">\n<div class=\"wp-block-buttons has-custom-font-size has-vivid-cyan-blue-background-color has-background has-medium-font-size is-horizontal is-content-justification-center is-layout-flex wp-container-core-buttons-is-layout-499968f5 wp-block-buttons-is-layout-flex\">\n<div class=\"wp-block-button is-style-fill\"><a class=\"wp-block-button__link has-vivid-cyan-blue-background-color has-background wp-element-button\" href=\"https:\/\/site.educa.madrid.org\/ies.victoria.villarejo\/\/wp-content\/uploads\/ies.victoria.villarejo\/2026\/04\/SOLICITUD-DE-TITULO-DE-TECNICO-SUPERIOR.pdf\" target=\"_blank\" rel=\"noreferrer noopener\"><strong>DOCUMENTO A CUMPLIMENTAR<\/strong> <strong>T\u00c9CNICO SUPERIOR<\/strong><\/a><\/div>\n<\/div>\n<\/div>\n<\/div>\n<\/div><\/div>\n<\/div>\n<\/div>\n<\/div>\n<\/div>\n<\/div><\/div>\n\n\n\n<p><\/p>\n\n\n\n<div class=\"wp-block-columns is-layout-flex wp-container-core-columns-is-layout-9d6595d7 wp-block-columns-is-layout-flex\">\n<div class=\"wp-block-column is-layout-flow wp-block-column-is-layout-flow\" style=\"flex-basis:100%\">\n<div class=\"wp-block-group\"><div class=\"wp-block-group__inner-container is-layout-flow wp-block-group-is-layout-flow\">\n<div class=\"wp-block-buttons has-custom-font-size has-vivid-cyan-blue-background-color has-background has-medium-font-size is-content-justification-center is-layout-flex wp-container-core-buttons-is-layout-16018d1d wp-block-buttons-is-layout-flex\">\n<div class=\"wp-block-button has-custom-width wp-block-button__width-100 is-style-fill\"><a class=\"wp-block-button__link has-white-color has-vivid-cyan-blue-background-color has-text-color has-background has-medium-font-size has-custom-font-size wp-element-button\" href=\"https:\/\/site.educa.madrid.org\/ies.victoria.villarejo\/\/wp-content\/uploads\/ies.victoria.villarejo\/2026\/04\/SOLICITUD-DE-TITULO-DE-TECNICO.pdf\" style=\"border-radius:72px\" target=\"_blank\" rel=\"noreferrer noopener\"><strong><strong>DOCUMENTO A CUMPLIMENTAR<\/strong> T\u00c9CNICO <\/strong><\/a><\/div>\n<\/div>\n<\/div><\/div>\n<\/div>\n<\/div>\n<\/div>\n<\/div>\n\n\n\n<p class=\"has-vivid-purple-color has-text-color has-link-color wp-elements-47493af0f29d718b473873d6b05e6687\" style=\"font-size:25px\"><strong><span class=\"has-inline-color has-vivid-purple-color\">Tasas para 202<\/span>6<\/strong><\/p>\n\n\n\n<figure class=\"wp-block-table is-style-regular\"><table class=\"has-background has-fixed-layout\" style=\"background-color:#f3f4f5\"><thead><tr><th>Tipo de tasa<\/th><th>Importe a abonar<\/th><\/tr><\/thead><tbody><tr><td>Tasas de expedici\u00f3n de t\u00edtulos de T\u00e9cnico y T\u00e9cnico superior.<\/td><td>51,49 \u20ac<\/td><\/tr><tr><td>Tasas de expedici\u00f3n de duplicados de t\u00edtulos.<\/td><td>15,76 \u20ac<\/td><\/tr><tr><td>Familias numerosas clasificadas en la categor\u00eda general.<\/td><td>BONIFICACI\u00d3N DEL 50% SOBRE LA TASA CORRESPONDIENTE.<\/td><\/tr><tr><td>V\u00edctimas del terrorismo, sus c\u00f3nyuges o parejas de hecho y sus hijos, as\u00ed como los miembros de familias numerosas de categor\u00eda especial.<\/td><td>EXENCI\u00d3N TOTAL, NO DEBER\u00c1N TRAMITAR EL MODELO 030.<\/td><\/tr><\/tbody><\/table><\/figure>\n","protected":false},"excerpt":{"rendered":"<p>Pasos a seguir para solicitar el t\u00edtulo Tras la evaluaci\u00f3n final, una vez que se han cerrado las actas de evaluaci\u00f3n, aquellos alumnos que han terminado un ciclo formativo pueden solicitar el t\u00edtulo correspondiente a los estudios que ha realizado. NO SE ADMITIR\u00c1N SOLICITUDES ANTERIORES A LA ELEVACI\u00d3N A DEFINITIVAS DE LAS ACTAS DE LA<\/p><\/div>\n<div class=\"blog-btn\"><a href=\"https:\/\/site.educa.madrid.org\/ies.victoria.villarejo\/index.php\/titulos-posteriores-a-1995\/\" class=\"home-blog-btn\">Leer m\u00e1s<\/a><\/p>\n","protected":false},"author":2,"featured_media":0,"parent":0,"menu_order":0,"comment_status":"closed","ping_status":"closed","template":"fullwidth-template.php","meta":{"footnotes":""},"folder":[],"class_list":["post-1343","page","type-page","status-publish","hentry"],"rttpg_featured_image_url":null,"rttpg_author":{"display_name":"tic.ies.victoria.villarejo","author_link":"https:\/\/site.educa.madrid.org\/ies.victoria.villarejo\/index.php\/author\/cuenta_tic-ies-victoria-villarejo\/"},"rttpg_comment":0,"rttpg_category":false,"rttpg_excerpt":"Pasos a seguir para solicitar el t\u00edtulo Tras la evaluaci\u00f3n final, una vez que se han cerrado las actas de evaluaci\u00f3n, aquellos alumnos que han terminado un ciclo formativo pueden solicitar el t\u00edtulo correspondiente a los estudios que ha realizado. NO SE ADMITIR\u00c1N SOLICITUDES ANTERIORES A LA ELEVACI\u00d3N A DEFINITIVAS DE LAS ACTAS DE LALeer&hellip;","post_mailing_queue_ids":[],"_links":{"self":[{"href":"https:\/\/site.educa.madrid.org\/ies.victoria.villarejo\/index.php\/wp-json\/wp\/v2\/pages\/1343","targetHints":{"allow":["GET"]}}],"collection":[{"href":"https:\/\/site.educa.madrid.org\/ies.victoria.villarejo\/index.php\/wp-json\/wp\/v2\/pages"}],"about":[{"href":"https:\/\/site.educa.madrid.org\/ies.victoria.villarejo\/index.php\/wp-json\/wp\/v2\/types\/page"}],"author":[{"embeddable":true,"href":"https:\/\/site.educa.madrid.org\/ies.victoria.villarejo\/index.php\/wp-json\/wp\/v2\/users\/2"}],"replies":[{"embeddable":true,"href":"https:\/\/site.educa.madrid.org\/ies.victoria.villarejo\/index.php\/wp-json\/wp\/v2\/comments?post=1343"}],"version-history":[{"count":46,"href":"https:\/\/site.educa.madrid.org\/ies.victoria.villarejo\/index.php\/wp-json\/wp\/v2\/pages\/1343\/revisions"}],"predecessor-version":[{"id":5912,"href":"https:\/\/site.educa.madrid.org\/ies.victoria.villarejo\/index.php\/wp-json\/wp\/v2\/pages\/1343\/revisions\/5912"}],"wp:attachment":[{"href":"https:\/\/site.educa.madrid.org\/ies.victoria.villarejo\/index.php\/wp-json\/wp\/v2\/media?parent=1343"}],"wp:term":[{"taxonomy":"folder","embeddable":true,"href":"https:\/\/site.educa.madrid.org\/ies.victoria.villarejo\/index.php\/wp-json\/wp\/v2\/folder?post=1343"}],"curies":[{"name":"wp","href":"https:\/\/api.w.org\/{rel}","templated":true}]}}