{"id":1409,"date":"2021-06-10T10:11:34","date_gmt":"2021-06-10T10:11:34","guid":{"rendered":"https:\/\/site.educa.madrid.org\/ies.victoria.villarejo\/?page_id=1409"},"modified":"2022-05-20T13:28:13","modified_gmt":"2022-05-20T11:28:13","slug":"renuncia-a-convocatorias","status":"publish","type":"page","link":"https:\/\/site.educa.madrid.org\/ies.victoria.villarejo\/index.php\/renuncia-a-convocatorias\/","title":{"rendered":"Renuncia a convocatorias"},"content":{"rendered":"\n<div class=\"wp-block-group\"><div class=\"wp-block-group__inner-container is-layout-flow wp-block-group-is-layout-flow\">\n<div class=\"wp-block-group\"><div class=\"wp-block-group__inner-container is-layout-flow wp-block-group-is-layout-flow\">\n<p>Con el fin de no agotar las cuatro convocatorias de las que disponen los alumnos para aprobar un m\u00f3dulo en la modalidad presencial, se establece la posibilidad de renunciar a la evaluaci\u00f3n y calificaci\u00f3n de una o de las dos convocatorias del curso acad\u00e9mico de todos o alguno de los m\u00f3dulos siempre que concurra alguna de las siguientes circunstancias:<\/p>\n\n\n\n<p>a)&nbsp;<strong>Enfermedad&nbsp;<\/strong>prolongada o accidente del alumno<\/p>\n\n\n\n<p>b)&nbsp;<strong>Obligaciones de tipo personal o familiar<\/strong>&nbsp;apreciadas por el director del centro que condicionen o impidan la normal dedicaci\u00f3n al estudio.<\/p>\n\n\n\n<p>c) Desempe\u00f1o de un&nbsp;<strong>puesto de trabajo<\/strong><\/p>\n\n\n\n<p><strong>Para solicitar la renuncia tendr\u00e1n que rellenar el modelo del Anexo III<\/strong>, y presentarlo con una antelaci\u00f3n m\u00ednima de 1 mes a la fecha de la evaluaci\u00f3n final del m\u00f3dulo al que quiera renunciar.<\/p>\n\n\n\n<p>Deber\u00e1 adjuntarse a la solicitud la documentaci\u00f3n que acredite que se da el hecho que alega.<\/p>\n<\/div><\/div>\n<\/div><\/div>\n\n\n\n<p class=\"has-vivid-purple-background-color has-text-color has-background\" style=\"color:#fcfeff\"><strong>RENUNCIA A LA CONVOCATORIA EXTRAORDINARIA<\/strong><\/p>\n\n\n\n<p>En el caso de la convocatoria extraordinaria, los alumnos podr\u00e1n pedir la renuncia a dicha convocatoria (por una sola vez)&nbsp;<strong>cuando en el informe individualizado<\/strong>&nbsp;que se les entrega con el bolet\u00edn de notas de la convocatoria ordinaria&nbsp;<strong>conste que el alumno no est\u00e1 en condiciones de<\/strong>&nbsp;realizar las actividades planificadas y&nbsp;<strong>afrontar con \u00e9xito la evaluaci\u00f3n extraordinaria<\/strong><\/p>\n\n\n\n<p><strong><br><\/strong>Se realizar\u00e1 usando el mismo modelo que en el caso anterior, que puedes descargarte aqu\u00ed:<\/p>\n\n\n\n<div class=\"wp-block-buttons is-layout-flex wp-block-buttons-is-layout-flex\">\n<div class=\"wp-block-button\"><a class=\"wp-block-button__link has-vivid-cyan-blue-background-color has-background\" href=\"https:\/\/site.educa.madrid.org\/ies.victoria.villarejo\/\/wp-content\/uploads\/ies.victoria.villarejo\/2021\/06\/Anexo_III_Renuncia_a_convocatorias.pdf\" target=\"_blank\" rel=\"noreferrer noopener\"><strong>ANEXO III<\/strong><\/a><\/div>\n<\/div>\n\n\n\n<p><\/p>\n","protected":false},"excerpt":{"rendered":"<p>Con el fin de no agotar las cuatro convocatorias de las que disponen los alumnos para aprobar un m\u00f3dulo en la modalidad presencial, se establece la posibilidad de renunciar a la evaluaci\u00f3n y calificaci\u00f3n de una o de las dos convocatorias del curso acad\u00e9mico de todos o alguno de los m\u00f3dulos siempre que concurra alguna<\/p><\/div>\n<div class=\"blog-btn\"><a href=\"https:\/\/site.educa.madrid.org\/ies.victoria.villarejo\/index.php\/renuncia-a-convocatorias\/\" class=\"home-blog-btn\">Leer m\u00e1s<\/a><\/p>\n","protected":false},"author":2,"featured_media":0,"parent":0,"menu_order":0,"comment_status":"closed","ping_status":"closed","template":"fullwidth-template.php","meta":{"footnotes":""},"folder":[],"class_list":["post-1409","page","type-page","status-publish","hentry"],"rttpg_featured_image_url":null,"rttpg_author":{"display_name":"tic.ies.victoria.villarejo","author_link":"https:\/\/site.educa.madrid.org\/ies.victoria.villarejo\/index.php\/author\/cuenta_tic-ies-victoria-villarejo\/"},"rttpg_comment":0,"rttpg_category":false,"rttpg_excerpt":"Con el fin de no agotar las cuatro convocatorias de las que disponen los alumnos para aprobar un m\u00f3dulo en la modalidad presencial, se establece la posibilidad de renunciar a la evaluaci\u00f3n y calificaci\u00f3n de una o de las dos convocatorias del curso acad\u00e9mico de todos o alguno de los m\u00f3dulos siempre que concurra algunaLeer&hellip;","post_mailing_queue_ids":[],"_links":{"self":[{"href":"https:\/\/site.educa.madrid.org\/ies.victoria.villarejo\/index.php\/wp-json\/wp\/v2\/pages\/1409","targetHints":{"allow":["GET"]}}],"collection":[{"href":"https:\/\/site.educa.madrid.org\/ies.victoria.villarejo\/index.php\/wp-json\/wp\/v2\/pages"}],"about":[{"href":"https:\/\/site.educa.madrid.org\/ies.victoria.villarejo\/index.php\/wp-json\/wp\/v2\/types\/page"}],"author":[{"embeddable":true,"href":"https:\/\/site.educa.madrid.org\/ies.victoria.villarejo\/index.php\/wp-json\/wp\/v2\/users\/2"}],"replies":[{"embeddable":true,"href":"https:\/\/site.educa.madrid.org\/ies.victoria.villarejo\/index.php\/wp-json\/wp\/v2\/comments?post=1409"}],"version-history":[{"count":2,"href":"https:\/\/site.educa.madrid.org\/ies.victoria.villarejo\/index.php\/wp-json\/wp\/v2\/pages\/1409\/revisions"}],"predecessor-version":[{"id":2240,"href":"https:\/\/site.educa.madrid.org\/ies.victoria.villarejo\/index.php\/wp-json\/wp\/v2\/pages\/1409\/revisions\/2240"}],"wp:attachment":[{"href":"https:\/\/site.educa.madrid.org\/ies.victoria.villarejo\/index.php\/wp-json\/wp\/v2\/media?parent=1409"}],"wp:term":[{"taxonomy":"folder","embeddable":true,"href":"https:\/\/site.educa.madrid.org\/ies.victoria.villarejo\/index.php\/wp-json\/wp\/v2\/folder?post=1409"}],"curies":[{"name":"wp","href":"https:\/\/api.w.org\/{rel}","templated":true}]}}