{"id":1464,"date":"2021-06-15T20:30:06","date_gmt":"2021-06-15T20:30:06","guid":{"rendered":"https:\/\/site.educa.madrid.org\/ies.victoria.villarejo\/?page_id=1464"},"modified":"2021-06-16T08:57:16","modified_gmt":"2021-06-16T08:57:16","slug":"empresa","status":"publish","type":"page","link":"https:\/\/site.educa.madrid.org\/ies.victoria.villarejo\/index.php\/empresa\/","title":{"rendered":"EMPRESA"},"content":{"rendered":"\n<pre class=\"wp-block-verse\">Si necesitas cubrir un puesto de t\u00e9cnico en:<\/pre>\n\n\n\n<ul class=\"wp-block-list\"><li>Gesti\u00f3n Administrativa.<\/li><li>Electromec\u00e1nica de Veh\u00edculos.<\/li><li>Carrocer\u00eda.<\/li><li>Sistemas Microinform\u00e1ticos y Redes.<\/li><\/ul>\n\n\n\n<pre class=\"wp-block-verse\">O, si necesitas un perfil con una titulaci\u00f3n en FP B\u00e1sica de:<\/pre>\n\n\n\n<ul class=\"wp-block-list\"><li>Servicios Administrativos<\/li><li>Mantenimiento de Veh\u00edculos <\/li><li>Fabricaci\u00f3n Mec\u00e1nica<\/li><\/ul>\n\n\n\n<p>Env\u00edanos tu oferta o ponte en contacto directamente con la Bolsa de Empleo a trav\u00e9s del tel\u00e9fono 918 74 41 70.<\/p>\n\n\n\n<p><\/p>\n\n\n\n<p style=\"color:#ffffff;font-size:25px\" class=\"has-text-color has-background has-vivid-cyan-blue-background-color\"><strong>FORMULARIO DE CONTACTO PARA EMPRESAS<\/strong><\/p>\n\n\n\n<div class=\"wpcf7 no-js\" id=\"wpcf7-f1465-o1\" lang=\"es-ES\" dir=\"ltr\">\n<div class=\"screen-reader-response\"><p role=\"status\" aria-live=\"polite\" aria-atomic=\"true\"><\/p> <ul><\/ul><\/div>\n<form action=\"\/ies.victoria.villarejo\/index.php\/wp-json\/wp\/v2\/pages\/1464#wpcf7-f1465-o1\" method=\"post\" class=\"wpcf7-form init\" aria-label=\"Formulario de contacto\" novalidate=\"novalidate\" data-status=\"init\">\n<div style=\"display: none;\">\n<input type=\"hidden\" name=\"_wpcf7\" value=\"1465\" \/>\n<input type=\"hidden\" name=\"_wpcf7_version\" value=\"5.9.7\" \/>\n<input type=\"hidden\" name=\"_wpcf7_locale\" value=\"es_ES\" \/>\n<input type=\"hidden\" name=\"_wpcf7_unit_tag\" value=\"wpcf7-f1465-o1\" \/>\n<input type=\"hidden\" name=\"_wpcf7_container_post\" value=\"0\" \/>\n<input type=\"hidden\" name=\"_wpcf7_posted_data_hash\" value=\"\" \/>\n<\/div>\n<p><label> <b>Nombre de la empresa<\/b><br \/>\n<span class=\"wpcf7-form-control-wrap\" data-name=\"Empresa\"><textarea cols=\"40\" rows=\"10\" maxlength=\"2000\" class=\"wpcf7-form-control wpcf7-textarea wpcf7-validates-as-required\" aria-required=\"true\" aria-invalid=\"false\" name=\"Empresa\"><\/textarea><\/span> <\/label>\n<\/p>\n<p><label> <b>Correo Electr\u00f3nico<\/b><br \/>\n<span class=\"wpcf7-form-control-wrap\" data-name=\"your-email\"><input size=\"40\" maxlength=\"400\" class=\"wpcf7-form-control wpcf7-email wpcf7-validates-as-required wpcf7-text wpcf7-validates-as-email\" aria-required=\"true\" aria-invalid=\"false\" value=\"\" type=\"email\" name=\"your-email\" \/><\/span> <\/label>\n<\/p>\n<p><label> <b>Tel\u00e9fono<\/b><br \/>\n<span class=\"wpcf7-form-control-wrap\" data-name=\"TELFONO\"><textarea cols=\"40\" rows=\"10\" maxlength=\"2000\" class=\"wpcf7-form-control wpcf7-textarea wpcf7-validates-as-required\" aria-required=\"true\" aria-invalid=\"false\" name=\"TELFONO\"><\/textarea><\/span> <\/label>\n<\/p>\n<p><label> <b>Direcci\u00f3n<\/b><br \/>\n<span class=\"wpcf7-form-control-wrap\" data-name=\"DIRECCION\"><textarea cols=\"40\" rows=\"10\" maxlength=\"2000\" class=\"wpcf7-form-control wpcf7-textarea\" aria-invalid=\"false\" name=\"DIRECCION\"><\/textarea><\/span> <\/label>\n<\/p>\n<p><label> <b>Persona de Contacto<\/b><br \/>\n<span class=\"wpcf7-form-control-wrap\" data-name=\"PersonadeContacto\"><textarea cols=\"40\" rows=\"10\" maxlength=\"2000\" class=\"wpcf7-form-control wpcf7-textarea wpcf7-validates-as-required\" aria-required=\"true\" aria-invalid=\"false\" name=\"PersonadeContacto\"><\/textarea><\/span> <\/label>\n<\/p>\n<p><label> <b>Titulaci\u00f3n Requerida<\/b><br \/>\n<span class=\"wpcf7-form-control-wrap\" data-name=\"TitulacinRequerida\"><select class=\"wpcf7-form-control wpcf7-select\" aria-invalid=\"false\" name=\"TitulacinRequerida\"><option value=\"--\">--<\/option><option value=\"Gesti\u00f3n Administrativa.\">Gesti\u00f3n Administrativa.<\/option><option value=\"Electromec\u00e1nica de Veh\u00edculos.\">Electromec\u00e1nica de Veh\u00edculos.<\/option><option value=\"Carrocer\u00eda.\">Carrocer\u00eda.<\/option><option value=\"Sistemas Microinform\u00e1ticos y Redes.\">Sistemas Microinform\u00e1ticos y Redes.<\/option><option value=\"Fabricaci\u00f3n Mec\u00e1nica.\">Fabricaci\u00f3n Mec\u00e1nica.<\/option><option value=\"Servicios Administrativos.\">Servicios Administrativos.<\/option><option value=\"Mantenimiento de Veh\u00edculos.\">Mantenimiento de Veh\u00edculos.<\/option><\/select><\/span> <\/label>\n<\/p>\n<p><label> <b> Lugar puesto de trabajo<\/b><br \/>\n<span class=\"wpcf7-form-control-wrap\" data-name=\"lugar\"><textarea cols=\"40\" rows=\"10\" maxlength=\"2000\" class=\"wpcf7-form-control wpcf7-textarea\" aria-invalid=\"false\" name=\"lugar\"><\/textarea><\/span> <\/label>\n<\/p>\n<p><label> <b>Tipo de Contrato \/ Otros datos relevantes<\/b><br \/>\n<span class=\"wpcf7-form-control-wrap\" data-name=\"TIPODECONTRATO\"><textarea cols=\"40\" rows=\"10\" maxlength=\"2000\" class=\"wpcf7-form-control wpcf7-textarea\" aria-invalid=\"false\" name=\"TIPODECONTRATO\"><\/textarea><\/span> <\/label>\n<\/p>\n<p><span class=\"wpcf7-form-control-wrap\" data-name=\"acceptance-517\"><span class=\"wpcf7-form-control wpcf7-acceptance optional\"><span class=\"wpcf7-list-item\"><label><input type=\"checkbox\" name=\"acceptance-517\" value=\"1\" aria-invalid=\"false\" \/><span class=\"wpcf7-list-item-label\">Acepta que su anuncio sea publicado en la bolsa de empleo FP Empresa<\/span><\/label><\/span><\/span><\/span>\n<\/p>\n<p><span class=\"wpcf7-form-control-wrap\" data-name=\"Proteccindedatos\"><span class=\"wpcf7-form-control wpcf7-acceptance\"><span class=\"wpcf7-list-item\"><input type=\"checkbox\" name=\"Proteccindedatos\" value=\"1\" aria-invalid=\"false\" \/><\/span><\/span><\/span><a href=\"https:\/\/site.educa.madrid.org\/ies.victoria.villarejo\/index.php\/informacion-sobre-proteccion-de-datos\/\"> ACEPTA QUE SU ANUNCIO SEA GESTIONADO POR EL CENTRO Y ACEPTA LA POL\u00cdTICA DE PROTECCI\u00d3N DE DATOS<\/a>\n<\/p>\n<p class=\"aiowps-captcha hide-when-displaying-tfa-input\"><label for=\"aiowps-captcha-answer\">Por favor, introduce una respuesta en d\u00edgitos:<\/label>\n<\/p>\n<div class=\"aiowps-captcha-equation hide-when-displaying-tfa-input\">\n\t<p><strong>dos &#215; 1 = <input type=\"hidden\" name=\"aiowps-captcha-string-info\" class=\"aiowps-captcha-string-info\" value=\"vn8ig1b2ld\" \/><input type=\"hidden\" name=\"aiowps-captcha-temp-string\" class=\"aiowps-captcha-temp-string\" value=\"1778652766\" \/><input type=\"text\" size=\"2\" class=\"aiowps-captcha-answer\" name=\"aiowps-captcha-answer\" value=\"\" autocomplete=\"off\" \/><\/strong>\n\t<\/p>\n<\/div>\n<p><span class='wpcf7-form-control-wrap' data-name='aiowps-captcha'><\/span><input class=\"wpcf7-form-control wpcf7-submit has-spinner\" type=\"submit\" value=\"ENVIAR\" \/>\n<\/p><p style=\"display: none !important;\" class=\"akismet-fields-container\" data-prefix=\"_wpcf7_ak_\"><label>&#916;<textarea name=\"_wpcf7_ak_hp_textarea\" cols=\"45\" rows=\"8\" maxlength=\"100\"><\/textarea><\/label><input type=\"hidden\" id=\"ak_js_1\" name=\"_wpcf7_ak_js\" value=\"135\"\/><script>document.getElementById( \"ak_js_1\" ).setAttribute( \"value\", ( new Date() ).getTime() );<\/script><\/p><div class=\"wpcf7-response-output\" aria-hidden=\"true\"><\/div>\n<\/form>\n<\/div>\n\n","protected":false},"excerpt":{"rendered":"<p>Si necesitas cubrir un puesto de t\u00e9cnico en: Gesti\u00f3n Administrativa. Electromec\u00e1nica de Veh\u00edculos. Carrocer\u00eda. Sistemas Microinform\u00e1ticos y Redes. O, si necesitas un perfil con una titulaci\u00f3n en FP B\u00e1sica de: Servicios Administrativos Mantenimiento de Veh\u00edculos Fabricaci\u00f3n Mec\u00e1nica Env\u00edanos tu oferta o ponte en contacto directamente con la Bolsa de Empleo a trav\u00e9s del tel\u00e9fono 918<\/p><\/div>\n<div class=\"blog-btn\"><a href=\"https:\/\/site.educa.madrid.org\/ies.victoria.villarejo\/index.php\/empresa\/\" class=\"home-blog-btn\">Leer m\u00e1s<\/a><\/p>\n","protected":false},"author":2,"featured_media":0,"parent":0,"menu_order":0,"comment_status":"closed","ping_status":"closed","template":"fullwidth-template.php","meta":{"footnotes":""},"folder":[],"class_list":["post-1464","page","type-page","status-publish","hentry"],"rttpg_featured_image_url":null,"rttpg_author":{"display_name":"tic.ies.victoria.villarejo","author_link":"https:\/\/site.educa.madrid.org\/ies.victoria.villarejo\/index.php\/author\/cuenta_tic-ies-victoria-villarejo\/"},"rttpg_comment":0,"rttpg_category":false,"rttpg_excerpt":"Si necesitas cubrir un puesto de t\u00e9cnico en: Gesti\u00f3n Administrativa. Electromec\u00e1nica de Veh\u00edculos. Carrocer\u00eda. Sistemas Microinform\u00e1ticos y Redes. O, si necesitas un perfil con una titulaci\u00f3n en FP B\u00e1sica de: Servicios Administrativos Mantenimiento de Veh\u00edculos Fabricaci\u00f3n Mec\u00e1nica Env\u00edanos tu oferta o ponte en contacto directamente con la Bolsa de Empleo a trav\u00e9s del tel\u00e9fono 918Leer&hellip;","post_mailing_queue_ids":[],"_links":{"self":[{"href":"https:\/\/site.educa.madrid.org\/ies.victoria.villarejo\/index.php\/wp-json\/wp\/v2\/pages\/1464","targetHints":{"allow":["GET"]}}],"collection":[{"href":"https:\/\/site.educa.madrid.org\/ies.victoria.villarejo\/index.php\/wp-json\/wp\/v2\/pages"}],"about":[{"href":"https:\/\/site.educa.madrid.org\/ies.victoria.villarejo\/index.php\/wp-json\/wp\/v2\/types\/page"}],"author":[{"embeddable":true,"href":"https:\/\/site.educa.madrid.org\/ies.victoria.villarejo\/index.php\/wp-json\/wp\/v2\/users\/2"}],"replies":[{"embeddable":true,"href":"https:\/\/site.educa.madrid.org\/ies.victoria.villarejo\/index.php\/wp-json\/wp\/v2\/comments?post=1464"}],"version-history":[{"count":6,"href":"https:\/\/site.educa.madrid.org\/ies.victoria.villarejo\/index.php\/wp-json\/wp\/v2\/pages\/1464\/revisions"}],"predecessor-version":[{"id":1474,"href":"https:\/\/site.educa.madrid.org\/ies.victoria.villarejo\/index.php\/wp-json\/wp\/v2\/pages\/1464\/revisions\/1474"}],"wp:attachment":[{"href":"https:\/\/site.educa.madrid.org\/ies.victoria.villarejo\/index.php\/wp-json\/wp\/v2\/media?parent=1464"}],"wp:term":[{"taxonomy":"folder","embeddable":true,"href":"https:\/\/site.educa.madrid.org\/ies.victoria.villarejo\/index.php\/wp-json\/wp\/v2\/folder?post=1464"}],"curies":[{"name":"wp","href":"https:\/\/api.w.org\/{rel}","templated":true}]}}