{"id":1565,"date":"2021-07-12T12:12:32","date_gmt":"2021-07-12T12:12:32","guid":{"rendered":"https:\/\/site.educa.madrid.org\/ies.victoria.villarejo\/?page_id=1565"},"modified":"2025-11-26T14:22:36","modified_gmt":"2025-11-26T13:22:36","slug":"departamento-de-administracion-y-gestion","status":"publish","type":"page","link":"https:\/\/site.educa.madrid.org\/ies.victoria.villarejo\/index.php\/departamento-de-administracion-y-gestion\/","title":{"rendered":"DEPARTAMENTO DE ADMINISTRACI\u00d3N Y GESTI\u00d3N"},"content":{"rendered":"\n<div class=\"wp-block-buttons is-layout-flex wp-block-buttons-is-layout-flex\"><\/div>\n\n\n\n<div class=\"wp-block-buttons is-layout-flex wp-block-buttons-is-layout-flex\"><\/div>\n\n\n\n<div class=\"wp-block-buttons is-layout-flex wp-block-buttons-is-layout-flex\"><\/div>\n\n\n\n<div class=\"wp-block-buttons is-layout-flex wp-block-buttons-is-layout-flex\"><\/div>\n\n\n\n<p><\/p>\n\n\n\n<p><\/p>\n\n\n\n<p><\/p>\n\n\n\n<ul style=\"font-size:19px\" class=\"wp-block-list has-vivid-cyan-blue-color has-text-color\">\n<li><strong>Libros de texto 2024\/2025<\/strong><br>(pincha encima de lo que corresponda)\n<ul class=\"wp-block-list\">\n<li><a href=\"https:\/\/site.educa.madrid.org\/ies.victoria.villarejo\/\">Ver p\u00e1gina de inicio<\/a> <\/li>\n<\/ul>\n<\/li>\n<\/ul>\n\n\n\n<figure class=\"wp-block-pullquote is-style-default\"><blockquote><p><strong>Miembros del Departamento: <\/strong><br><strong>Jefa de departamento<\/strong>: Estefan\u00eda S\u00e1nchez P\u00e9rez: <mark style=\"background-color:rgba(0, 0, 0, 0)\" class=\"has-inline-color has-vivid-cyan-blue-color\">esanchezperez@educa.madrid.org<\/mark><br>* Laura Mazario Lafuente: <mark style=\"background-color:rgba(0, 0, 0, 0)\" class=\"has-inline-color has-vivid-cyan-blue-color\">lml888@educa.madrid.org<\/mark><br>* Luis Miguel Hermoso Chaves: <mark style=\"background-color:rgba(0, 0, 0, 0)\" class=\"has-inline-color has-vivid-cyan-blue-color\">luismiguel.hermosochaves@educa.madrid.org<\/mark><br>* Purificaci\u00f3n Cantisano Garc\u00eda: <mark style=\"background-color:rgba(0, 0, 0, 0)\" class=\"has-inline-color has-vivid-cyan-blue-color\">pcantisano@educa.madrid.org<\/mark><br>* Daniel Molina Tejedor: <mark style=\"background-color:rgba(0, 0, 0, 0)\" class=\"has-inline-color has-vivid-cyan-blue-color\">dmt938@educa.madrid.org<\/mark><br>* Daniel Regueras Vi\u00f1as: <mark style=\"background-color:rgba(0, 0, 0, 0)\" class=\"has-inline-color has-vivid-cyan-blue-color\">drv450@educa.madrid.org<\/mark><br>* Miguel \u00c1ngel Pamp\u00edn Carmona: <mark style=\"background-color:rgba(0, 0, 0, 0)\" class=\"has-inline-color has-vivid-cyan-blue-color\">miguel.pampin@educa.madrid.org<\/mark><\/p><\/blockquote><\/figure>\n","protected":false},"excerpt":{"rendered":"<p>Miembros del Departamento: Jefa de departamento: Estefan\u00eda S\u00e1nchez P\u00e9rez: esanchezperez@educa.madrid.org* Laura Mazario Lafuente: lml888@educa.madrid.org* Luis Miguel Hermoso Chaves: luismiguel.hermosochaves@educa.madrid.org* Purificaci\u00f3n Cantisano Garc\u00eda: pcantisano@educa.madrid.org* Daniel Molina Tejedor: dmt938@educa.madrid.org* Daniel Regueras Vi\u00f1as: drv450@educa.madrid.org* Miguel \u00c1ngel Pamp\u00edn Carmona: miguel.pampin@educa.madrid.org<\/p>\n","protected":false},"author":3,"featured_media":1098,"parent":0,"menu_order":0,"comment_status":"closed","ping_status":"closed","template":"","meta":{"footnotes":""},"folder":[],"class_list":["post-1565","page","type-page","status-publish","has-post-thumbnail","hentry"],"rttpg_featured_image_url":{"full":["https:\/\/site.educa.madrid.org\/ies.victoria.villarejo\/\/wp-content\/uploads\/ies.victoria.villarejo\/2021\/05\/smiling-male-student-with-others-writing-notes-in-classroom-scaled.jpg",2560,1707,false],"landscape":["https:\/\/site.educa.madrid.org\/ies.victoria.villarejo\/\/wp-content\/uploads\/ies.victoria.villarejo\/2021\/05\/smiling-male-student-with-others-writing-notes-in-classroom-scaled.jpg",2560,1707,false],"portraits":["https:\/\/site.educa.madrid.org\/ies.victoria.villarejo\/\/wp-content\/uploads\/ies.victoria.villarejo\/2021\/05\/smiling-male-student-with-others-writing-notes-in-classroom-scaled.jpg",2560,1707,false],"thumbnail":["https:\/\/site.educa.madrid.org\/ies.victoria.villarejo\/\/wp-content\/uploads\/ies.victoria.villarejo\/2021\/05\/smiling-male-student-with-others-writing-notes-in-classroom-150x150.jpg",150,150,true],"medium":["https:\/\/site.educa.madrid.org\/ies.victoria.villarejo\/\/wp-content\/uploads\/ies.victoria.villarejo\/2021\/05\/smiling-male-student-with-others-writing-notes-in-classroom-300x200.jpg",300,200,true],"large":["https:\/\/site.educa.madrid.org\/ies.victoria.villarejo\/\/wp-content\/uploads\/ies.victoria.villarejo\/2021\/05\/smiling-male-student-with-others-writing-notes-in-classroom-1024x683.jpg",696,464,true],"thumblist":["https:\/\/site.educa.madrid.org\/ies.victoria.villarejo\/\/wp-content\/uploads\/ies.victoria.villarejo\/2021\/05\/smiling-male-student-with-others-writing-notes-in-classroom-300x300.jpg",300,300,true],"thumbrelated":["https:\/\/site.educa.madrid.org\/ies.victoria.villarejo\/\/wp-content\/uploads\/ies.victoria.villarejo\/2021\/05\/smiling-male-student-with-others-writing-notes-in-classroom-scaled.jpg",500,333,false],"meccarouselthumb":["https:\/\/site.educa.madrid.org\/ies.victoria.villarejo\/\/wp-content\/uploads\/ies.victoria.villarejo\/2021\/05\/smiling-male-student-with-others-writing-notes-in-classroom-474x324.jpg",474,324,true],"gridsquare":["https:\/\/site.educa.madrid.org\/ies.victoria.villarejo\/\/wp-content\/uploads\/ies.victoria.villarejo\/2021\/05\/smiling-male-student-with-others-writing-notes-in-classroom-391x260.jpg",391,260,true],"tileview":["https:\/\/site.educa.madrid.org\/ies.victoria.villarejo\/\/wp-content\/uploads\/ies.victoria.villarejo\/2021\/05\/smiling-male-student-with-others-writing-notes-in-classroom-300x400.jpg",300,400,true],"1536x1536":["https:\/\/site.educa.madrid.org\/ies.victoria.villarejo\/\/wp-content\/uploads\/ies.victoria.villarejo\/2021\/05\/smiling-male-student-with-others-writing-notes-in-classroom-1536x1024.jpg",1536,1024,true],"2048x2048":["https:\/\/site.educa.madrid.org\/ies.victoria.villarejo\/\/wp-content\/uploads\/ies.victoria.villarejo\/2021\/05\/smiling-male-student-with-others-writing-notes-in-classroom-2048x1365.jpg",2048,1365,true],"sow-carousel-default":["https:\/\/site.educa.madrid.org\/ies.victoria.villarejo\/\/wp-content\/uploads\/ies.victoria.villarejo\/2021\/05\/smiling-male-student-with-others-writing-notes-in-classroom-scaled.jpg",272,182,false],"sow-post-carousel-overlay-theme":["https:\/\/site.educa.madrid.org\/ies.victoria.villarejo\/\/wp-content\/uploads\/ies.victoria.villarejo\/2021\/05\/smiling-male-student-with-others-writing-notes-in-classroom-scaled.jpg",360,240,false],"sow-post-carousel-cards-theme":["https:\/\/site.educa.madrid.org\/ies.victoria.villarejo\/\/wp-content\/uploads\/ies.victoria.villarejo\/2021\/05\/smiling-male-student-with-others-writing-notes-in-classroom-scaled.jpg",360,240,false],"rt_custom":["https:\/\/site.educa.madrid.org\/ies.victoria.villarejo\/\/wp-content\/uploads\/ies.victoria.villarejo\/2021\/05\/smiling-male-student-with-others-writing-notes-in-classroom-scaled.jpg",2560,1707,false]},"rttpg_author":{"display_name":"ies.victoria.villarejo","author_link":"https:\/\/site.educa.madrid.org\/ies.victoria.villarejo\/index.php\/author\/cuenta_ies-victoria-villarejo\/"},"rttpg_comment":0,"rttpg_category":false,"rttpg_excerpt":"Miembros del Departamento: Jefa de departamento: Estefan\u00eda S\u00e1nchez P\u00e9rez: esanchezperez@educa.madrid.org* Laura Mazario Lafuente: lml888@educa.madrid.org* Luis Miguel Hermoso Chaves: luismiguel.hermosochaves@educa.madrid.org* Purificaci\u00f3n Cantisano Garc\u00eda: pcantisano@educa.madrid.org* Daniel Molina Tejedor: dmt938@educa.madrid.org* Daniel Regueras Vi\u00f1as: drv450@educa.madrid.org* Miguel \u00c1ngel Pamp\u00edn Carmona: miguel.pampin@educa.madrid.org","post_mailing_queue_ids":[],"_links":{"self":[{"href":"https:\/\/site.educa.madrid.org\/ies.victoria.villarejo\/index.php\/wp-json\/wp\/v2\/pages\/1565","targetHints":{"allow":["GET"]}}],"collection":[{"href":"https:\/\/site.educa.madrid.org\/ies.victoria.villarejo\/index.php\/wp-json\/wp\/v2\/pages"}],"about":[{"href":"https:\/\/site.educa.madrid.org\/ies.victoria.villarejo\/index.php\/wp-json\/wp\/v2\/types\/page"}],"author":[{"embeddable":true,"href":"https:\/\/site.educa.madrid.org\/ies.victoria.villarejo\/index.php\/wp-json\/wp\/v2\/users\/3"}],"replies":[{"embeddable":true,"href":"https:\/\/site.educa.madrid.org\/ies.victoria.villarejo\/index.php\/wp-json\/wp\/v2\/comments?post=1565"}],"version-history":[{"count":37,"href":"https:\/\/site.educa.madrid.org\/ies.victoria.villarejo\/index.php\/wp-json\/wp\/v2\/pages\/1565\/revisions"}],"predecessor-version":[{"id":5679,"href":"https:\/\/site.educa.madrid.org\/ies.victoria.villarejo\/index.php\/wp-json\/wp\/v2\/pages\/1565\/revisions\/5679"}],"wp:featuredmedia":[{"embeddable":true,"href":"https:\/\/site.educa.madrid.org\/ies.victoria.villarejo\/index.php\/wp-json\/wp\/v2\/media\/1098"}],"wp:attachment":[{"href":"https:\/\/site.educa.madrid.org\/ies.victoria.villarejo\/index.php\/wp-json\/wp\/v2\/media?parent=1565"}],"wp:term":[{"taxonomy":"folder","embeddable":true,"href":"https:\/\/site.educa.madrid.org\/ies.victoria.villarejo\/index.php\/wp-json\/wp\/v2\/folder?post=1565"}],"curies":[{"name":"wp","href":"https:\/\/api.w.org\/{rel}","templated":true}]}}