{"id":1615,"date":"2021-07-13T12:16:34","date_gmt":"2021-07-13T12:16:34","guid":{"rendered":"https:\/\/site.educa.madrid.org\/ies.victoria.villarejo\/?page_id=1615"},"modified":"2025-11-26T14:21:02","modified_gmt":"2025-11-26T13:21:02","slug":"informatica-y-comunicaciones","status":"publish","type":"page","link":"https:\/\/site.educa.madrid.org\/ies.victoria.villarejo\/index.php\/informatica-y-comunicaciones\/","title":{"rendered":"INFORM\u00c1TICA Y COMUNICACIONES"},"content":{"rendered":"\n<p class=\"has-vivid-cyan-blue-color has-text-color has-large-font-size\"><strong>LIBRO DE TEXTOS 2024\/2025<\/strong><\/p>\n\n\n\n<p><a href=\"https:\/\/site.educa.madrid.org\/ies.victoria.villarejo\/\">Ver p\u00e1gina de inicio <\/a><\/p>\n\n\n\n<figure class=\"wp-block-pullquote is-style-default has-vivid-cyan-blue-color has-text-color\"><blockquote><p><strong>Miembros del Departamento:<\/strong><br><strong>Jefa de departamento<\/strong>: Consolaci\u00f3n Navarrete Pardo <mark style=\"background-color:rgba(0, 0, 0, 0)\" class=\"has-inline-color has-vivid-cyan-blue-color\">consolacion.navarrete@educa.madrid.org<\/mark><br>* David L\u00f3pez Checa (TIC centro):\u00a0 <mark style=\"background-color:rgba(0, 0, 0, 0)\" class=\"has-inline-color has-vivid-cyan-blue-color\">david.lc@educa.madrid.org<\/mark><br>* Agust\u00edn Herrero cola: agustin.herrero@educa.madrid.org <br>*Francisco Javi Aramberri P\u00e9rez: francisco.aramberriperez@educa.madrid.org<br>*Tom\u00e1s Crevillen G\u00f3mez: tcrevillen@educa.madrid.org<br>*  Mar\u00eda del Carmen D\u00edaz Urbina: mdcdu0@educa.madrid.org<br>*  Juan Mario Fern\u00e1ndez de Pinedo: jmfdp0@educa.madrid.org<br>*  Pedro Antonio Figueroa Borondo: pedro.figueroaborondo@educa.madrid.org<br>*  Francisco Javier Mart\u00ednez Calvo : francisco.mc@educa.madrid.org<br>*  Alberto Sim\u00f3n Rodr\u00edguez : asr650@educa.madrid.org<br>*  Isabel Valdiviezo Solis : isabel.valdiviezo@educa.madrid.org<\/p><\/blockquote><\/figure>\n","protected":false},"excerpt":{"rendered":"<p>LIBRO DE TEXTOS 2024\/2025 Ver p\u00e1gina de inicio Miembros del Departamento:Jefa de departamento: Consolaci\u00f3n Navarrete Pardo consolacion.navarrete@educa.madrid.org* David L\u00f3pez Checa (TIC centro):\u00a0 david.lc@educa.madrid.org* Agust\u00edn Herrero cola: agustin.herrero@educa.madrid.org *Francisco Javi Aramberri P\u00e9rez: francisco.aramberriperez@educa.madrid.org*Tom\u00e1s Crevillen G\u00f3mez: tcrevillen@educa.madrid.org* Mar\u00eda del Carmen D\u00edaz Urbina: mdcdu0@educa.madrid.org* Juan Mario Fern\u00e1ndez de Pinedo: jmfdp0@educa.madrid.org* Pedro Antonio Figueroa Borondo: pedro.figueroaborondo@educa.madrid.org* Francisco Javier Mart\u00ednez<\/p><\/div>\n<div class=\"blog-btn\"><a href=\"https:\/\/site.educa.madrid.org\/ies.victoria.villarejo\/index.php\/informatica-y-comunicaciones\/\" class=\"home-blog-btn\">Leer m\u00e1s<\/a><\/p>\n","protected":false},"author":3,"featured_media":1184,"parent":0,"menu_order":0,"comment_status":"closed","ping_status":"closed","template":"","meta":{"footnotes":""},"folder":[],"class_list":["post-1615","page","type-page","status-publish","has-post-thumbnail","hentry"],"rttpg_featured_image_url":{"full":["https:\/\/site.educa.madrid.org\/ies.victoria.villarejo\/\/wp-content\/uploads\/ies.victoria.villarejo\/2021\/05\/woman-using-laptop-for-studies-near-friends-scaled.jpg",2560,1707,false],"landscape":["https:\/\/site.educa.madrid.org\/ies.victoria.villarejo\/\/wp-content\/uploads\/ies.victoria.villarejo\/2021\/05\/woman-using-laptop-for-studies-near-friends-scaled.jpg",2560,1707,false],"portraits":["https:\/\/site.educa.madrid.org\/ies.victoria.villarejo\/\/wp-content\/uploads\/ies.victoria.villarejo\/2021\/05\/woman-using-laptop-for-studies-near-friends-scaled.jpg",2560,1707,false],"thumbnail":["https:\/\/site.educa.madrid.org\/ies.victoria.villarejo\/\/wp-content\/uploads\/ies.victoria.villarejo\/2021\/05\/woman-using-laptop-for-studies-near-friends-150x150.jpg",150,150,true],"medium":["https:\/\/site.educa.madrid.org\/ies.victoria.villarejo\/\/wp-content\/uploads\/ies.victoria.villarejo\/2021\/05\/woman-using-laptop-for-studies-near-friends-300x200.jpg",300,200,true],"large":["https:\/\/site.educa.madrid.org\/ies.victoria.villarejo\/\/wp-content\/uploads\/ies.victoria.villarejo\/2021\/05\/woman-using-laptop-for-studies-near-friends-1024x683.jpg",696,464,true],"thumblist":["https:\/\/site.educa.madrid.org\/ies.victoria.villarejo\/\/wp-content\/uploads\/ies.victoria.villarejo\/2021\/05\/woman-using-laptop-for-studies-near-friends-300x300.jpg",300,300,true],"thumbrelated":["https:\/\/site.educa.madrid.org\/ies.victoria.villarejo\/\/wp-content\/uploads\/ies.victoria.villarejo\/2021\/05\/woman-using-laptop-for-studies-near-friends-scaled.jpg",500,333,false],"meccarouselthumb":["https:\/\/site.educa.madrid.org\/ies.victoria.villarejo\/\/wp-content\/uploads\/ies.victoria.villarejo\/2021\/05\/woman-using-laptop-for-studies-near-friends-474x324.jpg",474,324,true],"gridsquare":["https:\/\/site.educa.madrid.org\/ies.victoria.villarejo\/\/wp-content\/uploads\/ies.victoria.villarejo\/2021\/05\/woman-using-laptop-for-studies-near-friends-391x260.jpg",391,260,true],"tileview":["https:\/\/site.educa.madrid.org\/ies.victoria.villarejo\/\/wp-content\/uploads\/ies.victoria.villarejo\/2021\/05\/woman-using-laptop-for-studies-near-friends-300x400.jpg",300,400,true],"1536x1536":["https:\/\/site.educa.madrid.org\/ies.victoria.villarejo\/\/wp-content\/uploads\/ies.victoria.villarejo\/2021\/05\/woman-using-laptop-for-studies-near-friends-1536x1024.jpg",1536,1024,true],"2048x2048":["https:\/\/site.educa.madrid.org\/ies.victoria.villarejo\/\/wp-content\/uploads\/ies.victoria.villarejo\/2021\/05\/woman-using-laptop-for-studies-near-friends-2048x1365.jpg",2048,1365,true],"sow-carousel-default":["https:\/\/site.educa.madrid.org\/ies.victoria.villarejo\/\/wp-content\/uploads\/ies.victoria.villarejo\/2021\/05\/woman-using-laptop-for-studies-near-friends-scaled.jpg",272,182,false],"sow-post-carousel-overlay-theme":["https:\/\/site.educa.madrid.org\/ies.victoria.villarejo\/\/wp-content\/uploads\/ies.victoria.villarejo\/2021\/05\/woman-using-laptop-for-studies-near-friends-scaled.jpg",360,240,false],"sow-post-carousel-cards-theme":["https:\/\/site.educa.madrid.org\/ies.victoria.villarejo\/\/wp-content\/uploads\/ies.victoria.villarejo\/2021\/05\/woman-using-laptop-for-studies-near-friends-scaled.jpg",360,240,false],"rt_custom":["https:\/\/site.educa.madrid.org\/ies.victoria.villarejo\/\/wp-content\/uploads\/ies.victoria.villarejo\/2021\/05\/woman-using-laptop-for-studies-near-friends-scaled.jpg",2560,1707,false]},"rttpg_author":{"display_name":"ies.victoria.villarejo","author_link":"https:\/\/site.educa.madrid.org\/ies.victoria.villarejo\/index.php\/author\/cuenta_ies-victoria-villarejo\/"},"rttpg_comment":0,"rttpg_category":false,"rttpg_excerpt":"LIBRO DE TEXTOS 2024\/2025 Ver p\u00e1gina de inicio Miembros del Departamento:Jefa de departamento: Consolaci\u00f3n Navarrete Pardo consolacion.navarrete@educa.madrid.org* David L\u00f3pez Checa (TIC centro):\u00a0 david.lc@educa.madrid.org* Agust\u00edn Herrero cola: agustin.herrero@educa.madrid.org *Francisco Javi Aramberri P\u00e9rez: francisco.aramberriperez@educa.madrid.org*Tom\u00e1s Crevillen G\u00f3mez: tcrevillen@educa.madrid.org* Mar\u00eda del Carmen D\u00edaz Urbina: mdcdu0@educa.madrid.org* Juan Mario Fern\u00e1ndez de Pinedo: jmfdp0@educa.madrid.org* Pedro Antonio Figueroa Borondo: pedro.figueroaborondo@educa.madrid.org* Francisco Javier Mart\u00ednezLeer&hellip;","post_mailing_queue_ids":[],"_links":{"self":[{"href":"https:\/\/site.educa.madrid.org\/ies.victoria.villarejo\/index.php\/wp-json\/wp\/v2\/pages\/1615","targetHints":{"allow":["GET"]}}],"collection":[{"href":"https:\/\/site.educa.madrid.org\/ies.victoria.villarejo\/index.php\/wp-json\/wp\/v2\/pages"}],"about":[{"href":"https:\/\/site.educa.madrid.org\/ies.victoria.villarejo\/index.php\/wp-json\/wp\/v2\/types\/page"}],"author":[{"embeddable":true,"href":"https:\/\/site.educa.madrid.org\/ies.victoria.villarejo\/index.php\/wp-json\/wp\/v2\/users\/3"}],"replies":[{"embeddable":true,"href":"https:\/\/site.educa.madrid.org\/ies.victoria.villarejo\/index.php\/wp-json\/wp\/v2\/comments?post=1615"}],"version-history":[{"count":39,"href":"https:\/\/site.educa.madrid.org\/ies.victoria.villarejo\/index.php\/wp-json\/wp\/v2\/pages\/1615\/revisions"}],"predecessor-version":[{"id":5678,"href":"https:\/\/site.educa.madrid.org\/ies.victoria.villarejo\/index.php\/wp-json\/wp\/v2\/pages\/1615\/revisions\/5678"}],"wp:featuredmedia":[{"embeddable":true,"href":"https:\/\/site.educa.madrid.org\/ies.victoria.villarejo\/index.php\/wp-json\/wp\/v2\/media\/1184"}],"wp:attachment":[{"href":"https:\/\/site.educa.madrid.org\/ies.victoria.villarejo\/index.php\/wp-json\/wp\/v2\/media?parent=1615"}],"wp:term":[{"taxonomy":"folder","embeddable":true,"href":"https:\/\/site.educa.madrid.org\/ies.victoria.villarejo\/index.php\/wp-json\/wp\/v2\/folder?post=1615"}],"curies":[{"name":"wp","href":"https:\/\/api.w.org\/{rel}","templated":true}]}}