{"id":1779,"date":"2021-09-28T12:56:11","date_gmt":"2021-09-28T10:56:11","guid":{"rendered":"https:\/\/site.educa.madrid.org\/ies.victoria.villarejo\/?page_id=1779"},"modified":"2025-11-27T13:06:10","modified_gmt":"2025-11-27T12:06:10","slug":"departamento-de-ingles","status":"publish","type":"page","link":"https:\/\/site.educa.madrid.org\/ies.victoria.villarejo\/index.php\/departamento-de-ingles\/","title":{"rendered":"Departamento de Ingl\u00e9s"},"content":{"rendered":"\n<figure class=\"wp-block-pullquote is-style-default\"><blockquote><p><strong><mark style=\"background-color:rgba(0, 0, 0, 0)\" class=\"has-inline-color has-cyan-bluish-gray-color\">Miembros del Departamento<\/mark><\/strong><br>* Benjam\u00edn Edreira Espi\u00f1eira: <a href=\"mailto:benjamin.edreira@educa.madrid.org\">benjamin.edreira@educa.madrid.org<\/a><br>* Mercedes Golvano Mu\u00f1oz: <a href=\"mailto:mgolvano@educa.madrid.org\">mgolvano@educa.madrid.org<\/a><br>* Paloma Pastor Mota: <a href=\"mailto:ppastor1@educa.madrid.org\">ppastor1@educa.madrid.org<\/a><br>* Naim Rian Ben Deggoun: <a href=\"mailto:nrianben@educa.madrid.org\">nrianben@educa.madrid.org<\/a><br>* Teresa de la Torre Fraile: <a href=\"mailto:tdltf2@educa.madrid.org\">tdltf2@educa.madrid.org<\/a><\/p><\/blockquote><\/figure>\n\n\n\n<p><\/p>\n","protected":false},"excerpt":{"rendered":"<p>Miembros del Departamento* Benjam\u00edn Edreira Espi\u00f1eira: benjamin.edreira@educa.madrid.org* Mercedes Golvano Mu\u00f1oz: mgolvano@educa.madrid.org* Paloma Pastor Mota: ppastor1@educa.madrid.org* Naim Rian Ben Deggoun: nrianben@educa.madrid.org* Teresa de la Torre Fraile: tdltf2@educa.madrid.org<\/p>\n","protected":false},"author":3,"featured_media":0,"parent":0,"menu_order":0,"comment_status":"closed","ping_status":"closed","template":"","meta":{"footnotes":""},"folder":[],"class_list":["post-1779","page","type-page","status-publish","hentry"],"rttpg_featured_image_url":null,"rttpg_author":{"display_name":"ies.victoria.villarejo","author_link":"https:\/\/site.educa.madrid.org\/ies.victoria.villarejo\/index.php\/author\/cuenta_ies-victoria-villarejo\/"},"rttpg_comment":0,"rttpg_category":false,"rttpg_excerpt":"Miembros del Departamento* Benjam\u00edn Edreira Espi\u00f1eira: benjamin.edreira@educa.madrid.org* Mercedes Golvano Mu\u00f1oz: mgolvano@educa.madrid.org* Paloma Pastor Mota: ppastor1@educa.madrid.org* Naim Rian Ben Deggoun: nrianben@educa.madrid.org* Teresa de la Torre Fraile: tdltf2@educa.madrid.org","post_mailing_queue_ids":[],"_links":{"self":[{"href":"https:\/\/site.educa.madrid.org\/ies.victoria.villarejo\/index.php\/wp-json\/wp\/v2\/pages\/1779","targetHints":{"allow":["GET"]}}],"collection":[{"href":"https:\/\/site.educa.madrid.org\/ies.victoria.villarejo\/index.php\/wp-json\/wp\/v2\/pages"}],"about":[{"href":"https:\/\/site.educa.madrid.org\/ies.victoria.villarejo\/index.php\/wp-json\/wp\/v2\/types\/page"}],"author":[{"embeddable":true,"href":"https:\/\/site.educa.madrid.org\/ies.victoria.villarejo\/index.php\/wp-json\/wp\/v2\/users\/3"}],"replies":[{"embeddable":true,"href":"https:\/\/site.educa.madrid.org\/ies.victoria.villarejo\/index.php\/wp-json\/wp\/v2\/comments?post=1779"}],"version-history":[{"count":10,"href":"https:\/\/site.educa.madrid.org\/ies.victoria.villarejo\/index.php\/wp-json\/wp\/v2\/pages\/1779\/revisions"}],"predecessor-version":[{"id":5689,"href":"https:\/\/site.educa.madrid.org\/ies.victoria.villarejo\/index.php\/wp-json\/wp\/v2\/pages\/1779\/revisions\/5689"}],"wp:attachment":[{"href":"https:\/\/site.educa.madrid.org\/ies.victoria.villarejo\/index.php\/wp-json\/wp\/v2\/media?parent=1779"}],"wp:term":[{"taxonomy":"folder","embeddable":true,"href":"https:\/\/site.educa.madrid.org\/ies.victoria.villarejo\/index.php\/wp-json\/wp\/v2\/folder?post=1779"}],"curies":[{"name":"wp","href":"https:\/\/api.w.org\/{rel}","templated":true}]}}