{"id":1790,"date":"2021-09-28T13:08:26","date_gmt":"2021-09-28T11:08:26","guid":{"rendered":"https:\/\/site.educa.madrid.org\/ies.victoria.villarejo\/?page_id=1790"},"modified":"2025-11-27T11:42:18","modified_gmt":"2025-11-27T10:42:18","slug":"departamento-de-fol","status":"publish","type":"page","link":"https:\/\/site.educa.madrid.org\/ies.victoria.villarejo\/index.php\/departamento-de-fol\/","title":{"rendered":"DEPARTAMENTO DE FORMACI\u00d3N Y ORIENTACI\u00d3N LABORAL"},"content":{"rendered":"\n<figure class=\"wp-block-pullquote is-style-default\"><blockquote><p><strong><mark style=\"background-color:rgba(0, 0, 0, 0)\" class=\"has-inline-color has-cyan-bluish-gray-color\">Miembros del Departamento:<\/mark><\/strong><br><strong>Jefa del departamento<\/strong>: Mar\u00eda del Mar Garc\u00eda Ojeda: <mark style=\"background-color:rgba(0, 0, 0, 0)\" class=\"has-inline-color has-black-color\"><a href=\"mailto:mgarciaojeda@educa.madrid.org\">mgarciaojeda@educa.madrid.org<\/a><\/mark><br>* Laura Adam Blanco: <a href=\"mailto:lab378@educa.madrid.org\">lab378@educa.madrid.org<\/a><br>* Luc\u00eda Hidalgo S\u00e1nchez: <a href=\"mailto:lucia.hidalgo31@educa.madrid.org\">lucia.hidalgo31@educa.madrid.org<\/a><br>* Laura Santiago Moreno: <a href=\"mailto:lsm989@educa.madrid.org\">lsm989@educa.madrid.org<\/a><br><\/p><\/blockquote><\/figure>\n\n\n\n<p><\/p>\n","protected":false},"excerpt":{"rendered":"<p>Miembros del Departamento:Jefa del departamento: Mar\u00eda del Mar Garc\u00eda Ojeda: mgarciaojeda@educa.madrid.org* Laura Adam Blanco: lab378@educa.madrid.org* Luc\u00eda Hidalgo S\u00e1nchez: lucia.hidalgo31@educa.madrid.org* Laura Santiago Moreno: lsm989@educa.madrid.org<\/p>\n","protected":false},"author":3,"featured_media":0,"parent":0,"menu_order":0,"comment_status":"closed","ping_status":"closed","template":"","meta":{"footnotes":""},"folder":[],"class_list":["post-1790","page","type-page","status-publish","hentry"],"rttpg_featured_image_url":null,"rttpg_author":{"display_name":"ies.victoria.villarejo","author_link":"https:\/\/site.educa.madrid.org\/ies.victoria.villarejo\/index.php\/author\/cuenta_ies-victoria-villarejo\/"},"rttpg_comment":0,"rttpg_category":false,"rttpg_excerpt":"Miembros del Departamento:Jefa del departamento: Mar\u00eda del Mar Garc\u00eda Ojeda: mgarciaojeda@educa.madrid.org* Laura Adam Blanco: lab378@educa.madrid.org* Luc\u00eda Hidalgo S\u00e1nchez: lucia.hidalgo31@educa.madrid.org* Laura Santiago Moreno: lsm989@educa.madrid.org","post_mailing_queue_ids":[],"_links":{"self":[{"href":"https:\/\/site.educa.madrid.org\/ies.victoria.villarejo\/index.php\/wp-json\/wp\/v2\/pages\/1790","targetHints":{"allow":["GET"]}}],"collection":[{"href":"https:\/\/site.educa.madrid.org\/ies.victoria.villarejo\/index.php\/wp-json\/wp\/v2\/pages"}],"about":[{"href":"https:\/\/site.educa.madrid.org\/ies.victoria.villarejo\/index.php\/wp-json\/wp\/v2\/types\/page"}],"author":[{"embeddable":true,"href":"https:\/\/site.educa.madrid.org\/ies.victoria.villarejo\/index.php\/wp-json\/wp\/v2\/users\/3"}],"replies":[{"embeddable":true,"href":"https:\/\/site.educa.madrid.org\/ies.victoria.villarejo\/index.php\/wp-json\/wp\/v2\/comments?post=1790"}],"version-history":[{"count":7,"href":"https:\/\/site.educa.madrid.org\/ies.victoria.villarejo\/index.php\/wp-json\/wp\/v2\/pages\/1790\/revisions"}],"predecessor-version":[{"id":5686,"href":"https:\/\/site.educa.madrid.org\/ies.victoria.villarejo\/index.php\/wp-json\/wp\/v2\/pages\/1790\/revisions\/5686"}],"wp:attachment":[{"href":"https:\/\/site.educa.madrid.org\/ies.victoria.villarejo\/index.php\/wp-json\/wp\/v2\/media?parent=1790"}],"wp:term":[{"taxonomy":"folder","embeddable":true,"href":"https:\/\/site.educa.madrid.org\/ies.victoria.villarejo\/index.php\/wp-json\/wp\/v2\/folder?post=1790"}],"curies":[{"name":"wp","href":"https:\/\/api.w.org\/{rel}","templated":true}]}}