{"id":209,"date":"2021-04-20T10:05:34","date_gmt":"2021-04-20T10:05:34","guid":{"rendered":"https:\/\/site.educa.madrid.org\/ies.victoria.villarejo\/?page_id=209"},"modified":"2025-11-18T12:59:49","modified_gmt":"2025-11-18T11:59:49","slug":"tutores","status":"publish","type":"page","link":"https:\/\/site.educa.madrid.org\/ies.victoria.villarejo\/index.php\/tutores\/","title":{"rendered":"Tutores"},"content":{"rendered":"\n<figure class=\"wp-block-table\"><table class=\"has-fixed-layout\"><tbody><tr><td>GRUPO<\/td><td>TUTOR<\/td><\/tr><tr><td>1\u00ba B\u00e1sica Mantenimiento de Veh\u00edculos A<\/td><td>FERNANDO MORATE PASCUAL<\/td><\/tr><tr><td>1\u00ba B\u00e1sica Mantenimiento de Veh\u00edculos B<\/td><td>JES\u00daS CASTOR RUIZ FERN\u00c1NDEZ<\/td><\/tr><tr><td>1\u00ba B\u00e1sica Servicios Administrativos<\/td><td>MIGUEL ANGEL PAMP\u00cdN CARMONA<\/td><\/tr><tr><td>1\u00ba B\u00e1sica Fabricaci\u00f3n y Montaje A<\/td><td>JES\u00daS GARC\u00cdA SICILIA<\/td><\/tr><tr><td>1\u00ba B\u00e1sica Fabricaci\u00f3n y Montaje B<\/td><td>ROCIO VENEGAS VENEGAS<\/td><\/tr><tr><td>2\u00ba B\u00e1sica Fabricaci\u00f3n y Montaje A<\/td><td>DAVID MART\u00cdNEZ RODR\u00cdGUEZ<\/td><\/tr><tr><td>2\u00ba B\u00e1sica Fabricaci\u00f3n y Montaje B<\/td><td>YON COBOS D\u00cdEZ<\/td><\/tr><tr><td>2\u00ba B\u00e1sica Servicios Administrativos<\/td><td>ESTEFAN\u00cdA S\u00c1NCHEZ P\u00c9REZ<\/td><\/tr><tr><td>2\u00ba B\u00e1sica Mantenimiento de Veh\u00edculos A<\/td><td>ALFREDO MONTALVO CUEVA<\/td><\/tr><tr><td>1\u00ba G.M. Gesti\u00f3n administrativa<\/td><td>LUIS MIGUEL HERMOSO CHAVES<\/td><\/tr><tr><td>1\u00ba G.M. Carrocer\u00eda<\/td><td>SECUNDINO GARC\u00cdA CUENCA<\/td><\/tr><tr><td>1\u00ba G.M. Electromec\u00e1nica<\/td><td> EDUARDO SAN ANDR\u00c9S GARC\u00cdA-ABAD<\/td><\/tr><tr><td>2\u00ba G.M. Gesti\u00f3n administrativa<\/td><td>DANIEL MOLINA TEJEDOR<\/td><\/tr><tr><td>2\u00ba G.M. Carrocer\u00eda<\/td><td>SANTOS CUELLAR SALAMANCA<\/td><\/tr><tr><td>2\u00ba G.M. Electromec\u00e1nica<\/td><td>BENIGNO TOM\u00c1S S\u00c1NCHEZ RUIZ<\/td><\/tr><tr><td>1\u00ba G.M. Sistemas microinform\u00e1ticos y redes (A)<\/td><td>PEDRO ANTONIO FIGUEROA BORONDO<\/td><\/tr><tr><td>1\u00ba G.M. Sistemas microinform\u00e1ticos y redes (B)<\/td><td>ISABEL VALDIVIEZO SOLIS<\/td><\/tr><tr><td>2A\u00ba G.M. Sistemas microinform\u00e1ticos y redes<\/td><td>CONSOLACI\u00d3N NAVARRETE PARDO<\/td><\/tr><tr><td>2B\u00ba G.M. Sistemas microinform\u00e1ticos y redes<\/td><td>FRANCISCO JAVIER ARAMBERRI P\u00c9REZ<\/td><\/tr><tr><td>1\u00ba G.S. Administraci\u00f3n de sistemas inform\u00e1ticos en red<\/td><td>DAVID L\u00d3PEZ CHECA<\/td><\/tr><tr><td>2\u00ba G.S. Administraci\u00f3n de sistemas inform\u00e1ticos en red<\/td><td>TOM\u00c1S CREVILLEN G\u00d3MEZ<\/td><\/tr><\/tbody><\/table><\/figure>\n\n\n\n<p><\/p>\n","protected":false},"excerpt":{"rendered":"<p>GRUPO TUTOR 1\u00ba B\u00e1sica Mantenimiento de Veh\u00edculos A FERNANDO MORATE PASCUAL 1\u00ba B\u00e1sica Mantenimiento de Veh\u00edculos B JES\u00daS CASTOR RUIZ FERN\u00c1NDEZ 1\u00ba B\u00e1sica Servicios Administrativos MIGUEL ANGEL PAMP\u00cdN CARMONA 1\u00ba B\u00e1sica Fabricaci\u00f3n y Montaje A JES\u00daS GARC\u00cdA SICILIA 1\u00ba B\u00e1sica Fabricaci\u00f3n y Montaje B ROCIO VENEGAS VENEGAS 2\u00ba B\u00e1sica Fabricaci\u00f3n y Montaje A DAVID MART\u00cdNEZ<\/p><\/div>\n<div class=\"blog-btn\"><a href=\"https:\/\/site.educa.madrid.org\/ies.victoria.villarejo\/index.php\/tutores\/\" class=\"home-blog-btn\">Leer m\u00e1s<\/a><\/p>\n","protected":false},"author":2,"featured_media":0,"parent":0,"menu_order":0,"comment_status":"closed","ping_status":"closed","template":"","meta":{"footnotes":""},"folder":[],"class_list":["post-209","page","type-page","status-publish","hentry"],"rttpg_featured_image_url":null,"rttpg_author":{"display_name":"tic.ies.victoria.villarejo","author_link":"https:\/\/site.educa.madrid.org\/ies.victoria.villarejo\/index.php\/author\/cuenta_tic-ies-victoria-villarejo\/"},"rttpg_comment":0,"rttpg_category":false,"rttpg_excerpt":"GRUPO TUTOR 1\u00ba B\u00e1sica Mantenimiento de Veh\u00edculos A FERNANDO MORATE PASCUAL 1\u00ba B\u00e1sica Mantenimiento de Veh\u00edculos B JES\u00daS CASTOR RUIZ FERN\u00c1NDEZ 1\u00ba B\u00e1sica Servicios Administrativos MIGUEL ANGEL PAMP\u00cdN CARMONA 1\u00ba B\u00e1sica Fabricaci\u00f3n y Montaje A JES\u00daS GARC\u00cdA SICILIA 1\u00ba B\u00e1sica Fabricaci\u00f3n y Montaje B ROCIO VENEGAS VENEGAS 2\u00ba B\u00e1sica Fabricaci\u00f3n y Montaje A DAVID MART\u00cdNEZLeer&hellip;","post_mailing_queue_ids":[],"_links":{"self":[{"href":"https:\/\/site.educa.madrid.org\/ies.victoria.villarejo\/index.php\/wp-json\/wp\/v2\/pages\/209","targetHints":{"allow":["GET"]}}],"collection":[{"href":"https:\/\/site.educa.madrid.org\/ies.victoria.villarejo\/index.php\/wp-json\/wp\/v2\/pages"}],"about":[{"href":"https:\/\/site.educa.madrid.org\/ies.victoria.villarejo\/index.php\/wp-json\/wp\/v2\/types\/page"}],"author":[{"embeddable":true,"href":"https:\/\/site.educa.madrid.org\/ies.victoria.villarejo\/index.php\/wp-json\/wp\/v2\/users\/2"}],"replies":[{"embeddable":true,"href":"https:\/\/site.educa.madrid.org\/ies.victoria.villarejo\/index.php\/wp-json\/wp\/v2\/comments?post=209"}],"version-history":[{"count":13,"href":"https:\/\/site.educa.madrid.org\/ies.victoria.villarejo\/index.php\/wp-json\/wp\/v2\/pages\/209\/revisions"}],"predecessor-version":[{"id":5661,"href":"https:\/\/site.educa.madrid.org\/ies.victoria.villarejo\/index.php\/wp-json\/wp\/v2\/pages\/209\/revisions\/5661"}],"wp:attachment":[{"href":"https:\/\/site.educa.madrid.org\/ies.victoria.villarejo\/index.php\/wp-json\/wp\/v2\/media?parent=209"}],"wp:term":[{"taxonomy":"folder","embeddable":true,"href":"https:\/\/site.educa.madrid.org\/ies.victoria.villarejo\/index.php\/wp-json\/wp\/v2\/folder?post=209"}],"curies":[{"name":"wp","href":"https:\/\/api.w.org\/{rel}","templated":true}]}}