{"id":2118,"date":"2022-05-18T10:30:52","date_gmt":"2022-05-18T08:30:52","guid":{"rendered":"https:\/\/site.educa.madrid.org\/ies.victoria.villarejo\/?page_id=2118"},"modified":"2026-04-15T13:32:00","modified_gmt":"2026-04-15T11:32:00","slug":"admision-ciclos-formativos-grado-superior","status":"publish","type":"page","link":"https:\/\/site.educa.madrid.org\/ies.victoria.villarejo\/index.php\/admision-ciclos-formativos-grado-superior\/","title":{"rendered":"ADMISI\u00d3N CICLOS FORMATIVOS GRADO SUPERIOR"},"content":{"rendered":"\n<p><strong>C\u00f3digo Centro 28025658<\/strong><\/p>\n\n\n\n<figure class=\"wp-block-table\"><table><tbody><tr><td class=\"has-text-align-center\" data-align=\"center\">DENOMINACI\u00d3N DEL CICLO FORMATIVO &nbsp;<\/td><td class=\"has-text-align-center\" data-align=\"center\">ADMINISTRACI\u00d3N DE SISTEMAS INFORM\u00c1TICOS EN RED &nbsp;<\/td><\/tr><tr><td class=\"has-text-align-center\" data-align=\"center\">C\u00d3DIGO DE CICLO FORMATIVO &nbsp;<\/td><td class=\"has-text-align-center\" data-align=\"center\">IFCS01<\/td><\/tr><\/tbody><\/table><\/figure>\n\n\n\n<p><mark style=\"background-color:rgba(0, 0, 0, 0)\" class=\"has-inline-color has-vivid-red-color\"><strong>PLAZO DE PRESENTACI\u00d3N DE&nbsp;LA SOLICITUD DE ADMISI\u00d3N CURSO 2025\/2026:<\/strong><\/mark><strong> <\/strong><\/p>\n\n\n\n<div class=\"wp-block-buttons is-layout-flex wp-block-buttons-is-layout-flex\">\n<div class=\"wp-block-button has-custom-width wp-block-button__width-100 is-style-outline is-style-outline--1\"><a class=\"wp-block-button__link has-white-color has-vivid-purple-background-color has-text-color has-background wp-element-button\" href=\"https:\/\/site.educa.madrid.org\/ies.victoria.villarejo\/\/wp-content\/uploads\/ies.victoria.villarejo\/2025\/06\/CALENDARIO-DE-ADMISION-CICLOS-FORMATIVOS-DE-GRADO-SUPERIOR.pdf\" style=\"border-radius:100px\">CALENDARIO DE ACTUACIONES GRADO SUPERIOR 2025\/2026<\/a><\/div>\n<\/div>\n\n\n\n<p class=\"has-pale-cyan-blue-background-color has-background\">A fin de&nbsp;<strong>agilizar la entrega de documentaci\u00f3n<\/strong>&nbsp;en secretar\u00eda,&nbsp;rogamos traigan la hoja de solicitud debidamente cumplimentada y firmada, as\u00ed como el resto de documentaci\u00f3n necesaria.<br>LES RECORDAMOS QUE SOLO SE RECOGER\u00c1N LAS SOLICITUDES QUE EST\u00c9N DEBIDAMENTE CUMPLIMENTADAS Y FIRMADAS Y CON TODOS LOS DOCUMENTOS REQUERIDOS.<\/p>\n\n\n\n<p class=\"has-cyan-bluish-gray-background-color has-background\"><strong><mark style=\"background-color:rgba(0, 0, 0, 0)\" class=\"has-inline-color has-white-color\">Puedes acceder a un ciclo de&nbsp;grado superior cuando re\u00fanas alguno de los siguientes requisitos:<\/mark><\/strong><\/p>\n\n\n\n<p>Acceso&nbsp;<strong>directo<\/strong>:<\/p>\n\n\n\n<ul class=\"wp-block-list\">\n<li>Estar en posesi\u00f3n del <strong>T\u00edtulo de Bachiller<\/strong>, o de un certificado acreditativo de haber superado todas las materias del Bachillerato.<\/li>\n\n\n\n<li>Haber superado el segundo curso de cualquier modalidad de Bachillerato experimental.<\/li>\n\n\n\n<li>Estar en posesi\u00f3n de un <strong>T\u00edtulo de T\u00e9cnico<\/strong> (Formaci\u00f3n Profesional de Grado Medio).<\/li>\n\n\n\n<li>Estar en posesi\u00f3n de un T\u00edtulo de T\u00e9cnico Superior, T\u00e9cnico Especialista o equivalente a efectos acad\u00e9micos.<\/li>\n\n\n\n<li>Haber superado 3\u00ba de BUP (Bachillerato Unificado Polivalente).<\/li>\n\n\n\n<li>\u200bHaber superado el Curso de Orientaci\u00f3n Universitaria (COU).<\/li>\n\n\n\n<li>Estar en posesi\u00f3n de cualquier Titulaci\u00f3n Universitaria o equivalente.<\/li>\n<\/ul>\n\n\n\n<p>Acceso mediante<strong>&nbsp;prueba<\/strong>&nbsp;(para quienes no tengan alguno de los requisitos anteriores)<\/p>\n\n\n\n<ul class=\"wp-block-list\">\n<li>Haber superado la prueba de acceso a ciclos formativos de grado superior (se requiere tener al menos 19 a\u00f1os en el a\u00f1o que se realiza la prueba o 18 para quienes poseen el t\u00edtulo de T\u00e9cnico).<\/li>\n\n\n\n<li>Haber superado la prueba de acceso a la Universidad para mayores de 25 a\u00f1os.<\/li>\n<\/ul>\n\n\n\n<p class=\"has-cyan-bluish-gray-background-color has-background\"><strong><mark style=\"background-color:rgba(0, 0, 0, 0)\" class=\"has-inline-color has-white-color\">Para formalizar la preinscripci\u00f3n es necesario aportar los siguientes documentos:<\/mark><\/strong><\/p>\n\n\n\n<ul class=\"wp-block-list has-black-color has-text-color\">\n<li class=\"has-black-color has-text-color has-link-color wp-elements-a0fedfa7ca1d8343e5749054c2cf2dc9\"><strong><mark style=\"background-color:rgba(0, 0, 0, 0)\" class=\"has-inline-color has-vivid-cyan-blue-color\"><a href=\"https:\/\/site.educa.madrid.org\/ies.victoria.villarejo\/\/wp-content\/uploads\/ies.victoria.villarejo\/2025\/06\/Solicitud_gb_gm_gs_2025-2026_Editable-2.pdf\" target=\"_blank\" rel=\"noreferrer noopener\">Instancia de solicitud de admisi\u00f3n<\/a><\/mark><\/strong> (editable) <mark style=\"background-color:rgba(0, 0, 0, 0)\" class=\"has-inline-color has-black-color\">Firmada por el padre\/madre, tutor\/a, para alumnos\/as menores de 18 a\u00f1os<\/mark><mark style=\"background-color:rgba(0, 0, 0, 0)\" class=\"has-inline-color has-vivid-cyan-blue-color\">. <\/mark>Se cumplimentar\u00e1 y se podr\u00e1 presentar a\u202ftrav\u00e9s la Secretar\u00eda Virtual&nbsp;<a href=\"https:\/\/raices.madrid.org\/secretariavirtual\/\" target=\"_blank\" rel=\"noreferrer noopener\">https:\/\/raices.madrid.org\/secretariavirtual\/<\/a> o de forma presencial en el centro.<\/li>\n\n\n\n<li class=\"has-black-color has-text-color has-link-color wp-elements-3b3078d1bd692a76f6a201c03c3bf1aa\"><a href=\"https:\/\/site.educa.madrid.org\/ies.victoria.villarejo\/\/wp-content\/uploads\/ies.victoria.villarejo\/2023\/04\/declaracion_reponsable-2023-2024.pdf\" target=\"_blank\" rel=\"noreferrer noopener\"><strong>Declaraci\u00f3n responsable<\/strong><\/a>. SOLO PARA AQUELLOS ALUMNOS&nbsp;MENORES DE EDAD&nbsp;que presenten la&nbsp;solicitud con la firma de un solo progenitor.<\/li>\n\n\n\n<li class=\"has-black-color has-text-color has-link-color wp-elements-dbddbe805fbb63d5088a5d2e593ec7ba\"><strong><strong>Fotocopia de la Documentaci\u00f3n acreditativa de su identidad y original para su cotejo<\/strong><\/strong>. (DNI, NIE o pasaporte)<\/li>\n\n\n\n<li class=\"has-black-color has-text-color has-link-color wp-elements-9e061f0c68869fe7d351435aea56c05a\"><strong>Documentaci\u00f3n acad\u00e9mica<\/strong> que acredite que re\u00fane los requisitos de acceso (Anexo I &#8211; Instrucciones de Acceso y Admisi\u00f3n) y en su caso, documentaci\u00f3n complementaria que permita aplicar el baremo del Anexo II de las Instrucciones de acceso y admisi\u00f3n.<\/li>\n\n\n\n<li class=\"has-black-color has-text-color has-link-color wp-elements-796b0bd71a634615e174ca66b9e93e8c\">Quienes opten a plazas reservadas para alumnos con discapacidad, deber\u00e1n acompa\u00f1ar, el correspondiente certificado emitido por los \u00f3rganos competentes de las Comunidades Aut\u00f3nomas.<\/li>\n\n\n\n<li class=\"has-black-color has-text-color has-link-color wp-elements-38e55cd4a9b90a321be7873023e7a56d\">Quienes soliciten plazas reservadas para deportistas de alto nivel o alto rendimiento deber\u00e1n acompa\u00f1ar el certificado acreditativo correspondiente o la fotocopia de la relaci\u00f3n vigente de deportistas de alto nivel publicada en el Bolet\u00edn Oficial del Estado en la que el solicitante est\u00e9 incluido.<br><mark style=\"background-color:rgba(0, 0, 0, 0)\" class=\"has-inline-color has-vivid-red-color\"><br><strong>Se tendr\u00e1 que presentar la documentaci\u00f3n original y copia para su cotejo.<\/strong><\/mark><\/li>\n<\/ul>\n\n\n\n<p class=\"has-cyan-bluish-gray-background-color has-background\"><strong><mark style=\"background-color:rgba(0, 0, 0, 0)\" class=\"has-inline-color has-white-color\">Plazas del centro<\/mark><\/strong><\/p>\n\n\n\n<p>1\u00ba Administraci\u00f3n de Sistemas Microinform\u00e1ticos en Red: 29 PLAZAS <\/p>\n\n\n\n<p class=\"has-text-align-center has-white-color has-vivid-cyan-blue-background-color has-text-color has-background has-link-color has-medium-font-size wp-elements-1c9959eb7ce5193a7bc721d0b8294154\">LISTADOS DEFINITIVOS FASE EXTRAORDINARIA<\/p>\n\n\n\n<p class=\"has-text-align-center has-vivid-red-color has-text-color has-link-color wp-elements-dc4e22688aaa0dc06d787d626992bbd2\">LISTADO DE SOLICITUDES PRESENTADAS EN FASE EXTRAORDINARIA<\/p>\n\n\n\n<div class=\"wp-block-buttons is-layout-flex wp-block-buttons-is-layout-flex\">\n<div class=\"wp-block-button has-custom-width wp-block-button__width-100\"><a class=\"wp-block-button__link has-vivid-cyan-blue-background-color has-background wp-element-button\" style=\"border-radius:0px\">LISTADOS 2\u00aa FASE<\/a><\/div>\n<\/div>\n\n\n\n<figure class=\"wp-block-pullquote is-style-solid-color has-medium-font-size\"><blockquote><p><\/p><cite><strong>LISTADOS ADMITIDOS 2\u00ba FASE<br>LISTADOS ADMITIDOS 2\u00baFASE POR CENTRO Y CICLO<br>LISTADOS NO ADMITIDOS 2\u00ba FASE V\u00cdA A2<br>El resto de las v\u00edas no tienen alumnos no admitidos<\/strong><\/cite><\/blockquote><\/figure>\n\n\n\n<p><\/p>\n\n\n\n<div class=\"wp-block-buttons is-layout-flex wp-block-buttons-is-layout-flex\">\n<div class=\"wp-block-button has-custom-width wp-block-button__width-100 is-style-outline is-style-outline--2\"><a class=\"wp-block-button__link has-white-color has-vivid-cyan-blue-background-color has-text-color has-background has-link-color wp-element-button\" style=\"border-radius:0px\">LISTADOS 1\u00aa FASE <\/a><\/div>\n<\/div>\n\n\n\n<figure class=\"wp-block-pullquote has-vivid-cyan-blue-color has-text-color has-medium-font-size\"><blockquote><p><strong>LISTADOS DEFINITIVOS DE ADMITIDOS POR CENTRO DE ADMISI\u00d3N  <\/strong><br>LISTADOS DEFINITIVOS DE ADMITIDOS POR CENTRO DE SOLICITUD<br>LISTADOS NO ADMITIDOS V\u00cdA ACCESO A1, B, C, GRADO C: NO HAY <br><strong>LISTADOS NO ADMITIDOS V\u00cdA ACCESO A2 <\/strong><br><br><br>LISTADO DE BAREMACI\u00d3N PROVISIONAL <br>LISTADO DE BAREMACI\u00d3N DE CENTROS ALTERNATIVOS <\/p><\/blockquote><\/figure>\n\n\n\n<div class=\"wp-block-buttons is-layout-flex wp-block-buttons-is-layout-flex\">\n<div class=\"wp-block-button\"><a class=\"wp-block-button__link wp-element-button\" href=\"https:\/\/site.educa.madrid.org\/ies.victoria.villarejo\/\/wp-content\/uploads\/ies.victoria.villarejo\/2025\/06\/2025_05_26_instrucciones_Admision_g.superior_25_26_vf_copia.pdf\">Instrucciones de Acceso y Admisi\u00f3n<\/a><\/div>\n\n\n\n<div class=\"wp-block-button\"><a class=\"wp-block-button__link wp-element-button\" href=\"https:\/\/site.educa.madrid.org\/ies.victoria.villarejo\/\/wp-content\/uploads\/ies.victoria.villarejo\/2025\/06\/CALENDARIO-DE-ADMISION-CICLOS-FORMATIVOS-DE-GRADO-SUPERIOR.pdf\">Calendario de actuaciones<\/a><\/div>\n<\/div>\n\n\n\n<div class=\"wp-block-buttons is-content-justification-space-between is-layout-flex wp-container-core-buttons-is-layout-3d213aab wp-block-buttons-is-layout-flex\"><\/div>\n\n\n\n<p><\/p>\n","protected":false},"excerpt":{"rendered":"<p>C\u00f3digo Centro 28025658 DENOMINACI\u00d3N DEL CICLO FORMATIVO &nbsp; ADMINISTRACI\u00d3N DE SISTEMAS INFORM\u00c1TICOS EN RED &nbsp; C\u00d3DIGO DE CICLO FORMATIVO &nbsp; IFCS01 PLAZO DE PRESENTACI\u00d3N DE&nbsp;LA SOLICITUD DE ADMISI\u00d3N CURSO 2025\/2026: A fin de&nbsp;agilizar la entrega de documentaci\u00f3n&nbsp;en secretar\u00eda,&nbsp;rogamos traigan la hoja de solicitud debidamente cumplimentada y firmada, as\u00ed como el resto de documentaci\u00f3n necesaria.LES RECORDAMOS<\/p><\/div>\n<div class=\"blog-btn\"><a href=\"https:\/\/site.educa.madrid.org\/ies.victoria.villarejo\/index.php\/admision-ciclos-formativos-grado-superior\/\" class=\"home-blog-btn\">Leer m\u00e1s<\/a><\/p>\n","protected":false},"author":3,"featured_media":0,"parent":0,"menu_order":0,"comment_status":"closed","ping_status":"closed","template":"fullwidth-template.php","meta":{"footnotes":""},"folder":[],"class_list":["post-2118","page","type-page","status-publish","hentry"],"rttpg_featured_image_url":null,"rttpg_author":{"display_name":"ies.victoria.villarejo","author_link":"https:\/\/site.educa.madrid.org\/ies.victoria.villarejo\/index.php\/author\/cuenta_ies-victoria-villarejo\/"},"rttpg_comment":0,"rttpg_category":false,"rttpg_excerpt":"C\u00f3digo Centro 28025658 DENOMINACI\u00d3N DEL CICLO FORMATIVO &nbsp; ADMINISTRACI\u00d3N DE SISTEMAS INFORM\u00c1TICOS EN RED &nbsp; C\u00d3DIGO DE CICLO FORMATIVO &nbsp; IFCS01 PLAZO DE PRESENTACI\u00d3N DE&nbsp;LA SOLICITUD DE ADMISI\u00d3N CURSO 2025\/2026: A fin de&nbsp;agilizar la entrega de documentaci\u00f3n&nbsp;en secretar\u00eda,&nbsp;rogamos traigan la hoja de solicitud debidamente cumplimentada y firmada, as\u00ed como el resto de documentaci\u00f3n necesaria.LES RECORDAMOSLeer&hellip;","post_mailing_queue_ids":[],"_links":{"self":[{"href":"https:\/\/site.educa.madrid.org\/ies.victoria.villarejo\/index.php\/wp-json\/wp\/v2\/pages\/2118","targetHints":{"allow":["GET"]}}],"collection":[{"href":"https:\/\/site.educa.madrid.org\/ies.victoria.villarejo\/index.php\/wp-json\/wp\/v2\/pages"}],"about":[{"href":"https:\/\/site.educa.madrid.org\/ies.victoria.villarejo\/index.php\/wp-json\/wp\/v2\/types\/page"}],"author":[{"embeddable":true,"href":"https:\/\/site.educa.madrid.org\/ies.victoria.villarejo\/index.php\/wp-json\/wp\/v2\/users\/3"}],"replies":[{"embeddable":true,"href":"https:\/\/site.educa.madrid.org\/ies.victoria.villarejo\/index.php\/wp-json\/wp\/v2\/comments?post=2118"}],"version-history":[{"count":50,"href":"https:\/\/site.educa.madrid.org\/ies.victoria.villarejo\/index.php\/wp-json\/wp\/v2\/pages\/2118\/revisions"}],"predecessor-version":[{"id":5801,"href":"https:\/\/site.educa.madrid.org\/ies.victoria.villarejo\/index.php\/wp-json\/wp\/v2\/pages\/2118\/revisions\/5801"}],"wp:attachment":[{"href":"https:\/\/site.educa.madrid.org\/ies.victoria.villarejo\/index.php\/wp-json\/wp\/v2\/media?parent=2118"}],"wp:term":[{"taxonomy":"folder","embeddable":true,"href":"https:\/\/site.educa.madrid.org\/ies.victoria.villarejo\/index.php\/wp-json\/wp\/v2\/folder?post=2118"}],"curies":[{"name":"wp","href":"https:\/\/api.w.org\/{rel}","templated":true}]}}