{"id":2347,"date":"2022-05-30T08:54:18","date_gmt":"2022-05-30T06:54:18","guid":{"rendered":"https:\/\/site.educa.madrid.org\/ies.victoria.villarejo\/?page_id=2347"},"modified":"2025-06-09T08:10:30","modified_gmt":"2025-06-09T06:10:30","slug":"matricula-fp-grado-superior-2","status":"publish","type":"page","link":"https:\/\/site.educa.madrid.org\/ies.victoria.villarejo\/index.php\/matricula-fp-grado-superior-2\/","title":{"rendered":"Matr\u00edcula Ciclo Formativo de Grado Superior"},"content":{"rendered":"\n<p><mark><strong>PLAZO DE PRESENTACI\u00d3N DE&nbsp;LA SOLICITUD DE MATR\u00cdCULA:<\/strong><\/mark><strong>&nbsp;<\/strong><\/p>\n\n\n\n<div class=\"wp-block-buttons is-layout-flex wp-block-buttons-is-layout-flex\">\n<div class=\"wp-block-button has-custom-width wp-block-button__width-100\"><a class=\"wp-block-button__link wp-element-button\" href=\"https:\/\/site.educa.madrid.org\/ies.victoria.villarejo\/\/wp-content\/uploads\/ies.victoria.villarejo\/2025\/06\/CALENDARIO-DE-ADMISION-CICLOS-FORMATIVOS-DE-GRADO-SUPERIOR-1.pdf\">Calendario de actuaciones curso 2025\/2026<\/a><\/div>\n<\/div>\n\n\n\n<p class=\"has-text-align-left has-pale-cyan-blue-background-color has-background\">A fin de&nbsp;<strong>agilizar la entrega de documentaci\u00f3n<\/strong>&nbsp;en secretar\u00eda,&nbsp;rogamos traigan la hoja de matr\u00edcula cumplimentada y firmada, as\u00ed como los justificantes de pago y resto de documentaci\u00f3n necesaria.<br>LES RECORDAMOS QUE SOLO SE RECOGER\u00c1N LAS MATR\u00cdCULAS QUE EST\u00c9N DEBIDAMENTE CUMPLIMENTADAS Y FIRMADAS JUNTO CON TODOS LOS DOCUMENTOS REQUERIDOS.<\/p>\n\n\n\n<p class=\"has-cyan-bluish-gray-background-color has-background\"><strong><mark style=\"background-color:rgba(0, 0, 0, 0)\" class=\"has-inline-color has-white-color\">Documentaci\u00f3n requerida para la matriculaci\u00f3n del alumnado:<\/mark><\/strong><\/p>\n\n\n<ul>\n<li><span style=\"color: #0000ff;\"><a style=\"color: #0000ff;\" href=\"https:\/\/site.educa.madrid.org\/ies.victoria.villarejo\/\/wp-content\/uploads\/ies.victoria.villarejo\/2024\/05\/Editable_solicitud-matricula-grado-SUPERIOR-2024-2025.pdf\" target=\"_blank\" rel=\"noopener\"><strong>Solicitud de matr\u00edcula<\/strong><\/a>. <\/span>Deber\u00e1n rellenarse todos los campos y estar debidamente firmada por el alumno, en caso de ser menor de edad deber\u00e1n firmar ambos progenitores o tutor legal.<\/li>\n<li style=\"list-style-type: none;\">\n<ul>\n<li>Si firma el tutor legal se presentar\u00e1 la documentaci\u00f3n oportuna que acredite la tutela.<\/li>\n<li>Si firma un solo progenitor deber\u00e1 rellenarse la siguiente declaraci\u00f3n responsable.<\/li>\n<\/ul>\n<\/li>\n<li><a href=\"https:\/\/site.educa.madrid.org\/ies.victoria.villarejo\/\/wp-content\/uploads\/ies.victoria.villarejo\/2021\/05\/declaraci\u251c\u2502n_reponsable-1.pdf\" target=\"_blank\" rel=\"noopener\"><strong><span style=\"color: #0000ff;\">Declaraci\u00f3n responsable<\/span><\/strong><\/a><span style=\"color: initial;\">. SOLO PARA AQUELLOS ALUMNOS MENORES DE EDAD que presenten la solicitud con la firma de un solo progenitor.<\/span><\/li>\n<li><span style=\"color: #0000ff;\"><a style=\"color: #0000ff;\" href=\"https:\/\/site.educa.madrid.org\/ies.victoria.villarejo\/\/wp-content\/uploads\/ies.victoria.villarejo\/2023\/03\/Editable_SOLICITUD-ACCESO-ROBLE.pdf\" target=\"_blank\" rel=\"noopener\"><strong>Solicitud de Acceso Roble<\/strong><\/a><\/span><\/li>\n<li><strong>Una fotograf\u00eda\u00a0tama\u00f1o carnet<\/strong> (nuevos alumnos)<\/li>\n<li><strong>Fotocopia del resguardo del N\u00famero de la Seguridad Social (no confundir con el numero de la tarjeta sanitaria)\u00a0<span style=\"color: #0000ff;\"><a style=\"color: #0000ff;\" href=\"https:\/\/site.educa.madrid.org\/ies.victoria.villarejo\/\/wp-content\/uploads\/ies.victoria.villarejo\/2025\/06\/Tutorial-para-solicitar-el-Numero-de-la-Seguridad-Social-por-internet-Menores.pdf\">Pincha aqu\u00ed para ver el tutorial, para solicitar el N\u00famero de la Seguridad Social por internet \u2013 Menores<\/a><\/span><\/strong><\/li>\n<li><strong>Ficha solicitud usuario de EducaMadrid<\/strong>, si no dispone de \u00e9l.\n<ul>\n<li><span style=\"color: #0000ff;\"><strong><a style=\"color: #0000ff;\" href=\"https:\/\/site.educa.madrid.org\/ies.victoria.villarejo\/wp-content\/uploads\/ies.victoria.villarejo\/2021\/05\/Educamadrid-Mayor_de_edad.pdf\" target=\"_blank\" rel=\"noopener\">Mayores de edad<\/a><\/strong><\/span><\/li>\n<\/ul>\n<\/li>\n<li><strong>Justificante de pago de la tasa de matriculaci\u00f3n<\/strong> (<a href=\"https:\/\/site.educa.madrid.org\/ies.victoria.villarejo\/\/wp-content\/uploads\/ies.victoria.villarejo\/2022\/07\/Instrucciones-modelo-030_Matricula-GS.pdf\"><span style=\"color: #0000ff;\"><strong>MODELO 030 DE PAGO DE TASAS Y PRECIOS P\u00daBLICOS<\/strong><\/span><\/a>). <a href=\"https:\/\/site.educa.madrid.org\/ies.victoria.villarejo\/\/wp-content\/uploads\/ies.victoria.villarejo\/2023\/07\/Coste-del-curso-de-Grado-Superior-VICTORIA.pdf\">Nota importante sobre exenciones en los precios p\u00fablicos.<\/a>\u00a0<\/li>\n<\/ul>\n<p style=\"padding-left: 40px;\"><span style=\"color: #ff0000;\"><strong>\u00a0 \u00a0 IMPORTANTE:<\/strong><\/span><\/p>\n<ul>\n<li style=\"list-style-type: none;\">\n<ul>\n<li>No tendr\u00e1n que abonar el importe de la matr\u00edcula aquellos alumnos que han solicitado la beca o ayuda al estudio del Ministerio de Educaci\u00f3n y Formaci\u00f3n Profesional, en su lugar presentar\u00e1n el resguardo de solicitud de la beca.<\/li>\n<li>El ingreso del importe de la tasa de la matr\u00edcula se debe posponer hasta la resoluci\u00f3n de su solicitud de beca, momento en el que abonar\u00e1n dicho precio p\u00fablico solo los alumnos no becados.<\/li>\n<\/ul>\n<\/li>\n<\/ul>\n<ul>\n<li><strong>Justificante de pago del Seguro Escolar<\/strong>:\u00a0(<strong><span style=\"color: #ff0000;\">obligatorio<\/span><\/strong>)\n<ul>\n<li>Importe: 1,12\u20ac (menores de 28 a\u00f1os)<\/li>\n<li>N\u00ba de cuenta:\u00a0ES36-2100-5811-62-1300103764 (Caixabank)<\/li>\n<\/ul>\n<\/li>\n<\/ul>\n<p><strong><span style=\"color: #ff0000;\">Importante.<\/span> <span style=\"color: #000080;\">Si no presentar\u00e1n la matr\u00edcula en ese plazo, decaer\u00e1 su derecho a matr\u00edcula en favor de los alumnos en lista de espera (por orden de puntuaci\u00f3n).<\/span><\/strong><\/p>\n\n\n<p class=\"has-pale-cyan-blue-background-color has-background\"><mark><strong>NOTA IMPORTANTE:<\/strong>&nbsp;<\/mark><strong>Aquellos alumnos que no eligieran este centro como primera opci\u00f3n deber\u00e1n presentar la titulaci\u00f3n acad\u00e9mica que acredite que re\u00fane los requisitos de acceso (T\u00edtulo, Certificado de estudios\u2026) y documentaci\u00f3n identificativa del alumno (DNI, NIE, Pasaporte\u2026)<\/strong>.<br>Se presentar\u00e1 fotocopia y original para su cotejo.<\/p>\n\n\n\n<p class=\"has-white-background-color has-background\">Los siguientes documentos&nbsp;<strong>tienen car\u00e1cter informativo<\/strong>.<\/p>\n\n\n\n<div class=\"wp-block-columns is-layout-flex wp-container-core-columns-is-layout-9d6595d7 wp-block-columns-is-layout-flex\">\n<div class=\"wp-block-column is-layout-flow wp-block-column-is-layout-flow\" style=\"flex-basis:50%\">\n<div class=\"wp-block-group\"><div class=\"wp-block-group__inner-container is-layout-flow wp-block-group-is-layout-flow\">\n<div class=\"wp-block-buttons is-layout-flex wp-block-buttons-is-layout-flex\">\n<div class=\"wp-block-button has-custom-font-size has-small-font-size\"><a class=\"wp-block-button__link has-white-color has-vivid-cyan-blue-background-color has-text-color has-background wp-element-button\" href=\"https:\/\/site.educa.madrid.org\/ies.victoria.villarejo\/\/wp-content\/uploads\/ies.victoria.villarejo\/2021\/05\/info_gral_actuaci\u00f3n_padres_separados_divorciados.pdf\" target=\"_blank\" rel=\"noreferrer noopener\"><mark style=\"background-color:rgba(0, 0, 0, 0)\" class=\"has-inline-color has-white-color\"><strong>Informaci\u00f3n general de actuaci\u00f3n para padres y madres, separados o divorciados<\/strong><\/mark><\/a><\/div>\n\n\n\n<div class=\"wp-block-button has-custom-font-size has-small-font-size\"><a class=\"wp-block-button__link has-white-color has-vivid-cyan-blue-background-color has-text-color has-background wp-element-button\" href=\"https:\/\/site.educa.madrid.org\/ies.victoria.villarejo\/\/wp-content\/uploads\/ies.victoria.villarejo\/2021\/05\/Anexo-VIII-Protecci\u00f3n-datos.pdf\" target=\"_blank\" rel=\"noreferrer noopener\"><strong>Pol\u00edtica de Privacidad<\/strong><\/a><\/div>\n<\/div>\n<\/div><\/div>\n<\/div>\n\n\n\n<div class=\"wp-block-column is-layout-flow wp-block-column-is-layout-flow\" style=\"flex-basis:50%\">\n<div class=\"wp-block-buttons is-layout-flex wp-block-buttons-is-layout-flex\">\n<div class=\"wp-block-button has-custom-width wp-block-button__width-100 has-custom-font-size has-small-font-size\"><a class=\"wp-block-button__link has-vivid-cyan-blue-background-color has-background wp-element-button\" href=\"https:\/\/site.educa.madrid.org\/ies.victoria.villarejo\/\/wp-content\/uploads\/ies.victoria.villarejo\/2022\/05\/ORDEN-11252022-de-gestion-liquidacion-y-recaudacion-de-los-precios-publicos-para-la-matricula-de-FPGS.pdf\" target=\"_blank\" rel=\"noreferrer noopener\"><strong>ORDEN 1125\/2022, de gesti\u00f3n, liquidaci\u00f3n y recaudaci\u00f3n de los precios p\u00fablicos para la matr\u00edcula de FPGS<\/strong><\/a><\/div>\n<\/div>\n<\/div>\n<\/div>\n\n\n\n<p class=\"has-vivid-red-color has-text-color\"><strong>DOCUMENTOS RELACIONADOS CON LA MATR\u00cdCULA<\/strong><\/p>\n\n\n\n<div class=\"wp-block-buttons is-layout-flex wp-block-buttons-is-layout-flex\">\n<div class=\"wp-block-button has-custom-width wp-block-button__width-25 has-custom-font-size is-style-outline has-small-font-size is-style-outline--1\"><a class=\"wp-block-button__link has-black-color has-pale-cyan-blue-background-color has-text-color has-background wp-element-button\" href=\"https:\/\/site.educa.madrid.org\/ies.victoria.villarejo\/index.php\/cancelacion-de-matricula-por-inasistencia\/\" target=\"_blank\" rel=\"noreferrer noopener\">CANCELACI\u00d3N DE MATRICULA <\/a><\/div>\n\n\n\n<div class=\"wp-block-button has-custom-width wp-block-button__width-25 has-custom-font-size is-style-outline has-small-font-size is-style-outline--2\"><a class=\"wp-block-button__link has-black-color has-pale-cyan-blue-background-color has-text-color has-background wp-element-button\" href=\"https:\/\/site.educa.madrid.org\/ies.victoria.villarejo\/index.php\/anulacion-de-matricula-2\/\" target=\"_blank\" rel=\"noreferrer noopener\">ANULACI\u00d3N DE MATRICULA<\/a><\/div>\n\n\n\n<div class=\"wp-block-button has-custom-width wp-block-button__width-25 has-custom-font-size is-style-outline has-small-font-size is-style-outline--3\"><a class=\"wp-block-button__link has-black-color has-pale-cyan-blue-background-color has-text-color has-background wp-element-button\" href=\"https:\/\/site.educa.madrid.org\/ies.victoria.villarejo\/index.php\/renuncia-a-convocatorias\/\" target=\"_blank\" rel=\"noreferrer noopener\">RENUNCIA CONVOCATORIA<\/a><\/div>\n<\/div>\n\n\n\n<p><\/p>\n","protected":false},"excerpt":{"rendered":"<p>PLAZO DE PRESENTACI\u00d3N DE&nbsp;LA SOLICITUD DE MATR\u00cdCULA:&nbsp; A fin de&nbsp;agilizar la entrega de documentaci\u00f3n&nbsp;en secretar\u00eda,&nbsp;rogamos traigan la hoja de matr\u00edcula cumplimentada y firmada, as\u00ed como los justificantes de pago y resto de documentaci\u00f3n necesaria.LES RECORDAMOS QUE SOLO SE RECOGER\u00c1N LAS MATR\u00cdCULAS QUE EST\u00c9N DEBIDAMENTE CUMPLIMENTADAS Y FIRMADAS JUNTO CON TODOS LOS DOCUMENTOS REQUERIDOS. Documentaci\u00f3n requerida<\/p><\/div>\n<div class=\"blog-btn\"><a href=\"https:\/\/site.educa.madrid.org\/ies.victoria.villarejo\/index.php\/matricula-fp-grado-superior-2\/\" class=\"home-blog-btn\">Leer m\u00e1s<\/a><\/p>\n","protected":false},"author":2,"featured_media":0,"parent":0,"menu_order":0,"comment_status":"closed","ping_status":"closed","template":"fullwidth-template.php","meta":{"footnotes":""},"folder":[],"class_list":["post-2347","page","type-page","status-publish","hentry"],"rttpg_featured_image_url":null,"rttpg_author":{"display_name":"tic.ies.victoria.villarejo","author_link":"https:\/\/site.educa.madrid.org\/ies.victoria.villarejo\/index.php\/author\/cuenta_tic-ies-victoria-villarejo\/"},"rttpg_comment":0,"rttpg_category":false,"rttpg_excerpt":"PLAZO DE PRESENTACI\u00d3N DE&nbsp;LA SOLICITUD DE MATR\u00cdCULA:&nbsp; A fin de&nbsp;agilizar la entrega de documentaci\u00f3n&nbsp;en secretar\u00eda,&nbsp;rogamos traigan la hoja de matr\u00edcula cumplimentada y firmada, as\u00ed como los justificantes de pago y resto de documentaci\u00f3n necesaria.LES RECORDAMOS QUE SOLO SE RECOGER\u00c1N LAS MATR\u00cdCULAS QUE EST\u00c9N DEBIDAMENTE CUMPLIMENTADAS Y FIRMADAS JUNTO CON TODOS LOS DOCUMENTOS REQUERIDOS. Documentaci\u00f3n requeridaLeer&hellip;","post_mailing_queue_ids":[],"_links":{"self":[{"href":"https:\/\/site.educa.madrid.org\/ies.victoria.villarejo\/index.php\/wp-json\/wp\/v2\/pages\/2347","targetHints":{"allow":["GET"]}}],"collection":[{"href":"https:\/\/site.educa.madrid.org\/ies.victoria.villarejo\/index.php\/wp-json\/wp\/v2\/pages"}],"about":[{"href":"https:\/\/site.educa.madrid.org\/ies.victoria.villarejo\/index.php\/wp-json\/wp\/v2\/types\/page"}],"author":[{"embeddable":true,"href":"https:\/\/site.educa.madrid.org\/ies.victoria.villarejo\/index.php\/wp-json\/wp\/v2\/users\/2"}],"replies":[{"embeddable":true,"href":"https:\/\/site.educa.madrid.org\/ies.victoria.villarejo\/index.php\/wp-json\/wp\/v2\/comments?post=2347"}],"version-history":[{"count":50,"href":"https:\/\/site.educa.madrid.org\/ies.victoria.villarejo\/index.php\/wp-json\/wp\/v2\/pages\/2347\/revisions"}],"predecessor-version":[{"id":5171,"href":"https:\/\/site.educa.madrid.org\/ies.victoria.villarejo\/index.php\/wp-json\/wp\/v2\/pages\/2347\/revisions\/5171"}],"wp:attachment":[{"href":"https:\/\/site.educa.madrid.org\/ies.victoria.villarejo\/index.php\/wp-json\/wp\/v2\/media?parent=2347"}],"wp:term":[{"taxonomy":"folder","embeddable":true,"href":"https:\/\/site.educa.madrid.org\/ies.victoria.villarejo\/index.php\/wp-json\/wp\/v2\/folder?post=2347"}],"curies":[{"name":"wp","href":"https:\/\/api.w.org\/{rel}","templated":true}]}}