{"id":2413,"date":"2022-05-30T11:10:18","date_gmt":"2022-05-30T09:10:18","guid":{"rendered":"https:\/\/site.educa.madrid.org\/ies.victoria.villarejo\/?page_id=2413"},"modified":"2026-04-22T14:17:59","modified_gmt":"2026-04-22T12:17:59","slug":"matricula-fp-basica","status":"publish","type":"page","link":"https:\/\/site.educa.madrid.org\/ies.victoria.villarejo\/index.php\/matricula-fp-basica\/","title":{"rendered":"Matr\u00edcula Ciclo Formativo de Grado B\u00e1sico"},"content":{"rendered":"\n<p><mark style=\"background-color:rgba(0, 0, 0, 0)\" class=\"has-inline-color has-vivid-red-color\"><strong>PLAZO DE PRESENTACI\u00d3N DE&nbsp;LA SOLICITUD DE MATR\u00cdCULA:<\/strong><\/mark><strong> <\/strong><\/p>\n\n\n\n<div class=\"wp-block-buttons is-layout-flex wp-block-buttons-is-layout-flex\">\n<div class=\"wp-block-button has-custom-width wp-block-button__width-100\"><a class=\"wp-block-button__link wp-element-button\" href=\"https:\/\/site.educa.madrid.org\/ies.victoria.villarejo\/\/wp-content\/uploads\/ies.victoria.villarejo\/2025\/06\/CALENDARIO-DE-ADMISION-CICLOS-FORMATIVOS-DE-GRADO-BASICO-2.pdf\">Calendario de actuaciones curso 2025\/2026<\/a><\/div>\n<\/div>\n\n\n\n<p class=\"has-pale-cyan-blue-background-color has-background\">A fin de&nbsp;<strong>agilizar la entrega de documentaci\u00f3n<\/strong>&nbsp;en secretar\u00eda,&nbsp;rogamos traigan la hoja de matr\u00edcula cumplimentada y firmada, as\u00ed como los justificantes de pago y resto de documentaci\u00f3n necesaria.<br>LES RECORDAMOS QUE SOLO SE RECOGER\u00c1N LAS MATR\u00cdCULAS QUE EST\u00c9N DEBIDAMENTE CUMPLIMENTADAS Y FIRMADAS Y CON TODOS LOS DOCUMENTOS REQUERIDOS.<\/p>\n\n\n\n<p class=\"has-cyan-bluish-gray-background-color has-background\"><mark style=\"background-color:rgba(0, 0, 0, 0)\" class=\"has-inline-color has-white-color\"><strong>Documentaci\u00f3n requerida para la matriculaci\u00f3n del alumnado:<\/strong><\/mark><\/p>\n\n\n<ul>\n<li><span style=\"color: #0000ff;\"><a style=\"color: #0000ff;\" href=\"https:\/\/site.educa.madrid.org\/ies.victoria.villarejo\/\/wp-content\/uploads\/ies.victoria.villarejo\/2026\/04\/MATRICULA-GRADO-BASICO-EDITABLE-proteccion-de-datos-3.pdf\" target=\"_blank\" rel=\"noopener\"><strong>Solicitud de matr\u00edcula<\/strong><\/a>. <\/span>Deber\u00e1n rellenarse todos los campos y estar debidamente firmada por el alumno, en caso de ser menor de edad deber\u00e1n firmar ambos progenitores o tutor legal.\n<ul>\n<li style=\"text-align: left;\">Si firma el tutor legal se presentar\u00e1 la documentaci\u00f3n oportuna que acredite la tutela.<\/li>\n<li style=\"text-align: left;\">Si firma un solo progenitor deber\u00e1 rellenarse la siguiente declaraci\u00f3n responsable.<\/li>\n<\/ul>\n<\/li>\n<li><span style=\"color: #0000ff;\"><a style=\"color: #0000ff;\" href=\"https:\/\/site.educa.madrid.org\/ies.victoria.villarejo\/\/wp-content\/uploads\/ies.victoria.villarejo\/2023\/04\/declaracion_reponsable-2023-2024.pdf\" target=\"_blank\" rel=\"noopener\"><strong>Declaraci\u00f3n responsable<\/strong><\/a><\/span>. SOLO PARA AQUELLOS ALUMNOS\u00a0MENORES DE EDAD\u00a0que presenten la\u00a0solicitud con la firma de un solo progenitor.<\/li>\n<li><strong><a href=\"https:\/\/site.educa.madrid.org\/ies.victoria.villarejo\/\/wp-content\/uploads\/ies.victoria.villarejo\/2023\/03\/Editable_SOLICITUD-ACCESO-ROBLE.pdf\">Solicitud de Acesso Roble<\/a><\/strong><\/li>\n<li><strong>Copia del Consejo Orientador<\/strong> (del centro de procedencia)<\/li>\n<li><strong>Certificado de estudios cursados en la ESO<\/strong> (Anexo 6)<\/li>\n<li><strong>Fotocopia del resguardo del N\u00famero de la Seguridad Social (no confundir con el numero de la tarjeta sanitaria) <a href=\"https:\/\/site.educa.madrid.org\/ies.victoria.villarejo\/\/wp-content\/uploads\/ies.victoria.villarejo\/2025\/06\/Tutorial-para-solicitar-el-Numero-de-la-Seguridad-Social-por-internet-Menores.pdf\">Pincha aqu\u00ed para ver el tutorial, para solicitar el N\u00famero de la Seguridad Social por internet &#8211; Menores<\/a><\/strong><\/li>\n<li><strong>Una fotograf\u00eda\u00a0tama\u00f1o carnet<\/strong> (nuevos alumnos)<\/li>\n<li><strong>Adhesi\u00f3n al programa ACCEDE<\/strong>\n<ul>\n<li>Presentar el<span style=\"color: #0000ff;\">\u00a0<strong><a style=\"color: #0000ff;\" href=\"https:\/\/www.educa2.madrid.org\/web\/educamadrid\/principal\/files\/85c0c035-03ac-4677-965d-147c8c44749b\/Anexo_I_Adhesion_alumno_Programa_Accede%20formulariorellenable.pdf?t=1618475136033\" target=\"_blank\" rel=\"noopener\">documento de Adhesi\u00f3n <\/a><\/strong><\/span>y el certificado del centro de origen de haber devuelto el lote de libros completo. \u00a0<\/li>\n<\/ul>\n<\/li>\n<li><strong>Ficha solicitud usuario de EducaMadrid<\/strong>, si no dispone de \u00e9l.\n<ul>\n<li><a href=\"https:\/\/site.educa.madrid.org\/ies.victoria.villarejo\/\/wp-content\/uploads\/ies.victoria.villarejo\/2023\/03\/Educamadrid-Menor_de_edad_.pdf\" target=\"_blank\" rel=\"noopener\"><span style=\"color: #0000ff;\"><strong><u>Menores de edad<\/u><\/strong><\/span><\/a><\/li>\n<\/ul>\n<\/li>\n<li><strong>Justificante de pago del Seguro Escolar<\/strong>:\u00a0(<strong><span style=\"color: #ff0000;\">obligatorio<\/span><\/strong>)\n<ul>\n<li>Importe: 1,12\u20ac<\/li>\n<li>N\u00ba de cuenta:\u00a0ES36-2100-5811-62-1300103764 (Caixabank)<\/li>\n<\/ul>\n<\/li>\n<\/ul>\n<p><strong><span style=\"color: #ff0000;\">Importante.<\/span> <span style=\"color: #000080;\">Si no presentar\u00e1n la matr\u00edcula en ese plazo, decaer\u00e1 su derecho a matr\u00edcula en favor de los alumnos en lista de espera (por orden de puntuaci\u00f3n).<\/span><\/strong><\/p>\n\n\n<p>Los siguientes documentos&nbsp;<strong>tienen car\u00e1cter informativo<\/strong>.<\/p>\n\n\n\n<div class=\"wp-block-buttons is-layout-flex wp-block-buttons-is-layout-flex\">\n<div class=\"wp-block-button has-custom-width wp-block-button__width-50\"><a class=\"wp-block-button__link has-vivid-cyan-blue-background-color has-background has-small-font-size has-custom-font-size wp-element-button\" href=\"https:\/\/site.educa.madrid.org\/ies.victoria.villarejo\/\/wp-content\/uploads\/ies.victoria.villarejo\/2021\/05\/info_gral_actuaci\u00f3n_padres_separados_divorciados.pdf\" target=\"_blank\" rel=\"noreferrer noopener\">Informaci\u00f3n general de actuaci\u00f3n para padres y madres, separados o divorciados<\/a><\/div>\n\n\n\n<div class=\"wp-block-button\"><a class=\"wp-block-button__link has-vivid-cyan-blue-background-color has-background has-small-font-size has-custom-font-size wp-element-button\" href=\"https:\/\/site.educa.madrid.org\/ies.victoria.villarejo\/\/wp-content\/uploads\/ies.victoria.villarejo\/2021\/05\/Anexo-VIII-Protecci\u00f3n-datos.pdf\" target=\"_blank\" rel=\"noreferrer noopener\">Pol\u00edtica de privacidad<\/a><\/div>\n<\/div>\n\n\n\n<div class=\"wp-block-buttons is-layout-flex wp-block-buttons-is-layout-flex\"><\/div>\n","protected":false},"excerpt":{"rendered":"<p>PLAZO DE PRESENTACI\u00d3N DE&nbsp;LA SOLICITUD DE MATR\u00cdCULA: A fin de&nbsp;agilizar la entrega de documentaci\u00f3n&nbsp;en secretar\u00eda,&nbsp;rogamos traigan la hoja de matr\u00edcula cumplimentada y firmada, as\u00ed como los justificantes de pago y resto de documentaci\u00f3n necesaria.LES RECORDAMOS QUE SOLO SE RECOGER\u00c1N LAS MATR\u00cdCULAS QUE EST\u00c9N DEBIDAMENTE CUMPLIMENTADAS Y FIRMADAS Y CON TODOS LOS DOCUMENTOS REQUERIDOS. Documentaci\u00f3n requerida<\/p><\/div>\n<div class=\"blog-btn\"><a href=\"https:\/\/site.educa.madrid.org\/ies.victoria.villarejo\/index.php\/matricula-fp-basica\/\" class=\"home-blog-btn\">Leer m\u00e1s<\/a><\/p>\n","protected":false},"author":2,"featured_media":0,"parent":0,"menu_order":0,"comment_status":"closed","ping_status":"closed","template":"fullwidth-template.php","meta":{"footnotes":""},"folder":[],"class_list":["post-2413","page","type-page","status-publish","hentry"],"rttpg_featured_image_url":null,"rttpg_author":{"display_name":"tic.ies.victoria.villarejo","author_link":"https:\/\/site.educa.madrid.org\/ies.victoria.villarejo\/index.php\/author\/cuenta_tic-ies-victoria-villarejo\/"},"rttpg_comment":0,"rttpg_category":false,"rttpg_excerpt":"PLAZO DE PRESENTACI\u00d3N DE&nbsp;LA SOLICITUD DE MATR\u00cdCULA: A fin de&nbsp;agilizar la entrega de documentaci\u00f3n&nbsp;en secretar\u00eda,&nbsp;rogamos traigan la hoja de matr\u00edcula cumplimentada y firmada, as\u00ed como los justificantes de pago y resto de documentaci\u00f3n necesaria.LES RECORDAMOS QUE SOLO SE RECOGER\u00c1N LAS MATR\u00cdCULAS QUE EST\u00c9N DEBIDAMENTE CUMPLIMENTADAS Y FIRMADAS Y CON TODOS LOS DOCUMENTOS REQUERIDOS. Documentaci\u00f3n requeridaLeer&hellip;","post_mailing_queue_ids":[],"_links":{"self":[{"href":"https:\/\/site.educa.madrid.org\/ies.victoria.villarejo\/index.php\/wp-json\/wp\/v2\/pages\/2413","targetHints":{"allow":["GET"]}}],"collection":[{"href":"https:\/\/site.educa.madrid.org\/ies.victoria.villarejo\/index.php\/wp-json\/wp\/v2\/pages"}],"about":[{"href":"https:\/\/site.educa.madrid.org\/ies.victoria.villarejo\/index.php\/wp-json\/wp\/v2\/types\/page"}],"author":[{"embeddable":true,"href":"https:\/\/site.educa.madrid.org\/ies.victoria.villarejo\/index.php\/wp-json\/wp\/v2\/users\/2"}],"replies":[{"embeddable":true,"href":"https:\/\/site.educa.madrid.org\/ies.victoria.villarejo\/index.php\/wp-json\/wp\/v2\/comments?post=2413"}],"version-history":[{"count":45,"href":"https:\/\/site.educa.madrid.org\/ies.victoria.villarejo\/index.php\/wp-json\/wp\/v2\/pages\/2413\/revisions"}],"predecessor-version":[{"id":5814,"href":"https:\/\/site.educa.madrid.org\/ies.victoria.villarejo\/index.php\/wp-json\/wp\/v2\/pages\/2413\/revisions\/5814"}],"wp:attachment":[{"href":"https:\/\/site.educa.madrid.org\/ies.victoria.villarejo\/index.php\/wp-json\/wp\/v2\/media?parent=2413"}],"wp:term":[{"taxonomy":"folder","embeddable":true,"href":"https:\/\/site.educa.madrid.org\/ies.victoria.villarejo\/index.php\/wp-json\/wp\/v2\/folder?post=2413"}],"curies":[{"name":"wp","href":"https:\/\/api.w.org\/{rel}","templated":true}]}}