{"id":294,"date":"2021-04-22T11:18:24","date_gmt":"2021-04-22T11:18:24","guid":{"rendered":"https:\/\/site.educa.madrid.org\/ies.victoria.villarejo\/?page_id=294"},"modified":"2025-11-11T11:01:11","modified_gmt":"2025-11-11T10:01:11","slug":"jefatura-de-estudios","status":"publish","type":"page","link":"https:\/\/site.educa.madrid.org\/ies.victoria.villarejo\/index.php\/jefatura-de-estudios\/","title":{"rendered":"Jefatura de Estudios"},"content":{"rendered":"\n<h2 class=\"wp-block-heading has-text-align-center\"><strong>Recursos del Profesorado<\/strong><\/h2>\n\n\n\n<p><\/p>\n\n\n\n<div style=\"height:100px\" aria-hidden=\"true\" class=\"wp-block-spacer\"><\/div>\n\n\n\n<h4 class=\"wp-block-heading has-text-align-center has-large-font-size\">Bienvenida al curso 2025-2026<\/h4>\n\n\n\n<div style=\"height:100px\" aria-hidden=\"true\" class=\"wp-block-spacer\"><\/div>\n\n\n<p>Desde el IES Ntra. Sra. de la Victoria de Lepanto os damos la bienvenida a nuestro Centro. En nuestro af\u00e1n por la utilizaci\u00f3n de los recursos y medios que la Administraci\u00f3n Educativa pone a nuestra disposici\u00f3n con el objetivo de potenciar nuestras competencias digitales, y en consecuencia la de nuestros alumnos y nuestras alumnas, os invitamos a que realic\u00e9is los tres sencillos pasos que os enumeramos a continuaci\u00f3n:<\/p>\n<p>Primer paso: cumplimentar electr\u00f3nicamente, imprimir y firmar la ficha de recogida de datos del profesorado. Esta ficha administrativa es muy necesaria para la gesti\u00f3n del Centro, sus bases de datos y la promoci\u00f3n educativa, as\u00ed como para generar los correspondientes usuarios y contrase\u00f1as que sean necesarios para desempe\u00f1ar vuestra labor docente.<\/p>\n\n\n<div class=\"wp-block-buttons is-layout-flex wp-block-buttons-is-layout-flex\">\n<div class=\"wp-block-button\"><a class=\"wp-block-button__link has-vivid-cyan-blue-background-color has-background wp-element-button\" href=\"https:\/\/site.educa.madrid.org\/ies.victoria.villarejo\/\/wp-content\/uploads\/ies.victoria.villarejo\/2021\/04\/Ficha-de-recogida-de-datos-del-profesorado.pdf\" target=\"_blank\" rel=\"noreferrer noopener\"><strong>Ficha de recogida de datos del profesor<\/strong><\/a><\/div>\n<\/div>\n\n\n\n<p><\/p>\n\n\n<p>Segundo paso: <strong>en caso de no disponer de usuario y contrase\u00f1a de EducaMadrid<\/strong>, cumplimentar electr\u00f3nicamente, imprimir y firmar el formulario que se facilita a continuaci\u00f3n, para de este modo poder disponer de los servicios que EducaMadrid pone a nuestra disposici\u00f3n, como son el correo profesional, el servicio de archivo en la nube Cloud de EducaMadrid, y los accesos a la parte privada de la p\u00e1gina web del Centro y el Aula Virtual de EducaMadrid, entre otros.<\/p>\n\n\n<div class=\"wp-block-buttons is-layout-flex wp-block-buttons-is-layout-flex\">\n<div class=\"wp-block-button\"><a class=\"wp-block-button__link has-vivid-cyan-blue-background-color has-background wp-element-button\" href=\"https:\/\/site.educa.madrid.org\/ies.victoria.villarejo\/\/wp-content\/uploads\/ies.victoria.villarejo\/2021\/04\/EDUCAMADRID.pdf\" target=\"_blank\" rel=\"noreferrer noopener\"><strong>Ficha de solicitud de profesor de EducaMadrid<\/strong><\/a><\/div>\n<\/div>\n\n\n\n<p>Los profesores nuevos, deber\u00e1n revisar el Manual de Bienvenida del Profesorado, junto con todos los protocolos del centro recogidos en el aula virtual. <\/p>\n\n\n\n\n\n<div class=\"wp-block-buttons is-layout-flex wp-block-buttons-is-layout-flex\"><\/div>\n\n\n\n<hr class=\"wp-block-separator has-css-opacity\"\/>\n\n\n\n<p class=\"has-text-align-center has-vivid-green-cyan-background-color has-text-color has-background\" style=\"color:#ffffff;font-size:23px\"><strong>Autorizaci\u00f3n salida de un menor en horas lectivas.<\/strong><\/p>\n\n\n\n<div class=\"wp-block-buttons is-layout-flex wp-block-buttons-is-layout-flex\">\n<div class=\"wp-block-button\"><a class=\"wp-block-button__link has-vivid-cyan-blue-background-color has-text-color has-background wp-element-button\" href=\"https:\/\/site.educa.madrid.org\/ies.victoria.villarejo\/\/wp-content\/uploads\/ies.victoria.villarejo\/2025\/09\/AUTORIZACION-SALIDA-DE-ALUMNOS-DEL-CENTRO.pdf\" style=\"color:#ffffff\" target=\"_blank\" rel=\"noreferrer noopener\">Autorizaci\u00f3n salida de un menor <\/a><\/div>\n<\/div>\n","protected":false},"excerpt":{"rendered":"<p>Recursos del Profesorado Bienvenida al curso 2025-2026 Desde el IES Ntra. Sra. de la Victoria de Lepanto os damos la bienvenida a nuestro Centro. En nuestro af\u00e1n por la utilizaci\u00f3n de los recursos y medios que la Administraci\u00f3n Educativa pone a nuestra disposici\u00f3n con el objetivo de potenciar nuestras competencias digitales, y en consecuencia la<\/p><\/div>\n<div class=\"blog-btn\"><a href=\"https:\/\/site.educa.madrid.org\/ies.victoria.villarejo\/index.php\/jefatura-de-estudios\/\" class=\"home-blog-btn\">Leer m\u00e1s<\/a><\/p>\n","protected":false},"author":2,"featured_media":0,"parent":0,"menu_order":0,"comment_status":"closed","ping_status":"closed","template":"fullwidth-template.php","meta":{"footnotes":""},"folder":[],"class_list":["post-294","page","type-page","status-publish","hentry"],"rttpg_featured_image_url":null,"rttpg_author":{"display_name":"tic.ies.victoria.villarejo","author_link":"https:\/\/site.educa.madrid.org\/ies.victoria.villarejo\/index.php\/author\/cuenta_tic-ies-victoria-villarejo\/"},"rttpg_comment":0,"rttpg_category":false,"rttpg_excerpt":"Recursos del Profesorado Bienvenida al curso 2025-2026 Desde el IES Ntra. Sra. de la Victoria de Lepanto os damos la bienvenida a nuestro Centro. En nuestro af\u00e1n por la utilizaci\u00f3n de los recursos y medios que la Administraci\u00f3n Educativa pone a nuestra disposici\u00f3n con el objetivo de potenciar nuestras competencias digitales, y en consecuencia laLeer&hellip;","post_mailing_queue_ids":[],"_links":{"self":[{"href":"https:\/\/site.educa.madrid.org\/ies.victoria.villarejo\/index.php\/wp-json\/wp\/v2\/pages\/294","targetHints":{"allow":["GET"]}}],"collection":[{"href":"https:\/\/site.educa.madrid.org\/ies.victoria.villarejo\/index.php\/wp-json\/wp\/v2\/pages"}],"about":[{"href":"https:\/\/site.educa.madrid.org\/ies.victoria.villarejo\/index.php\/wp-json\/wp\/v2\/types\/page"}],"author":[{"embeddable":true,"href":"https:\/\/site.educa.madrid.org\/ies.victoria.villarejo\/index.php\/wp-json\/wp\/v2\/users\/2"}],"replies":[{"embeddable":true,"href":"https:\/\/site.educa.madrid.org\/ies.victoria.villarejo\/index.php\/wp-json\/wp\/v2\/comments?post=294"}],"version-history":[{"count":21,"href":"https:\/\/site.educa.madrid.org\/ies.victoria.villarejo\/index.php\/wp-json\/wp\/v2\/pages\/294\/revisions"}],"predecessor-version":[{"id":5601,"href":"https:\/\/site.educa.madrid.org\/ies.victoria.villarejo\/index.php\/wp-json\/wp\/v2\/pages\/294\/revisions\/5601"}],"wp:attachment":[{"href":"https:\/\/site.educa.madrid.org\/ies.victoria.villarejo\/index.php\/wp-json\/wp\/v2\/media?parent=294"}],"wp:term":[{"taxonomy":"folder","embeddable":true,"href":"https:\/\/site.educa.madrid.org\/ies.victoria.villarejo\/index.php\/wp-json\/wp\/v2\/folder?post=294"}],"curies":[{"name":"wp","href":"https:\/\/api.w.org\/{rel}","templated":true}]}}