{"id":551,"date":"2021-04-27T20:56:48","date_gmt":"2021-04-27T20:56:48","guid":{"rendered":"https:\/\/site.educa.madrid.org\/ies.victoria.villarejo\/?page_id=551"},"modified":"2023-06-09T08:59:46","modified_gmt":"2023-06-09T06:59:46","slug":"buzon-de-sugerencias","status":"publish","type":"page","link":"https:\/\/site.educa.madrid.org\/ies.victoria.villarejo\/index.php\/buzon-de-sugerencias\/","title":{"rendered":"Buz\u00f3n de Sugerencias"},"content":{"rendered":"\n<figure class=\"wp-block-video\"><video height=\"640\" style=\"aspect-ratio: 640 \/ 640;\" width=\"640\" controls src=\"https:\/\/site.educa.madrid.org\/ies.victoria.villarejo\/\/wp-content\/uploads\/ies.victoria.villarejo\/2023\/06\/BUZON-DE-SUGERENCIAS.mp4\"><\/video><\/figure>\n\n\n\n<div class=\"wp-block-media-text alignwide is-stacked-on-mobile\"><figure class=\"wp-block-media-text__media\"><img loading=\"lazy\" decoding=\"async\" width=\"1024\" height=\"681\" src=\"https:\/\/site.educa.madrid.org\/ies.victoria.villarejo\/\/wp-content\/uploads\/ies.victoria.villarejo\/2021\/04\/close-up-delivery-man-dropping-envelope-in-the-mailbox-1024x681.jpg\" alt=\"\" class=\"wp-image-556 size-full\" srcset=\"https:\/\/site.educa.madrid.org\/ies.victoria.villarejo\/\/wp-content\/uploads\/ies.victoria.villarejo\/2021\/04\/close-up-delivery-man-dropping-envelope-in-the-mailbox-1024x681.jpg 1024w, https:\/\/site.educa.madrid.org\/ies.victoria.villarejo\/\/wp-content\/uploads\/ies.victoria.villarejo\/2021\/04\/close-up-delivery-man-dropping-envelope-in-the-mailbox-300x200.jpg 300w, https:\/\/site.educa.madrid.org\/ies.victoria.villarejo\/\/wp-content\/uploads\/ies.victoria.villarejo\/2021\/04\/close-up-delivery-man-dropping-envelope-in-the-mailbox-768x511.jpg 768w, https:\/\/site.educa.madrid.org\/ies.victoria.villarejo\/\/wp-content\/uploads\/ies.victoria.villarejo\/2021\/04\/close-up-delivery-man-dropping-envelope-in-the-mailbox-391x260.jpg 391w, https:\/\/site.educa.madrid.org\/ies.victoria.villarejo\/\/wp-content\/uploads\/ies.victoria.villarejo\/2021\/04\/close-up-delivery-man-dropping-envelope-in-the-mailbox-1536x1022.jpg 1536w, https:\/\/site.educa.madrid.org\/ies.victoria.villarejo\/\/wp-content\/uploads\/ies.victoria.villarejo\/2021\/04\/close-up-delivery-man-dropping-envelope-in-the-mailbox-2048x1363.jpg 2048w\" sizes=\"auto, (max-width: 1024px) 100vw, 1024px\" \/><\/figure><div class=\"wp-block-media-text__content\">\n<p class=\"has-text-align-center has-vivid-cyan-blue-color has-text-color\"><strong>\u00bfTienes una queja?<\/strong><\/p>\n\n\n\n<p class=\"has-text-align-center has-vivid-purple-color has-text-color\"><strong>\u00bfQuieres hacer una sugerencia?<\/strong><\/p>\n\n\n\n<p class=\"has-text-align-center has-vivid-green-cyan-color has-text-color\"><strong>\u00bfQuieres felicitarnos?<\/strong><\/p>\n\n\n\n<p>TE LO PONEMOS F\u00c1CIL<\/p>\n\n\n\n<p>Tanto en la planta baja (junto a la escalera) como en la primera planta (junto a Secretar\u00eda) tienes a tu disposici\u00f3n el Buz\u00f3n de quejas, reclamaciones y felicitaciones.<\/p>\n\n\n\n<p>No tienes mas que rellenar el formulario e introducirlo en el Buz\u00f3n.<\/p>\n\n\n\n<p>El equipo responsable de Calidad leer\u00e1 el formulario que has presentado y se pondr\u00e1 en contacto contigo para comunicarte la decisi\u00f3n que se haya tomado. En caso de haber omitido tus datos la respuesta se publicar\u00e1 en el tabl\u00f3n que hay junto al buz\u00f3n.<\/p>\n<\/div><\/div>\n\n\n\n<p class=\"has-vivid-red-background-color has-text-color has-background\" style=\"color:#fefefe\"><strong>Tambi\u00e9n nos puedes enviar tus sugerencias a trav\u00e9s de este formulario<\/strong>:<\/p>\n\n\n\n<div class=\"wpcf7 no-js\" id=\"wpcf7-f559-o1\" lang=\"es-ES\" dir=\"ltr\">\n<div class=\"screen-reader-response\"><p role=\"status\" aria-live=\"polite\" aria-atomic=\"true\"><\/p> <ul><\/ul><\/div>\n<form action=\"\/ies.victoria.villarejo\/index.php\/wp-json\/wp\/v2\/pages\/551#wpcf7-f559-o1\" method=\"post\" class=\"wpcf7-form init\" aria-label=\"Formulario de contacto\" enctype=\"multipart\/form-data\" novalidate=\"novalidate\" data-status=\"init\">\n<div style=\"display: none;\">\n<input type=\"hidden\" name=\"_wpcf7\" value=\"559\" \/>\n<input type=\"hidden\" name=\"_wpcf7_version\" value=\"5.9.7\" \/>\n<input type=\"hidden\" name=\"_wpcf7_locale\" value=\"es_ES\" \/>\n<input type=\"hidden\" name=\"_wpcf7_unit_tag\" value=\"wpcf7-f559-o1\" \/>\n<input type=\"hidden\" name=\"_wpcf7_container_post\" value=\"0\" \/>\n<input type=\"hidden\" name=\"_wpcf7_posted_data_hash\" value=\"\" \/>\n<\/div>\n<p><label> Tu nombre (requerido)<br \/>\n<span class=\"wpcf7-form-control-wrap\" data-name=\"your-name\"><input size=\"40\" maxlength=\"400\" class=\"wpcf7-form-control wpcf7-text wpcf7-validates-as-required\" aria-required=\"true\" aria-invalid=\"false\" value=\"\" type=\"text\" name=\"your-name\" \/><\/span> <\/label>\n<\/p>\n<p><label> Tu correo electr\u00f3nico (requerido)<br \/>\n<span class=\"wpcf7-form-control-wrap\" data-name=\"your-email\"><input size=\"40\" maxlength=\"400\" class=\"wpcf7-form-control wpcf7-email wpcf7-validates-as-required wpcf7-text wpcf7-validates-as-email\" aria-required=\"true\" aria-invalid=\"false\" value=\"\" type=\"email\" name=\"your-email\" \/><\/span> <\/label>\n<\/p>\n<p><label> Asunto<br \/>\n<span class=\"wpcf7-form-control-wrap\" data-name=\"your-subject\"><input size=\"40\" maxlength=\"400\" class=\"wpcf7-form-control wpcf7-text\" aria-invalid=\"false\" value=\"\" type=\"text\" name=\"your-subject\" \/><\/span> <\/label>\n<\/p>\n<p><label> Tu mensaje<br \/>\n<span class=\"wpcf7-form-control-wrap\" data-name=\"your-message\"><textarea cols=\"40\" rows=\"10\" maxlength=\"2000\" class=\"wpcf7-form-control wpcf7-textarea\" aria-invalid=\"false\" name=\"your-message\"><\/textarea><\/span> <\/label>\n<\/p>\n<p><span class=\"wpcf7-form-control-wrap\" data-name=\"SubirArchivo\"><input size=\"40\" class=\"wpcf7-form-control wpcf7-file\" accept=\"audio\/*,video\/*,image\/*\" aria-invalid=\"false\" type=\"file\" name=\"SubirArchivo\" \/><\/span>\n<\/p>\n<p>[mathcaptcha mathcaptcha-723]\n<\/p>\n<p class=\"aiowps-captcha hide-when-displaying-tfa-input\"><label for=\"aiowps-captcha-answer\">Por favor, introduce una respuesta en d\u00edgitos:<\/label>\n<\/p>\n<div class=\"aiowps-captcha-equation hide-when-displaying-tfa-input\">\n\t<p><strong>4 &#215; 3 = <input type=\"hidden\" name=\"aiowps-captcha-string-info\" class=\"aiowps-captcha-string-info\" value=\"gbtjfc9fq8\" \/><input type=\"hidden\" name=\"aiowps-captcha-temp-string\" class=\"aiowps-captcha-temp-string\" value=\"1778644719\" \/><input type=\"text\" size=\"2\" class=\"aiowps-captcha-answer\" name=\"aiowps-captcha-answer\" value=\"\" autocomplete=\"off\" \/><\/strong>\n\t<\/p>\n<\/div>\n<p><span class='wpcf7-form-control-wrap' data-name='aiowps-captcha'><\/span><input class=\"wpcf7-form-control wpcf7-submit has-spinner\" type=\"submit\" value=\"Enviar\" \/>\n<\/p><p style=\"display: none !important;\" class=\"akismet-fields-container\" data-prefix=\"_wpcf7_ak_\"><label>&#916;<textarea name=\"_wpcf7_ak_hp_textarea\" cols=\"45\" rows=\"8\" maxlength=\"100\"><\/textarea><\/label><input type=\"hidden\" id=\"ak_js_1\" name=\"_wpcf7_ak_js\" value=\"107\"\/><script>document.getElementById( \"ak_js_1\" ).setAttribute( \"value\", ( new Date() ).getTime() );<\/script><\/p><div class=\"wpcf7-response-output\" aria-hidden=\"true\"><\/div>\n<\/form>\n<\/div>\n\n","protected":false},"excerpt":{"rendered":"<p>\u00bfTienes una queja? \u00bfQuieres hacer una sugerencia? \u00bfQuieres felicitarnos? TE LO PONEMOS F\u00c1CIL Tanto en la planta baja (junto a la escalera) como en la primera planta (junto a Secretar\u00eda) tienes a tu disposici\u00f3n el Buz\u00f3n de quejas, reclamaciones y felicitaciones. No tienes mas que rellenar el formulario e introducirlo en el Buz\u00f3n. El equipo<\/p><\/div>\n<div class=\"blog-btn\"><a href=\"https:\/\/site.educa.madrid.org\/ies.victoria.villarejo\/index.php\/buzon-de-sugerencias\/\" class=\"home-blog-btn\">Leer m\u00e1s<\/a><\/p>\n","protected":false},"author":2,"featured_media":0,"parent":0,"menu_order":0,"comment_status":"closed","ping_status":"closed","template":"fullwidth-template.php","meta":{"footnotes":""},"folder":[],"class_list":["post-551","page","type-page","status-publish","hentry"],"rttpg_featured_image_url":null,"rttpg_author":{"display_name":"tic.ies.victoria.villarejo","author_link":"https:\/\/site.educa.madrid.org\/ies.victoria.villarejo\/index.php\/author\/cuenta_tic-ies-victoria-villarejo\/"},"rttpg_comment":0,"rttpg_category":false,"rttpg_excerpt":"\u00bfTienes una queja? \u00bfQuieres hacer una sugerencia? \u00bfQuieres felicitarnos? TE LO PONEMOS F\u00c1CIL Tanto en la planta baja (junto a la escalera) como en la primera planta (junto a Secretar\u00eda) tienes a tu disposici\u00f3n el Buz\u00f3n de quejas, reclamaciones y felicitaciones. No tienes mas que rellenar el formulario e introducirlo en el Buz\u00f3n. El equipoLeer&hellip;","post_mailing_queue_ids":[],"_links":{"self":[{"href":"https:\/\/site.educa.madrid.org\/ies.victoria.villarejo\/index.php\/wp-json\/wp\/v2\/pages\/551","targetHints":{"allow":["GET"]}}],"collection":[{"href":"https:\/\/site.educa.madrid.org\/ies.victoria.villarejo\/index.php\/wp-json\/wp\/v2\/pages"}],"about":[{"href":"https:\/\/site.educa.madrid.org\/ies.victoria.villarejo\/index.php\/wp-json\/wp\/v2\/types\/page"}],"author":[{"embeddable":true,"href":"https:\/\/site.educa.madrid.org\/ies.victoria.villarejo\/index.php\/wp-json\/wp\/v2\/users\/2"}],"replies":[{"embeddable":true,"href":"https:\/\/site.educa.madrid.org\/ies.victoria.villarejo\/index.php\/wp-json\/wp\/v2\/comments?post=551"}],"version-history":[{"count":5,"href":"https:\/\/site.educa.madrid.org\/ies.victoria.villarejo\/index.php\/wp-json\/wp\/v2\/pages\/551\/revisions"}],"predecessor-version":[{"id":3745,"href":"https:\/\/site.educa.madrid.org\/ies.victoria.villarejo\/index.php\/wp-json\/wp\/v2\/pages\/551\/revisions\/3745"}],"wp:attachment":[{"href":"https:\/\/site.educa.madrid.org\/ies.victoria.villarejo\/index.php\/wp-json\/wp\/v2\/media?parent=551"}],"wp:term":[{"taxonomy":"folder","embeddable":true,"href":"https:\/\/site.educa.madrid.org\/ies.victoria.villarejo\/index.php\/wp-json\/wp\/v2\/folder?post=551"}],"curies":[{"name":"wp","href":"https:\/\/api.w.org\/{rel}","templated":true}]}}