{"id":607,"date":"2021-04-28T11:36:51","date_gmt":"2021-04-28T11:36:51","guid":{"rendered":"https:\/\/site.educa.madrid.org\/ies.victoria.villarejo\/?page_id=607"},"modified":"2024-01-25T09:37:31","modified_gmt":"2024-01-25T08:37:31","slug":"que-es-la-fct","status":"publish","type":"page","link":"https:\/\/site.educa.madrid.org\/ies.victoria.villarejo\/index.php\/que-es-la-fct\/","title":{"rendered":"\u00bfQu\u00e9 es la FCT?"},"content":{"rendered":"\n<p class=\"has-vivid-purple-color has-text-color\"><strong>\u00bfQU\u00c9 ES LA FCT?<\/strong><\/p>\n\n\n\n<p>El m\u00f3dulo de Formaci\u00f3n en Centros de Trabajo es un m\u00f3dulo m\u00e1s, que los alumnos matriculados en Formaci\u00f3n Profesional tienen que superar para poder obtener el t\u00edtulo, que consiste en la realizaci\u00f3n de una pr\u00e1cticas (sin relaci\u00f3n laboral) en empresas del sector, en un entorno productivo real, en vez de estar en el centro educativo.<\/p>\n\n\n\n<p>En la empresa, los alumnos tienen un tutor que les gu\u00eda y les orienta en las tareas que tenga que realizar para completar la formaci\u00f3n que ha recibido en el Instituto, y que ser\u00e1 el que finalmente decida si el alumno es APTO o no lo es.<\/p>\n\n\n\n<p>Este m\u00f3dulo solo tiene dos convocatorias, por lo que el alumno que haya sido considerado NO APTO tendr\u00e1 otra oportunidad, en otra empresa, para poder superarlo.<\/p>\n\n\n\n<p>Durante el per\u00edodo de pr\u00e1cticas, el alumno tiene que acudir al centro educativo cada quince d\u00edas, para el seguimiento por parte del profesor-tutor.<\/p>\n\n\n\n<p><strong>REQUISITOS PARA PODER REALIZAR LA FCT<\/strong><\/p>\n\n\n\n<p>Para poder acceder al m\u00f3dulo de Formaci\u00f3n en Centros de Trabajo es necesario haber aprobado unos determinados m\u00f3dulos.<\/p>\n\n\n\n<p><strong>En Grado Medio:<\/strong><\/p>\n\n\n\n<p>Es necesario que el alumno haya aprobado todos los m\u00f3dulos profesionales, aunque tambi\u00e9n podr\u00eda realizarla siempre que solo tenga pendiente 1 \u00fanico m\u00f3dulo, que no guarde correspondencia con unidades de competencia y que su horario semanal no exceda de las 8 horas.<\/p>\n\n\n\n<p>Para saber los m\u00f3dulos que est\u00e1n asociados a unidades de competencia es necesario mirar el Anexo del Real Decreto que regula las ense\u00f1anzas de que se trate.<\/p>\n\n\n\n<p><strong>En F.P. B\u00e1sica:<\/strong><\/p>\n\n\n\n<p>Es necesario que el alumno tenga aprobados todos los m\u00f3dulos profesionales del curso(1\u00ba o 2\u00ba) y adem\u00e1s tenga aprobado el m\u00f3dulo de Prevenci\u00f3n de Riesgos Laborales.<\/p>\n\n\n\n<p><strong>DURACI\u00d3N Y FECHAS DE REALIZACI\u00d3N<\/strong><\/p>\n\n\n\n<p>Dependiendo de los estudios que se est\u00e9n realizando, el momento en el que se realiza el per\u00edodo de pr\u00e1cticas es diferente, pero en cualquier caso el horario autorizado comprende 8 horas entre las 07:00 y las 22:00 horas, dentro del per\u00edodo lectivo establecido en el Calendario Escolar.<\/p>\n\n\n\n<p>La estancia de los alumnos en el centro de trabajo ser\u00e1 igual o aproximada al horario laboral de la empresa.<\/p>\n\n\n\n<p><strong>En Grado Medio<\/strong><\/p>\n\n\n\n<p>El alumno tiene que realizar un total de 370 horas de permanencia en la empresa.<\/p>\n\n\n\n<p>Se suelen realizar en el tercer trimestre del curso escolar, cuando el alumno ha aprobado en la evaluaci\u00f3n ordinaria (que suele ser en marzo). Cuando el alumno tiene alg\u00fan m\u00f3dulo pendiente, y aprueba en la sesi\u00f3n extraordinaria de junio, las pr\u00e1cticas las realiza en el primer trimestre del curso siguiente.<\/p>\n\n\n\n<p><strong>En F.P. B\u00e1sica<\/strong><\/p>\n\n\n\n<p>Hay dos per\u00edodos de pr\u00e1cticas, uno en cada curso.<\/p>\n\n\n\n<p>El per\u00edodo de pr\u00e1cticas ordinario tanto de 1\u00ba como de 2\u00ba se realiza en el \u00faltimo mes del curso. El alumno tiene que realizar un total de 160 horas de permanencia en la empresa( en cada curso), en el mismo horario comentado anteriormente.<\/p>\n\n\n\n<p>En el caso de que un alumno de 1\u00ba no haya realizado las pr\u00e1cticas porque no aprob\u00f3 en la evaluaci\u00f3n ordinaria (de mayo) tendr\u00e1 que realizar el per\u00edodo de pr\u00e1cticas al finalizar el 2\u00ba curso, despu\u00e9s de haber realizado las pr\u00e1cticas correspondiente al 2\u00ba curso y, por supuesto, siempre que haya aprobado la totalidad de los m\u00f3dulos de 1\u00ba y 2\u00ba.<\/p>\n\n\n\n<p>Este m\u00f3dulo puede ser objeto de:<\/p>\n\n\n\n<pre class=\"wp-block-preformatted\">  Renuncia\n\n  Anulaci\u00f3n\n\n  Exenci\u00f3n total o parcial<\/pre>\n\n\n\n<p><\/p>\n","protected":false},"excerpt":{"rendered":"<p>\u00bfQU\u00c9 ES LA FCT? El m\u00f3dulo de Formaci\u00f3n en Centros de Trabajo es un m\u00f3dulo m\u00e1s, que los alumnos matriculados en Formaci\u00f3n Profesional tienen que superar para poder obtener el t\u00edtulo, que consiste en la realizaci\u00f3n de una pr\u00e1cticas (sin relaci\u00f3n laboral) en empresas del sector, en un entorno productivo real, en vez de estar<\/p><\/div>\n<div class=\"blog-btn\"><a href=\"https:\/\/site.educa.madrid.org\/ies.victoria.villarejo\/index.php\/que-es-la-fct\/\" class=\"home-blog-btn\">Leer m\u00e1s<\/a><\/p>\n","protected":false},"author":2,"featured_media":0,"parent":0,"menu_order":0,"comment_status":"closed","ping_status":"closed","template":"","meta":{"footnotes":""},"folder":[],"class_list":["post-607","page","type-page","status-publish","hentry"],"rttpg_featured_image_url":null,"rttpg_author":{"display_name":"tic.ies.victoria.villarejo","author_link":"https:\/\/site.educa.madrid.org\/ies.victoria.villarejo\/index.php\/author\/cuenta_tic-ies-victoria-villarejo\/"},"rttpg_comment":0,"rttpg_category":false,"rttpg_excerpt":"\u00bfQU\u00c9 ES LA FCT? El m\u00f3dulo de Formaci\u00f3n en Centros de Trabajo es un m\u00f3dulo m\u00e1s, que los alumnos matriculados en Formaci\u00f3n Profesional tienen que superar para poder obtener el t\u00edtulo, que consiste en la realizaci\u00f3n de una pr\u00e1cticas (sin relaci\u00f3n laboral) en empresas del sector, en un entorno productivo real, en vez de estarLeer&hellip;","post_mailing_queue_ids":[],"_links":{"self":[{"href":"https:\/\/site.educa.madrid.org\/ies.victoria.villarejo\/index.php\/wp-json\/wp\/v2\/pages\/607","targetHints":{"allow":["GET"]}}],"collection":[{"href":"https:\/\/site.educa.madrid.org\/ies.victoria.villarejo\/index.php\/wp-json\/wp\/v2\/pages"}],"about":[{"href":"https:\/\/site.educa.madrid.org\/ies.victoria.villarejo\/index.php\/wp-json\/wp\/v2\/types\/page"}],"author":[{"embeddable":true,"href":"https:\/\/site.educa.madrid.org\/ies.victoria.villarejo\/index.php\/wp-json\/wp\/v2\/users\/2"}],"replies":[{"embeddable":true,"href":"https:\/\/site.educa.madrid.org\/ies.victoria.villarejo\/index.php\/wp-json\/wp\/v2\/comments?post=607"}],"version-history":[{"count":3,"href":"https:\/\/site.educa.madrid.org\/ies.victoria.villarejo\/index.php\/wp-json\/wp\/v2\/pages\/607\/revisions"}],"predecessor-version":[{"id":4216,"href":"https:\/\/site.educa.madrid.org\/ies.victoria.villarejo\/index.php\/wp-json\/wp\/v2\/pages\/607\/revisions\/4216"}],"wp:attachment":[{"href":"https:\/\/site.educa.madrid.org\/ies.victoria.villarejo\/index.php\/wp-json\/wp\/v2\/media?parent=607"}],"wp:term":[{"taxonomy":"folder","embeddable":true,"href":"https:\/\/site.educa.madrid.org\/ies.victoria.villarejo\/index.php\/wp-json\/wp\/v2\/folder?post=607"}],"curies":[{"name":"wp","href":"https:\/\/api.w.org\/{rel}","templated":true}]}}