{"id":617,"date":"2021-04-28T19:25:13","date_gmt":"2021-04-28T19:25:13","guid":{"rendered":"https:\/\/site.educa.madrid.org\/ies.victoria.villarejo\/?page_id=617"},"modified":"2021-05-13T10:24:02","modified_gmt":"2021-05-13T10:24:02","slug":"exencion-fct","status":"publish","type":"page","link":"https:\/\/site.educa.madrid.org\/ies.victoria.villarejo\/index.php\/exencion-fct\/","title":{"rendered":"Exenci\u00f3n FCT"},"content":{"rendered":"\n<h3 class=\"has-vivid-purple-color has-text-color wp-block-heading\">Exenci\u00f3n total o parcial del m\u00f3dulo de FCT<\/h3>\n\n\n\n<p>Seg\u00fan lo establecido en el art\u00edculo 39 del Real Decreto 1147\/2011, de 29 de julio, se podr\u00e1 determinar la exenci\u00f3n total o parcial del m\u00f3dulo profesional de Formaci\u00f3n en Centros de Trabajo por su correspondencia con la experiencia laboral.<\/p>\n\n\n\n<p>REQUISITOS<br>Podr\u00e1n solicitar dicha exenci\u00f3n los alumnos matriculados en dicho m\u00f3dulo que en el momento de la solicitud acrediten una experiencia laboral correspondiente al trabajo a tiempo completo de un a\u00f1o como m\u00ednimo.<\/p>\n\n\n\n<p>Dicha experiencia, que debe estar relacionada con el ciclo formativo en el que se hallen matriculados, permitir\u00e1 valorar si el candidato tiene adquiridos los resultados de aprendizaje de dicho m\u00f3dulo.<\/p>\n\n\n\n<p>El c\u00f3mputo de tiempo de la experiencia laboral se determinar\u00e1 teniendo en cuenta el horario que est\u00e9 legalmente establecido para la jornada laboral completa.<\/p>\n\n\n\n<p>PROCEDIMIENTO<\/p>\n\n\n\n<p>1\u00ba SE DEBE PRESENTAR LA SOLICITUD. La solicitud de exenci\u00f3n total o parcial del m\u00f3dulo de FCT se remitir\u00e1 al director del centro p\u00fablico en el que conste el expediente acad\u00e9mico del alumno, ajust\u00e1ndose al modelo del Anexo XIII.<\/p>\n\n\n\n<p>A la solicitud se adjuntar\u00e1 la documentaci\u00f3n siguiente:<\/p>\n\n\n\n<ul class=\"wp-block-list\"><li>Trabajadores por cuenta ajena:<\/li><\/ul>\n\n\n\n<p>Certificado de la empresa o empresas donde haya adquirido la experiencia laboral, en el que conste la duraci\u00f3n del contrato, la actividad desarrollada y el per\u00edodo de tiempo en el que ha desarrollado dicha actividad.<\/p>\n\n\n\n<ul class=\"wp-block-list\"><li>Trabajadores por cuenta propia:<\/li><\/ul>\n\n\n\n<p>Certificado de alta en el censo de obligados tributarios con una antig\u00fcedad m\u00ednima de un a\u00f1o y declaraci\u00f3n del interesado de las actividades m\u00e1s representativas.<br>Los solicitantes podr\u00e1n adjuntar otros documentos admitidos en derecho, que permitan ampliar la informaci\u00f3n sobre su experiencia laboral, con objeto de facilitar la resoluci\u00f3n de la solicitud de exenci\u00f3n total o parcial del m\u00f3dulo de<br>FCT.<\/p>\n\n\n\n<p>La solicitud, junto con la documentaci\u00f3n antes citada, se presentar\u00e1 al menos un mes antes de la fecha de inicio del m\u00f3dulo de FCT cuya exenci\u00f3n se pretende obtener.<\/p>\n\n\n\n<p>2\u00ba AN\u00c1LISIS DE LA DOCUMENTACI\u00d3N. La documentaci\u00f3n aportada ser\u00e1 objeto de revisi\u00f3n y estudio por el equipo docente que imparte el ciclo formativo al alumno, con objeto de emitir un informe en el que, bas\u00e1ndose en los resultados de aprendizaje del m\u00f3dulo de FCT que deben adquirirse, se expresar\u00e1 la pertinencia de conceder la exenci\u00f3n total o parcial (Anexo XIV).<br>En caso necesario, el equipo docente del ciclo formativo podr\u00e1 recabar por escrito a los interesados cuanta documentaci\u00f3n complementaria considere oportuna y conveniente para fundamentar el informe.<\/p>\n\n\n\n<p>3\u00ba RESOLUCI\u00d3N POR PARTE DEL DIRECTOR. El director del centro p\u00fablico, a la vista del informe emitido por el equipo docente, resolver\u00e1 la solicitud sobre la exenci\u00f3n total o parcial del m\u00f3dulo de FCT. La resoluci\u00f3n \u00fanicamente surtir\u00e1 efecto si el equipo docente decide, en la sesi\u00f3n de evaluaci\u00f3n correspondiente, el acceso del alumno a la realizaci\u00f3n de dicho m\u00f3dulo profesional y, en consecuencia, se incorporar\u00e1 en el primer Acta de Calificaci\u00f3n Final<br>del Ciclo Formativo que se emita tras la toma de dicha decisi\u00f3n.<\/p>\n\n\n\n<p>La resoluci\u00f3n de la exenci\u00f3n, que ser\u00e1 motivada, se comunicar\u00e1 por escrito al interesado para su conocimiento en el modelo previsto en el Anexo XV al menos veinte d\u00edas naturales antes del comienzo de las actividades propias del m\u00f3dulo de FCT.<\/p>\n\n\n\n<p>Igualmente se remitir\u00e1 una copia al tutor de dicho m\u00f3dulo para su conocimiento y el del equipo docente, y otra se incorporar\u00e1 al expediente acad\u00e9mico del alumno. Si la exenci\u00f3n fuese total, se har\u00e1 constar en los documentos de evaluaci\u00f3n del modo previsto en el art\u00edculo 36 de esta Orden. Si la exenci\u00f3n fuera parcial, el equipo docente programar\u00e1 las actividades necesarias cuya superaci\u00f3n permita al alumno obtener la calificaci\u00f3n de \u201cApto\u201d en dicho m\u00f3dulo profesional.<\/p>\n\n\n\n<p class=\"has-background has-pale-cyan-blue-background-color\"><strong>Descarga los modelos en los siguientes enlaces<\/strong><\/p>\n\n\n\n<div class=\"wp-block-columns is-layout-flex wp-container-core-columns-is-layout-9d6595d7 wp-block-columns-is-layout-flex\">\n<div class=\"wp-block-column is-layout-flow wp-block-column-is-layout-flow\">\n<div class=\"wp-block-buttons is-layout-flex wp-block-buttons-is-layout-flex\">\n<div class=\"wp-block-button\"><a class=\"wp-block-button__link\" href=\"https:\/\/site.educa.madrid.org\/ies.victoria.villarejo\/\/wp-content\/uploads\/ies.victoria.villarejo\/2021\/04\/Anexo-XIII.pdf\" target=\"_blank\" rel=\"noreferrer noopener\">Anexo XIII (Solicitud)<\/a><\/div>\n<\/div>\n<\/div>\n\n\n\n<div class=\"wp-block-column is-layout-flow wp-block-column-is-layout-flow\">\n<div class=\"wp-block-buttons is-layout-flex wp-block-buttons-is-layout-flex\">\n<div class=\"wp-block-button\"><a class=\"wp-block-button__link\" href=\"https:\/\/site.educa.madrid.org\/ies.victoria.villarejo\/\/wp-content\/uploads\/ies.victoria.villarejo\/2021\/04\/Anexo-XIV.pdf\" target=\"_blank\" rel=\"noreferrer noopener\">Anexo XIV<br>(Informe del Equipo Docente)<\/a><\/div>\n<\/div>\n<\/div>\n\n\n\n<div class=\"wp-block-column is-layout-flow wp-block-column-is-layout-flow\">\n<div class=\"wp-block-buttons is-layout-flex wp-block-buttons-is-layout-flex\">\n<div class=\"wp-block-button\"><a class=\"wp-block-button__link\" href=\"https:\/\/site.educa.madrid.org\/ies.victoria.villarejo\/\/wp-content\/uploads\/ies.victoria.villarejo\/2021\/04\/Anexo-XV.pdf\" target=\"_blank\" rel=\"noreferrer noopener\">Anexo XV<br>(Resoluci\u00f3n)<\/a><\/div>\n<\/div>\n<\/div>\n<\/div>\n","protected":false},"excerpt":{"rendered":"<p>Exenci\u00f3n total o parcial del m\u00f3dulo de FCT Seg\u00fan lo establecido en el art\u00edculo 39 del Real Decreto 1147\/2011, de 29 de julio, se podr\u00e1 determinar la exenci\u00f3n total o parcial del m\u00f3dulo profesional de Formaci\u00f3n en Centros de Trabajo por su correspondencia con la experiencia laboral. REQUISITOSPodr\u00e1n solicitar dicha exenci\u00f3n los alumnos matriculados en<\/p><\/div>\n<div class=\"blog-btn\"><a href=\"https:\/\/site.educa.madrid.org\/ies.victoria.villarejo\/index.php\/exencion-fct\/\" class=\"home-blog-btn\">Leer m\u00e1s<\/a><\/p>\n","protected":false},"author":2,"featured_media":603,"parent":0,"menu_order":0,"comment_status":"closed","ping_status":"closed","template":"fullwidth-template.php","meta":{"footnotes":""},"folder":[],"class_list":["post-617","page","type-page","status-publish","has-post-thumbnail","hentry"],"rttpg_featured_image_url":{"full":["https:\/\/site.educa.madrid.org\/ies.victoria.villarejo\/\/wp-content\/uploads\/ies.victoria.villarejo\/2021\/04\/students-standing-with-open-books-and-looking-at-camera-scaled.jpg",2560,1707,false],"landscape":["https:\/\/site.educa.madrid.org\/ies.victoria.villarejo\/\/wp-content\/uploads\/ies.victoria.villarejo\/2021\/04\/students-standing-with-open-books-and-looking-at-camera-scaled.jpg",2560,1707,false],"portraits":["https:\/\/site.educa.madrid.org\/ies.victoria.villarejo\/\/wp-content\/uploads\/ies.victoria.villarejo\/2021\/04\/students-standing-with-open-books-and-looking-at-camera-scaled.jpg",2560,1707,false],"thumbnail":["https:\/\/site.educa.madrid.org\/ies.victoria.villarejo\/\/wp-content\/uploads\/ies.victoria.villarejo\/2021\/04\/students-standing-with-open-books-and-looking-at-camera-150x150.jpg",150,150,true],"medium":["https:\/\/site.educa.madrid.org\/ies.victoria.villarejo\/\/wp-content\/uploads\/ies.victoria.villarejo\/2021\/04\/students-standing-with-open-books-and-looking-at-camera-300x200.jpg",300,200,true],"large":["https:\/\/site.educa.madrid.org\/ies.victoria.villarejo\/\/wp-content\/uploads\/ies.victoria.villarejo\/2021\/04\/students-standing-with-open-books-and-looking-at-camera-1024x683.jpg",696,464,true],"thumblist":["https:\/\/site.educa.madrid.org\/ies.victoria.villarejo\/\/wp-content\/uploads\/ies.victoria.villarejo\/2021\/04\/students-standing-with-open-books-and-looking-at-camera-300x300.jpg",300,300,true],"thumbrelated":["https:\/\/site.educa.madrid.org\/ies.victoria.villarejo\/\/wp-content\/uploads\/ies.victoria.villarejo\/2021\/04\/students-standing-with-open-books-and-looking-at-camera-scaled.jpg",500,333,false],"meccarouselthumb":["https:\/\/site.educa.madrid.org\/ies.victoria.villarejo\/\/wp-content\/uploads\/ies.victoria.villarejo\/2021\/04\/students-standing-with-open-books-and-looking-at-camera-474x324.jpg",474,324,true],"gridsquare":["https:\/\/site.educa.madrid.org\/ies.victoria.villarejo\/\/wp-content\/uploads\/ies.victoria.villarejo\/2021\/04\/students-standing-with-open-books-and-looking-at-camera-391x260.jpg",391,260,true],"tileview":["https:\/\/site.educa.madrid.org\/ies.victoria.villarejo\/\/wp-content\/uploads\/ies.victoria.villarejo\/2021\/04\/students-standing-with-open-books-and-looking-at-camera-300x400.jpg",300,400,true],"1536x1536":["https:\/\/site.educa.madrid.org\/ies.victoria.villarejo\/\/wp-content\/uploads\/ies.victoria.villarejo\/2021\/04\/students-standing-with-open-books-and-looking-at-camera-1536x1024.jpg",1536,1024,true],"2048x2048":["https:\/\/site.educa.madrid.org\/ies.victoria.villarejo\/\/wp-content\/uploads\/ies.victoria.villarejo\/2021\/04\/students-standing-with-open-books-and-looking-at-camera-2048x1365.jpg",2048,1365,true],"sow-carousel-default":["https:\/\/site.educa.madrid.org\/ies.victoria.villarejo\/\/wp-content\/uploads\/ies.victoria.villarejo\/2021\/04\/students-standing-with-open-books-and-looking-at-camera-scaled.jpg",272,182,false],"sow-post-carousel-overlay-theme":["https:\/\/site.educa.madrid.org\/ies.victoria.villarejo\/\/wp-content\/uploads\/ies.victoria.villarejo\/2021\/04\/students-standing-with-open-books-and-looking-at-camera-scaled.jpg",360,240,false],"sow-post-carousel-cards-theme":["https:\/\/site.educa.madrid.org\/ies.victoria.villarejo\/\/wp-content\/uploads\/ies.victoria.villarejo\/2021\/04\/students-standing-with-open-books-and-looking-at-camera-scaled.jpg",360,240,false],"rt_custom":["https:\/\/site.educa.madrid.org\/ies.victoria.villarejo\/\/wp-content\/uploads\/ies.victoria.villarejo\/2021\/04\/students-standing-with-open-books-and-looking-at-camera-scaled.jpg",2560,1707,false]},"rttpg_author":{"display_name":"tic.ies.victoria.villarejo","author_link":"https:\/\/site.educa.madrid.org\/ies.victoria.villarejo\/index.php\/author\/cuenta_tic-ies-victoria-villarejo\/"},"rttpg_comment":0,"rttpg_category":false,"rttpg_excerpt":"Exenci\u00f3n total o parcial del m\u00f3dulo de FCT Seg\u00fan lo establecido en el art\u00edculo 39 del Real Decreto 1147\/2011, de 29 de julio, se podr\u00e1 determinar la exenci\u00f3n total o parcial del m\u00f3dulo profesional de Formaci\u00f3n en Centros de Trabajo por su correspondencia con la experiencia laboral. REQUISITOSPodr\u00e1n solicitar dicha exenci\u00f3n los alumnos matriculados enLeer&hellip;","post_mailing_queue_ids":[],"_links":{"self":[{"href":"https:\/\/site.educa.madrid.org\/ies.victoria.villarejo\/index.php\/wp-json\/wp\/v2\/pages\/617","targetHints":{"allow":["GET"]}}],"collection":[{"href":"https:\/\/site.educa.madrid.org\/ies.victoria.villarejo\/index.php\/wp-json\/wp\/v2\/pages"}],"about":[{"href":"https:\/\/site.educa.madrid.org\/ies.victoria.villarejo\/index.php\/wp-json\/wp\/v2\/types\/page"}],"author":[{"embeddable":true,"href":"https:\/\/site.educa.madrid.org\/ies.victoria.villarejo\/index.php\/wp-json\/wp\/v2\/users\/2"}],"replies":[{"embeddable":true,"href":"https:\/\/site.educa.madrid.org\/ies.victoria.villarejo\/index.php\/wp-json\/wp\/v2\/comments?post=617"}],"version-history":[{"count":3,"href":"https:\/\/site.educa.madrid.org\/ies.victoria.villarejo\/index.php\/wp-json\/wp\/v2\/pages\/617\/revisions"}],"predecessor-version":[{"id":931,"href":"https:\/\/site.educa.madrid.org\/ies.victoria.villarejo\/index.php\/wp-json\/wp\/v2\/pages\/617\/revisions\/931"}],"wp:featuredmedia":[{"embeddable":true,"href":"https:\/\/site.educa.madrid.org\/ies.victoria.villarejo\/index.php\/wp-json\/wp\/v2\/media\/603"}],"wp:attachment":[{"href":"https:\/\/site.educa.madrid.org\/ies.victoria.villarejo\/index.php\/wp-json\/wp\/v2\/media?parent=617"}],"wp:term":[{"taxonomy":"folder","embeddable":true,"href":"https:\/\/site.educa.madrid.org\/ies.victoria.villarejo\/index.php\/wp-json\/wp\/v2\/folder?post=617"}],"curies":[{"name":"wp","href":"https:\/\/api.w.org\/{rel}","templated":true}]}}