{"id":634,"date":"2021-04-29T07:09:29","date_gmt":"2021-04-29T07:09:29","guid":{"rendered":"https:\/\/site.educa.madrid.org\/ies.victoria.villarejo\/?page_id=634"},"modified":"2026-02-18T09:21:29","modified_gmt":"2026-02-18T08:21:29","slug":"compensacion-de-gastos-fct","status":"publish","type":"page","link":"https:\/\/site.educa.madrid.org\/ies.victoria.villarejo\/index.php\/compensacion-de-gastos-fct\/","title":{"rendered":"Compensaci\u00f3n de gastos FCT"},"content":{"rendered":"\n<p class=\"has-vivid-green-cyan-background-color has-text-color has-background\" style=\"color:#ffffff;font-size:21px\"><strong>Desplazamiento de los Alumnos<\/strong><\/p>\n\n\n\n<p class=\"has-very-light-gray-color has-vivid-cyan-blue-background-color has-text-color has-background has-normal-font-size\"><a href=\"https:\/\/site.educa.madrid.org\/ies.victoria.villarejo\/\/wp-content\/uploads\/ies.victoria.villarejo\/2026\/02\/solicitud_compensacion_gastos_alumnos_2026.pdf\">ACCESO AL MODELO DE SOLICITUD <\/a><\/p>\n\n\n\n<p>Una vez terminado el periodo de FCT, el tutor\/a realizar\u00e1 el acopio de documentaci\u00f3n y la entregar\u00e1 en Jefatura de estudios para su introducci\u00f3n en la aplicaci\u00f3n inform\u00e1tica.<br>Los alumnos entregar\u00e1n al tutor el modelo de solicitud (Cloud) y los documentos justificativos necesarios<br>\u2022 Volante o certificado de empadronamiento actualizado -OBLIGATORIO- (necesario para comprobar que la localidad donde se han realizado las pr\u00e1cticas es distinta a la localidad donde reside el<br>\u2022 Fotocopia del abono de transporte<br>\u2022 Facturas originales del abono de transporte.<br>\u2022 Factura\/s de carburante originales (A nombre del alumno\/a y con fecha comprendida dentro del per\u00edodo de realizaci\u00f3n de la FCT)<br>\u2022 Justificante de los datos de la cuenta bancaria en la que se realizar\u00e1 la transferencia del importe a abonar (Importante Cuenta bancaria a nombre del alumno)<\/p>\n\n\n\n<p class=\"has-very-light-gray-color has-vivid-cyan-blue-background-color has-text-color has-background\"><a href=\"https:\/\/site.educa.madrid.org\/ies.victoria.villarejo\/\/wp-content\/uploads\/ies.victoria.villarejo\/2021\/06\/Instrucciones_compensaciondegastos_FCT_2021.pdf\" target=\"_blank\" rel=\"noreferrer noopener\">ACCESO A LA NORMATIVA<\/a><\/p>\n","protected":false},"excerpt":{"rendered":"<p>Desplazamiento de los Alumnos ACCESO AL MODELO DE SOLICITUD Una vez terminado el periodo de FCT, el tutor\/a realizar\u00e1 el acopio de documentaci\u00f3n y la entregar\u00e1 en Jefatura de estudios para su introducci\u00f3n en la aplicaci\u00f3n inform\u00e1tica.Los alumnos entregar\u00e1n al tutor el modelo de solicitud (Cloud) y los documentos justificativos necesarios\u2022 Volante o certificado de<\/p><\/div>\n<div class=\"blog-btn\"><a href=\"https:\/\/site.educa.madrid.org\/ies.victoria.villarejo\/index.php\/compensacion-de-gastos-fct\/\" class=\"home-blog-btn\">Leer m\u00e1s<\/a><\/p>\n","protected":false},"author":2,"featured_media":602,"parent":0,"menu_order":0,"comment_status":"closed","ping_status":"closed","template":"fullwidth-template.php","meta":{"footnotes":""},"folder":[],"class_list":["post-634","page","type-page","status-publish","has-post-thumbnail","hentry"],"rttpg_featured_image_url":{"full":["https:\/\/site.educa.madrid.org\/ies.victoria.villarejo\/\/wp-content\/uploads\/ies.victoria.villarejo\/2021\/04\/business-financial-documents-office-calculator-and-pen-on-the-table-numbers-and-1-scaled.jpg",2560,1707,false],"landscape":["https:\/\/site.educa.madrid.org\/ies.victoria.villarejo\/\/wp-content\/uploads\/ies.victoria.villarejo\/2021\/04\/business-financial-documents-office-calculator-and-pen-on-the-table-numbers-and-1-scaled.jpg",2560,1707,false],"portraits":["https:\/\/site.educa.madrid.org\/ies.victoria.villarejo\/\/wp-content\/uploads\/ies.victoria.villarejo\/2021\/04\/business-financial-documents-office-calculator-and-pen-on-the-table-numbers-and-1-scaled.jpg",2560,1707,false],"thumbnail":["https:\/\/site.educa.madrid.org\/ies.victoria.villarejo\/\/wp-content\/uploads\/ies.victoria.villarejo\/2021\/04\/business-financial-documents-office-calculator-and-pen-on-the-table-numbers-and-1-150x150.jpg",150,150,true],"medium":["https:\/\/site.educa.madrid.org\/ies.victoria.villarejo\/\/wp-content\/uploads\/ies.victoria.villarejo\/2021\/04\/business-financial-documents-office-calculator-and-pen-on-the-table-numbers-and-1-300x200.jpg",300,200,true],"large":["https:\/\/site.educa.madrid.org\/ies.victoria.villarejo\/\/wp-content\/uploads\/ies.victoria.villarejo\/2021\/04\/business-financial-documents-office-calculator-and-pen-on-the-table-numbers-and-1-1024x683.jpg",696,464,true],"thumblist":["https:\/\/site.educa.madrid.org\/ies.victoria.villarejo\/\/wp-content\/uploads\/ies.victoria.villarejo\/2021\/04\/business-financial-documents-office-calculator-and-pen-on-the-table-numbers-and-1-300x300.jpg",300,300,true],"thumbrelated":["https:\/\/site.educa.madrid.org\/ies.victoria.villarejo\/\/wp-content\/uploads\/ies.victoria.villarejo\/2021\/04\/business-financial-documents-office-calculator-and-pen-on-the-table-numbers-and-1-scaled.jpg",500,333,false],"meccarouselthumb":["https:\/\/site.educa.madrid.org\/ies.victoria.villarejo\/\/wp-content\/uploads\/ies.victoria.villarejo\/2021\/04\/business-financial-documents-office-calculator-and-pen-on-the-table-numbers-and-1-474x324.jpg",474,324,true],"gridsquare":["https:\/\/site.educa.madrid.org\/ies.victoria.villarejo\/\/wp-content\/uploads\/ies.victoria.villarejo\/2021\/04\/business-financial-documents-office-calculator-and-pen-on-the-table-numbers-and-1-391x260.jpg",391,260,true],"tileview":["https:\/\/site.educa.madrid.org\/ies.victoria.villarejo\/\/wp-content\/uploads\/ies.victoria.villarejo\/2021\/04\/business-financial-documents-office-calculator-and-pen-on-the-table-numbers-and-1-300x400.jpg",300,400,true],"1536x1536":["https:\/\/site.educa.madrid.org\/ies.victoria.villarejo\/\/wp-content\/uploads\/ies.victoria.villarejo\/2021\/04\/business-financial-documents-office-calculator-and-pen-on-the-table-numbers-and-1-1536x1024.jpg",1536,1024,true],"2048x2048":["https:\/\/site.educa.madrid.org\/ies.victoria.villarejo\/\/wp-content\/uploads\/ies.victoria.villarejo\/2021\/04\/business-financial-documents-office-calculator-and-pen-on-the-table-numbers-and-1-2048x1365.jpg",2048,1365,true],"sow-carousel-default":["https:\/\/site.educa.madrid.org\/ies.victoria.villarejo\/\/wp-content\/uploads\/ies.victoria.villarejo\/2021\/04\/business-financial-documents-office-calculator-and-pen-on-the-table-numbers-and-1-scaled.jpg",272,182,false],"sow-post-carousel-overlay-theme":["https:\/\/site.educa.madrid.org\/ies.victoria.villarejo\/\/wp-content\/uploads\/ies.victoria.villarejo\/2021\/04\/business-financial-documents-office-calculator-and-pen-on-the-table-numbers-and-1-scaled.jpg",360,240,false],"sow-post-carousel-cards-theme":["https:\/\/site.educa.madrid.org\/ies.victoria.villarejo\/\/wp-content\/uploads\/ies.victoria.villarejo\/2021\/04\/business-financial-documents-office-calculator-and-pen-on-the-table-numbers-and-1-scaled.jpg",360,240,false],"rt_custom":["https:\/\/site.educa.madrid.org\/ies.victoria.villarejo\/\/wp-content\/uploads\/ies.victoria.villarejo\/2021\/04\/business-financial-documents-office-calculator-and-pen-on-the-table-numbers-and-1-scaled.jpg",2560,1707,false]},"rttpg_author":{"display_name":"tic.ies.victoria.villarejo","author_link":"https:\/\/site.educa.madrid.org\/ies.victoria.villarejo\/index.php\/author\/cuenta_tic-ies-victoria-villarejo\/"},"rttpg_comment":0,"rttpg_category":false,"rttpg_excerpt":"Desplazamiento de los Alumnos ACCESO AL MODELO DE SOLICITUD Una vez terminado el periodo de FCT, el tutor\/a realizar\u00e1 el acopio de documentaci\u00f3n y la entregar\u00e1 en Jefatura de estudios para su introducci\u00f3n en la aplicaci\u00f3n inform\u00e1tica.Los alumnos entregar\u00e1n al tutor el modelo de solicitud (Cloud) y los documentos justificativos necesarios\u2022 Volante o certificado deLeer&hellip;","post_mailing_queue_ids":[],"_links":{"self":[{"href":"https:\/\/site.educa.madrid.org\/ies.victoria.villarejo\/index.php\/wp-json\/wp\/v2\/pages\/634","targetHints":{"allow":["GET"]}}],"collection":[{"href":"https:\/\/site.educa.madrid.org\/ies.victoria.villarejo\/index.php\/wp-json\/wp\/v2\/pages"}],"about":[{"href":"https:\/\/site.educa.madrid.org\/ies.victoria.villarejo\/index.php\/wp-json\/wp\/v2\/types\/page"}],"author":[{"embeddable":true,"href":"https:\/\/site.educa.madrid.org\/ies.victoria.villarejo\/index.php\/wp-json\/wp\/v2\/users\/2"}],"replies":[{"embeddable":true,"href":"https:\/\/site.educa.madrid.org\/ies.victoria.villarejo\/index.php\/wp-json\/wp\/v2\/comments?post=634"}],"version-history":[{"count":8,"href":"https:\/\/site.educa.madrid.org\/ies.victoria.villarejo\/index.php\/wp-json\/wp\/v2\/pages\/634\/revisions"}],"predecessor-version":[{"id":5771,"href":"https:\/\/site.educa.madrid.org\/ies.victoria.villarejo\/index.php\/wp-json\/wp\/v2\/pages\/634\/revisions\/5771"}],"wp:featuredmedia":[{"embeddable":true,"href":"https:\/\/site.educa.madrid.org\/ies.victoria.villarejo\/index.php\/wp-json\/wp\/v2\/media\/602"}],"wp:attachment":[{"href":"https:\/\/site.educa.madrid.org\/ies.victoria.villarejo\/index.php\/wp-json\/wp\/v2\/media?parent=634"}],"wp:term":[{"taxonomy":"folder","embeddable":true,"href":"https:\/\/site.educa.madrid.org\/ies.victoria.villarejo\/index.php\/wp-json\/wp\/v2\/folder?post=634"}],"curies":[{"name":"wp","href":"https:\/\/api.w.org\/{rel}","templated":true}]}}