{"id":660,"date":"2021-04-29T10:40:48","date_gmt":"2021-04-29T10:40:48","guid":{"rendered":"https:\/\/site.educa.madrid.org\/ies.victoria.villarejo\/?page_id=660"},"modified":"2021-05-06T12:07:27","modified_gmt":"2021-05-06T12:07:27","slug":"contacto-y-ubicacion","status":"publish","type":"page","link":"https:\/\/site.educa.madrid.org\/ies.victoria.villarejo\/index.php\/contacto-y-ubicacion\/","title":{"rendered":"Contacto y Ubicaci\u00f3n"},"content":{"rendered":"\n<iframe src=\"https:\/\/www.google.com\/maps\/embed?pb=!1m18!1m12!1m3!1d3048.86877286981!2d-3.2786789847896176!3d40.167475379394894!2m3!1f0!2f0!3f0!3m2!1i1024!2i768!4f13.1!3m3!1m2!1s0xd426f470447f75f%3A0xd098f15405b1fe5!2sInstituto%20de%20Educaci%C3%B3n%20Secundaria%20IES%20Ntra.%20Sra.%20de%20la%20Victoria%20de%20Lepanto!5e0!3m2!1ses!2ses!4v1619691946616!5m2!1ses!2ses\" width=\"1500\" height=\"450\" style=\"border:0;\" allowfullscreen=\"\" loading=\"lazy\"><\/iframe>\n\n\n\n<hr class=\"wp-block-separator\"\/>\n\n\n\n<p style=\"color:#ffffff\" class=\"has-text-color has-background has-text-align-center has-medium-font-size has-vivid-cyan-blue-background-color\">Calle Luis de Requesens, 1 &#8211; 3<br>28590 Villarejo de Salvan\u00e9s<br>MADRID (ESPA\u00d1A)<\/p>\n\n\n\n<hr class=\"wp-block-separator\"\/>\n\n\n\n<p style=\"color:#ffffff\" class=\"has-text-color has-background has-text-align-center has-medium-font-size has-vivid-cyan-blue-background-color\">Tfno: 918 744 170  <\/p>\n\n\n\n<p style=\"color:#ffffff\" class=\"has-text-color has-background has-text-align-center has-medium-font-size has-vivid-cyan-blue-background-color\">Email:  <a href=\"mailto:ies.victoria.villarejo@educa.madrid.org\">ies.victoria.villarejo@educa.madrid.org<\/a><\/p>\n\n\n\n<p style=\"color:#fdfdfd\" class=\"has-text-color has-background has-text-align-center has-medium-font-size has-vivid-cyan-blue-background-color\">C\u00f3digo del Centro:  28025658<\/p>\n\n\n\n<div class=\"wpcf7 no-js\" id=\"wpcf7-f881-o1\" lang=\"es-ES\" dir=\"ltr\">\n<div class=\"screen-reader-response\"><p role=\"status\" aria-live=\"polite\" aria-atomic=\"true\"><\/p> <ul><\/ul><\/div>\n<form action=\"\/ies.victoria.villarejo\/index.php\/wp-json\/wp\/v2\/pages\/660#wpcf7-f881-o1\" method=\"post\" class=\"wpcf7-form init\" aria-label=\"Formulario de contacto\" enctype=\"multipart\/form-data\" novalidate=\"novalidate\" data-status=\"init\">\n<div style=\"display: none;\">\n<input type=\"hidden\" name=\"_wpcf7\" value=\"881\" \/>\n<input type=\"hidden\" name=\"_wpcf7_version\" value=\"5.9.7\" \/>\n<input type=\"hidden\" name=\"_wpcf7_locale\" value=\"es_ES\" \/>\n<input type=\"hidden\" name=\"_wpcf7_unit_tag\" value=\"wpcf7-f881-o1\" \/>\n<input type=\"hidden\" name=\"_wpcf7_container_post\" value=\"0\" \/>\n<input type=\"hidden\" name=\"_wpcf7_posted_data_hash\" value=\"\" \/>\n<\/div>\n<p><label> Tu nombre (requerido)<br \/>\n<span class=\"wpcf7-form-control-wrap\" data-name=\"your-name\"><input size=\"40\" maxlength=\"400\" class=\"wpcf7-form-control wpcf7-text wpcf7-validates-as-required\" aria-required=\"true\" aria-invalid=\"false\" value=\"\" type=\"text\" name=\"your-name\" \/><\/span> <\/label>\n<\/p>\n<p><label> Tu correo electr\u00f3nico (requerido)<br \/>\n<span class=\"wpcf7-form-control-wrap\" data-name=\"your-email\"><input size=\"40\" maxlength=\"400\" class=\"wpcf7-form-control wpcf7-email wpcf7-validates-as-required wpcf7-text wpcf7-validates-as-email\" aria-required=\"true\" aria-invalid=\"false\" value=\"\" type=\"email\" name=\"your-email\" \/><\/span> <\/label>\n<\/p>\n<p><label> Asunto<br \/>\n<span class=\"wpcf7-form-control-wrap\" data-name=\"your-subject\"><input size=\"40\" maxlength=\"400\" class=\"wpcf7-form-control wpcf7-text\" aria-invalid=\"false\" value=\"\" type=\"text\" name=\"your-subject\" \/><\/span> <\/label>\n<\/p>\n<p><label> Tu mensaje<br \/>\n<span class=\"wpcf7-form-control-wrap\" data-name=\"your-message\"><textarea cols=\"40\" rows=\"10\" maxlength=\"2000\" class=\"wpcf7-form-control wpcf7-textarea\" aria-invalid=\"false\" name=\"your-message\"><\/textarea><\/span> <\/label><br \/>\n<span class=\"wpcf7-form-control-wrap\" data-name=\"file-862\"><input size=\"40\" class=\"wpcf7-form-control wpcf7-file\" accept=\"audio\/*,video\/*,image\/*\" aria-invalid=\"false\" type=\"file\" name=\"file-862\" \/><\/span><br \/>\n[mathcaptcha mathcaptcha-380]\n<\/p>\n<p class=\"aiowps-captcha hide-when-displaying-tfa-input\"><label for=\"aiowps-captcha-answer\">Por favor, introduce una respuesta en d\u00edgitos:<\/label>\n<\/p>\n<div class=\"aiowps-captcha-equation hide-when-displaying-tfa-input\">\n\t<p><strong>3 &#215; 5 = <input type=\"hidden\" name=\"aiowps-captcha-string-info\" class=\"aiowps-captcha-string-info\" value=\"e4uuo9vfx4\" \/><input type=\"hidden\" name=\"aiowps-captcha-temp-string\" class=\"aiowps-captcha-temp-string\" value=\"1778633606\" \/><input type=\"text\" size=\"2\" class=\"aiowps-captcha-answer\" name=\"aiowps-captcha-answer\" value=\"\" autocomplete=\"off\" \/><\/strong>\n\t<\/p>\n<\/div>\n<p><span class='wpcf7-form-control-wrap' data-name='aiowps-captcha'><\/span><input class=\"wpcf7-form-control wpcf7-submit has-spinner\" type=\"submit\" value=\"Enviar\" \/>\n<\/p><p style=\"display: none !important;\" class=\"akismet-fields-container\" data-prefix=\"_wpcf7_ak_\"><label>&#916;<textarea name=\"_wpcf7_ak_hp_textarea\" cols=\"45\" rows=\"8\" maxlength=\"100\"><\/textarea><\/label><input type=\"hidden\" id=\"ak_js_1\" name=\"_wpcf7_ak_js\" value=\"175\"\/><script>document.getElementById( \"ak_js_1\" ).setAttribute( \"value\", ( new Date() ).getTime() );<\/script><\/p><div class=\"wpcf7-response-output\" aria-hidden=\"true\"><\/div>\n<\/form>\n<\/div>\n\n\n\n\n<p><\/p>\n","protected":false},"excerpt":{"rendered":"<p>Calle Luis de Requesens, 1 &#8211; 328590 Villarejo de Salvan\u00e9sMADRID (ESPA\u00d1A) Tfno: 918 744 170 Email: ies.victoria.villarejo@educa.madrid.org C\u00f3digo del Centro: 28025658<\/p>\n","protected":false},"author":2,"featured_media":0,"parent":0,"menu_order":0,"comment_status":"closed","ping_status":"closed","template":"fullwidth-template.php","meta":{"footnotes":""},"folder":[],"class_list":["post-660","page","type-page","status-publish","hentry"],"rttpg_featured_image_url":null,"rttpg_author":{"display_name":"tic.ies.victoria.villarejo","author_link":"https:\/\/site.educa.madrid.org\/ies.victoria.villarejo\/index.php\/author\/cuenta_tic-ies-victoria-villarejo\/"},"rttpg_comment":0,"rttpg_category":false,"rttpg_excerpt":"Calle Luis de Requesens, 1 &#8211; 328590 Villarejo de Salvan\u00e9sMADRID (ESPA\u00d1A) Tfno: 918 744 170 Email: ies.victoria.villarejo@educa.madrid.org C\u00f3digo del Centro: 28025658","post_mailing_queue_ids":[],"_links":{"self":[{"href":"https:\/\/site.educa.madrid.org\/ies.victoria.villarejo\/index.php\/wp-json\/wp\/v2\/pages\/660","targetHints":{"allow":["GET"]}}],"collection":[{"href":"https:\/\/site.educa.madrid.org\/ies.victoria.villarejo\/index.php\/wp-json\/wp\/v2\/pages"}],"about":[{"href":"https:\/\/site.educa.madrid.org\/ies.victoria.villarejo\/index.php\/wp-json\/wp\/v2\/types\/page"}],"author":[{"embeddable":true,"href":"https:\/\/site.educa.madrid.org\/ies.victoria.villarejo\/index.php\/wp-json\/wp\/v2\/users\/2"}],"replies":[{"embeddable":true,"href":"https:\/\/site.educa.madrid.org\/ies.victoria.villarejo\/index.php\/wp-json\/wp\/v2\/comments?post=660"}],"version-history":[{"count":9,"href":"https:\/\/site.educa.madrid.org\/ies.victoria.villarejo\/index.php\/wp-json\/wp\/v2\/pages\/660\/revisions"}],"predecessor-version":[{"id":882,"href":"https:\/\/site.educa.madrid.org\/ies.victoria.villarejo\/index.php\/wp-json\/wp\/v2\/pages\/660\/revisions\/882"}],"wp:attachment":[{"href":"https:\/\/site.educa.madrid.org\/ies.victoria.villarejo\/index.php\/wp-json\/wp\/v2\/media?parent=660"}],"wp:term":[{"taxonomy":"folder","embeddable":true,"href":"https:\/\/site.educa.madrid.org\/ies.victoria.villarejo\/index.php\/wp-json\/wp\/v2\/folder?post=660"}],"curies":[{"name":"wp","href":"https:\/\/api.w.org\/{rel}","templated":true}]}}