{"id":10352,"date":"2025-12-10T11:40:18","date_gmt":"2025-12-10T10:40:18","guid":{"rendered":"https:\/\/site.educa.madrid.org\/ies.villablanca.madrid\/?page_id=10352"},"modified":"2026-04-30T15:53:32","modified_gmt":"2026-04-30T13:53:32","slug":"documentos-institucionales-2025-2026","status":"publish","type":"page","link":"https:\/\/site.educa.madrid.org\/ies.villablanca.madrid\/index.php\/documentos-institucionales-2025-2026\/","title":{"rendered":"DOCUMENTOS INSTITUCIONALES 2025-2026 (Proceso de selecci\u00f3n de directores)"},"content":{"rendered":"\n<p><a href=\"https:\/\/site.educa.madrid.org\/ies.villablanca.madrid\/\/wp-content\/uploads\/ies.villablanca.madrid\/2025\/10\/PROYECTO-EDUCATIVO-DE-CENTRO-Y-NORMAS-DE-CONVIVENCIA-modif-en-CE-oct-25.pdf\">Proyecto educativo y normas de convivencia<\/a> <\/p>\n\n\n\n<div class=\"wp-block-file\"><a id=\"wp-block-file--media-04ec86a2-bed1-4883-9c9c-1fa97bff7614\" href=\"https:\/\/site.educa.madrid.org\/ies.villablanca.madrid\/\/wp-content\/uploads\/ies.villablanca.madrid\/2025\/12\/IES-VILLABLANCA-PGA-25-26.pdf\">IES VILLABLANCA PGA 25-26<\/a><\/div>\n\n\n\n<div class=\"wp-block-file\"><a id=\"wp-block-file--media-c07ae95b-1e96-46ca-9c73-a21cccf7a7bb\" href=\"https:\/\/site.educa.madrid.org\/ies.villablanca.madrid\/\/wp-content\/uploads\/ies.villablanca.madrid\/2025\/12\/28039891_VILLABLANCA_MEMORIA.pdf\">MEMORIA 2024-25<\/a><a href=\"https:\/\/site.educa.madrid.org\/ies.villablanca.madrid\/\/wp-content\/uploads\/ies.villablanca.madrid\/2025\/12\/28039891_VILLABLANCA_MEMORIA.pdf\" class=\"wp-block-file__button wp-element-button\" download aria-describedby=\"wp-block-file--media-c07ae95b-1e96-46ca-9c73-a21cccf7a7bb\">Descarga<\/a><\/div>\n\n\n\n<p><\/p>\n\n\n\n<p>Proyecto de presupuestos:<\/p>\n\n\n\n<div class=\"wp-block-file\"><a id=\"wp-block-file--media-0ce2c6d9-513c-4edb-9ebd-af3e3934bbf3\" href=\"https:\/\/site.educa.madrid.org\/ies.villablanca.madrid\/\/wp-content\/uploads\/ies.villablanca.madrid\/2025\/12\/Presupuesto-de-gastos.pdf\">Presupuesto de gastos<\/a><a href=\"https:\/\/site.educa.madrid.org\/ies.villablanca.madrid\/\/wp-content\/uploads\/ies.villablanca.madrid\/2025\/12\/Presupuesto-de-gastos.pdf\" class=\"wp-block-file__button wp-element-button\" download aria-describedby=\"wp-block-file--media-0ce2c6d9-513c-4edb-9ebd-af3e3934bbf3\">Descarga<br><\/a><\/div>\n\n\n\n<div class=\"wp-block-file\"><a id=\"wp-block-file--media-a52c904d-07dd-4693-9473-4cac59fca92b\" href=\"https:\/\/site.educa.madrid.org\/ies.villablanca.madrid\/\/wp-content\/uploads\/ies.villablanca.madrid\/2025\/12\/Presupuesto-de-ingresos.pdf\">Presupuesto de ingresos<\/a><a href=\"https:\/\/site.educa.madrid.org\/ies.villablanca.madrid\/\/wp-content\/uploads\/ies.villablanca.madrid\/2025\/12\/Presupuesto-de-ingresos.pdf\" class=\"wp-block-file__button wp-element-button\" download aria-describedby=\"wp-block-file--media-a52c904d-07dd-4693-9473-4cac59fca92b\">Descarga<\/a><\/div>\n\n\n\n<p><\/p>\n\n\n\n<p>Convocatoria de defensa de proyectos de direcci\u00f3n:<\/p>\n\n\n\n<div class=\"wp-block-file\"><a id=\"wp-block-file--media-b8fc4c7c-d896-4b16-a613-6517a7a855f1\" href=\"https:\/\/site.educa.madrid.org\/ies.villablanca.madrid\/\/wp-content\/uploads\/ies.villablanca.madrid\/2026\/04\/20260430144723639.pdf\">Citaci\u00f3n para la exposici\u00f3n y defesensa del proyecto de direcci\u00f3n<\/a><a href=\"https:\/\/site.educa.madrid.org\/ies.villablanca.madrid\/\/wp-content\/uploads\/ies.villablanca.madrid\/2026\/04\/20260430144723639.pdf\" class=\"wp-block-file__button wp-element-button\" download aria-describedby=\"wp-block-file--media-b8fc4c7c-d896-4b16-a613-6517a7a855f1\">Descarga<\/a><\/div>\n","protected":false},"excerpt":{"rendered":"<p>Proyecto educativo y normas de convivencia Proyecto de presupuestos: Convocatoria de defensa de proyectos de direcci\u00f3n:<\/p>\n","protected":false},"author":3,"featured_media":0,"parent":0,"menu_order":0,"comment_status":"closed","ping_status":"closed","template":"","meta":{"footnotes":""},"folder":[],"class_list":["post-10352","page","type-page","status-publish","hentry"],"rttpg_featured_image_url":null,"rttpg_author":{"display_name":"ies.villablanca.madrid","author_link":"https:\/\/site.educa.madrid.org\/ies.villablanca.madrid\/index.php\/author\/cuenta_ies-villablanca-madrid\/"},"rttpg_comment":0,"rttpg_category":false,"rttpg_excerpt":"Proyecto educativo y normas de convivencia Proyecto de presupuestos: Convocatoria de defensa de proyectos de direcci\u00f3n:","post_mailing_queue_ids":[],"_links":{"self":[{"href":"https:\/\/site.educa.madrid.org\/ies.villablanca.madrid\/index.php\/wp-json\/wp\/v2\/pages\/10352","targetHints":{"allow":["GET"]}}],"collection":[{"href":"https:\/\/site.educa.madrid.org\/ies.villablanca.madrid\/index.php\/wp-json\/wp\/v2\/pages"}],"about":[{"href":"https:\/\/site.educa.madrid.org\/ies.villablanca.madrid\/index.php\/wp-json\/wp\/v2\/types\/page"}],"author":[{"embeddable":true,"href":"https:\/\/site.educa.madrid.org\/ies.villablanca.madrid\/index.php\/wp-json\/wp\/v2\/users\/3"}],"replies":[{"embeddable":true,"href":"https:\/\/site.educa.madrid.org\/ies.villablanca.madrid\/index.php\/wp-json\/wp\/v2\/comments?post=10352"}],"version-history":[{"count":7,"href":"https:\/\/site.educa.madrid.org\/ies.villablanca.madrid\/index.php\/wp-json\/wp\/v2\/pages\/10352\/revisions"}],"predecessor-version":[{"id":10922,"href":"https:\/\/site.educa.madrid.org\/ies.villablanca.madrid\/index.php\/wp-json\/wp\/v2\/pages\/10352\/revisions\/10922"}],"wp:attachment":[{"href":"https:\/\/site.educa.madrid.org\/ies.villablanca.madrid\/index.php\/wp-json\/wp\/v2\/media?parent=10352"}],"wp:term":[{"taxonomy":"folder","embeddable":true,"href":"https:\/\/site.educa.madrid.org\/ies.villablanca.madrid\/index.php\/wp-json\/wp\/v2\/folder?post=10352"}],"curies":[{"name":"wp","href":"https:\/\/api.w.org\/{rel}","templated":true}]}}