{"id":1088,"date":"2020-10-14T12:57:55","date_gmt":"2020-10-14T12:57:55","guid":{"rendered":"https:\/\/site.educa.madrid.org\/ies.villablanca.madrid\/?page_id=1088"},"modified":"2024-04-29T10:53:33","modified_gmt":"2024-04-29T08:53:33","slug":"roble","status":"publish","type":"page","link":"https:\/\/site.educa.madrid.org\/ies.villablanca.madrid\/index.php\/roble\/","title":{"rendered":"Roble"},"content":{"rendered":"\n<p>Roble es la aplicaci\u00f3n que la Comunidad de Madrid ofrece para que las madres y padres se puedan comunicar con el Centro, recibiendo informaci\u00f3n de las notas, anotaciones de los profesores,\u2026<\/p>\n\n\n\n<p>Si ya dispone de las credenciales de Roble, se repartieron en el Centro el curso pasado, es posible acceder a la aplicaci\u00f3n. Tambi\u00e9n disponen de ellas los docentes de la Comunidad de Madrid a trav\u00e9s del perfil de padres.<\/p>\n\n\n\n<p>Si no dispone de las credenciales, en la reuni\u00f3n con los tutores se indicar\u00e1 el procedimiento para conseguirlas.<\/p>\n\n\n\n<p><strong>MUY<\/strong> es importante leer la documentaci\u00f3n del siguiente enlace:<\/p>\n\n\n\n<div class=\"wp-block-file\"><a id=\"wp-block-file--media-4ec9daad-67c4-4942-9639-0553cd61760a\" href=\"https:\/\/site.educa.madrid.org\/ies.villablanca.madrid\/\/wp-content\/uploads\/ies.villablanca.madrid\/2020\/10\/presentacion-Roble-padres-1.pdf\">presentacion-Roble-padres-1<\/a><a href=\"https:\/\/site.educa.madrid.org\/ies.villablanca.madrid\/\/wp-content\/uploads\/ies.villablanca.madrid\/2020\/10\/presentacion-Roble-padres-1.pdf\" class=\"wp-block-file__button wp-element-button\" download aria-describedby=\"wp-block-file--media-4ec9daad-67c4-4942-9639-0553cd61760a\">Descarga<\/a><\/div>\n\n\n\n<p><\/p>\n\n\n\n<p><strong>Si es la primera vez que accedo a Roble<\/strong><\/p>\n\n\n\n<p>Las madres y padres disponen de dos mecanismos de acceso que pueden usar indistintamente:<\/p>\n\n\n\n<p><strong>1\u00ba La aplicaci\u00f3n m\u00f3vil:<\/strong><\/p>\n\n\n\n<p>Se descarga desde:<br><a href=\"https:\/\/play.google.com\/store\/apps\/details?id=org.madrid.raiz.roble\">https:\/\/play.google.com\/store\/apps\/details?id=org.madrid.raiz.roble<\/a><\/p>\n\n\n\n<p>Gu\u00eda para familias de la aplicaci\u00f3n m\u00f3vil:<\/p>\n\n\n\n<div class=\"wp-block-file\"><a id=\"wp-block-file--media-a0d810c8-07da-4299-989a-8247a58c0770\" href=\"https:\/\/site.educa.madrid.org\/ies.villablanca.madrid\/\/wp-content\/uploads\/ies.villablanca.madrid\/2024\/04\/Manual-de-Roble-v2-1.pdf\">Manual-de-Roble-v2-1<\/a><a href=\"https:\/\/site.educa.madrid.org\/ies.villablanca.madrid\/\/wp-content\/uploads\/ies.villablanca.madrid\/2024\/04\/Manual-de-Roble-v2-1.pdf\" class=\"wp-block-file__button wp-element-button\" download aria-describedby=\"wp-block-file--media-a0d810c8-07da-4299-989a-8247a58c0770\">Descarga<\/a><\/div>\n\n\n\n<p><strong>2\u00ba La p\u00e1gina web:<\/strong><\/p>\n\n\n\n<p>Desbloqueo de ventanas emergentes:<\/p>\n\n\n\n<div class=\"wp-block-file\"><a id=\"wp-block-file--media-2a1bad90-6070-4d8c-abee-ea4df339d9c3\" href=\"https:\/\/site.educa.madrid.org\/ies.villablanca.madrid\/\/wp-content\/uploads\/ies.villablanca.madrid\/2020\/10\/ROBLE-WEB-Visual-Ventanas-emergentes-1.0.pdf\">ROBLE-WEB-Visual-Ventanas-emergentes-1.0<\/a><a href=\"https:\/\/site.educa.madrid.org\/ies.villablanca.madrid\/\/wp-content\/uploads\/ies.villablanca.madrid\/2020\/10\/ROBLE-WEB-Visual-Ventanas-emergentes-1.0.pdf\" class=\"wp-block-file__button wp-element-button\" download aria-describedby=\"wp-block-file--media-2a1bad90-6070-4d8c-abee-ea4df339d9c3\">Descarga<\/a><\/div>\n\n\n\n<p>Una vez que se han desbloqueado las ventanas emergentes, se puede acceder al sistema por el siguiente enlace:<\/p>\n\n\n\n<ul class=\"wp-block-list\">\n<li><a href=\"https:\/\/raices.madrid.org\/raiz_app\/jsp\/portal\/portalraices.html\">https:\/\/raices.madrid.org\/raiz_app\/jsp\/portal\/portalraices.html<\/a><\/li>\n<\/ul>\n\n\n\n<p>Gu\u00eda de uso para familias del acceso a trav\u00e9s de la web:<\/p>\n\n\n\n<div class=\"wp-block-file\"><a id=\"wp-block-file--media-849f7d2f-7427-41b5-b1ec-beb5b099a197\" href=\"https:\/\/site.educa.madrid.org\/ies.villablanca.madrid\/\/wp-content\/uploads\/ies.villablanca.madrid\/2020\/10\/ROBLE-WEB-Familias-Gu\u00eda-Visual-1.4.pdf\">ROBLE-WEB-Familias-Gu\u00eda-Visual-1.4<\/a><a href=\"https:\/\/site.educa.madrid.org\/ies.villablanca.madrid\/\/wp-content\/uploads\/ies.villablanca.madrid\/2020\/10\/ROBLE-WEB-Familias-Gu\u00eda-Visual-1.4.pdf\" class=\"wp-block-file__button wp-element-button\" download aria-describedby=\"wp-block-file--media-849f7d2f-7427-41b5-b1ec-beb5b099a197\">Descarga<\/a><\/div>\n\n\n\n<p><\/p>\n\n\n\n<p><strong>Algunas consideraciones:<\/strong><\/p>\n\n\n\n<ul class=\"wp-block-list\">\n<li>Se recomienda que el primer acceso a la aplicaci\u00f3n se haga a trav\u00e9s de un navegador web.<\/li>\n\n\n\n<li>Las contrase\u00f1as de las credenciales de acceso vienen escritas en el tipo de letra \u201cArial\u201d. En este tipo de letra se confunde el s\u00edmbolo \u201cI\u201d con la letra ele y con la i may\u00fascula. Tambi\u00e9n se confunden la \u201cO\u201d (o may\u00fascula) y el \u201c0\u2033 (cero). En caso de no funcionar la contrase\u00f1a y tener este s\u00edmbolo, por favor, prueben con las dos alternativas.<\/li>\n\n\n\n<li>A la hora de cambiar la contrase\u00f1a, el sistema es muy estricto. Verifique que su contrase\u00f1a cumple todas las condiciones que impone la aplicaci\u00f3n.<\/li>\n<\/ul>\n\n\n\n<p>En caso de tener problemas con el acceso o no se hayan recibido las credenciales de acceso, por favor, contacten con la Secretar\u00eda del Centro.<\/p>\n","protected":false},"excerpt":{"rendered":"<p>Roble es la aplicaci\u00f3n que la Comunidad de Madrid ofrece para que las madres y padres se puedan comunicar con el Centro, recibiendo informaci\u00f3n de las notas, anotaciones de los &#8230;<\/p>\n","protected":false},"author":3,"featured_media":0,"parent":0,"menu_order":0,"comment_status":"closed","ping_status":"closed","template":"","meta":{"footnotes":""},"folder":[],"class_list":["post-1088","page","type-page","status-publish","hentry"],"rttpg_featured_image_url":null,"rttpg_author":{"display_name":"ies.villablanca.madrid","author_link":"https:\/\/site.educa.madrid.org\/ies.villablanca.madrid\/index.php\/author\/cuenta_ies-villablanca-madrid\/"},"rttpg_comment":0,"rttpg_category":false,"rttpg_excerpt":"Roble es la aplicaci\u00f3n que la Comunidad de Madrid ofrece para que las madres y padres se puedan comunicar con el Centro, recibiendo informaci\u00f3n de las notas, anotaciones de los ...","post_mailing_queue_ids":[],"_links":{"self":[{"href":"https:\/\/site.educa.madrid.org\/ies.villablanca.madrid\/index.php\/wp-json\/wp\/v2\/pages\/1088","targetHints":{"allow":["GET"]}}],"collection":[{"href":"https:\/\/site.educa.madrid.org\/ies.villablanca.madrid\/index.php\/wp-json\/wp\/v2\/pages"}],"about":[{"href":"https:\/\/site.educa.madrid.org\/ies.villablanca.madrid\/index.php\/wp-json\/wp\/v2\/types\/page"}],"author":[{"embeddable":true,"href":"https:\/\/site.educa.madrid.org\/ies.villablanca.madrid\/index.php\/wp-json\/wp\/v2\/users\/3"}],"replies":[{"embeddable":true,"href":"https:\/\/site.educa.madrid.org\/ies.villablanca.madrid\/index.php\/wp-json\/wp\/v2\/comments?post=1088"}],"version-history":[{"count":4,"href":"https:\/\/site.educa.madrid.org\/ies.villablanca.madrid\/index.php\/wp-json\/wp\/v2\/pages\/1088\/revisions"}],"predecessor-version":[{"id":8054,"href":"https:\/\/site.educa.madrid.org\/ies.villablanca.madrid\/index.php\/wp-json\/wp\/v2\/pages\/1088\/revisions\/8054"}],"wp:attachment":[{"href":"https:\/\/site.educa.madrid.org\/ies.villablanca.madrid\/index.php\/wp-json\/wp\/v2\/media?parent=1088"}],"wp:term":[{"taxonomy":"folder","embeddable":true,"href":"https:\/\/site.educa.madrid.org\/ies.villablanca.madrid\/index.php\/wp-json\/wp\/v2\/folder?post=1088"}],"curies":[{"name":"wp","href":"https:\/\/api.w.org\/{rel}","templated":true}]}}