{"id":1152,"date":"2020-10-28T09:20:22","date_gmt":"2020-10-28T09:20:22","guid":{"rendered":"https:\/\/site.educa.madrid.org\/ies.villablanca.madrid\/?page_id=1152"},"modified":"2026-03-09T15:11:05","modified_gmt":"2026-03-09T14:11:05","slug":"centro","status":"publish","type":"page","link":"https:\/\/site.educa.madrid.org\/ies.villablanca.madrid\/index.php\/centro\/","title":{"rendered":"Centro = Informaci\u00f3n a las familias"},"content":{"rendered":"\n<h2 class=\"wp-block-heading\"><strong>Nuestro Centro<\/strong><\/h2>\n\n\n\n<h3 class=\"wp-block-heading\">1. <strong>Estilo de actuaci\u00f3n<\/strong><\/h3>\n\n\n\n<p>El centro tiene en su filosof\u00eda recoger como documento base la Declaraci\u00f3n Universal de los Derechos Humanos de las Naciones Unidas, del cual emana nuestra forma de entender la educaci\u00f3n. En este estilo de actuaci\u00f3n destacan las siguientes caracter\u00edsticas:<\/p>\n\n\n\n<ul class=\"wp-block-list\">\n<li>La igualdad de derechos y obligaciones de todos nuestros alumnos.<\/li>\n\n\n\n<li>El derecho de nuestros alumnos a la realizaci\u00f3n personal y al desarrollo pleno para ser ciudadanos responsables en el futuro.<\/li>\n\n\n\n<li>Cuidado por concienciar a nuestros alumnos en un aprendizaje permanente que durar\u00e1 toda su vida.<\/li>\n\n\n\n<li>La preocupaci\u00f3n por el rendimiento acad\u00e9mico del alumnado y por su formaci\u00f3n humana.<\/li>\n\n\n\n<li>La atenci\u00f3n a las circunstancias personales y familiares de los alumnos y alumnas.<\/li>\n\n\n\n<li>El respeto a las opiniones de los dem\u00e1s: padres, alumnos, personal de la Administraci\u00f3n, otros profesores y personal no docente.<\/li>\n\n\n\n<li>La participaci\u00f3n e implicaci\u00f3n en la buena marcha del centro junto a los dem\u00e1s sectores de la comunidad educativa.<\/li>\n\n\n\n<li>El desarrollo de una metodolog\u00eda m\u00e1s centrada en el alumno, basada en la resoluci\u00f3n de problemas, que conduzca al desarrollo de competencias b\u00e1sicas y a la actuaci\u00f3n aut\u00f3noma por parte de la persona.<\/li>\n\n\n\n<li>Un enfoque internacional de la educaci\u00f3n, que permita a cualquier tipo de alumno, sin distinci\u00f3n social o econ\u00f3mica, la posibilidad de desarrollarse plenamente en un mundo m\u00e1s global dentro del marco de la Uni\u00f3n Europea.<\/li>\n<\/ul>\n\n\n\n<h3 class=\"wp-block-heading\">2. <strong>Normativa<\/strong><\/h3>\n\n\n\n<h4 class=\"wp-block-heading\">Proyecto Educativo del Centro Y NORMAS DE CONVIVENCIA<\/h4>\n\n\n\n<div class=\"wp-block-file\"><a id=\"wp-block-file--media-ebeb2189-929b-4d64-98d7-ba2be67271fa\" href=\"https:\/\/site.educa.madrid.org\/ies.villablanca.madrid\/\/wp-content\/uploads\/ies.villablanca.madrid\/2026\/01\/PROYECTO-EDUCATIVO-DE-CENTRO-Y-NORMAS-DE-CONVIVENCIA-modif-en-CE-enero-26.pdf\">PROYECTO EDUCATIVO DE CENTRO Y NORMAS DE CONVIVENCIA modif en CE enero 26<\/a><a href=\"https:\/\/site.educa.madrid.org\/ies.villablanca.madrid\/\/wp-content\/uploads\/ies.villablanca.madrid\/2026\/01\/PROYECTO-EDUCATIVO-DE-CENTRO-Y-NORMAS-DE-CONVIVENCIA-modif-en-CE-enero-26.pdf\" class=\"wp-block-file__button wp-element-button\" download aria-describedby=\"wp-block-file--media-ebeb2189-929b-4d64-98d7-ba2be67271fa\">Descarga<\/a><\/div>\n\n\n\n<h4 class=\"wp-block-heading\">Decreto de Convivencia de la Comunidad de Madrid<\/h4>\n\n\n\n<div class=\"wp-block-file\"><a id=\"wp-block-file--media-20c4f4fa-03e0-4ab6-b0a5-14649da7f1c2\" href=\"https:\/\/site.educa.madrid.org\/ies.villablanca.madrid\/\/wp-content\/uploads\/ies.villablanca.madrid\/2020\/10\/BOCM-2019-04-15-CONVIVENCIA.pdf\">DECRETO 32\/2019, de 9 de abril, del Consejo de Gobierno, por el que se establece el marco regulador de la convivencia en los centros docentes de la Comunidad de Madrid.<\/a><a href=\"https:\/\/site.educa.madrid.org\/ies.villablanca.madrid\/\/wp-content\/uploads\/ies.villablanca.madrid\/2020\/10\/BOCM-2019-04-15-CONVIVENCIA.pdf\" class=\"wp-block-file__button wp-element-button\" download aria-describedby=\"wp-block-file--media-20c4f4fa-03e0-4ab6-b0a5-14649da7f1c2\">Descarga<\/a><\/div>\n\n\n\n<ul class=\"wp-block-list\">\n<li><a href=\"https:\/\/www.google.com\/url?sa=t&amp;rct=j&amp;q=&amp;esrc=s&amp;source=web&amp;cd=&amp;ved=2ahUKEwiWnP3E-NbsAhWjonEKHYuuAtgQFjADegQIBRAC&amp;url=https%3A%2F%2Fwww.bocm.es%2Fboletin%2FCM_Orden_BOCM%2F2020%2F07%2F31%2FBOCM-20200731-2.PDF&amp;usg=AOvVaw0wBAV0Y41kQnBqv3MngLL7\">Modificaci\u00f3n decreto 32\/2019<\/a><\/li>\n<\/ul>\n\n\n\n<h4 class=\"wp-block-heading\">Proyecto Digital de<strong> <\/strong>Centro<\/h4>\n\n\n\n<div class=\"wp-block-file\"><a id=\"wp-block-file--media-9fc63ce9-b538-4a7b-9c0d-b8a8123ef67a\" href=\"https:\/\/site.educa.madrid.org\/ies.villablanca.madrid\/\/wp-content\/uploads\/ies.villablanca.madrid\/2025\/10\/PDC_IESVillablanca_25_26-Web.pdf\">PDC_IESVillablanca_25_26 Web<\/a><a href=\"https:\/\/site.educa.madrid.org\/ies.villablanca.madrid\/\/wp-content\/uploads\/ies.villablanca.madrid\/2025\/10\/PDC_IESVillablanca_25_26-Web.pdf\" class=\"wp-block-file__button wp-element-button\" download aria-describedby=\"wp-block-file--media-9fc63ce9-b538-4a7b-9c0d-b8a8123ef67a\">Descarga<\/a><\/div>\n\n\n\n<h3 class=\"wp-block-heading\">3. Informaci\u00f3n de centro<\/h3>\n\n\n\n<p><\/p>\n\n\n\n<h4 class=\"wp-block-heading\">OFERTA EDUCATIVA Y SERVICIOS COMPLEMENTARIOS<\/h4>\n\n\n\n<p>En este documento se incluye la informaci\u00f3n relativa a la oferta educativa y servicios complementarios:<\/p>\n\n\n\n<div class=\"wp-block-file\"><a id=\"wp-block-file--media-11a08afc-3009-439b-94a4-61375833ba27\" href=\"https:\/\/site.educa.madrid.org\/ies.villablanca.madrid\/\/wp-content\/uploads\/ies.villablanca.madrid\/2026\/03\/FICHA_CENTRO_AJLF.pdf\">Oferta educativa<\/a><a href=\"https:\/\/site.educa.madrid.org\/ies.villablanca.madrid\/\/wp-content\/uploads\/ies.villablanca.madrid\/2026\/03\/FICHA_CENTRO_AJLF.pdf\" class=\"wp-block-file__button wp-element-button\" download aria-describedby=\"wp-block-file--media-11a08afc-3009-439b-94a4-61375833ba27\">Descarga<\/a><\/div>\n\n\n\n<h4 class=\"wp-block-heading\">RESULTADOS DEL CENTRO<\/h4>\n\n\n\n<h6 class=\"wp-block-heading\">Pruebas EvAU<\/h6>\n\n\n\n<p>En los siguientes documentos se pueden encontrar los datos relativos a los resultados en las diferentes <strong>pruebas  (PAU\/EVAU<\/strong> realizado tanto por alumnado de Bachillerato y Ciclos, y pruebas externas) :<\/p>\n\n\n\n<div class=\"wp-block-file\"><a id=\"wp-block-file--media-ffb0ef69-5dd1-435c-8047-e727e6973297\" href=\"https:\/\/site.educa.madrid.org\/ies.villablanca.madrid\/\/wp-content\/uploads\/ies.villablanca.madrid\/2026\/03\/Resultados-academicos.pdf\">Resultados acad\u00e9micos<\/a><a href=\"https:\/\/site.educa.madrid.org\/ies.villablanca.madrid\/\/wp-content\/uploads\/ies.villablanca.madrid\/2026\/03\/Resultados-academicos.pdf\" class=\"wp-block-file__button wp-element-button\" download aria-describedby=\"wp-block-file--media-ffb0ef69-5dd1-435c-8047-e727e6973297\">Descarga<\/a><\/div>\n\n\n\n<p>La informaci\u00f3n anterior ha sido extra\u00edda del siguiente enlace de la Comunidad de Madrid donde se pueden consultar los datos de nuestro centro y la comparativa con otros centros de la comunidad:<\/p>\n\n\n\n<p><a href=\"https:\/\/www.comunidad.madrid\/servicios\/educacion\/buscador-centros-educativos\">https:\/\/www.comunidad.madrid\/servicios\/educacion\/buscador-centros-educativos<\/a><\/p>\n\n\n\n<figure class=\"wp-block-image size-large\"><img loading=\"lazy\" decoding=\"async\" width=\"1024\" height=\"130\" src=\"https:\/\/site.educa.madrid.org\/ies.villablanca.madrid\/\/wp-content\/uploads\/ies.villablanca.madrid\/2026\/03\/image-1-1024x130.png\" alt=\"\" class=\"wp-image-10645\" srcset=\"https:\/\/site.educa.madrid.org\/ies.villablanca.madrid\/\/wp-content\/uploads\/ies.villablanca.madrid\/2026\/03\/image-1-1024x130.png 1024w, https:\/\/site.educa.madrid.org\/ies.villablanca.madrid\/\/wp-content\/uploads\/ies.villablanca.madrid\/2026\/03\/image-1-300x38.png 300w, https:\/\/site.educa.madrid.org\/ies.villablanca.madrid\/\/wp-content\/uploads\/ies.villablanca.madrid\/2026\/03\/image-1-768x97.png 768w, https:\/\/site.educa.madrid.org\/ies.villablanca.madrid\/\/wp-content\/uploads\/ies.villablanca.madrid\/2026\/03\/image-1.png 1168w\" sizes=\"auto, (max-width: 1024px) 100vw, 1024px\" \/><\/figure>\n\n\n\n<p><\/p>\n\n\n\n<h6 class=\"wp-block-heading\">Ex\u00e1menes externos de ingl\u00e9s<\/h6>\n\n\n\n<figure class=\"wp-block-image size-large\"><img loading=\"lazy\" decoding=\"async\" width=\"1024\" height=\"120\" src=\"https:\/\/site.educa.madrid.org\/ies.villablanca.madrid\/\/wp-content\/uploads\/ies.villablanca.madrid\/2026\/03\/image-2-1024x120.png\" alt=\"\" class=\"wp-image-10649\" srcset=\"https:\/\/site.educa.madrid.org\/ies.villablanca.madrid\/\/wp-content\/uploads\/ies.villablanca.madrid\/2026\/03\/image-2-1024x120.png 1024w, https:\/\/site.educa.madrid.org\/ies.villablanca.madrid\/\/wp-content\/uploads\/ies.villablanca.madrid\/2026\/03\/image-2-300x35.png 300w, https:\/\/site.educa.madrid.org\/ies.villablanca.madrid\/\/wp-content\/uploads\/ies.villablanca.madrid\/2026\/03\/image-2-768x90.png 768w, https:\/\/site.educa.madrid.org\/ies.villablanca.madrid\/\/wp-content\/uploads\/ies.villablanca.madrid\/2026\/03\/image-2.png 1172w\" sizes=\"auto, (max-width: 1024px) 100vw, 1024px\" \/><\/figure>\n\n\n\n<h4 class=\"wp-block-heading\">DATOS ESTAD\u00cdSTICOS<\/h4>\n\n\n\n<p>A continuaci\u00f3n se muestran los datos estad\u00edsticos del centro:<\/p>\n\n\n\n<div class=\"wp-block-file\"><a id=\"wp-block-file--media-9f64a857-45ff-4d01-97e0-4225eb0b910f\" href=\"https:\/\/site.educa.madrid.org\/ies.villablanca.madrid\/\/wp-content\/uploads\/ies.villablanca.madrid\/2026\/03\/Datos-estadisticos-1.pdf\">Datos estad\u00edsticos<\/a><a href=\"https:\/\/site.educa.madrid.org\/ies.villablanca.madrid\/\/wp-content\/uploads\/ies.villablanca.madrid\/2026\/03\/Datos-estadisticos-1.pdf\" class=\"wp-block-file__button wp-element-button\" download aria-describedby=\"wp-block-file--media-9f64a857-45ff-4d01-97e0-4225eb0b910f\">Descarga<\/a><\/div>\n\n\n\n<h4 class=\"wp-block-heading\">Datos de contacto<\/h4>\n\n\n\n<p>En este apartado incluimos los datos de contacto:<\/p>\n\n\n\n<p><a rel=\"noreferrer noopener\" href=\"https:\/\/site.educa.madrid.org\/ies.villablanca.madrid\/index.php\/contacto\/\" target=\"_blank\">https:\/\/site.educa.madrid.org\/ies.villablanca.madrid\/index.php\/contacto\/<\/a><\/p>\n\n\n\n<h4 class=\"wp-block-heading\"><strong>ACTIVIDADES EXTRAESCOLARES <\/strong><\/h4>\n\n\n\n<h4 class=\"wp-block-heading\">Extraescolares y complementarias 24-25 <\/h4>\n\n\n\n<p>Actividades extraescolares programadas para el curso escolar 2024-25 como viajes de centro:<\/p>\n\n\n\n<ul class=\"wp-block-list\">\n<li>Viaje a Do\u00f1ana: 1\u00ba ESO<\/li>\n\n\n\n<li>Viaje a la nieve: 2\u00baESO<\/li>\n\n\n\n<li>Viaje Uni\u00f3n Europea: 3\u00ba ESO<\/li>\n\n\n\n<li>Viaje a Francia: 3\u00baESO<\/li>\n\n\n\n<li>Viaje fin de curso: 4\u00baESO<\/li>\n\n\n\n<li>Intercambio con Polonia: 1\u00ba de Bachillerato<\/li>\n\n\n\n<li>Camino de Santiago: 1\u00ba de Bachillerato<\/li>\n<\/ul>\n\n\n\n<p><\/p>\n\n\n\n<h4 class=\"wp-block-heading\">Actividades extraescolares programadas para el curso escolar 2025-26 como viajes de centro:<\/h4>\n\n\n\n<ul class=\"wp-block-list\">\n<li>Viaje a Do\u00f1ana: 1\u00ba ESO<\/li>\n\n\n\n<li>Viaje a la nieve: 2\u00baESO<\/li>\n\n\n\n<li>Viaje Uni\u00f3n Europea: 3\u00ba ESO<\/li>\n\n\n\n<li>Viaje a Francia: 3\u00baESO<\/li>\n\n\n\n<li>Viaje literario: 3\u00baESO<\/li>\n\n\n\n<li>Viaje fin de curso: 4\u00baESO<\/li>\n\n\n\n<li>Camino de Santiago: 1\u00ba de Bachillerato<\/li>\n<\/ul>\n\n\n\n<h4 class=\"wp-block-heading\">Extraescolares y complementarias en horario vespertino<\/h4>\n\n\n\n<p>Siguen ofert\u00e1ndose:<\/p>\n\n\n\n<ul class=\"wp-block-list\">\n<li>Para 1\u00ba y 2\u00ba ESO se ofrece apoyo acad\u00e9mico para las asignaturas de Lengua y Matem\u00e1ticas.<\/li>\n\n\n\n<li>Para la ESO se ofrecen talleres de habilidades sociales, inteligencia emocional y t\u00e9cnicas de estudio.<\/li>\n<\/ul>\n\n\n\n<p><\/p>\n\n\n\n<h4 class=\"wp-block-heading\">COMEDOR ESCOLAR<\/h4>\n\n\n\n<p>El precio queda establecido por a Comunidad de Madrid<\/p>\n\n\n\n<h4 class=\"wp-block-heading\">PUNTO EXTRA EN EL PROCESO DE ADMISI\u00d3N<\/h4>\n\n\n\n<p>El criterio complementario que permite al IES Villablanca asignar puntuaci\u00f3n adicional es:<\/p>\n\n\n\n<ul class=\"wp-block-list\">\n<li><strong><em>Haber solicitado al centro en primera opci\u00f3n.<\/em><\/strong><\/li>\n<\/ul>\n\n\n\n<h4 class=\"wp-block-heading\">Direcci\u00f3n del SAE<\/h4>\n\n\n\n<p>El SAE (Servicio de apoyo a la escolarizaci\u00f3n) del que depende el IES Villablanca se puede localizar en el siguiente enlace:<\/p>\n\n\n\n<div class=\"wp-block-file\"><a id=\"wp-block-file--media-01a60337-efc8-4392-9d62-7b7a3bff2242\" href=\"https:\/\/site.educa.madrid.org\/ies.villablanca.madrid\/\/wp-content\/uploads\/ies.villablanca.madrid\/2026\/03\/SAECentralizadoDatosActualizados.pdf\">SAE Centralizado <\/a><a href=\"https:\/\/site.educa.madrid.org\/ies.villablanca.madrid\/\/wp-content\/uploads\/ies.villablanca.madrid\/2026\/03\/SAECentralizadoDatosActualizados.pdf\" class=\"wp-block-file__button wp-element-button\" download aria-describedby=\"wp-block-file--media-01a60337-efc8-4392-9d62-7b7a3bff2242\">Descarga<\/a><\/div>\n\n\n\n<p><\/p>\n\n\n\n<h4 class=\"wp-block-heading\">Informaci\u00f3n relativa a las adscripciones del centro<\/h4>\n\n\n\n<p>Los centros adscriptos al IES Villablanca son:<\/p>\n\n\n\n<ul class=\"wp-block-list\">\n<li>CP INF-PRI VICALVARO (\u00danica biling\u00fce)<\/li>\n\n\n\n<li>CP INF-PRI-SEC PEDRO DUQUE (\u00danica biling\u00fce)<\/li>\n\n\n\n<li>CP INF-PRI CARMEN LAFORET (\u00danica biling\u00fce)<\/li>\n\n\n\n<li>CP INF-PRI ALFONSO X EL SABIO (M\u00faltiple ordinaria)<\/li>\n\n\n\n<li>CPR INF-PRI COLEGIO DIOCESANO CRISTO DE LA GUIA (M\u00faltiple ordinaria)<\/li>\n<\/ul>\n\n\n\n<h4 class=\"wp-block-heading\">Informaci\u00f3n sobre el proceso de admisi\u00f3n<\/h4>\n\n\n\n<p><\/p>\n\n\n\n<p>Para m\u00e1s informaci\u00f3n sobre el proceso de admisi\u00f3n, vacantes, listados,&#8230; consulte:<\/p>\n\n\n\n<p><a href=\"https:\/\/site.educa.madrid.org\/ies.villablanca.madrid\/index.php\/category\/admisionesobach\/\">https:\/\/site.educa.madrid.org\/ies.villablanca.madrid\/index.php\/category\/admisionesobach\/<\/a><\/p>\n\n\n\n<p>Para consultar la oferta de vacantes del centro visite:<\/p>\n\n\n\n<p><a href=\"https:\/\/site.educa.madrid.org\/ies.villablanca.madrid\/index.php\/category\/admisionesobach\/\">https:\/\/site.educa.madrid.org\/ies.villablanca.madrid\/index.php\/category\/admisionesobach\/<\/a><\/p>\n","protected":false},"excerpt":{"rendered":"<p>Nuestro Centro 1. Estilo de actuaci\u00f3n El centro tiene en su filosof\u00eda recoger como documento base la Declaraci\u00f3n Universal de los Derechos Humanos de las Naciones Unidas, del cual emana &#8230;<\/p>\n","protected":false},"author":3,"featured_media":0,"parent":0,"menu_order":0,"comment_status":"closed","ping_status":"closed","template":"","meta":{"footnotes":""},"folder":[],"class_list":["post-1152","page","type-page","status-publish","hentry"],"rttpg_featured_image_url":null,"rttpg_author":{"display_name":"ies.villablanca.madrid","author_link":"https:\/\/site.educa.madrid.org\/ies.villablanca.madrid\/index.php\/author\/cuenta_ies-villablanca-madrid\/"},"rttpg_comment":0,"rttpg_category":false,"rttpg_excerpt":"Nuestro Centro 1. Estilo de actuaci\u00f3n El centro tiene en su filosof\u00eda recoger como documento base la Declaraci\u00f3n Universal de los Derechos Humanos de las Naciones Unidas, del cual emana ...","post_mailing_queue_ids":[],"_links":{"self":[{"href":"https:\/\/site.educa.madrid.org\/ies.villablanca.madrid\/index.php\/wp-json\/wp\/v2\/pages\/1152","targetHints":{"allow":["GET"]}}],"collection":[{"href":"https:\/\/site.educa.madrid.org\/ies.villablanca.madrid\/index.php\/wp-json\/wp\/v2\/pages"}],"about":[{"href":"https:\/\/site.educa.madrid.org\/ies.villablanca.madrid\/index.php\/wp-json\/wp\/v2\/types\/page"}],"author":[{"embeddable":true,"href":"https:\/\/site.educa.madrid.org\/ies.villablanca.madrid\/index.php\/wp-json\/wp\/v2\/users\/3"}],"replies":[{"embeddable":true,"href":"https:\/\/site.educa.madrid.org\/ies.villablanca.madrid\/index.php\/wp-json\/wp\/v2\/comments?post=1152"}],"version-history":[{"count":50,"href":"https:\/\/site.educa.madrid.org\/ies.villablanca.madrid\/index.php\/wp-json\/wp\/v2\/pages\/1152\/revisions"}],"predecessor-version":[{"id":10698,"href":"https:\/\/site.educa.madrid.org\/ies.villablanca.madrid\/index.php\/wp-json\/wp\/v2\/pages\/1152\/revisions\/10698"}],"wp:attachment":[{"href":"https:\/\/site.educa.madrid.org\/ies.villablanca.madrid\/index.php\/wp-json\/wp\/v2\/media?parent=1152"}],"wp:term":[{"taxonomy":"folder","embeddable":true,"href":"https:\/\/site.educa.madrid.org\/ies.villablanca.madrid\/index.php\/wp-json\/wp\/v2\/folder?post=1152"}],"curies":[{"name":"wp","href":"https:\/\/api.w.org\/{rel}","templated":true}]}}