{"id":1190,"date":"2020-11-11T08:50:41","date_gmt":"2020-11-11T08:50:41","guid":{"rendered":"https:\/\/site.educa.madrid.org\/ies.villablanca.madrid\/?page_id=1190"},"modified":"2025-01-31T09:18:21","modified_gmt":"2025-01-31T08:18:21","slug":"erasmus","status":"publish","type":"page","link":"https:\/\/site.educa.madrid.org\/ies.villablanca.madrid\/index.php\/erasmus\/","title":{"rendered":"Erasmus+"},"content":{"rendered":"\n<figure class=\"wp-block-gallery has-nested-images columns-default is-cropped wp-block-gallery-1 is-layout-flex wp-block-gallery-is-layout-flex\"><div class=\"wp-block-image\">\n<figure class=\"aligncenter size-large\"><img loading=\"lazy\" decoding=\"async\" width=\"1024\" height=\"214\" data-id=\"6823\" src=\"https:\/\/site.educa.madrid.org\/ies.villablanca.madrid\/\/wp-content\/uploads\/ies.villablanca.madrid\/2023\/09\/LogoUnionEuropea-1024x214.png\" alt=\"\" class=\"wp-image-6823\" srcset=\"https:\/\/site.educa.madrid.org\/ies.villablanca.madrid\/\/wp-content\/uploads\/ies.villablanca.madrid\/2023\/09\/LogoUnionEuropea-1024x214.png 1024w, https:\/\/site.educa.madrid.org\/ies.villablanca.madrid\/\/wp-content\/uploads\/ies.villablanca.madrid\/2023\/09\/LogoUnionEuropea-300x63.png 300w, https:\/\/site.educa.madrid.org\/ies.villablanca.madrid\/\/wp-content\/uploads\/ies.villablanca.madrid\/2023\/09\/LogoUnionEuropea-768x161.png 768w, https:\/\/site.educa.madrid.org\/ies.villablanca.madrid\/\/wp-content\/uploads\/ies.villablanca.madrid\/2023\/09\/LogoUnionEuropea-1536x322.png 1536w, https:\/\/site.educa.madrid.org\/ies.villablanca.madrid\/\/wp-content\/uploads\/ies.villablanca.madrid\/2023\/09\/LogoUnionEuropea-2048x429.png 2048w\" sizes=\"auto, (max-width: 1024px) 100vw, 1024px\" \/><\/figure>\n<\/div><\/figure>\n\n\n\n<h1 class=\"wp-block-heading has-text-align-center\">El Erasmus del IES Villablanca es + que un Plus<\/h1>\n\n\n\n<div class=\"wp-block-group\"><div class=\"wp-block-group__inner-container is-layout-flow wp-block-group-is-layout-flow\"><\/div><\/div>\n\n\n\n<p><\/p>\n\n\n\n<p>\u00a1Hacer una FP e ir de Erasmus es posible!  El IES Villablanca te ofrecemos la posibilidad de realizar<strong>&nbsp;un viaje Erasmus durante el grado superior&nbsp; y grado medio <\/strong>para realizar tus pr\u00e1cticas FCT. <\/p>\n\n\n\n<p>En el IES Villablanca participamos en el programa Erasmus+, el cual ofrece&nbsp;<strong>becas para cubrir los gastos de desplazamiento y estancia.&nbsp;&nbsp;<\/strong>Erasmus+ es un programa creado por la Comisi\u00f3n Europea, gracias al que podr\u00e1s permanecer durante un periodo de tiempo en una empresa de otro&nbsp; Estado Miembro de la Uni\u00f3n Europea o terceros pa\u00edses, que te servir\u00e1 para adquirir una serie de aptitudes espec\u00edficas y comprender el entorno econ\u00f3mico y social del pa\u00eds, a la vez de la adquisici\u00f3n de experiencia laboral.<\/p>\n\n\n\n<p>Este programa de Erasmus para FP tiene como objetivo facilitar tu incorporaci\u00f3n al mercado laboral. Erasmus+ te ofrece la posibilidad de realizar unas pr\u00e1cticas en una empresa de la Uni\u00f3n Europea y otros terceros pa\u00edses. Esta beca de movilidad Erasmus procede del Servicio Espa\u00f1ol para la Internacionalizaci\u00f3n de la Educaci\u00f3n (SEPIE) a trav\u00e9s del programa Erasmus+.<\/p>\n\n\n\n<p>El\u00a0<strong>horario de atenci\u00f3n presencial<\/strong>\u00a0para temas Erasmus ser\u00e1 en la<strong>\u00a0sala Vidrieras<\/strong>\u00a0en el siguiente horario:<\/p>\n\n\n\n<ul class=\"wp-block-list\">\n<li><strong>Mi\u00e9rcoles de 17h20 a 18h15.<\/strong><\/li>\n\n\n\n<li><strong>Jueves de 17h20 a 18h15 y de 18h30 a 19h25.<\/strong><\/li>\n<\/ul>\n\n\n\n<p>Las consultas, dudas o comentarios a se atender\u00e1n en el correo<strong> \u00a0erasmus.ies.villablanca.madrid@educa.madrid.org\u00a0<\/strong><\/p>\n\n\n\n<p>Por favor, restringirse a ese horario para consultar a la Coordinadora Erasmus de manera personal y preferiblemente canalizar las dudas por el correo.<\/p>\n\n\n\n<p>Tambi\u00e9n <strong>se recomienda avisar v\u00eda correo electr\u00f3nico<\/strong> antes de ir de manera presencial para una mejor gesti\u00f3n del tiempo.<\/p>\n\n\n\n<div class=\"wp-block-columns is-layout-flex wp-container-core-columns-is-layout-9d6595d7 wp-block-columns-is-layout-flex\">\n<div class=\"wp-block-column is-layout-flow wp-block-column-is-layout-flow\" style=\"flex-basis:100%\">\n<div class=\"wp-block-media-text alignwide is-stacked-on-mobile\" style=\"grid-template-columns:15% auto\"><figure class=\"wp-block-media-text__media\"><a href=\"https:\/\/site.educa.madrid.org\/ies.villablanca.madrid\/index.php\/informacion\/\"><img loading=\"lazy\" decoding=\"async\" width=\"717\" height=\"577\" src=\"https:\/\/site.educa.madrid.org\/ies.villablanca.madrid\/\/wp-content\/uploads\/ies.villablanca.madrid\/2023\/10\/logovbErasmus_v2.png\" alt=\"\" class=\"wp-image-6915 size-full\" srcset=\"https:\/\/site.educa.madrid.org\/ies.villablanca.madrid\/\/wp-content\/uploads\/ies.villablanca.madrid\/2023\/10\/logovbErasmus_v2.png 717w, https:\/\/site.educa.madrid.org\/ies.villablanca.madrid\/\/wp-content\/uploads\/ies.villablanca.madrid\/2023\/10\/logovbErasmus_v2-300x241.png 300w\" sizes=\"auto, (max-width: 717px) 100vw, 717px\" \/><\/a><\/figure><div class=\"wp-block-media-text__content\">\n<p class=\"has-large-font-size\"><a href=\"https:\/\/site.educa.madrid.org\/ies.villablanca.madrid\/index.php\/informacion\/\">Informaci\u00f3n Erasmus+ 2024 2025<\/a><\/p>\n<\/div><\/div>\n\n\n\n<div class=\"wp-block-media-text alignwide is-stacked-on-mobile\" style=\"grid-template-columns:15% auto\"><figure class=\"wp-block-media-text__media\"><a href=\"https:\/\/site.educa.madrid.org\/ies.villablanca.madrid\/index.php\/erasmus-policy-statement-eps\/\"><img loading=\"lazy\" decoding=\"async\" width=\"717\" height=\"577\" src=\"https:\/\/site.educa.madrid.org\/ies.villablanca.madrid\/\/wp-content\/uploads\/ies.villablanca.madrid\/2023\/10\/logovbErasmus_v2-1.png\" alt=\"\" class=\"wp-image-6916 size-full\" srcset=\"https:\/\/site.educa.madrid.org\/ies.villablanca.madrid\/\/wp-content\/uploads\/ies.villablanca.madrid\/2023\/10\/logovbErasmus_v2-1.png 717w, https:\/\/site.educa.madrid.org\/ies.villablanca.madrid\/\/wp-content\/uploads\/ies.villablanca.madrid\/2023\/10\/logovbErasmus_v2-1-300x241.png 300w\" sizes=\"auto, (max-width: 717px) 100vw, 717px\" \/><\/a><\/figure><div class=\"wp-block-media-text__content\">\n<p class=\"has-large-font-size\"><a href=\"https:\/\/site.educa.madrid.org\/ies.villablanca.madrid\/index.php\/erasmus-policy-statement-eps\/\">Procesos de Selecci\u00f3n Erasmus+ 2024-25<\/a><\/p>\n<\/div><\/div>\n\n\n<\/div>\n<\/div>\n\n\n<div class=\"wp-block-image\">\n<figure class=\"aligncenter size-full\"><a href=\"http:\/\/sepie.es\/\"><img loading=\"lazy\" decoding=\"async\" width=\"444\" height=\"87\" src=\"https:\/\/site.educa.madrid.org\/ies.villablanca.madrid\/\/wp-content\/uploads\/ies.villablanca.madrid\/2022\/09\/FINAL_SEPIEGOB_WEB_universidades.jpg\" alt=\"\" class=\"wp-image-5007\" srcset=\"https:\/\/site.educa.madrid.org\/ies.villablanca.madrid\/\/wp-content\/uploads\/ies.villablanca.madrid\/2022\/09\/FINAL_SEPIEGOB_WEB_universidades.jpg 444w, https:\/\/site.educa.madrid.org\/ies.villablanca.madrid\/\/wp-content\/uploads\/ies.villablanca.madrid\/2022\/09\/FINAL_SEPIEGOB_WEB_universidades-300x59.jpg 300w\" sizes=\"auto, (max-width: 444px) 100vw, 444px\" \/><\/a><\/figure>\n<\/div>\n\n\n<p class=\"has-text-align-right\">Correo de contacto: erasmus.ies.villablanca.madrid@educa.madrid.org<\/p>\n","protected":false},"excerpt":{"rendered":"<p>El Erasmus del IES Villablanca es + que un Plus \u00a1Hacer una FP e ir de Erasmus es posible! El IES Villablanca te ofrecemos la posibilidad de realizar&nbsp;un viaje Erasmus &#8230;<\/p>\n","protected":false},"author":126,"featured_media":0,"parent":0,"menu_order":0,"comment_status":"closed","ping_status":"closed","template":"","meta":{"footnotes":""},"folder":[],"class_list":["post-1190","page","type-page","status-publish","hentry"],"rttpg_featured_image_url":null,"rttpg_author":{"display_name":"Cuenta Erasmus ies villablanca madrid","author_link":"https:\/\/site.educa.madrid.org\/ies.villablanca.madrid\/index.php\/author\/cuenta_erasmus-ies-villablanca-madrid\/"},"rttpg_comment":0,"rttpg_category":false,"rttpg_excerpt":"El Erasmus del IES Villablanca es + que un Plus \u00a1Hacer una FP e ir de Erasmus es posible! El IES Villablanca te ofrecemos la posibilidad de realizar&nbsp;un viaje Erasmus ...","post_mailing_queue_ids":[],"_links":{"self":[{"href":"https:\/\/site.educa.madrid.org\/ies.villablanca.madrid\/index.php\/wp-json\/wp\/v2\/pages\/1190","targetHints":{"allow":["GET"]}}],"collection":[{"href":"https:\/\/site.educa.madrid.org\/ies.villablanca.madrid\/index.php\/wp-json\/wp\/v2\/pages"}],"about":[{"href":"https:\/\/site.educa.madrid.org\/ies.villablanca.madrid\/index.php\/wp-json\/wp\/v2\/types\/page"}],"author":[{"embeddable":true,"href":"https:\/\/site.educa.madrid.org\/ies.villablanca.madrid\/index.php\/wp-json\/wp\/v2\/users\/126"}],"replies":[{"embeddable":true,"href":"https:\/\/site.educa.madrid.org\/ies.villablanca.madrid\/index.php\/wp-json\/wp\/v2\/comments?post=1190"}],"version-history":[{"count":27,"href":"https:\/\/site.educa.madrid.org\/ies.villablanca.madrid\/index.php\/wp-json\/wp\/v2\/pages\/1190\/revisions"}],"predecessor-version":[{"id":9041,"href":"https:\/\/site.educa.madrid.org\/ies.villablanca.madrid\/index.php\/wp-json\/wp\/v2\/pages\/1190\/revisions\/9041"}],"wp:attachment":[{"href":"https:\/\/site.educa.madrid.org\/ies.villablanca.madrid\/index.php\/wp-json\/wp\/v2\/media?parent=1190"}],"wp:term":[{"taxonomy":"folder","embeddable":true,"href":"https:\/\/site.educa.madrid.org\/ies.villablanca.madrid\/index.php\/wp-json\/wp\/v2\/folder?post=1190"}],"curies":[{"name":"wp","href":"https:\/\/api.w.org\/{rel}","templated":true}]}}