{"id":1241,"date":"2020-12-04T11:31:24","date_gmt":"2020-12-04T11:31:24","guid":{"rendered":"https:\/\/site.educa.madrid.org\/ies.villablanca.madrid\/?page_id=1241"},"modified":"2023-09-20T12:11:45","modified_gmt":"2023-09-20T10:11:45","slug":"solicitud-de-titulos","status":"publish","type":"page","link":"https:\/\/site.educa.madrid.org\/ies.villablanca.madrid\/index.php\/solicitud-de-titulos\/","title":{"rendered":"Solicitud de t\u00edtulos"},"content":{"rendered":"\n<p>En esta p\u00e1gina encontrar\u00e1 la forma de solicitar t\u00edtulos actuales como extinguidos.<\/p>\n\n\n\n<h2 class=\"wp-block-heading\">T\u00edtulos actuales<\/h2>\n\n\n\n<h3 class=\"wp-block-heading\">ESO<\/h3>\n\n\n\n<p>Los alumnos no deben hacer ning\u00fan tr\u00e1mite. Desde la Secretar\u00eda se expedir\u00e1n al finalizar los estudios.<\/p>\n\n\n\n<h3 class=\"wp-block-heading\">Bachillerato y Ciclos Formativos<\/h3>\n\n\n\n<p>Para proceder a la solicitud del t\u00edtulo, hay que seguir los siguientes pasos:<\/p>\n\n\n\n<p>    1. Rellenar la solicitud:<\/p>\n\n\n\n<ul class=\"wp-block-list\">\n<li><a rel=\"noreferrer noopener\" href=\"https:\/\/www.educa2.madrid.org\/web\/secretaria-villablanca\/solicitud-de-titulos\" target=\"_blank\">https:\/\/www.educa2.madrid.org\/web\/secretaria-villablanca\/solicitud-de-titulos<\/a><\/li>\n<\/ul>\n\n\n\n<p>Una vez completada la solicitud, se imprir\u00e1 una copia.<\/p>\n\n\n\n<p>    2. Pagar las tasas usando el \u00abModelo 030\u00bb. En el siguiente documento se explica el procedimiento:<\/p>\n\n\n\n<div class=\"wp-block-file\"><a id=\"wp-block-file--media-1bd02265-daa6-4ada-b2c4-3e97fc6db378\" href=\"https:\/\/site.educa.madrid.org\/ies.villablanca.madrid\/\/wp-content\/uploads\/ies.villablanca.madrid\/2020\/12\/modelo-030-solicitud-de-t\u00edtulos.pdf\">modelo-030-solicitud-de-t\u00edtulos<\/a><a href=\"https:\/\/site.educa.madrid.org\/ies.villablanca.madrid\/\/wp-content\/uploads\/ies.villablanca.madrid\/2020\/12\/modelo-030-solicitud-de-t\u00edtulos.pdf\" class=\"wp-block-file__button wp-element-button\" download aria-describedby=\"wp-block-file--media-1bd02265-daa6-4ada-b2c4-3e97fc6db378\">Descarga<\/a><\/div>\n\n\n\n<p><strong>La fecha del ingreso no podr\u00e1, en ning\u00fan caso, ser anterior a la fecha de fin de estudios.<\/strong><\/p>\n\n\n\n<p>La tasa para la expedici\u00f3n de T\u00edtulos para los alumnos procedentes de Familia Numerosa de Categor\u00eda General abonar\u00e1n la mitad (es imprescindible presentar original y fotocopia compulsada de la documentaci\u00f3n vigente que lo acredite).<\/p>\n\n\n\n<p>Una vez cumplimentados y descargados, se debe ir cualquier banco o caja para efectuar el pago.<\/p>\n\n\n\n<p>En el Modelo 030 para el pago de t\u00edtulos de Bachillerato y Ciclos Formativos de Grado Medio y Superior las posibles tasas son:<\/p>\n\n\n\n<ul class=\"wp-block-list\">\n<li>Tasa 3823 Pago total <\/li>\n\n\n\n<li>Tasa 3823 Familia numerosa <\/li>\n\n\n\n<li>Tasa 4302 (Duplicados) Pago total <\/li>\n\n\n\n<li>Tasa 4302 (Duplicados) Familia numerosa<\/li>\n<\/ul>\n\n\n\n<p>    3. Traer la documentaci\u00f3n a la Secretar\u00eda del Centro. Los documentos que se requieren son:<\/p>\n\n\n\n<ul class=\"wp-block-list\">\n<li>Copia de la solicitud.<\/li>\n\n\n\n<li>Justificante del pago del modelo 030.<\/li>\n\n\n\n<li>Fotocopia del DNI<\/li>\n<\/ul>\n\n\n\n<h2 class=\"wp-block-heading\">Solicitud de t\u00edtulos extinguidos<\/h2>\n\n\n\n<p>\u2022 T\u00e9cnico auxiliar (FP I)<br>\u2022 T\u00e9cnico especialista (FP II)<\/p>\n\n\n\n<p><strong>Paso 1: Tr\u00e1mite telem\u00e1tico<\/strong><\/p>\n\n\n\n<p>Se deber\u00e1 tramitar una solicitud v\u00eda telem\u00e1tica a trav\u00e9s de la direcci\u00f3n electr\u00f3nica:<br><a href=\"https:\/\/sede.administracionespublicas.gob.es\/pagina\/index\/directorio\/tasa059\/\">https:\/\/sede.administracionespublicas.gob.es\/pagina\/index\/directorio\/tasa059\/<\/a><br>Elegir:<strong> Acceder a rellenar e imprimir el formulario de liquidaci\u00f3n de la tasa 059<\/strong><br>Seleccionar la provincia donde se desea presentar la Tasa.<\/p>\n\n\n\n<p>En el modelo 790 (tasa 059) que aparece, realizar las siguientes acciones:<\/p>\n\n\n\n<ul class=\"wp-block-list\">\n<li>Cumplimentar los datos personales y acad\u00e9micos.<\/li>\n\n\n\n<li> Elegir el t\u00edtulo (T\u00edtulos no universitarios) y tipo de t\u00edtulo (BUP; T\u00e9cnico Auxiliar -FP1- o T\u00e9cnico Especialista -FP2-) que se solicite.<\/li>\n\n\n\n<li> Indicar la tarifa (Normal, Familia Numerosa, Exento de Pago o Duplicado) que corresponda, tras lo cual se asignar\u00e1 de forma autom\u00e1tica una determinada tasa a pagar.<\/li>\n<\/ul>\n\n\n\n<p>Se pinchar\u00e1 en \u201cObtener documento\u201d, y se obtendr\u00e1 un documento en formato PDF listo para ser impreso.<\/p>\n\n\n\n<p><strong>Paso 2: Pago de la tasa<\/strong><br>Se imprimir\u00e1 el documento modelo 790, con el que se acudir\u00e1 a una entidad financiera colaboradora para hacer efectiva la tasa correspondiente.<\/p>\n\n\n\n<p><strong>Paso 3: Presentaci\u00f3n de la documentaci\u00f3n en el centro<\/strong><br>Una vez realizado el pago de la tasa, se acudir\u00e1 al centro educativo con la siguiente documentaci\u00f3n:<\/p>\n\n\n\n<ul class=\"wp-block-list\">\n<li>Documento modelo 790 sellado por la entidad financiera tras haberse hecho efectiva la tasa a pagar.<\/li>\n\n\n\n<li>Fotocopia del DNI\/NIE (ambas caras en una misma hoja).<\/li>\n\n\n\n<li>Fotocopia del carnet de familia numerosa, si corresponde.<\/li>\n\n\n\n<li>Si el interesado no va a realizar el tr\u00e1mite, autorizaci\u00f3n firmada por el mismo permitiendo retirar la documentaci\u00f3n oficial a otra persona.<\/li>\n<\/ul>\n","protected":false},"excerpt":{"rendered":"<p>En esta p\u00e1gina encontrar\u00e1 la forma de solicitar t\u00edtulos actuales como extinguidos. T\u00edtulos actuales ESO Los alumnos no deben hacer ning\u00fan tr\u00e1mite. Desde la Secretar\u00eda se expedir\u00e1n al finalizar los &#8230;<\/p>\n","protected":false},"author":3,"featured_media":0,"parent":0,"menu_order":0,"comment_status":"closed","ping_status":"closed","template":"","meta":{"footnotes":""},"folder":[],"class_list":["post-1241","page","type-page","status-publish","hentry"],"rttpg_featured_image_url":null,"rttpg_author":{"display_name":"ies.villablanca.madrid","author_link":"https:\/\/site.educa.madrid.org\/ies.villablanca.madrid\/index.php\/author\/cuenta_ies-villablanca-madrid\/"},"rttpg_comment":0,"rttpg_category":false,"rttpg_excerpt":"En esta p\u00e1gina encontrar\u00e1 la forma de solicitar t\u00edtulos actuales como extinguidos. T\u00edtulos actuales ESO Los alumnos no deben hacer ning\u00fan tr\u00e1mite. Desde la Secretar\u00eda se expedir\u00e1n al finalizar los ...","post_mailing_queue_ids":[],"_links":{"self":[{"href":"https:\/\/site.educa.madrid.org\/ies.villablanca.madrid\/index.php\/wp-json\/wp\/v2\/pages\/1241","targetHints":{"allow":["GET"]}}],"collection":[{"href":"https:\/\/site.educa.madrid.org\/ies.villablanca.madrid\/index.php\/wp-json\/wp\/v2\/pages"}],"about":[{"href":"https:\/\/site.educa.madrid.org\/ies.villablanca.madrid\/index.php\/wp-json\/wp\/v2\/types\/page"}],"author":[{"embeddable":true,"href":"https:\/\/site.educa.madrid.org\/ies.villablanca.madrid\/index.php\/wp-json\/wp\/v2\/users\/3"}],"replies":[{"embeddable":true,"href":"https:\/\/site.educa.madrid.org\/ies.villablanca.madrid\/index.php\/wp-json\/wp\/v2\/comments?post=1241"}],"version-history":[{"count":8,"href":"https:\/\/site.educa.madrid.org\/ies.villablanca.madrid\/index.php\/wp-json\/wp\/v2\/pages\/1241\/revisions"}],"predecessor-version":[{"id":6820,"href":"https:\/\/site.educa.madrid.org\/ies.villablanca.madrid\/index.php\/wp-json\/wp\/v2\/pages\/1241\/revisions\/6820"}],"wp:attachment":[{"href":"https:\/\/site.educa.madrid.org\/ies.villablanca.madrid\/index.php\/wp-json\/wp\/v2\/media?parent=1241"}],"wp:term":[{"taxonomy":"folder","embeddable":true,"href":"https:\/\/site.educa.madrid.org\/ies.villablanca.madrid\/index.php\/wp-json\/wp\/v2\/folder?post=1241"}],"curies":[{"name":"wp","href":"https:\/\/api.w.org\/{rel}","templated":true}]}}