{"id":166,"date":"2020-06-23T07:28:26","date_gmt":"2020-06-23T07:28:26","guid":{"rendered":"https:\/\/site.educa.madrid.org\/ies.villablanca.madrid\/?page_id=166"},"modified":"2025-07-04T10:22:54","modified_gmt":"2025-07-04T08:22:54","slug":"accede-programa-de-prestamo-de-libros","status":"publish","type":"page","link":"https:\/\/site.educa.madrid.org\/ies.villablanca.madrid\/index.php\/accede-programa-de-prestamo-de-libros\/","title":{"rendered":"Accede (Programa de pr\u00e9stamo de libros)"},"content":{"rendered":"\n<figure class=\"wp-block-image size-large\"><img loading=\"lazy\" decoding=\"async\" width=\"576\" height=\"1024\" src=\"https:\/\/site.educa.madrid.org\/ies.villablanca.madrid\/\/wp-content\/uploads\/ies.villablanca.madrid\/2025\/07\/Accede-576x1024.jpg\" alt=\"\" class=\"wp-image-9919\" srcset=\"https:\/\/site.educa.madrid.org\/ies.villablanca.madrid\/\/wp-content\/uploads\/ies.villablanca.madrid\/2025\/07\/Accede-576x1024.jpg 576w, https:\/\/site.educa.madrid.org\/ies.villablanca.madrid\/\/wp-content\/uploads\/ies.villablanca.madrid\/2025\/07\/Accede-169x300.jpg 169w, https:\/\/site.educa.madrid.org\/ies.villablanca.madrid\/\/wp-content\/uploads\/ies.villablanca.madrid\/2025\/07\/Accede-768x1365.jpg 768w, https:\/\/site.educa.madrid.org\/ies.villablanca.madrid\/\/wp-content\/uploads\/ies.villablanca.madrid\/2025\/07\/Accede-864x1536.jpg 864w, https:\/\/site.educa.madrid.org\/ies.villablanca.madrid\/\/wp-content\/uploads\/ies.villablanca.madrid\/2025\/07\/Accede-1152x2048.jpg 1152w, https:\/\/site.educa.madrid.org\/ies.villablanca.madrid\/\/wp-content\/uploads\/ies.villablanca.madrid\/2025\/07\/Accede-1200x2133.jpg 1200w, https:\/\/site.educa.madrid.org\/ies.villablanca.madrid\/\/wp-content\/uploads\/ies.villablanca.madrid\/2025\/07\/Accede-scaled.jpg 1440w\" sizes=\"auto, (max-width: 576px) 100vw, 576px\" \/><figcaption class=\"wp-element-caption\">oppo_32<\/figcaption><\/figure>\n\n\n\n<h2 class=\"wp-block-heading\">Informaci\u00f3n general y documentaci\u00f3n<\/h2>\n\n\n\n<div class=\"wp-block-file\"><a id=\"wp-block-file--media-91d1d59b-c39d-4f4e-9c34-5d69139c188e\" href=\"https:\/\/site.educa.madrid.org\/ies.villablanca.madrid\/\/wp-content\/uploads\/ies.villablanca.madrid\/2024\/06\/BOCM-LEY-7_2017-de-27-de-junio-de-Gratuidad-de-los-Libros-de-Texto-y-el-Material-Curricular.pdf\">BOCM-LEY-7_2017-de-27-de-junio-de-Gratuidad-de-los-Libros-de-Texto-y-el-Material-Curricular<\/a><a href=\"https:\/\/site.educa.madrid.org\/ies.villablanca.madrid\/\/wp-content\/uploads\/ies.villablanca.madrid\/2024\/06\/BOCM-LEY-7_2017-de-27-de-junio-de-Gratuidad-de-los-Libros-de-Texto-y-el-Material-Curricular.pdf\" class=\"wp-block-file__button wp-element-button\" download aria-describedby=\"wp-block-file--media-91d1d59b-c39d-4f4e-9c34-5d69139c188e\">Download<\/a><\/div>\n\n\n\n<div class=\"wp-block-file\"><a id=\"wp-block-file--media-6cdbe8c2-ed1c-4c0e-ba47-0c71c9a3b6bc\" href=\"https:\/\/site.educa.madrid.org\/ies.villablanca.madrid\/\/wp-content\/uploads\/ies.villablanca.madrid\/2024\/06\/decreto_reglamento_accede.pdf\">decreto_reglamento_accede<\/a><a href=\"https:\/\/site.educa.madrid.org\/ies.villablanca.madrid\/\/wp-content\/uploads\/ies.villablanca.madrid\/2024\/06\/decreto_reglamento_accede.pdf\" class=\"wp-block-file__button wp-element-button\" download aria-describedby=\"wp-block-file--media-6cdbe8c2-ed1c-4c0e-ba47-0c71c9a3b6bc\">Download<\/a><\/div>\n\n\n\n<div class=\"wp-block-file\"><a id=\"wp-block-file--media-4a25e07d-1307-4f8e-bf7a-b9254c46f1e6\" href=\"https:\/\/site.educa.madrid.org\/ies.villablanca.madrid\/\/wp-content\/uploads\/ies.villablanca.madrid\/2024\/06\/ACCEDE.-Requisitos-para-pertencer-al-programa-de-prestamo-de-libros.pdf\">ACCEDE.-Requisitos-para-pertencer-al-programa-de-prestamo-de-libros<\/a><a href=\"https:\/\/site.educa.madrid.org\/ies.villablanca.madrid\/\/wp-content\/uploads\/ies.villablanca.madrid\/2024\/06\/ACCEDE.-Requisitos-para-pertencer-al-programa-de-prestamo-de-libros.pdf\" class=\"wp-block-file__button wp-element-button\" download aria-describedby=\"wp-block-file--media-4a25e07d-1307-4f8e-bf7a-b9254c46f1e6\">Download<\/a><\/div>\n\n\n\n<div class=\"wp-block-file\"><a id=\"wp-block-file--media-041a9cd8-0ebe-4a7c-8c27-b6e60f750500\" href=\"https:\/\/site.educa.madrid.org\/ies.villablanca.madrid\/\/wp-content\/uploads\/ies.villablanca.madrid\/2024\/06\/Modelo-devolucion-ingresos-con-cuenta-ACCEDE-sin-cantidad-exacta.pdf\">Modelo-devolucion-ingresos-con-cuenta-ACCEDE-sin-cantidad-exacta<\/a><a href=\"https:\/\/site.educa.madrid.org\/ies.villablanca.madrid\/\/wp-content\/uploads\/ies.villablanca.madrid\/2024\/06\/Modelo-devolucion-ingresos-con-cuenta-ACCEDE-sin-cantidad-exacta.pdf\" class=\"wp-block-file__button wp-element-button\" download aria-describedby=\"wp-block-file--media-041a9cd8-0ebe-4a7c-8c27-b6e60f750500\">Download<\/a><\/div>\n\n\n\n<div class=\"wp-block-file\"><a id=\"wp-block-file--media-b1a6621f-f5d6-4767-a491-cf891434d0ba\" href=\"https:\/\/site.educa.madrid.org\/ies.villablanca.madrid\/\/wp-content\/uploads\/ies.villablanca.madrid\/2024\/06\/ACCEDE.-Numero-de-cuenta-e-instrucciones-del-pago-de-fianza.pdf\">ACCEDE.-Numero-de-cuenta-e-instrucciones-del-pago-de-fianza<\/a><a href=\"https:\/\/site.educa.madrid.org\/ies.villablanca.madrid\/\/wp-content\/uploads\/ies.villablanca.madrid\/2024\/06\/ACCEDE.-Numero-de-cuenta-e-instrucciones-del-pago-de-fianza.pdf\" class=\"wp-block-file__button wp-element-button\" download aria-describedby=\"wp-block-file--media-b1a6621f-f5d6-4767-a491-cf891434d0ba\">Download<\/a><\/div>\n\n\n\n<div class=\"wp-block-file\"><a id=\"wp-block-file--media-033d3ea8-b528-46e6-a405-8eaf9d374f54\" href=\"https:\/\/site.educa.madrid.org\/ies.villablanca.madrid\/\/wp-content\/uploads\/ies.villablanca.madrid\/2024\/06\/NORMAS-DE-USO-DE-LOS-LIBROS-DE-PRESTAMO.pdf\">NORMAS-DE-USO-DE-LOS-LIBROS-DE-PRESTAMO<\/a><a href=\"https:\/\/site.educa.madrid.org\/ies.villablanca.madrid\/\/wp-content\/uploads\/ies.villablanca.madrid\/2024\/06\/NORMAS-DE-USO-DE-LOS-LIBROS-DE-PRESTAMO.pdf\" class=\"wp-block-file__button wp-element-button\" download aria-describedby=\"wp-block-file--media-033d3ea8-b528-46e6-a405-8eaf9d374f54\">Download<\/a><\/div>\n\n\n\n<div class=\"wp-block-file\"><a id=\"wp-block-file--media-d6161bf2-3f29-4be2-8877-d9ce49ed7f58\" href=\"https:\/\/site.educa.madrid.org\/ies.villablanca.madrid\/\/wp-content\/uploads\/ies.villablanca.madrid\/2024\/06\/Guia-conservacion-libros-programa-ACCEDE.pdf\">Guia-conservacion-libros-programa-ACCEDE<\/a><a href=\"https:\/\/site.educa.madrid.org\/ies.villablanca.madrid\/\/wp-content\/uploads\/ies.villablanca.madrid\/2024\/06\/Guia-conservacion-libros-programa-ACCEDE.pdf\" class=\"wp-block-file__button wp-element-button\" download aria-describedby=\"wp-block-file--media-d6161bf2-3f29-4be2-8877-d9ce49ed7f58\">Download<\/a><\/div>\n\n\n\n<div class=\"wp-block-file\"><a id=\"wp-block-file--media-94ce72f0-497d-4afc-86e1-9526c4183563\" href=\"https:\/\/site.educa.madrid.org\/ies.villablanca.madrid\/\/wp-content\/uploads\/ies.villablanca.madrid\/2024\/06\/ANEXO-I-ADHESION.docx\">ANEXO-I-ADHESION<\/a><a href=\"https:\/\/site.educa.madrid.org\/ies.villablanca.madrid\/\/wp-content\/uploads\/ies.villablanca.madrid\/2024\/06\/ANEXO-I-ADHESION.docx\" class=\"wp-block-file__button wp-element-button\" download aria-describedby=\"wp-block-file--media-94ce72f0-497d-4afc-86e1-9526c4183563\">Download<\/a><\/div>\n\n\n\n<div class=\"wp-block-file\"><a id=\"wp-block-file--media-36563a7f-8b95-4d4f-8770-8a607548554b\" href=\"https:\/\/site.educa.madrid.org\/ies.villablanca.madrid\/\/wp-content\/uploads\/ies.villablanca.madrid\/2024\/06\/ANEXO-I-ADHESION.pdf\">ANEXO-I-ADHESION<\/a><a href=\"https:\/\/site.educa.madrid.org\/ies.villablanca.madrid\/\/wp-content\/uploads\/ies.villablanca.madrid\/2024\/06\/ANEXO-I-ADHESION.pdf\" class=\"wp-block-file__button wp-element-button\" download aria-describedby=\"wp-block-file--media-36563a7f-8b95-4d4f-8770-8a607548554b\">Download<\/a><\/div>\n\n\n\n<div class=\"wp-block-file\"><a id=\"wp-block-file--media-a4fe489d-34fc-4b66-8e36-9ea81e782cb5\" href=\"https:\/\/site.educa.madrid.org\/ies.villablanca.madrid\/\/wp-content\/uploads\/ies.villablanca.madrid\/2024\/06\/ANEXO-IV-RENUNCIA-1.pdf\">ANEXO-IV-RENUNCIA-1<\/a><a href=\"https:\/\/site.educa.madrid.org\/ies.villablanca.madrid\/\/wp-content\/uploads\/ies.villablanca.madrid\/2024\/06\/ANEXO-IV-RENUNCIA-1.pdf\" class=\"wp-block-file__button wp-element-button\" download aria-describedby=\"wp-block-file--media-a4fe489d-34fc-4b66-8e36-9ea81e782cb5\">Download<\/a><\/div>\n\n\n\n<div class=\"wp-block-file\"><a id=\"wp-block-file--media-8ffe006b-d273-4fa2-bfc8-b83e331065d7\" href=\"https:\/\/site.educa.madrid.org\/ies.villablanca.madrid\/\/wp-content\/uploads\/ies.villablanca.madrid\/2024\/06\/ACCEDE.-Formulario-solicitud-libros-pendientes.pdf\">ACCEDE.-Formulario-solicitud-libros-pendientes<\/a><a href=\"https:\/\/site.educa.madrid.org\/ies.villablanca.madrid\/\/wp-content\/uploads\/ies.villablanca.madrid\/2024\/06\/ACCEDE.-Formulario-solicitud-libros-pendientes.pdf\" class=\"wp-block-file__button wp-element-button\" download aria-describedby=\"wp-block-file--media-8ffe006b-d273-4fa2-bfc8-b83e331065d7\">Download<\/a><\/div>\n\n\n\n<p><\/p>\n\n\n\n<h2 class=\"wp-block-heading\">Curso 2025-2026<\/h2>\n\n\n\n<div class=\"wp-block-file\"><a id=\"wp-block-file--media-7513ffc0-9a4e-4cd2-8a12-66b6c99309d2\" href=\"https:\/\/site.educa.madrid.org\/ies.villablanca.madrid\/\/wp-content\/uploads\/ies.villablanca.madrid\/2025\/07\/Normativa-Programa-ACCEDE-Curso-2025-2026.pdf\">Normativa Programa ACCEDE Curso 2025-2026<\/a><a href=\"https:\/\/site.educa.madrid.org\/ies.villablanca.madrid\/\/wp-content\/uploads\/ies.villablanca.madrid\/2025\/07\/Normativa-Programa-ACCEDE-Curso-2025-2026.pdf\" class=\"wp-block-file__button wp-element-button\" download aria-describedby=\"wp-block-file--media-7513ffc0-9a4e-4cd2-8a12-66b6c99309d2\">Descarga<\/a><\/div>\n\n\n\n<h2 class=\"wp-block-heading\">Curso 2024-2025<\/h2>\n\n\n\n<p><a href=\"https:\/\/www.comunidad.madrid\/sites\/default\/files\/doc\/educacion\/instrucciones_programa_accede_curso_24-25.pdf\">Normativa ACCEDE curso 2024\/2025<\/a><\/p>\n\n\n\n<p>Estimadas familias,<\/p>\n\n\n\n<p>Les informamos que la Comunidad de Madrid acaba de establecer la <strong>fecha l\u00edmite para nuevas adhesiones<\/strong> en el Programa ACCEDE. <strong>La fecha l\u00edmite es el 10 de Julio (incluido)<\/strong>. Antes de esta fecha se debe entregar la hoja de adhesi\u00f3n y el lote de libros (en casos de nuevas adhesiones para alumnos de la ESO) o la hoja de haber entregado en el colegio los libros de 6\u00ba Primaria (para alumnos que cursaron 6\u00ba de Primaria en el curso 2023-2024 y que en el pr\u00f3ximo curso estar\u00e1n en 1\u00baESO). M\u00e1s all\u00e1 de esta fecha no se admitir\u00e1n nuevas adhesiones de alumnos.&nbsp;<\/p>\n\n\n\n<h2 class=\"wp-block-heading\">Curso 2023-2024<\/h2>\n\n\n\n<p><a href=\"https:\/\/www.comunidad.madrid\/sites\/default\/files\/doc\/educacion\/instrucciones_programa_accede_curso_2023_2024_37305164.pdf\">Normativa ACCEDE curso 2023-2024<\/a><\/p>\n\n\n\n<p><\/p>\n\n\n\n<p><\/p>\n\n\n\n<p><\/p>\n\n\n<style type='text\/css' media='all'>#rt-tpg-container-3752878555 .rt-holder .rt-woo-info .price{color:#0367bf;}body .rt-tpg-container .rt-tpg-isotope-buttons .selected,\n\t\t\t\t\t#rt-tpg-container-3752878555 .layout12 .rt-holder:hover .rt-detail,\n\t\t\t\t\t#rt-tpg-container-3752878555 .isotope8 .rt-holder:hover .rt-detail,\n\t\t\t\t\t#rt-tpg-container-3752878555 .carousel8 .rt-holder:hover .rt-detail,\n\t\t\t\t\t#rt-tpg-container-3752878555 .layout13 .rt-holder .overlay .post-info,\n\t\t\t\t\t#rt-tpg-container-3752878555 .isotope9 .rt-holder .overlay .post-info,\n\t\t\t\t\t#rt-tpg-container-3752878555.rt-tpg-container .layout4 .rt-holder .rt-detail,\n\t\t\t\t\t.rt-modal-3752878555 .md-content,\n\t\t\t\t\t.rt-modal-3752878555 .md-content > .rt-md-content-holder .rt-md-content,\n\t\t\t\t\t.rt-popup-wrap-3752878555.rt-popup-wrap .rt-popup-navigation-wrap,\n\t\t\t\t\t#rt-tpg-container-3752878555 .carousel9 .rt-holder .overlay .post-info{background-color:#0367bf;}#rt-tpg-container-3752878555 .layout5 .rt-holder .overlay, #rt-tpg-container-3752878555 .isotope2 .rt-holder .overlay, #rt-tpg-container-3752878555 .carousel2 .rt-holder .overlay,#rt-tpg-container-3752878555 .layout15 .rt-holder h3, #rt-tpg-container-3752878555 .isotope11 .rt-holder h3, #rt-tpg-container-3752878555 .carousel11 .rt-holder h3, #rt-tpg-container-3752878555 .layout16 .rt-holder h3,\n\t\t\t\t\t#rt-tpg-container-3752878555 .isotope12 .rt-holder h3, #rt-tpg-container-3752878555 .carousel12 .rt-holder h3 {background-color:rgba(3,103,191,0.8);}#rt-tpg-container-3752878555 .read-more a{border-radius:px;}#rt-tpg-container-3752878555 .rt-img-holder img.rt-img-responsive,#rt-tpg-container-3752878555 .rt-img-holder,\n\t\t\t\t\t#rt-tpg-container-3752878555 .rt-post-overlay .post-img,\n\t\t\t\t\t#rt-tpg-container-3752878555 .post-sm .post-img,\n\t\t\t\t\t#rt-tpg-container-3752878555 .rt-post-grid .post-img,\n\t\t\t\t\t#rt-tpg-container-3752878555 .post-img img {border-radius:px;}<\/style><div class='rt-container-fluid rt-tpg-container tpg-shortcode-main-wrapper ' id='rt-tpg-container-3752878555'   data-layout='layout1' data-grid-style='even' data-desktop-col='3'  data-tab-col='2'  data-mobile-col='1' data-sc-id='6919'><div class=\"tpg-widget-heading-wrapper heading-style1 \"><span class=\"tpg-widget-heading-line line-left\"><\/span><h2 class=\"tpg-widget-heading\">Noticias ACCEDE<\/h2><span class=\"tpg-widget-heading-line\"><\/span><\/div><div data-title='Loading ...' class='rt-row rt-content-loader   layout1 tpg-even '><div class=\"rt-col-md-4 rt-col-sm-6 rt-col-xs-12 even-grid-item rt-grid-item\" data-id=\"10168\"><div class=\"rt-holder\"><div class='rt-detail'><h3 class=\"entry-title\"><a data-id=\"10168\" class=\"\" href=\"https:\/\/site.educa.madrid.org\/ies.villablanca.madrid\/index.php\/2025\/10\/30\/nuevas-medidas-para-el-programa-accede-aprobadas-por-el-consejo-escolar\/\">NUEVAS MEDIDAS PARA EL PROGRAMA ACCEDE APROBADAS POR EL CONSEJO ESCOLAR<\/a><\/h3><div class='post-meta-user  '><span class='author'><i class='fa fa-user '><\/i><a href=\"https:\/\/site.educa.madrid.org\/ies.villablanca.madrid\/index.php\/author\/cuenta_ies-villablanca-madrid\/\">ies.villablanca.madrid<\/a><\/span><span class='date'><i class='far fa-calendar-alt '><\/i>30 octubre, 2025<\/span><span class='categories-links'><i class='fas fa-folder-open '><\/i><a class=\"bolsatrabajofp\" href=\"https:\/\/site.educa.madrid.org\/ies.villablanca.madrid\/index.php\/category\/bolsatrabajofp\/\" rel=\"tag\">Bolsa de trabajo FP<\/a><span class=\"rt-separator\">,<\/span><a class=\"destacadas\" href=\"https:\/\/site.educa.madrid.org\/ies.villablanca.madrid\/index.php\/category\/noticias\/destacadas\/\" rel=\"tag\">Destacadas<\/a><span class=\"rt-separator\">,<\/span><a class=\"noticias\" href=\"https:\/\/site.educa.madrid.org\/ies.villablanca.madrid\/index.php\/category\/noticias\/\" rel=\"tag\">Noticias<\/a><span class=\"rt-separator\">,<\/span><a class=\"bolsatrabajofpinformatica\" href=\"https:\/\/site.educa.madrid.org\/ies.villablanca.madrid\/index.php\/category\/bolsatrabajofp\/bolsatrabajofpinformatica\/\" rel=\"tag\">Ofertas de trabajo FP Inform\u00e1tica y Comunicaciones<\/a><\/span><span class='post-tags-links'><i class='fa fa-tags '><\/i><a href=\"https:\/\/site.educa.madrid.org\/ies.villablanca.madrid\/index.php\/tag\/accede\/\" rel=\"tag\">ACCEDE<\/a><\/span><span class=\"comment-count\"><i class='fas fa-comments '><\/i><a href='https:\/\/site.educa.madrid.org\/ies.villablanca.madrid\/index.php\/2025\/10\/30\/nuevas-medidas-para-el-programa-accede-aprobadas-por-el-consejo-escolar\/#respond'>(0) <\/a><\/span><\/div><div class='tpg-excerpt'>Se informa a los usuarios del Programa ACCEDE y a sus familias de las nuevas...<\/div><div class='post-meta '><span class='read-more'><a data-id='10168' class='' href='https:\/\/site.educa.madrid.org\/ies.villablanca.madrid\/index.php\/2025\/10\/30\/nuevas-medidas-para-el-programa-accede-aprobadas-por-el-consejo-escolar\/'>Leer m\u00e1s<\/a><\/span><\/div><\/div><\/div><\/div><div class=\"rt-col-md-4 rt-col-sm-6 rt-col-xs-12 even-grid-item rt-grid-item\" data-id=\"10147\"><div class=\"rt-holder\"><div class='rt-detail'><h3 class=\"entry-title\"><a data-id=\"10147\" class=\"\" href=\"https:\/\/site.educa.madrid.org\/ies.villablanca.madrid\/index.php\/2025\/10\/16\/accede-libros-de-asignaturas-pendientes\/\">ACCEDE &#8211; LIBROS DE ASIGNATURAS PENDIENTES<\/a><\/h3><div class='post-meta-user  '><span class='author'><i class='fa fa-user '><\/i><a href=\"https:\/\/site.educa.madrid.org\/ies.villablanca.madrid\/index.php\/author\/cuenta_ies-villablanca-madrid\/\">ies.villablanca.madrid<\/a><\/span><span class='date'><i class='far fa-calendar-alt '><\/i>16 octubre, 2025<\/span><span class='categories-links'><i class='fas fa-folder-open '><\/i><a class=\"destacadas\" href=\"https:\/\/site.educa.madrid.org\/ies.villablanca.madrid\/index.php\/category\/noticias\/destacadas\/\" rel=\"tag\">Destacadas<\/a><span class=\"rt-separator\">,<\/span><a class=\"noticias\" href=\"https:\/\/site.educa.madrid.org\/ies.villablanca.madrid\/index.php\/category\/noticias\/\" rel=\"tag\">Noticias<\/a><\/span><span class='post-tags-links'><i class='fa fa-tags '><\/i><a href=\"https:\/\/site.educa.madrid.org\/ies.villablanca.madrid\/index.php\/tag\/accede\/\" rel=\"tag\">ACCEDE<\/a><\/span><span class=\"comment-count\"><i class='fas fa-comments '><\/i>(0)<\/span><\/div><div class='tpg-excerpt'>Se informa a los alumnos\/as que solicitaron los libros de ACCEDE para asignaturas pendientes de...<\/div><div class='post-meta '><span class='read-more'><a data-id='10147' class='' href='https:\/\/site.educa.madrid.org\/ies.villablanca.madrid\/index.php\/2025\/10\/16\/accede-libros-de-asignaturas-pendientes\/'>Leer m\u00e1s<\/a><\/span><\/div><\/div><\/div><\/div><div class=\"rt-col-md-4 rt-col-sm-6 rt-col-xs-12 even-grid-item rt-grid-item\" data-id=\"10097\"><div class=\"rt-holder\"><div class='rt-detail'><h3 class=\"entry-title\"><a data-id=\"10097\" class=\"\" href=\"https:\/\/site.educa.madrid.org\/ies.villablanca.madrid\/index.php\/2025\/10\/06\/entrega-de-libros-del-programa-accede-4oeso-y-2o-diversificacion\/\">ENTREGA DE LIBROS DEL PROGRAMA ACCEDE 4\u00baESO Y 2\u00ba DIVERSIFICACI\u00d3N<\/a><\/h3><div class='post-meta-user  '><span class='author'><i class='fa fa-user '><\/i><a href=\"https:\/\/site.educa.madrid.org\/ies.villablanca.madrid\/index.php\/author\/cuenta_ies-villablanca-madrid\/\">ies.villablanca.madrid<\/a><\/span><span class='date'><i class='far fa-calendar-alt '><\/i>6 octubre, 2025<\/span><span class='categories-links'><i class='fas fa-folder-open '><\/i><a class=\"destacadas\" href=\"https:\/\/site.educa.madrid.org\/ies.villablanca.madrid\/index.php\/category\/noticias\/destacadas\/\" rel=\"tag\">Destacadas<\/a><span class=\"rt-separator\">,<\/span><a class=\"noticias\" href=\"https:\/\/site.educa.madrid.org\/ies.villablanca.madrid\/index.php\/category\/noticias\/\" rel=\"tag\">Noticias<\/a><\/span><span class='post-tags-links'><i class='fa fa-tags '><\/i><a href=\"https:\/\/site.educa.madrid.org\/ies.villablanca.madrid\/index.php\/tag\/accede\/\" rel=\"tag\">ACCEDE<\/a><\/span><span class=\"comment-count\"><i class='fas fa-comments '><\/i>(0)<\/span><\/div><div class='tpg-excerpt'>Se informa que durante la\u00a0semana del 06 al 10 de Octubre de 2025\u00a0se entregar\u00e1n los...<\/div><div class='post-meta '><span class='read-more'><a data-id='10097' class='' href='https:\/\/site.educa.madrid.org\/ies.villablanca.madrid\/index.php\/2025\/10\/06\/entrega-de-libros-del-programa-accede-4oeso-y-2o-diversificacion\/'>Leer m\u00e1s<\/a><\/span><\/div><\/div><\/div><\/div><div class=\"rt-col-md-4 rt-col-sm-6 rt-col-xs-12 even-grid-item rt-grid-item\" data-id=\"10080\"><div class=\"rt-holder\"><div class='rt-detail'><h3 class=\"entry-title\"><a data-id=\"10080\" class=\"\" href=\"https:\/\/site.educa.madrid.org\/ies.villablanca.madrid\/index.php\/2025\/09\/30\/horario-de-atencion-accede-octubre-2025-junio-2026\/\">HORARIO DE ATENCI\u00d3N ACCEDE OCTUBRE 2025 &#8211; JUNIO 2026<\/a><\/h3><div class='post-meta-user  '><span class='author'><i class='fa fa-user '><\/i><a href=\"https:\/\/site.educa.madrid.org\/ies.villablanca.madrid\/index.php\/author\/cuenta_ies-villablanca-madrid\/\">ies.villablanca.madrid<\/a><\/span><span class='date'><i class='far fa-calendar-alt '><\/i>30 septiembre, 2025<\/span><span class='categories-links'><i class='fas fa-folder-open '><\/i><a class=\"destacadas\" href=\"https:\/\/site.educa.madrid.org\/ies.villablanca.madrid\/index.php\/category\/noticias\/destacadas\/\" rel=\"tag\">Destacadas<\/a><span class=\"rt-separator\">,<\/span><a class=\"noticias\" href=\"https:\/\/site.educa.madrid.org\/ies.villablanca.madrid\/index.php\/category\/noticias\/\" rel=\"tag\">Noticias<\/a><\/span><span class='post-tags-links'><i class='fa fa-tags '><\/i><a href=\"https:\/\/site.educa.madrid.org\/ies.villablanca.madrid\/index.php\/tag\/accede\/\" rel=\"tag\">ACCEDE<\/a><\/span><span class=\"comment-count\"><i class='fas fa-comments '><\/i>(0)<\/span><\/div><div class='tpg-excerpt'>Se informa a los usuarios que las labores del personal contratado para la gesti\u00f3n del...<\/div><div class='post-meta '><span class='read-more'><a data-id='10080' class='' href='https:\/\/site.educa.madrid.org\/ies.villablanca.madrid\/index.php\/2025\/09\/30\/horario-de-atencion-accede-octubre-2025-junio-2026\/'>Leer m\u00e1s<\/a><\/span><\/div><\/div><\/div><\/div><\/div><\/div>\n","protected":false},"excerpt":{"rendered":"<p>Informaci\u00f3n general y documentaci\u00f3n Curso 2025-2026 Curso 2024-2025 Normativa ACCEDE curso 2024\/2025 Estimadas familias, Les informamos que la Comunidad de Madrid acaba de establecer la fecha l\u00edmite para nuevas adhesiones &#8230;<\/p>\n","protected":false},"author":3,"featured_media":0,"parent":0,"menu_order":0,"comment_status":"closed","ping_status":"closed","template":"","meta":{"footnotes":""},"folder":[],"class_list":["post-166","page","type-page","status-publish","hentry"],"rttpg_featured_image_url":null,"rttpg_author":{"display_name":"ies.villablanca.madrid","author_link":"https:\/\/site.educa.madrid.org\/ies.villablanca.madrid\/index.php\/author\/cuenta_ies-villablanca-madrid\/"},"rttpg_comment":0,"rttpg_category":"","rttpg_excerpt":"Informaci\u00f3n general y documentaci\u00f3n Curso 2025-2026 Curso 2024-2025 Normativa ACCEDE curso 2024\/2025 Estimadas familias, Les informamos que la Comunidad de Madrid acaba de establecer la fecha l\u00edmite para nuevas adhesiones ...","post_mailing_queue_ids":[],"_links":{"self":[{"href":"https:\/\/site.educa.madrid.org\/ies.villablanca.madrid\/index.php\/wp-json\/wp\/v2\/pages\/166","targetHints":{"allow":["GET"]}}],"collection":[{"href":"https:\/\/site.educa.madrid.org\/ies.villablanca.madrid\/index.php\/wp-json\/wp\/v2\/pages"}],"about":[{"href":"https:\/\/site.educa.madrid.org\/ies.villablanca.madrid\/index.php\/wp-json\/wp\/v2\/types\/page"}],"author":[{"embeddable":true,"href":"https:\/\/site.educa.madrid.org\/ies.villablanca.madrid\/index.php\/wp-json\/wp\/v2\/users\/3"}],"replies":[{"embeddable":true,"href":"https:\/\/site.educa.madrid.org\/ies.villablanca.madrid\/index.php\/wp-json\/wp\/v2\/comments?post=166"}],"version-history":[{"count":31,"href":"https:\/\/site.educa.madrid.org\/ies.villablanca.madrid\/index.php\/wp-json\/wp\/v2\/pages\/166\/revisions"}],"predecessor-version":[{"id":9920,"href":"https:\/\/site.educa.madrid.org\/ies.villablanca.madrid\/index.php\/wp-json\/wp\/v2\/pages\/166\/revisions\/9920"}],"wp:attachment":[{"href":"https:\/\/site.educa.madrid.org\/ies.villablanca.madrid\/index.php\/wp-json\/wp\/v2\/media?parent=166"}],"wp:term":[{"taxonomy":"folder","embeddable":true,"href":"https:\/\/site.educa.madrid.org\/ies.villablanca.madrid\/index.php\/wp-json\/wp\/v2\/folder?post=166"}],"curies":[{"name":"wp","href":"https:\/\/api.w.org\/{rel}","templated":true}]}}