{"id":284,"date":"2020-07-03T12:13:05","date_gmt":"2020-07-03T12:13:05","guid":{"rendered":"https:\/\/site.educa.madrid.org\/ies.villablanca.madrid\/?page_id=284"},"modified":"2026-04-20T20:48:48","modified_gmt":"2026-04-20T18:48:48","slug":"seguir-las-noticias-del-centro-en-tu-movil","status":"publish","type":"page","link":"https:\/\/site.educa.madrid.org\/ies.villablanca.madrid\/index.php\/seguir-las-noticias-del-centro-en-tu-movil\/","title":{"rendered":"Seguir las noticias del Centro en tu m\u00f3vil"},"content":{"rendered":"\n<p>Recibe notificaciones del Centro en tu m\u00f3vil usando RSS.<\/p>\n\n\n\n<p>Prueba a hacer clic en el siguiente enlace, si tu m\u00f3vil tienen instalada una aplicaci\u00f3n de RSS lo reconocer\u00e1:<\/p>\n\n\n\n<ul class=\"wp-block-list\">\n<li><a href=\"https:\/\/site.educa.madrid.org\/ies.villablanca.madrid\/\/index.php\/category\/noticias?feed=rss\">https:\/\/site.educa.madrid.org\/ies.villablanca.madrid\/\/index.php\/category\/noticias?feed=rss<\/a><\/li>\n<\/ul>\n\n\n\n<p>Si no tienes una aplicaci\u00f3n de RSS debes instalar una. Para ello debes seguir estos pasos:<\/p>\n\n\n\n<ul class=\"wp-block-list\">\n<li>Debes tener instalado un programa de RSS en tu m\u00f3vil como puede ser: <a href=\"https:\/\/play.google.com\/store\/apps\/details?id=com.nononsenseapps.feeder.play\">Feeder<\/a><\/li>\n\n\n\n<li>Una vez instalado un lector de noticias, dejamos pulsado el siguiente enlace: <a href=\"https:\/\/site.educa.madrid.org\/ies.villablanca.madrid\/\/index.php\/category\/noticias?feed=rss\">https:\/\/site.educa.madrid.org\/ies.villablanca.madrid\/\/index.php\/category\/noticias?feed=rss<\/a><\/li>\n<\/ul>\n\n\n\n<ul class=\"wp-block-list\">\n<li>Aparecer\u00e1 un men\u00fa como el siguiente. Debemos pulsar en \u201cCopiar la direcci\u00f3n del enlace\u201d:<\/li>\n<\/ul>\n\n\n\n<figure class=\"wp-block-image size-large\"><img loading=\"lazy\" decoding=\"async\" width=\"576\" height=\"1024\" src=\"https:\/\/site.educa.madrid.org\/ies.villablanca.madrid\/\/wp-content\/uploads\/ies.villablanca.madrid\/2020\/07\/Screenshot_2020-04-25-22-16-52-576x1024.png\" alt=\"Screenshot_2020-04-25-22-16-52\" class=\"wp-image-287\" srcset=\"https:\/\/site.educa.madrid.org\/ies.villablanca.madrid\/\/wp-content\/uploads\/ies.villablanca.madrid\/2020\/07\/Screenshot_2020-04-25-22-16-52-576x1024.png 576w, https:\/\/site.educa.madrid.org\/ies.villablanca.madrid\/\/wp-content\/uploads\/ies.villablanca.madrid\/2020\/07\/Screenshot_2020-04-25-22-16-52-169x300.png 169w, https:\/\/site.educa.madrid.org\/ies.villablanca.madrid\/\/wp-content\/uploads\/ies.villablanca.madrid\/2020\/07\/Screenshot_2020-04-25-22-16-52.png 720w\" sizes=\"auto, (max-width: 576px) 100vw, 576px\" \/><\/figure>\n\n\n\n<p><a href=\"http:\/\/ies.villablanca.madrid.educa.madrid.org\/web2014\/wordpress\/wp-content\/uploads\/2020\/04\/Screenshot_2020-04-25-22-16-52.png\"><\/a><\/p>\n\n\n\n<ul class=\"wp-block-list\">\n<li>Se abre ahora el lector de noticias y se busca la opci\u00f3n de a\u00f1adir canal.<\/li>\n\n\n\n<li>En el campo \u201cDirecci\u00f3n URL\u201d dejamos presionado y aparecer\u00e1 un bot\u00f3n que nos permite pegar el enlace anterior.<\/li>\n<\/ul>\n\n\n\n<p>A partir de ahora se recibir\u00e1n notificaciones de todas las noticias que se publiquen en la web del Centro.<\/p>\n","protected":false},"excerpt":{"rendered":"<p>Recibe notificaciones del Centro en tu m\u00f3vil usando RSS. Prueba a hacer clic en el siguiente enlace, si tu m\u00f3vil tienen instalada una aplicaci\u00f3n de RSS lo reconocer\u00e1: Si no &#8230;<\/p>\n","protected":false},"author":3,"featured_media":0,"parent":0,"menu_order":0,"comment_status":"closed","ping_status":"closed","template":"","meta":{"footnotes":""},"folder":[],"class_list":["post-284","page","type-page","status-publish","hentry"],"rttpg_featured_image_url":null,"rttpg_author":{"display_name":"ies.villablanca.madrid","author_link":"https:\/\/site.educa.madrid.org\/ies.villablanca.madrid\/index.php\/author\/cuenta_ies-villablanca-madrid\/"},"rttpg_comment":0,"rttpg_category":false,"rttpg_excerpt":"Recibe notificaciones del Centro en tu m\u00f3vil usando RSS. Prueba a hacer clic en el siguiente enlace, si tu m\u00f3vil tienen instalada una aplicaci\u00f3n de RSS lo reconocer\u00e1: Si no ...","post_mailing_queue_ids":[],"_links":{"self":[{"href":"https:\/\/site.educa.madrid.org\/ies.villablanca.madrid\/index.php\/wp-json\/wp\/v2\/pages\/284","targetHints":{"allow":["GET"]}}],"collection":[{"href":"https:\/\/site.educa.madrid.org\/ies.villablanca.madrid\/index.php\/wp-json\/wp\/v2\/pages"}],"about":[{"href":"https:\/\/site.educa.madrid.org\/ies.villablanca.madrid\/index.php\/wp-json\/wp\/v2\/types\/page"}],"author":[{"embeddable":true,"href":"https:\/\/site.educa.madrid.org\/ies.villablanca.madrid\/index.php\/wp-json\/wp\/v2\/users\/3"}],"replies":[{"embeddable":true,"href":"https:\/\/site.educa.madrid.org\/ies.villablanca.madrid\/index.php\/wp-json\/wp\/v2\/comments?post=284"}],"version-history":[{"count":7,"href":"https:\/\/site.educa.madrid.org\/ies.villablanca.madrid\/index.php\/wp-json\/wp\/v2\/pages\/284\/revisions"}],"predecessor-version":[{"id":10828,"href":"https:\/\/site.educa.madrid.org\/ies.villablanca.madrid\/index.php\/wp-json\/wp\/v2\/pages\/284\/revisions\/10828"}],"wp:attachment":[{"href":"https:\/\/site.educa.madrid.org\/ies.villablanca.madrid\/index.php\/wp-json\/wp\/v2\/media?parent=284"}],"wp:term":[{"taxonomy":"folder","embeddable":true,"href":"https:\/\/site.educa.madrid.org\/ies.villablanca.madrid\/index.php\/wp-json\/wp\/v2\/folder?post=284"}],"curies":[{"name":"wp","href":"https:\/\/api.w.org\/{rel}","templated":true}]}}