{"id":303,"date":"2020-07-07T07:13:41","date_gmt":"2020-07-07T07:13:41","guid":{"rendered":"https:\/\/site.educa.madrid.org\/ies.villablanca.madrid\/?page_id=303"},"modified":"2026-04-29T12:03:18","modified_gmt":"2026-04-29T10:03:18","slug":"comedor-escolar","status":"publish","type":"page","link":"https:\/\/site.educa.madrid.org\/ies.villablanca.madrid\/index.php\/comedor-escolar\/","title":{"rendered":"Comedor escolar"},"content":{"rendered":"\n<p>El instituto dispone del Servicio de Comedor Escolar para los alumnos. Las personas interesadas deben apuntarse en la Secretar\u00eda del centro. Junto con la siguiente solicitud:<\/p>\n\n\n\n<div class=\"wp-block-file\"><a id=\"wp-block-file--media-bb733e1d-80b1-46c9-aeda-cb7e9eb793a2\" href=\"https:\/\/site.educa.madrid.org\/ies.villablanca.madrid\/\/wp-content\/uploads\/ies.villablanca.madrid\/2024\/07\/Solicitud-comedor-escolar.pdf\">Solicitud-comedor-escolar<\/a><a href=\"https:\/\/site.educa.madrid.org\/ies.villablanca.madrid\/\/wp-content\/uploads\/ies.villablanca.madrid\/2024\/07\/Solicitud-comedor-escolar.pdf\" class=\"wp-block-file__button wp-element-button\" download aria-describedby=\"wp-block-file--media-bb733e1d-80b1-46c9-aeda-cb7e9eb793a2\">Descarga<\/a><\/div>\n\n\n\n<p>El plazo para apuntarse es desde el 1 de julio hasta el 15 de julio y del 1 se septiembre al 15 de septiembre.<\/p>\n\n\n\n<p>El precio del men\u00fa es<a href=\"https:\/\/www.comunidad.madrid\/sites\/default\/files\/doc\/educacion\/bocm-20230607-22.pdf\"> 5,50 euros<\/a> pero se pueden solicitar becas de comedor escolar cuya convocatoria se anunciar\u00e1 en la p\u00e1gina web del Instituto en el momento en que se produzca. Como otras actividades del centro el Servicio de Comedor Escolar tiene unos objetivos programados entre los que destacan:<\/p>\n\n\n\n<ul class=\"wp-block-list\">\n<li>Concienciar a los alumnos de la importancia de una alimentaci\u00f3n adecuada y sus beneficios en la salud.<\/li>\n\n\n\n<li>Lograr la integraci\u00f3n de los alumnos.<\/li>\n\n\n\n<li>Conseguir la participaci\u00f3n de los alumnos en actividades de colaboraci\u00f3n, ayuda y nuevos roles.<\/li>\n\n\n\n<li>Evitar casos de malos h\u00e1bitos alimentarios y desnutrici\u00f3n.<\/li>\n<\/ul>\n\n\n\n<p><\/p>\n\n\n\n<h2 class=\"wp-block-heading\">Consulta de los men\u00fas escolares<\/h2>\n\n\n\n<p>Para poder consultar los men\u00fas escolares, se debe acceder a:<\/p>\n\n\n\n<ul class=\"wp-block-list\">\n<li><a href=\"https:\/\/gastronomialasmurallas.es\">https:\/\/gastronomialasmurallas.es<\/a><\/li>\n<\/ul>\n\n\n\n<p>Usuario: villablanca_madrid<br>Contrase\u00f1a: Gastronomia31 (la G may\u00fascula)<\/p>\n\n\n\n<p>y seleccionar men\u00fa BASAL.<\/p>\n\n\n\n<h2 class=\"wp-block-heading\">Funcionamiento del comedor escolar<\/h2>\n\n\n\n<p>Aquellos alumnos que deseen durante el presente curso escolar hacer uso del comedor, deber\u00e1n tener en cuenta las siguientes instrucciones:<\/p>\n\n\n\n<p>Se deber\u00e1 comprar de forma anticipada los bonos de comidas.<\/p>\n\n\n\n<p>Con una antelaci\u00f3n m\u00ednima de dos d\u00edas se entregar\u00e1n los bonos que se vayan a consumir en la cafeter\u00eda del IES.<\/p>\n\n\n\n<p>Los bonos comprados y no empleados, se considerar\u00e1n consumidos a final de curso.<\/p>\n\n\n\n<p>Todo bono entregado en la cafeter\u00eda del IES se considerar\u00e1 consumido (vaya o no el alumno a comer a comer al centro).<\/p>\n\n\n\n<p>Para realizar la compra de los bonos ser\u00e1n en bloques de 1, 5, 10, 15 \u00f3 20 bonos, cuyo pago se efectuar\u00e1 por transferencia bancaria al n\u00famero de cuenta:<\/p>\n\n\n\n<figure class=\"wp-block-image size-full\"><img loading=\"lazy\" decoding=\"async\" width=\"246\" height=\"29\" src=\"https:\/\/site.educa.madrid.org\/ies.villablanca.madrid\/\/wp-content\/uploads\/ies.villablanca.madrid\/2024\/07\/imagen-1.png\" alt=\"\" class=\"wp-image-8460\"\/><\/figure>\n\n\n\n<p>En el concepto deber\u00e1n poner: <em>Comedor + <\/em><em>n.\u00ba de bonos + <\/em><em>nombre del alumno<\/em><\/p>\n\n\n\n<p>Por ejemplo, para un alumno llamado Alonso Quijano que compra 10 bonos: <em>Comedor 10 Alonso Quijano<\/em><\/p>\n\n\n\n<p>El justificante del ingreso se enviar\u00e1 por correo electr\u00f3nico a la direcci\u00f3n:<\/p>\n\n\n\n<p><a href=\"mailto:comedor.ies.villablanca.madrid@educa.madrid.org\">comedor.ies.villablanca.madrid@educa.madrid.org<\/a><\/p>\n\n\n\n<p>y se pasar\u00e1n por la Secretar\u00eda del centro a recoger los bonos.<\/p>\n\n\n\n<p>El precio del men\u00fa del comedor son 5,50\u20ac<\/p>\n\n\n\n<figure class=\"wp-block-table\"><table><tbody><tr><td><strong>N.\u00ba bonos<\/strong><\/td><td><strong>Precio<\/strong><\/td><\/tr><tr><td>1<\/td><td>5,50 \u20ac<\/td><\/tr><tr><td>5<\/td><td>27,5 \u20ac<\/td><\/tr><tr><td>10<\/td><td>55 \u20ac<\/td><\/tr><tr><td>15<\/td><td>82,5 \u20ac<\/td><\/tr><tr><td>20<\/td><td>110 \u20ac<\/td><\/tr><\/tbody><\/table><\/figure>\n\n\n\n<p>Las comunicaciones se har\u00e1n por correo electr\u00f3nico, por ello es importante que lo indiquen correctamente<\/p>\n\n\n\n<h2 class=\"wp-block-heading\">Precios reducidos para el comedor escolar. Curso 2026-2027<\/h2>\n\n\n\n<p>Se ha publicado en el BOCM del 28 de abril el <em>Extracto acumulado de la<\/em>\u00a0<em>Orden 1696\/2026, del Consejero de Educaci\u00f3n, Ciencia y Universidades, por la que se declara el importe de los cr\u00e9ditos disponibles para la concesi\u00f3n directa de las becas de comedor escolar, durante el per\u00edodo lectivo del curso 2065-2027 <\/em>que inicia el plazo de presentaci\u00f3n de solicitudes, que estar\u00e1 abierto<strong>\u00a0entre el 29 de abril y el 28 de mayo, ambos inclusive (<\/strong><strong>20 d\u00edas h\u00e1biles<\/strong><strong>)<\/strong>, sin perjuicio de los plazos excepcionales previstos en las disposiciones adicionales de las normas reguladoras.<\/p>\n\n\n\n<p>Las solicitudes se realizar\u00e1n preferentemente de forma telem\u00e1tica, sin perjuicio de poderse presentar de manera presencial, ajust\u00e1ndose al modelo oficial que podr\u00e1 obtenerse y cumplimentarse a trav\u00e9s de la p\u00e1gina web institucional de la Comunidad de Madrid (<a href=\"https:\/\/digital.comunidad.madrid\/acceso\" target=\"_blank\" rel=\"noreferrer noopener\">CUENTA DIGITAL DE LA COMUNIDAD DE MADRID<\/a>) o trav\u00e9s del siguiente enlace <a href=\"https:\/\/sede.comunidad.madrid\/ayudas-becas-subvenciones\/becas-comedor-escolar-2026-2027\" target=\"_blank\" rel=\"noreferrer noopener\">Becas para el comedor escolar<\/a>&nbsp;y se presentar\u00e1 en los lugares establecidos en el art\u00edculo 11 de las normas reguladoras. En el caso de presentaci\u00f3n presencial se puede obtener en las oficinas de asistencia en materia de registro y en las Direcciones de \u00c1rea Territorial (se adjunta en la presente comunicaci\u00f3n).<br><br>En cuanto a la formalizaci\u00f3n de la solicitud les recordamos que:<\/p>\n\n\n\n<ol class=\"wp-block-list\">\n<li><strong>Deber\u00e1 ser firmada por todos los miembros de la unidad familiar<\/strong>\u00a0mayores de 18 a\u00f1os incluidos en ella.<\/li>\n\n\n\n<li>Se debe indicar un <strong>n\u00famero de tel\u00e9fono m\u00f3vil y una direcci\u00f3n de correo electr\u00f3nico.<\/strong><\/li>\n\n\n\n<li>En el <strong>caso de que se opongan expresamente a la consulta de datos<\/strong>\u00a0por parte de la Comunidad de Madrid, se deber\u00e1 marcar la opci\u00f3n y expresar los motivos de la oposici\u00f3n, as\u00ed como aportar la documentaci\u00f3n exigida en las normas que regulan esta convocatoria.<\/li>\n\n\n\n<li>ES IMPORTANTE <strong>marcar \u00a0expresamente en el formulario la casilla de consulta a la Informaci\u00f3n de renta de la Agencia Estatal de Administraci\u00f3n Tributaria 2024.<\/strong>\u00a0Si no se autoriza expresamente este cruce de datos, se deber\u00e1 adjuntar <strong>certificado de IRPF del ejercicio 2024 expedido por la AEAT, <\/strong>no siendo v\u00e1lido el MODELO 100 que se imprime cuando se presenta o confirma la declaraci\u00f3n de la renta.<\/li>\n<\/ol>\n\n\n\n<div class=\"wp-block-file\"><a id=\"wp-block-file--media-d27fcc25-dcc3-4b19-a984-ab75f5e80a47\" href=\"https:\/\/site.educa.madrid.org\/ies.villablanca.madrid\/\/wp-content\/uploads\/ies.villablanca.madrid\/2026\/04\/Preguntas-mas-frecuentes-solicitud-2026_2027.pdf\">Preguntas m\u00e1s frecuentes solicitud 2026_2027<\/a><a href=\"https:\/\/site.educa.madrid.org\/ies.villablanca.madrid\/\/wp-content\/uploads\/ies.villablanca.madrid\/2026\/04\/Preguntas-mas-frecuentes-solicitud-2026_2027.pdf\" class=\"wp-block-file__button wp-element-button\" download aria-describedby=\"wp-block-file--media-d27fcc25-dcc3-4b19-a984-ab75f5e80a47\">Descarga<\/a><\/div>\n","protected":false},"excerpt":{"rendered":"<p>El instituto dispone del Servicio de Comedor Escolar para los alumnos. Las personas interesadas deben apuntarse en la Secretar\u00eda del centro. Junto con la siguiente solicitud: El plazo para apuntarse &#8230;<\/p>\n","protected":false},"author":3,"featured_media":0,"parent":0,"menu_order":0,"comment_status":"closed","ping_status":"closed","template":"","meta":{"footnotes":""},"folder":[],"class_list":["post-303","page","type-page","status-publish","hentry"],"rttpg_featured_image_url":null,"rttpg_author":{"display_name":"ies.villablanca.madrid","author_link":"https:\/\/site.educa.madrid.org\/ies.villablanca.madrid\/index.php\/author\/cuenta_ies-villablanca-madrid\/"},"rttpg_comment":0,"rttpg_category":false,"rttpg_excerpt":"El instituto dispone del Servicio de Comedor Escolar para los alumnos. Las personas interesadas deben apuntarse en la Secretar\u00eda del centro. Junto con la siguiente solicitud: El plazo para apuntarse ...","post_mailing_queue_ids":[],"_links":{"self":[{"href":"https:\/\/site.educa.madrid.org\/ies.villablanca.madrid\/index.php\/wp-json\/wp\/v2\/pages\/303","targetHints":{"allow":["GET"]}}],"collection":[{"href":"https:\/\/site.educa.madrid.org\/ies.villablanca.madrid\/index.php\/wp-json\/wp\/v2\/pages"}],"about":[{"href":"https:\/\/site.educa.madrid.org\/ies.villablanca.madrid\/index.php\/wp-json\/wp\/v2\/types\/page"}],"author":[{"embeddable":true,"href":"https:\/\/site.educa.madrid.org\/ies.villablanca.madrid\/index.php\/wp-json\/wp\/v2\/users\/3"}],"replies":[{"embeddable":true,"href":"https:\/\/site.educa.madrid.org\/ies.villablanca.madrid\/index.php\/wp-json\/wp\/v2\/comments?post=303"}],"version-history":[{"count":38,"href":"https:\/\/site.educa.madrid.org\/ies.villablanca.madrid\/index.php\/wp-json\/wp\/v2\/pages\/303\/revisions"}],"predecessor-version":[{"id":10909,"href":"https:\/\/site.educa.madrid.org\/ies.villablanca.madrid\/index.php\/wp-json\/wp\/v2\/pages\/303\/revisions\/10909"}],"wp:attachment":[{"href":"https:\/\/site.educa.madrid.org\/ies.villablanca.madrid\/index.php\/wp-json\/wp\/v2\/media?parent=303"}],"wp:term":[{"taxonomy":"folder","embeddable":true,"href":"https:\/\/site.educa.madrid.org\/ies.villablanca.madrid\/index.php\/wp-json\/wp\/v2\/folder?post=303"}],"curies":[{"name":"wp","href":"https:\/\/api.w.org\/{rel}","templated":true}]}}