{"id":3360,"date":"2021-11-24T11:13:57","date_gmt":"2021-11-24T10:13:57","guid":{"rendered":"https:\/\/site.educa.madrid.org\/ies.villablanca.madrid\/?page_id=3360"},"modified":"2021-11-24T11:14:43","modified_gmt":"2021-11-24T10:14:43","slug":"proteccion-de-datos-de-caracter-personal","status":"publish","type":"page","link":"https:\/\/site.educa.madrid.org\/ies.villablanca.madrid\/index.php\/proteccion-de-datos-de-caracter-personal\/","title":{"rendered":"Protecci\u00f3n de datos de car\u00e1cter personal"},"content":{"rendered":"<p>En el siguiente enlace se puede encontrar informaci\u00f3n&nbsp; sobre el tratamiento de los datos personales en los centros educativos:<\/p>\n\n\n<div class=\"wp-block-file\"><a href=\"https:\/\/site.educa.madrid.org\/ies.villablanca.madrid\/\/wp-content\/uploads\/ies.villablanca.madrid\/2021\/11\/2021-11-19-Instrucciones_Proteccion_de_Datos_Centros-2021_2022_26731297.pdf\">Instrucciones Proteccion de Datos Centros<\/a><a href=\"https:\/\/site.educa.madrid.org\/ies.villablanca.madrid\/\/wp-content\/uploads\/ies.villablanca.madrid\/2021\/11\/2021-11-19-Instrucciones_Proteccion_de_Datos_Centros-2021_2022_26731297.pdf\" class=\"wp-block-file__button\" download>Descarga<\/a><\/div>\n","protected":false},"excerpt":{"rendered":"<p>En el siguiente enlace se puede encontrar informaci\u00f3n&nbsp; sobre el tratamiento de los datos personales en los centros educativos:<\/p>\n","protected":false},"author":3,"featured_media":0,"parent":0,"menu_order":0,"comment_status":"closed","ping_status":"closed","template":"","meta":{"footnotes":""},"folder":[],"class_list":["post-3360","page","type-page","status-publish","hentry"],"rttpg_featured_image_url":null,"rttpg_author":{"display_name":"ies.villablanca.madrid","author_link":"https:\/\/site.educa.madrid.org\/ies.villablanca.madrid\/index.php\/author\/cuenta_ies-villablanca-madrid\/"},"rttpg_comment":0,"rttpg_category":false,"rttpg_excerpt":"En el siguiente enlace se puede encontrar informaci\u00f3n&nbsp; sobre el tratamiento de los datos personales en los centros educativos:","post_mailing_queue_ids":[],"_links":{"self":[{"href":"https:\/\/site.educa.madrid.org\/ies.villablanca.madrid\/index.php\/wp-json\/wp\/v2\/pages\/3360","targetHints":{"allow":["GET"]}}],"collection":[{"href":"https:\/\/site.educa.madrid.org\/ies.villablanca.madrid\/index.php\/wp-json\/wp\/v2\/pages"}],"about":[{"href":"https:\/\/site.educa.madrid.org\/ies.villablanca.madrid\/index.php\/wp-json\/wp\/v2\/types\/page"}],"author":[{"embeddable":true,"href":"https:\/\/site.educa.madrid.org\/ies.villablanca.madrid\/index.php\/wp-json\/wp\/v2\/users\/3"}],"replies":[{"embeddable":true,"href":"https:\/\/site.educa.madrid.org\/ies.villablanca.madrid\/index.php\/wp-json\/wp\/v2\/comments?post=3360"}],"version-history":[{"count":3,"href":"https:\/\/site.educa.madrid.org\/ies.villablanca.madrid\/index.php\/wp-json\/wp\/v2\/pages\/3360\/revisions"}],"predecessor-version":[{"id":3364,"href":"https:\/\/site.educa.madrid.org\/ies.villablanca.madrid\/index.php\/wp-json\/wp\/v2\/pages\/3360\/revisions\/3364"}],"wp:attachment":[{"href":"https:\/\/site.educa.madrid.org\/ies.villablanca.madrid\/index.php\/wp-json\/wp\/v2\/media?parent=3360"}],"wp:term":[{"taxonomy":"folder","embeddable":true,"href":"https:\/\/site.educa.madrid.org\/ies.villablanca.madrid\/index.php\/wp-json\/wp\/v2\/folder?post=3360"}],"curies":[{"name":"wp","href":"https:\/\/api.w.org\/{rel}","templated":true}]}}