{"id":3422,"date":"2021-11-30T09:32:44","date_gmt":"2021-11-30T08:32:44","guid":{"rendered":"https:\/\/site.educa.madrid.org\/ies.villablanca.madrid\/?page_id=3422"},"modified":"2026-01-13T19:40:54","modified_gmt":"2026-01-13T18:40:54","slug":"4oeso-empresa","status":"publish","type":"page","link":"https:\/\/site.educa.madrid.org\/ies.villablanca.madrid\/index.php\/4oeso-empresa\/","title":{"rendered":"4\u00baESO + EMPRESA"},"content":{"rendered":"\n<figure class=\"wp-block-image size-large\"><img loading=\"lazy\" decoding=\"async\" width=\"985\" height=\"120\" src=\"https:\/\/site.educa.madrid.org\/ies.villablanca.madrid\/\/wp-content\/uploads\/ies.villablanca.madrid\/2021\/11\/imagen_cabecera_4eso_empresa_2020-1.jpg\" alt=\"\" class=\"wp-image-3425\" srcset=\"https:\/\/site.educa.madrid.org\/ies.villablanca.madrid\/\/wp-content\/uploads\/ies.villablanca.madrid\/2021\/11\/imagen_cabecera_4eso_empresa_2020-1.jpg 985w, https:\/\/site.educa.madrid.org\/ies.villablanca.madrid\/\/wp-content\/uploads\/ies.villablanca.madrid\/2021\/11\/imagen_cabecera_4eso_empresa_2020-1-300x37.jpg 300w, https:\/\/site.educa.madrid.org\/ies.villablanca.madrid\/\/wp-content\/uploads\/ies.villablanca.madrid\/2021\/11\/imagen_cabecera_4eso_empresa_2020-1-768x94.jpg 768w\" sizes=\"auto, (max-width: 985px) 100vw, 985px\" \/><\/figure>\n\n\n\n<p class=\"has-text-align-center\">Pincha en el enlace para acceder a la presentaci\u00f3n de la actividad:<\/p>\n\n\n\n<div class=\"wp-block-file\"><a id=\"wp-block-file--media-33d72c9d-b3c9-4afe-8875-d7a72b967906\" href=\"https:\/\/site.educa.madrid.org\/ies.villablanca.madrid\/\/wp-content\/uploads\/ies.villablanca.madrid\/2025\/11\/Presentacion-4ESOEMPRESA-25-26.pdf\">Presentaci\u00f3n 4ESO+EMPRESA 25-26<\/a><a href=\"https:\/\/site.educa.madrid.org\/ies.villablanca.madrid\/\/wp-content\/uploads\/ies.villablanca.madrid\/2025\/11\/Presentacion-4ESOEMPRESA-25-26.pdf\" class=\"wp-block-file__button wp-element-button\" download aria-describedby=\"wp-block-file--media-33d72c9d-b3c9-4afe-8875-d7a72b967906\">Descarga<\/a><\/div>\n\n\n\n<p><\/p>\n\n\n\n<p>REUNI\u00d3N ONLINE PARA FAMILIAS jueves 20 de noviembre a las 16:30h.<\/p>\n\n\n\n<p>Para acceder a la reuni\u00f3n pincha en el siguiente enlace e introduce las claves de Educamadrid del alumno\/a.<\/p>\n\n\n\n<p><a href=\"https:\/\/jitsimeet04.educa.madrid.org\/4EMPRESAVILLABLANCA\">https:\/\/jitsimeet04.educa.madrid.org\/4EMPRESAVILLABLANCA<\/a><\/p>\n\n\n\n<p class=\"has-small-font-size\"><strong>Documentaci\u00f3n a presentar<\/strong>: La inscripci\u00f3n a la actividad deber\u00e1 formalizarse con la entrega de la ficha de solicitud y tres documentos adjuntos; consentimiento de los padres\/tutores legales, autorizaci\u00f3n de toma de im\u00e1genes y deber de confidencialidad, debidamente cumplimentados.<\/p>\n\n\n\n<div class=\"wp-block-file\"><a id=\"wp-block-file--media-2d18c76d-4dd1-4b15-8035-b7cecdd76fd1\" href=\"https:\/\/site.educa.madrid.org\/ies.villablanca.madrid\/\/wp-content\/uploads\/ies.villablanca.madrid\/2025\/11\/SOLICITUD-DE-PARTICIPACION-25-26.pdf\">SOLICITUD DE PARTICIPACI\u00d3N 25-26<\/a><a href=\"https:\/\/site.educa.madrid.org\/ies.villablanca.madrid\/\/wp-content\/uploads\/ies.villablanca.madrid\/2025\/11\/SOLICITUD-DE-PARTICIPACION-25-26.pdf\" class=\"wp-block-file__button wp-element-button\" download aria-describedby=\"wp-block-file--media-2d18c76d-4dd1-4b15-8035-b7cecdd76fd1\">Descarga<\/a><\/div>\n\n\n\n<div class=\"wp-block-file\"><a id=\"wp-block-file--media-317f9a24-3dd4-4e98-aab7-995cca169f2f\" href=\"https:\/\/site.educa.madrid.org\/ies.villablanca.madrid\/\/wp-content\/uploads\/ies.villablanca.madrid\/2025\/11\/CONSENTIMIENTO-TUTORES-LEGALES.pdf\">CONSENTIMIENTO TUTORES LEGALES<\/a><a href=\"https:\/\/site.educa.madrid.org\/ies.villablanca.madrid\/\/wp-content\/uploads\/ies.villablanca.madrid\/2025\/11\/CONSENTIMIENTO-TUTORES-LEGALES.pdf\" class=\"wp-block-file__button wp-element-button\" download aria-describedby=\"wp-block-file--media-317f9a24-3dd4-4e98-aab7-995cca169f2f\">Descarga<\/a><\/div>\n\n\n\n<div class=\"wp-block-file\"><a id=\"wp-block-file--media-f7259173-abb0-43fb-bf59-b8afd7dc34f3\" href=\"https:\/\/site.educa.madrid.org\/ies.villablanca.madrid\/\/wp-content\/uploads\/ies.villablanca.madrid\/2025\/11\/DEBER-DE-CONFIDENCIALIDAD.pdf\">DEBER DE CONFIDENCIALIDAD<\/a><a href=\"https:\/\/site.educa.madrid.org\/ies.villablanca.madrid\/\/wp-content\/uploads\/ies.villablanca.madrid\/2025\/11\/DEBER-DE-CONFIDENCIALIDAD.pdf\" class=\"wp-block-file__button wp-element-button\" download aria-describedby=\"wp-block-file--media-f7259173-abb0-43fb-bf59-b8afd7dc34f3\">Descarga<\/a><\/div>\n\n\n\n<div class=\"wp-block-file\"><a id=\"wp-block-file--media-99a41e29-92c8-45c8-b38e-f544d263601c\" href=\"https:\/\/site.educa.madrid.org\/ies.villablanca.madrid\/\/wp-content\/uploads\/ies.villablanca.madrid\/2025\/11\/AUTORIZACION-DE-TOMA-DE-IMAGENES-2.pdf\"><br>AUTORIZACI\u00d3N DE TOMA DE IM\u00c1GENES (2)<\/a><a href=\"https:\/\/site.educa.madrid.org\/ies.villablanca.madrid\/\/wp-content\/uploads\/ies.villablanca.madrid\/2025\/11\/AUTORIZACION-DE-TOMA-DE-IMAGENES-2.pdf\" class=\"wp-block-file__button wp-element-button\" download aria-describedby=\"wp-block-file--media-99a41e29-92c8-45c8-b38e-f544d263601c\">Descarga<br><\/a><\/div>\n\n\n\n<p><\/p>\n\n\n\n<p class=\"has-text-align-left has-medium-font-size\"><mark class=\"has-inline-color has-dark-gray-color\"><strong>Fecha de entrega: del 21 al 30 de noviembre<\/strong><\/mark> <\/p>\n\n\n\n<p class=\"has-text-align-left has-medium-font-size\"><strong>D\u00f3nde:<\/strong> <strong>A trav\u00e9s del Aula Virtual <mark style=\"background-color:#fff\" class=\"has-inline-color has-dark-gray-color\">o en el Dpto. Orientaci\u00f3n<\/mark> si la entregas en papel<\/strong><\/p>\n\n\n\n<p class=\"has-text-align-center has-medium-font-size\"><strong><mark style=\"background-color:#fff\" class=\"has-inline-color has-dark-gray-color\">Dudas\/consultas: <a href=\"mailto:4masempresa.ies.villablanca.madrid@educa.madrid.org\">4masempresa.ies.villablanca.madrid@educa.madrid.org<\/a><\/mark><\/strong><\/p>\n\n\n\n<p>Aqu\u00ed os dejamos un dossier informativo que pod\u00e9is hacer llegar a las empresas con las que contact\u00e9is:<\/p>\n\n\n\n<div class=\"wp-block-file\"><a id=\"wp-block-file--media-4492120f-4795-4f88-9dfb-7eb5e33df511\" href=\"https:\/\/site.educa.madrid.org\/ies.villablanca.madrid\/\/wp-content\/uploads\/ies.villablanca.madrid\/2024\/11\/INFORMACION-PARA-LAS-FAMILIAS-2024-2025.pdf\">INFORMACION-PARA-LAS-FAMILIAS-2024-2025<\/a><a href=\"https:\/\/site.educa.madrid.org\/ies.villablanca.madrid\/\/wp-content\/uploads\/ies.villablanca.madrid\/2024\/11\/INFORMACION-PARA-LAS-FAMILIAS-2024-2025.pdf\" class=\"wp-block-file__button wp-element-button\" download aria-describedby=\"wp-block-file--media-4492120f-4795-4f88-9dfb-7eb5e33df511\">Descarga<\/a><\/div>\n\n\n\n<div class=\"wp-block-file\"><a id=\"wp-block-file--media-d50807ca-21fd-4792-b098-e0baf4fbd721\" href=\"https:\/\/site.educa.madrid.org\/ies.villablanca.madrid\/\/wp-content\/uploads\/ies.villablanca.madrid\/2024\/11\/Programa-4oESO_dossier-para-empresas.pdf\">Programa-4oESO_dossier-para-empresas<\/a><a href=\"https:\/\/site.educa.madrid.org\/ies.villablanca.madrid\/\/wp-content\/uploads\/ies.villablanca.madrid\/2024\/11\/Programa-4oESO_dossier-para-empresas.pdf\" class=\"wp-block-file__button wp-element-button\" download aria-describedby=\"wp-block-file--media-d50807ca-21fd-4792-b098-e0baf4fbd721\">Descarga<\/a><\/div>\n\n\n\n<figure class=\"wp-block-image size-full is-resized\"><img loading=\"lazy\" decoding=\"async\" width=\"266\" height=\"190\" src=\"https:\/\/site.educa.madrid.org\/ies.villablanca.madrid\/\/wp-content\/uploads\/ies.villablanca.madrid\/2023\/11\/importante.jpg\" alt=\"\" class=\"wp-image-7412\" style=\"width:189px;height:135px\" \/><\/figure>\n\n\n\n<p>SORTEO POLIC\u00cdA MUNICIPAL. Lunes 19 de enero a las 11:00h en el aula 1.29 del edificio principal.<\/p>\n\n\n\n<figure class=\"wp-block-image size-large is-resized\"><img loading=\"lazy\" decoding=\"async\" width=\"598\" height=\"180\" src=\"https:\/\/site.educa.madrid.org\/ies.villablanca.madrid\/\/wp-content\/uploads\/ies.villablanca.madrid\/2021\/12\/novedades_corto.png\" alt=\"\" class=\"wp-image-3550\" style=\"width:299px;height:90px\" srcset=\"https:\/\/site.educa.madrid.org\/ies.villablanca.madrid\/\/wp-content\/uploads\/ies.villablanca.madrid\/2021\/12\/novedades_corto.png 598w, https:\/\/site.educa.madrid.org\/ies.villablanca.madrid\/\/wp-content\/uploads\/ies.villablanca.madrid\/2021\/12\/novedades_corto-300x90.png 300w\" sizes=\"auto, (max-width: 598px) 100vw, 598px\" \/><\/figure>\n\n\n\n<div class=\"wp-block-file\"><a id=\"wp-block-file--media-e0192595-ed08-48e1-8848-25d8d896c783\" href=\"https:\/\/site.educa.madrid.org\/ies.villablanca.madrid\/\/wp-content\/uploads\/ies.villablanca.madrid\/2025\/12\/AGENCIA-ESTATAL-DE-SEGURIDAD-AEREA.pdf\">AGENCIA ESTATAL DE SEGURIDAD A\u00c9REA<\/a><a href=\"https:\/\/site.educa.madrid.org\/ies.villablanca.madrid\/\/wp-content\/uploads\/ies.villablanca.madrid\/2025\/12\/AGENCIA-ESTATAL-DE-SEGURIDAD-AEREA.pdf\" class=\"wp-block-file__button wp-element-button\" download aria-describedby=\"wp-block-file--media-e0192595-ed08-48e1-8848-25d8d896c783\">Descarga<\/a><\/div>\n\n\n\n<div class=\"wp-block-file\"><a id=\"wp-block-file--media-0356581d-1905-4430-bc26-97f82f8e7318\" href=\"https:\/\/site.educa.madrid.org\/ies.villablanca.madrid\/\/wp-content\/uploads\/ies.villablanca.madrid\/2025\/12\/ATENCION-PRIMARIA.-CENTROS-DE-SALUD.pdf\">ATENCI\u00d3N PRIMARIA. CENTROS DE SALUD<\/a><a href=\"https:\/\/site.educa.madrid.org\/ies.villablanca.madrid\/\/wp-content\/uploads\/ies.villablanca.madrid\/2025\/12\/ATENCION-PRIMARIA.-CENTROS-DE-SALUD.pdf\" class=\"wp-block-file__button wp-element-button\" download aria-describedby=\"wp-block-file--media-0356581d-1905-4430-bc26-97f82f8e7318\">Descarga<\/a><\/div>\n\n\n\n<div class=\"wp-block-file\"><a id=\"wp-block-file--media-824f2bf1-13f9-4d8d-91dc-5319645e2a69\" href=\"https:\/\/site.educa.madrid.org\/ies.villablanca.madrid\/\/wp-content\/uploads\/ies.villablanca.madrid\/2025\/12\/BOMBEROS-DE-LA-COMUNIDAD-DE-MADRID.pdf\">BOMBEROS DE LA COMUNIDAD DE MADRID<\/a><a href=\"https:\/\/site.educa.madrid.org\/ies.villablanca.madrid\/\/wp-content\/uploads\/ies.villablanca.madrid\/2025\/12\/BOMBEROS-DE-LA-COMUNIDAD-DE-MADRID.pdf\" class=\"wp-block-file__button wp-element-button\" download aria-describedby=\"wp-block-file--media-824f2bf1-13f9-4d8d-91dc-5319645e2a69\">Descarga<\/a><\/div>\n\n\n\n<div class=\"wp-block-file\"><a id=\"wp-block-file--media-824e1a70-a7c7-47da-8722-504bd7d28f54\" href=\"https:\/\/site.educa.madrid.org\/ies.villablanca.madrid\/\/wp-content\/uploads\/ies.villablanca.madrid\/2025\/12\/CONSEJERIA-DE-ECONOMIA-Y-HACIENDA.-OFICINAS-DE-EMPLEO.pdf\">CONSEJER\u00cdA DE ECONOM\u00cdA Y HACIENDA. OFICINAS DE EMPLEO<\/a><a href=\"https:\/\/site.educa.madrid.org\/ies.villablanca.madrid\/\/wp-content\/uploads\/ies.villablanca.madrid\/2025\/12\/CONSEJERIA-DE-ECONOMIA-Y-HACIENDA.-OFICINAS-DE-EMPLEO.pdf\" class=\"wp-block-file__button wp-element-button\" download aria-describedby=\"wp-block-file--media-824e1a70-a7c7-47da-8722-504bd7d28f54\">Descarga<\/a><\/div>\n\n\n\n<div class=\"wp-block-file\"><a id=\"wp-block-file--media-b81c5678-4536-4e40-9f8a-a6a09a64126d\" href=\"https:\/\/site.educa.madrid.org\/ies.villablanca.madrid\/\/wp-content\/uploads\/ies.villablanca.madrid\/2025\/12\/GUARDIA-CIVIL.pdf\">GUARDIA CIVIL<\/a><a href=\"https:\/\/site.educa.madrid.org\/ies.villablanca.madrid\/\/wp-content\/uploads\/ies.villablanca.madrid\/2025\/12\/GUARDIA-CIVIL.pdf\" class=\"wp-block-file__button wp-element-button\" download aria-describedby=\"wp-block-file--media-b81c5678-4536-4e40-9f8a-a6a09a64126d\">Descarga<\/a><\/div>\n\n\n\n<div class=\"wp-block-file\"><a id=\"wp-block-file--media-fbc2cb1b-a75a-435d-8e4f-163af7e7bd09\" href=\"https:\/\/site.educa.madrid.org\/ies.villablanca.madrid\/\/wp-content\/uploads\/ies.villablanca.madrid\/2025\/12\/HOSPITAL-LA-PAZ.pdf\">HOSPITAL LA PAZ<\/a><a href=\"https:\/\/site.educa.madrid.org\/ies.villablanca.madrid\/\/wp-content\/uploads\/ies.villablanca.madrid\/2025\/12\/HOSPITAL-LA-PAZ.pdf\" class=\"wp-block-file__button wp-element-button\" download aria-describedby=\"wp-block-file--media-fbc2cb1b-a75a-435d-8e4f-163af7e7bd09\">Descarga<\/a><\/div>\n\n\n\n<div class=\"wp-block-file\"><a id=\"wp-block-file--media-e0b8192d-a756-4446-995f-3de38cd21fb0\" href=\"https:\/\/site.educa.madrid.org\/ies.villablanca.madrid\/\/wp-content\/uploads\/ies.villablanca.madrid\/2025\/12\/METRO-DE-MADRID.pdf\">METRO DE MADRID<\/a><a href=\"https:\/\/site.educa.madrid.org\/ies.villablanca.madrid\/\/wp-content\/uploads\/ies.villablanca.madrid\/2025\/12\/METRO-DE-MADRID.pdf\" class=\"wp-block-file__button wp-element-button\" download aria-describedby=\"wp-block-file--media-e0b8192d-a756-4446-995f-3de38cd21fb0\">Descarga<\/a><\/div>\n\n\n\n<div class=\"wp-block-file\"><a id=\"wp-block-file--media-046d5529-bd31-4c80-9194-06c90e398166\" href=\"https:\/\/site.educa.madrid.org\/ies.villablanca.madrid\/\/wp-content\/uploads\/ies.villablanca.madrid\/2025\/12\/RED.ES_.pdf\">RED.ES<\/a><a href=\"https:\/\/site.educa.madrid.org\/ies.villablanca.madrid\/\/wp-content\/uploads\/ies.villablanca.madrid\/2025\/12\/RED.ES_.pdf\" class=\"wp-block-file__button wp-element-button\" download aria-describedby=\"wp-block-file--media-046d5529-bd31-4c80-9194-06c90e398166\">Descarga<\/a><\/div>\n\n\n\n<div class=\"wp-block-file\"><a id=\"wp-block-file--media-d91741d0-d495-4f90-8148-c9391f4a9896\" href=\"https:\/\/site.educa.madrid.org\/ies.villablanca.madrid\/\/wp-content\/uploads\/ies.villablanca.madrid\/2025\/12\/MINISTERIO-DE-DEFENSA-25-26.pdf\">MINISTERIO DE DEFENSA 25-26<\/a><a href=\"https:\/\/site.educa.madrid.org\/ies.villablanca.madrid\/\/wp-content\/uploads\/ies.villablanca.madrid\/2025\/12\/MINISTERIO-DE-DEFENSA-25-26.pdf\" class=\"wp-block-file__button wp-element-button\" download aria-describedby=\"wp-block-file--media-d91741d0-d495-4f90-8148-c9391f4a9896\">Descarga<\/a><\/div>\n\n\n\n<div class=\"wp-block-file\"><a id=\"wp-block-file--media-cd9c0633-d145-41f6-9d43-9802e61b91e2\" href=\"https:\/\/site.educa.madrid.org\/ies.villablanca.madrid\/\/wp-content\/uploads\/ies.villablanca.madrid\/2025\/12\/UNIVERSIDAD-POLITECNICA-DE-MADRID.pdf\">UNIVERSIDAD POLIT\u00c9CNICA DE MADRID<\/a><a href=\"https:\/\/site.educa.madrid.org\/ies.villablanca.madrid\/\/wp-content\/uploads\/ies.villablanca.madrid\/2025\/12\/UNIVERSIDAD-POLITECNICA-DE-MADRID.pdf\" class=\"wp-block-file__button wp-element-button\" download aria-describedby=\"wp-block-file--media-cd9c0633-d145-41f6-9d43-9802e61b91e2\">Descarga<\/a><\/div>\n\n\n\n<div class=\"wp-block-file\"><a id=\"wp-block-file--media-95d7a0c1-c9db-4ada-96b6-2af3a8ecb4c4\" href=\"https:\/\/site.educa.madrid.org\/ies.villablanca.madrid\/\/wp-content\/uploads\/ies.villablanca.madrid\/2025\/12\/UNIVERSIDAD-REY-JUAN-CARLOS.pdf\">UNIVERSIDAD REY JUAN CARLOS<\/a><a href=\"https:\/\/site.educa.madrid.org\/ies.villablanca.madrid\/\/wp-content\/uploads\/ies.villablanca.madrid\/2025\/12\/UNIVERSIDAD-REY-JUAN-CARLOS.pdf\" class=\"wp-block-file__button wp-element-button\" download aria-describedby=\"wp-block-file--media-95d7a0c1-c9db-4ada-96b6-2af3a8ecb4c4\">Descarga<\/a><\/div>\n\n\n\n<p>CIEMAT<\/p>\n\n\n\n<pre class=\"wp-block-code\"><code>https:&#047;&#047;divulgacion.ciemat.es\/4esoempresa<\/code><\/pre>\n\n\n\n<div class=\"wp-block-file\"><a id=\"wp-block-file--media-e66c6f7b-b9a6-4fd6-b06f-fe12ad2c7ba9\" href=\"https:\/\/site.educa.madrid.org\/ies.villablanca.madrid\/\/wp-content\/uploads\/ies.villablanca.madrid\/2025\/12\/ASAMBLEA-DE-MADRID.pdf\">ASAMBLEA DE MADRID<\/a><a href=\"https:\/\/site.educa.madrid.org\/ies.villablanca.madrid\/\/wp-content\/uploads\/ies.villablanca.madrid\/2025\/12\/ASAMBLEA-DE-MADRID.pdf\" class=\"wp-block-file__button wp-element-button\" download aria-describedby=\"wp-block-file--media-e66c6f7b-b9a6-4fd6-b06f-fe12ad2c7ba9\">Descarga<\/a><\/div>\n\n\n\n<div class=\"wp-block-file\"><a id=\"wp-block-file--media-acda7313-6a4f-42b9-9a76-fa7e8735fd9d\" href=\"https:\/\/site.educa.madrid.org\/ies.villablanca.madrid\/\/wp-content\/uploads\/ies.villablanca.madrid\/2025\/12\/BOMBEROS-DEL-AYUNTAMIENTO.pdf\">BOMBEROS DEL AYUNTAMIENTO<\/a><a href=\"https:\/\/site.educa.madrid.org\/ies.villablanca.madrid\/\/wp-content\/uploads\/ies.villablanca.madrid\/2025\/12\/BOMBEROS-DEL-AYUNTAMIENTO.pdf\" class=\"wp-block-file__button wp-element-button\" download aria-describedby=\"wp-block-file--media-acda7313-6a4f-42b9-9a76-fa7e8735fd9d\">Descarga<\/a><\/div>\n\n\n\n<div class=\"wp-block-file\"><a id=\"wp-block-file--media-2072af01-4398-490b-a580-5bb46e0d97b9\" href=\"https:\/\/site.educa.madrid.org\/ies.villablanca.madrid\/\/wp-content\/uploads\/ies.villablanca.madrid\/2025\/12\/CSIC.pdf\">CSIC<\/a><a href=\"https:\/\/site.educa.madrid.org\/ies.villablanca.madrid\/\/wp-content\/uploads\/ies.villablanca.madrid\/2025\/12\/CSIC.pdf\" class=\"wp-block-file__button wp-element-button\" download aria-describedby=\"wp-block-file--media-2072af01-4398-490b-a580-5bb46e0d97b9\">Descarga<\/a><\/div>\n\n\n\n<div class=\"wp-block-file\"><a id=\"wp-block-file--media-feea9963-6960-454b-93f4-d3c44a26dbe8\" href=\"https:\/\/site.educa.madrid.org\/ies.villablanca.madrid\/\/wp-content\/uploads\/ies.villablanca.madrid\/2025\/12\/UNIVERSIDAD-COMPLUTENSE-DE-MADRID.pdf\">UNIVERSIDAD COMPLUTENSE DE MADRID<\/a><a href=\"https:\/\/site.educa.madrid.org\/ies.villablanca.madrid\/\/wp-content\/uploads\/ies.villablanca.madrid\/2025\/12\/UNIVERSIDAD-COMPLUTENSE-DE-MADRID.pdf\" class=\"wp-block-file__button wp-element-button\" download aria-describedby=\"wp-block-file--media-feea9963-6960-454b-93f4-d3c44a26dbe8\">Descarga<\/a><\/div>\n\n\n\n<p>CNIC Centro Nacional de Investigaciones Cardiovasculares Carlos III<\/p>\n\n\n\n<pre class=\"wp-block-code\"><code>https:&#047;&#047;www.cnic.es\/es\/convocatoria\/4o-eso-cnic<\/code><\/pre>\n\n\n\n<div class=\"wp-block-file\"><a id=\"wp-block-file--media-bda744a8-0385-47ee-b656-9f15212a1ea2\" href=\"https:\/\/site.educa.madrid.org\/ies.villablanca.madrid\/\/wp-content\/uploads\/ies.villablanca.madrid\/2025\/12\/AEMET.pdf\">AEMET<\/a><a href=\"https:\/\/site.educa.madrid.org\/ies.villablanca.madrid\/\/wp-content\/uploads\/ies.villablanca.madrid\/2025\/12\/AEMET.pdf\" class=\"wp-block-file__button wp-element-button\" download aria-describedby=\"wp-block-file--media-bda744a8-0385-47ee-b656-9f15212a1ea2\">Descarga<\/a><\/div>\n\n\n\n<div class=\"wp-block-file\"><a id=\"wp-block-file--media-e81ce382-3a5c-43a5-ad7b-b48415a71342\" href=\"https:\/\/site.educa.madrid.org\/ies.villablanca.madrid\/\/wp-content\/uploads\/ies.villablanca.madrid\/2025\/12\/HOSPITAL-SANTA-CRISTINA.pdf\">HOSPITAL SANTA CRISTINA<\/a><a href=\"https:\/\/site.educa.madrid.org\/ies.villablanca.madrid\/\/wp-content\/uploads\/ies.villablanca.madrid\/2025\/12\/HOSPITAL-SANTA-CRISTINA.pdf\" class=\"wp-block-file__button wp-element-button\" download aria-describedby=\"wp-block-file--media-e81ce382-3a5c-43a5-ad7b-b48415a71342\">Descarga<\/a><\/div>\n\n\n\n<div class=\"wp-block-file\"><a id=\"wp-block-file--media-30bf9ae6-31bd-4711-8b2b-bbb282921b38\" href=\"https:\/\/site.educa.madrid.org\/ies.villablanca.madrid\/\/wp-content\/uploads\/ies.villablanca.madrid\/2025\/12\/HGU-GREGORIO-MARANON.pdf\">HGU GREGORIO MARA\u00d1\u00d3N<\/a><a href=\"https:\/\/site.educa.madrid.org\/ies.villablanca.madrid\/\/wp-content\/uploads\/ies.villablanca.madrid\/2025\/12\/HGU-GREGORIO-MARANON.pdf\" class=\"wp-block-file__button wp-element-button\" download aria-describedby=\"wp-block-file--media-30bf9ae6-31bd-4711-8b2b-bbb282921b38\">Descarga<\/a><\/div>\n\n\n\n<div class=\"wp-block-file\"><a id=\"wp-block-file--media-327eac62-33e7-493c-abe1-b2e67ff6db63\" href=\"https:\/\/site.educa.madrid.org\/ies.villablanca.madrid\/\/wp-content\/uploads\/ies.villablanca.madrid\/2025\/12\/UNED.pdf\">UNED<\/a><a href=\"https:\/\/site.educa.madrid.org\/ies.villablanca.madrid\/\/wp-content\/uploads\/ies.villablanca.madrid\/2025\/12\/UNED.pdf\" class=\"wp-block-file__button wp-element-button\" download aria-describedby=\"wp-block-file--media-327eac62-33e7-493c-abe1-b2e67ff6db63\">Descarga<\/a><\/div>\n\n\n\n<div class=\"wp-block-file\"><a id=\"wp-block-file--media-383dc812-f4f7-4531-b798-86809a74dee0\" href=\"https:\/\/site.educa.madrid.org\/ies.villablanca.madrid\/\/wp-content\/uploads\/ies.villablanca.madrid\/2026\/01\/HOSPITAL-UNIVERSITARIO-FUENLABRADA-2026.pdf\">HOSPITAL UNIVERSITARIO FUENLABRADA 2026<\/a><a href=\"https:\/\/site.educa.madrid.org\/ies.villablanca.madrid\/\/wp-content\/uploads\/ies.villablanca.madrid\/2026\/01\/HOSPITAL-UNIVERSITARIO-FUENLABRADA-2026.pdf\" class=\"wp-block-file__button wp-element-button\" download aria-describedby=\"wp-block-file--media-383dc812-f4f7-4531-b798-86809a74dee0\">Descarga<\/a><\/div>\n\n\n\n<div class=\"wp-block-file\"><a id=\"wp-block-file--media-d889576a-7116-4d46-b118-821cdc7ccdeb\" href=\"https:\/\/site.educa.madrid.org\/ies.villablanca.madrid\/\/wp-content\/uploads\/ies.villablanca.madrid\/2026\/01\/POLICIA-MUNICIPAL.pdf\">POLIC\u00cdA MUNICIPAL<\/a><a href=\"https:\/\/site.educa.madrid.org\/ies.villablanca.madrid\/\/wp-content\/uploads\/ies.villablanca.madrid\/2026\/01\/POLICIA-MUNICIPAL.pdf\" class=\"wp-block-file__button wp-element-button\" download aria-describedby=\"wp-block-file--media-d889576a-7116-4d46-b118-821cdc7ccdeb\">Descarga<\/a><\/div>\n\n\n\n<div class=\"wp-block-file\"><a id=\"wp-block-file--media-765c045a-ccf5-4df4-a532-e114421d30b1\" href=\"https:\/\/site.educa.madrid.org\/ies.villablanca.madrid\/\/wp-content\/uploads\/ies.villablanca.madrid\/2026\/01\/INTA.pdf\">INTA<\/a><a href=\"https:\/\/site.educa.madrid.org\/ies.villablanca.madrid\/\/wp-content\/uploads\/ies.villablanca.madrid\/2026\/01\/INTA.pdf\" class=\"wp-block-file__button wp-element-button\" download aria-describedby=\"wp-block-file--media-765c045a-ccf5-4df4-a532-e114421d30b1\">Descarga<\/a><\/div>\n","protected":false},"excerpt":{"rendered":"<p>Pincha en el enlace para acceder a la presentaci\u00f3n de la actividad: REUNI\u00d3N ONLINE PARA FAMILIAS jueves 20 de noviembre a las 16:30h. Para acceder a la reuni\u00f3n pincha en &#8230;<\/p>\n","protected":false},"author":27,"featured_media":0,"parent":0,"menu_order":0,"comment_status":"closed","ping_status":"closed","template":"","meta":{"footnotes":""},"folder":[],"class_list":["post-3422","page","type-page","status-publish","hentry"],"rttpg_featured_image_url":null,"rttpg_author":{"display_name":"Departamento Orientaci\u00f3n IES Villablanca","author_link":"https:\/\/site.educa.madrid.org\/ies.villablanca.madrid\/index.php\/author\/cuenta_deporientacion-ies-villablanca-madrid\/"},"rttpg_comment":0,"rttpg_category":false,"rttpg_excerpt":"Pincha en el enlace para acceder a la presentaci\u00f3n de la actividad: REUNI\u00d3N ONLINE PARA FAMILIAS jueves 20 de noviembre a las 16:30h. Para acceder a la reuni\u00f3n pincha en ...","post_mailing_queue_ids":[],"_links":{"self":[{"href":"https:\/\/site.educa.madrid.org\/ies.villablanca.madrid\/index.php\/wp-json\/wp\/v2\/pages\/3422","targetHints":{"allow":["GET"]}}],"collection":[{"href":"https:\/\/site.educa.madrid.org\/ies.villablanca.madrid\/index.php\/wp-json\/wp\/v2\/pages"}],"about":[{"href":"https:\/\/site.educa.madrid.org\/ies.villablanca.madrid\/index.php\/wp-json\/wp\/v2\/types\/page"}],"author":[{"embeddable":true,"href":"https:\/\/site.educa.madrid.org\/ies.villablanca.madrid\/index.php\/wp-json\/wp\/v2\/users\/27"}],"replies":[{"embeddable":true,"href":"https:\/\/site.educa.madrid.org\/ies.villablanca.madrid\/index.php\/wp-json\/wp\/v2\/comments?post=3422"}],"version-history":[{"count":50,"href":"https:\/\/site.educa.madrid.org\/ies.villablanca.madrid\/index.php\/wp-json\/wp\/v2\/pages\/3422\/revisions"}],"predecessor-version":[{"id":10489,"href":"https:\/\/site.educa.madrid.org\/ies.villablanca.madrid\/index.php\/wp-json\/wp\/v2\/pages\/3422\/revisions\/10489"}],"wp:attachment":[{"href":"https:\/\/site.educa.madrid.org\/ies.villablanca.madrid\/index.php\/wp-json\/wp\/v2\/media?parent=3422"}],"wp:term":[{"taxonomy":"folder","embeddable":true,"href":"https:\/\/site.educa.madrid.org\/ies.villablanca.madrid\/index.php\/wp-json\/wp\/v2\/folder?post=3422"}],"curies":[{"name":"wp","href":"https:\/\/api.w.org\/{rel}","templated":true}]}}