{"id":3430,"date":"2022-05-10T09:28:15","date_gmt":"2022-05-10T07:28:15","guid":{"rendered":"https:\/\/site.educa.madrid.org\/ies.villablanca.madrid\/?page_id=3430"},"modified":"2022-10-07T09:46:59","modified_gmt":"2022-10-07T07:46:59","slug":"departamento-de-matematicas-2","status":"publish","type":"page","link":"https:\/\/site.educa.madrid.org\/ies.villablanca.madrid\/index.php\/departamento-de-matematicas-2\/","title":{"rendered":"Departamento de Matem\u00e1ticas"},"content":{"rendered":"\n<blockquote class=\"wp-block-quote is-style-large has-small-font-size is-layout-flow wp-block-quote-is-layout-flow\"><p><strong>\u00abLa \u00fanica forma de aprender matem\u00e1ticas es hacer matem\u00e1ticas\u00bb<\/strong> <\/p><cite>(<em>Paul Hamos<\/em>)<\/cite><\/blockquote>\n\n\n\n<p class=\"has-text-align-center has-text-color has-medium-font-size\" style=\"color:#4c23d6\"><strong><a href=\"https:\/\/site.educa.madrid.org\/ies.villablanca.madrid\/index.php\/asignaturas-del-curso-actual\/\">Asignaturas del curso actual<\/a><\/strong><\/p>\n\n\n\n<p class=\"has-text-align-center has-text-color has-medium-font-size\" style=\"color:#4c23d6\"><strong><a href=\"https:\/\/site.educa.madrid.org\/ies.villablanca.madrid\/index.php\/asignaturas-pendientes-de-cursos-anteriores\/\" target=\"_blank\" rel=\"noreferrer noopener\">Asignaturas pendientes de cursos anteriores<\/a><\/strong><\/p>\n\n\n\n<p class=\"has-text-align-center has-text-color has-medium-font-size\" style=\"color:#4c23d6\"><strong><a href=\"https:\/\/site.educa.madrid.org\/ies.villablanca.madrid\/index.php\/proyectos-del-departamento\/\">Proyectos del departamento<\/a><\/strong><\/p>\n\n\n\n<p class=\"has-text-align-center has-text-color has-medium-font-size\" style=\"color:#4c23d6\"><strong><a href=\"https:\/\/site.educa.madrid.org\/ies.villablanca.madrid\/index.php\/noticias-de-matematicas\/\" target=\"_blank\" rel=\"noreferrer noopener\">Noticias del departamento<\/a><\/strong><\/p>\n","protected":false},"excerpt":{"rendered":"<p>\u00abLa \u00fanica forma de aprender matem\u00e1ticas es hacer matem\u00e1ticas\u00bb (Paul Hamos) Asignaturas del curso actual Asignaturas pendientes de cursos anteriores Proyectos del departamento Noticias del departamento<\/p>\n","protected":false},"author":25,"featured_media":0,"parent":0,"menu_order":0,"comment_status":"closed","ping_status":"closed","template":"","meta":{"footnotes":""},"folder":[],"class_list":["post-3430","page","type-page","status-publish","hentry"],"rttpg_featured_image_url":null,"rttpg_author":{"display_name":"Departamento Matem\u00e1ticas IES Villablanca","author_link":"https:\/\/site.educa.madrid.org\/ies.villablanca.madrid\/index.php\/author\/cuenta_depmatematicas-ies-villablanca-madrid\/"},"rttpg_comment":0,"rttpg_category":false,"rttpg_excerpt":"\u00abLa \u00fanica forma de aprender matem\u00e1ticas es hacer matem\u00e1ticas\u00bb (Paul Hamos) Asignaturas del curso actual Asignaturas pendientes de cursos anteriores Proyectos del departamento Noticias del departamento","post_mailing_queue_ids":[],"_links":{"self":[{"href":"https:\/\/site.educa.madrid.org\/ies.villablanca.madrid\/index.php\/wp-json\/wp\/v2\/pages\/3430","targetHints":{"allow":["GET"]}}],"collection":[{"href":"https:\/\/site.educa.madrid.org\/ies.villablanca.madrid\/index.php\/wp-json\/wp\/v2\/pages"}],"about":[{"href":"https:\/\/site.educa.madrid.org\/ies.villablanca.madrid\/index.php\/wp-json\/wp\/v2\/types\/page"}],"author":[{"embeddable":true,"href":"https:\/\/site.educa.madrid.org\/ies.villablanca.madrid\/index.php\/wp-json\/wp\/v2\/users\/25"}],"replies":[{"embeddable":true,"href":"https:\/\/site.educa.madrid.org\/ies.villablanca.madrid\/index.php\/wp-json\/wp\/v2\/comments?post=3430"}],"version-history":[{"count":31,"href":"https:\/\/site.educa.madrid.org\/ies.villablanca.madrid\/index.php\/wp-json\/wp\/v2\/pages\/3430\/revisions"}],"predecessor-version":[{"id":5116,"href":"https:\/\/site.educa.madrid.org\/ies.villablanca.madrid\/index.php\/wp-json\/wp\/v2\/pages\/3430\/revisions\/5116"}],"wp:attachment":[{"href":"https:\/\/site.educa.madrid.org\/ies.villablanca.madrid\/index.php\/wp-json\/wp\/v2\/media?parent=3430"}],"wp:term":[{"taxonomy":"folder","embeddable":true,"href":"https:\/\/site.educa.madrid.org\/ies.villablanca.madrid\/index.php\/wp-json\/wp\/v2\/folder?post=3430"}],"curies":[{"name":"wp","href":"https:\/\/api.w.org\/{rel}","templated":true}]}}