{"id":3642,"date":"2022-01-23T22:57:03","date_gmt":"2022-01-23T21:57:03","guid":{"rendered":"https:\/\/site.educa.madrid.org\/ies.villablanca.madrid\/?page_id=3642"},"modified":"2026-03-10T09:34:38","modified_gmt":"2026-03-10T08:34:38","slug":"contacto","status":"publish","type":"page","link":"https:\/\/site.educa.madrid.org\/ies.villablanca.madrid\/index.php\/contacto\/","title":{"rendered":"Contacto"},"content":{"rendered":"\n<p>Para contactar con el centro, escriba al correo electr\u00f3nico de Secretar\u00eda:<\/p>\n\n\n\n<p>secretaria.ies.villablanca.madrid@educa.madrid.org<\/p>\n\n\n\nIES Villablanca<br>\nCalle Villablanca 79, 28032 Madrid<br>\n\n\n\n<iframe loading=\"lazy\" width=\"100%\" height=\"450\" src=\"https:\/\/www.openstreetmap.org\/export\/embed.html?bbox=-3.602668046951294%2C40.404346392451686%2C-3.597260713577271%2C40.40882334445171&amp;layer=mapnik&amp;marker=40.40658490567517%2C-3.5999643802642822\" style=\"border: 1px solid black\"><\/iframe><br\/><small><a href=\"https:\/\/www.openstreetmap.org\/?mlat=40.406585&amp;mlon=-3.599964#map=17\/40.406585\/-3.599964\">Ver el mapa m\u00e1s grande<\/a><\/small>\n\n\n\n<p>Correo electr\u00f3nico: ies.villablanca.madrid@educa.madrid.org<\/p>\n\n\n\n<p>Tel\u00e9fono de contacto: 91 775 22 14<\/p>\n","protected":false},"excerpt":{"rendered":"<p>Para contactar con el centro, escriba al correo electr\u00f3nico de Secretar\u00eda: secretaria.ies.villablanca.madrid@educa.madrid.org IES Villablanca Calle Villablanca 79, 28032 Madrid Ver el mapa m\u00e1s grande Correo electr\u00f3nico: ies.villablanca.madrid@educa.madrid.org Tel\u00e9fono de contacto: &#8230;<\/p>\n","protected":false},"author":3,"featured_media":0,"parent":0,"menu_order":0,"comment_status":"closed","ping_status":"closed","template":"","meta":{"footnotes":""},"folder":[],"class_list":["post-3642","page","type-page","status-publish","hentry"],"rttpg_featured_image_url":null,"rttpg_author":{"display_name":"ies.villablanca.madrid","author_link":"https:\/\/site.educa.madrid.org\/ies.villablanca.madrid\/index.php\/author\/cuenta_ies-villablanca-madrid\/"},"rttpg_comment":0,"rttpg_category":false,"rttpg_excerpt":"Para contactar con el centro, escriba al correo electr\u00f3nico de Secretar\u00eda: secretaria.ies.villablanca.madrid@educa.madrid.org IES Villablanca Calle Villablanca 79, 28032 Madrid Ver el mapa m\u00e1s grande Correo electr\u00f3nico: ies.villablanca.madrid@educa.madrid.org Tel\u00e9fono de contacto: ...","post_mailing_queue_ids":[],"_links":{"self":[{"href":"https:\/\/site.educa.madrid.org\/ies.villablanca.madrid\/index.php\/wp-json\/wp\/v2\/pages\/3642","targetHints":{"allow":["GET"]}}],"collection":[{"href":"https:\/\/site.educa.madrid.org\/ies.villablanca.madrid\/index.php\/wp-json\/wp\/v2\/pages"}],"about":[{"href":"https:\/\/site.educa.madrid.org\/ies.villablanca.madrid\/index.php\/wp-json\/wp\/v2\/types\/page"}],"author":[{"embeddable":true,"href":"https:\/\/site.educa.madrid.org\/ies.villablanca.madrid\/index.php\/wp-json\/wp\/v2\/users\/3"}],"replies":[{"embeddable":true,"href":"https:\/\/site.educa.madrid.org\/ies.villablanca.madrid\/index.php\/wp-json\/wp\/v2\/comments?post=3642"}],"version-history":[{"count":14,"href":"https:\/\/site.educa.madrid.org\/ies.villablanca.madrid\/index.php\/wp-json\/wp\/v2\/pages\/3642\/revisions"}],"predecessor-version":[{"id":10702,"href":"https:\/\/site.educa.madrid.org\/ies.villablanca.madrid\/index.php\/wp-json\/wp\/v2\/pages\/3642\/revisions\/10702"}],"wp:attachment":[{"href":"https:\/\/site.educa.madrid.org\/ies.villablanca.madrid\/index.php\/wp-json\/wp\/v2\/media?parent=3642"}],"wp:term":[{"taxonomy":"folder","embeddable":true,"href":"https:\/\/site.educa.madrid.org\/ies.villablanca.madrid\/index.php\/wp-json\/wp\/v2\/folder?post=3642"}],"curies":[{"name":"wp","href":"https:\/\/api.w.org\/{rel}","templated":true}]}}