{"id":3709,"date":"2022-02-08T18:07:06","date_gmt":"2022-02-08T17:07:06","guid":{"rendered":"https:\/\/site.educa.madrid.org\/ies.villablanca.madrid\/?page_id=3709"},"modified":"2024-11-28T09:42:53","modified_gmt":"2024-11-28T08:42:53","slug":"erasmus-policy-statement-eps","status":"publish","type":"page","link":"https:\/\/site.educa.madrid.org\/ies.villablanca.madrid\/index.php\/erasmus-policy-statement-eps\/","title":{"rendered":"Procesos de Selecci\u00f3n para becas Erasmus+ 2024-25"},"content":{"rendered":"\n<p><\/p>\n\n\n\n<h1 class=\"wp-block-heading has-text-align-center\">El Erasmus del IES Villablanca es + que un Plus<\/h1>\n\n\n\n<p><\/p>\n\n\n\n<h2 class=\"wp-block-heading has-text-align-center\"><em>El proceso de selecci\u00f3n para el curso 2024-25<\/em> <em>para los alumnos comienza el 4 de noviembre.<\/em><\/h2>\n\n\n\n<p class=\"has-text-align-right\"><strong>L\u00edmite <\/strong>para presentar candidaturas el <strong>8 de diciembre<\/strong>.<\/p>\n\n\n\n<p>Para participar en los procesos es necesario <strong>automatricularse en el aula virtual <\/strong>siguiente: <a href=\"https:\/\/aulavirtual3.educa.madrid.org\/ies.villablanca.madrid\/course\/view.php?id=2472\" target=\"_blank\" rel=\"noreferrer noopener\">Erasmus+ 2024\/25<\/a> con el usuario de Educa Madrid y acceder al proceso de selecci\u00f3n que corresponda en funci\u00f3n del ciclo que est\u00e9 cursando.<\/p>\n\n\n<h4>Podr\u00e1n participar los alumnos de los Ciclos Medios de:<\/h4>\n<ul>\n<li>Sistemas Microinform\u00e1ticos y Redes.<\/li>\n<li>Carrocer\u00eda y Electromec\u00e1nica de Veh\u00edculos.<\/li>\n<li>Gesti\u00f3n Administrativa.<\/li>\n<\/ul>\n<h4>Podr\u00e1n participar los alumnos de los Ciclos Superiores de:<\/h4>\n<ul>\n<li>Educaci\u00f3n Infantil.<\/li>\n<li>Administraci\u00f3n de Sistemas Inform\u00e1ticos en Red, Desarrollo de Aplicaciones Multiplataformas y Desarrollo de Aplicaciones Web.<\/li>\n<li>Administraci\u00f3n y Finanzas.<\/li>\n<li>Automoci\u00f3n.<\/li>\n<\/ul>\n<h4>Podr\u00e1n participar los profesores que impartan m\u00f3dulos en los anteriores ciclos formativos.<\/h4>\n\n\n<h2 class=\"wp-block-heading has-text-align-center\"><em>El proceso de selecci\u00f3n para el curso 2024-25<\/em> <em>para los profesores y personal comienza el 4 de noviembre.<\/em><\/h2>\n\n\n\n<p class=\"has-text-align-right\"><strong>L\u00edmite <\/strong>para presentar candidaturas el <strong>15 de diciembre<\/strong>.<\/p>\n\n\n\n<h3 class=\"wp-block-heading\">Apoyo Ling\u00fc\u00edstico<\/h3>\n\n\n\n<p><strong>Todos<\/strong> los participantes podr\u00e1 asistir a <strong>las clases de conversaci\u00f3n con un <em>Assistant<\/em> a 7\u00aa hora (de 14h15 a 15h00)<\/strong> <strong>todos los mi\u00e9rcoles<\/strong>. En el aula <strong>0.31<\/strong> a partir del<strong> 20 de noviembre del 2024<\/strong>. <em>Es recomendable estar atento al correo de educaMadrid porque si hubiera cambios de \u00faltima hora porque se comunicar\u00e1n v\u00eda el aula virtual enviando un aviso.<\/em><\/p>\n\n\n\n<p>Tambi\u00e9n est\u00e1 disponible  la<strong> <a rel=\"noreferrer noopener\" href=\"https:\/\/academy.europa.eu\/my\/\" data-type=\"URL\" data-id=\"https:\/\/academy.europa.eu\/my\/\" target=\"_blank\">plataforma de aprendizaje en l\u00ednea<\/a><\/strong> que proporciona la Uni\u00f3n Europea para el aprendizaje\/perfeccionamiento de idiomas y otros temas. <em>Es necesario disponer de EU Login.<\/em><\/p>\n\n\n\n<p><\/p>\n\n\n\n<p><\/p>\n\n\n\n<p class=\"has-text-align-right\">Cualquier duda, escribid a erasmus.ies.villablanca.madrid@educa.madrid.org.<\/p>\n","protected":false},"excerpt":{"rendered":"<p>El Erasmus del IES Villablanca es + que un Plus El proceso de selecci\u00f3n para el curso 2024-25 para los alumnos comienza el 4 de noviembre. L\u00edmite para presentar candidaturas &#8230;<\/p>\n","protected":false},"author":126,"featured_media":0,"parent":0,"menu_order":0,"comment_status":"closed","ping_status":"closed","template":"","meta":{"footnotes":""},"folder":[],"class_list":["post-3709","page","type-page","status-publish","hentry"],"rttpg_featured_image_url":null,"rttpg_author":{"display_name":"Cuenta Erasmus ies villablanca madrid","author_link":"https:\/\/site.educa.madrid.org\/ies.villablanca.madrid\/index.php\/author\/cuenta_erasmus-ies-villablanca-madrid\/"},"rttpg_comment":0,"rttpg_category":false,"rttpg_excerpt":"El Erasmus del IES Villablanca es + que un Plus El proceso de selecci\u00f3n para el curso 2024-25 para los alumnos comienza el 4 de noviembre. L\u00edmite para presentar candidaturas ...","post_mailing_queue_ids":[],"_links":{"self":[{"href":"https:\/\/site.educa.madrid.org\/ies.villablanca.madrid\/index.php\/wp-json\/wp\/v2\/pages\/3709","targetHints":{"allow":["GET"]}}],"collection":[{"href":"https:\/\/site.educa.madrid.org\/ies.villablanca.madrid\/index.php\/wp-json\/wp\/v2\/pages"}],"about":[{"href":"https:\/\/site.educa.madrid.org\/ies.villablanca.madrid\/index.php\/wp-json\/wp\/v2\/types\/page"}],"author":[{"embeddable":true,"href":"https:\/\/site.educa.madrid.org\/ies.villablanca.madrid\/index.php\/wp-json\/wp\/v2\/users\/126"}],"replies":[{"embeddable":true,"href":"https:\/\/site.educa.madrid.org\/ies.villablanca.madrid\/index.php\/wp-json\/wp\/v2\/comments?post=3709"}],"version-history":[{"count":23,"href":"https:\/\/site.educa.madrid.org\/ies.villablanca.madrid\/index.php\/wp-json\/wp\/v2\/pages\/3709\/revisions"}],"predecessor-version":[{"id":8810,"href":"https:\/\/site.educa.madrid.org\/ies.villablanca.madrid\/index.php\/wp-json\/wp\/v2\/pages\/3709\/revisions\/8810"}],"wp:attachment":[{"href":"https:\/\/site.educa.madrid.org\/ies.villablanca.madrid\/index.php\/wp-json\/wp\/v2\/media?parent=3709"}],"wp:term":[{"taxonomy":"folder","embeddable":true,"href":"https:\/\/site.educa.madrid.org\/ies.villablanca.madrid\/index.php\/wp-json\/wp\/v2\/folder?post=3709"}],"curies":[{"name":"wp","href":"https:\/\/api.w.org\/{rel}","templated":true}]}}